{"id":2,"date":"2014-04-10T15:58:18","date_gmt":"2014-04-10T18:58:18","guid":{"rendered":"https:\/\/wp.ufpel.edu.br\/jogosufpel\/?page_id=2"},"modified":"2015-11-23T00:22:22","modified_gmt":"2015-11-23T02:22:22","slug":"basquetebol","status":"publish","type":"page","link":"https:\/\/wp.ufpel.edu.br\/jogosufpel\/modalidades\/basquetebol\/","title":{"rendered":"Basquetebol"},"content":{"rendered":"<h1 style=\"text-align: justify\">2015<\/h1>\n<hr \/>\n<h2 style=\"text-align: justify;padding-left: 30px\">Congresso T\u00e9cnico<\/h2>\n<p style=\"padding-left: 60px\"><strong style=\"color: #333333\">Data:<\/strong><span style=\"color: #333333\"> 04\/11<\/span><br \/>\n<strong style=\"color: #333333\">Hora:<\/strong><span style=\"color: #333333\">\u00a017:00 hs<\/span><br \/>\n<strong style=\"color: #333333\">Local:<\/strong><span style=\"color: #333333\">\u00a0Audit\u00f3rio da ESEF<\/span><\/p>\n<h4 style=\"text-align: justify\">\u00a0Informativo 07 &#8211;<a href=\"https:\/\/wp.ufpel.edu.br\/jogosufpel\/files\/2015\/10\/Informativo-07-Jogos-da-UFPel-Basquetebol.pdf\">\u00a0download<\/a><\/h4>\n<h4>Tabela de Jogos &#8211;\u00a0<a href=\"https:\/\/wp.ufpel.edu.br\/jogosufpel\/files\/2015\/11\/Basquetebol-Programacao.pdf\">download<\/a><\/h4>\n<h4>Congresso T\u00e9cnico &#8211;\u00a0<a href=\"https:\/\/wp.ufpel.edu.br\/jogosufpel\/files\/2015\/11\/Congresso-Tecnico-Basquetebol.pdf\">download<\/a><\/h4>\n<h4>Resultados Fase de Grupos &#8211; <a href=\"https:\/\/wp.ufpel.edu.br\/jogosufpel\/files\/2014\/04\/Basquetebol-FINAIS.pdf\">download<\/a><\/h4>\n<p>&nbsp;<\/p>\n<p>Resultados Finais<\/p>\n<ul style=\"text-align: justify\">\n<li>\n<h5><strong>Masculino<\/strong><\/h5>\n<\/li>\n<\/ul>\n<p style=\"padding-left: 30px;text-align: justify\">1\u00ba Engenharias<br \/>\n2\u00ba\u00a0ESEF<br \/>\n3\u00ba\u00a0Agronomia<br \/>\n4\u00ba\u00a0Direito<\/p>\n<ul style=\"text-align: justify\">\n<li>\n<h5><strong>Feminino<\/strong><\/h5>\n<\/li>\n<\/ul>\n<p style=\"padding-left: 30px;text-align: justify\">1\u00ba ESEF<br \/>\n2\u00ba Engenharias<br \/>\n3\u00ba\u00a0Medicina<\/p>\n<h1 style=\"text-align: justify\">2013<\/h1>\n<hr \/>\n<h5 style=\"text-align: justify\">Em 2013, o gin\u00e1sio da ESEF recebeu a presen\u00e7a de um grande p\u00fablico para prestigiar as nove equipes masculinas e quatro equipes femininas que disputaram o campeonato da modalidade de basquetebol.<\/h5>\n<h5 style=\"text-align: justify\">A classifica\u00e7\u00e3o final foi a seguinte:<\/h5>\n<ul style=\"text-align: justify\">\n<li>\n<h5><strong>Masculino<\/strong><\/h5>\n<\/li>\n<\/ul>\n<p style=\"padding-left: 30px;text-align: justify\">1\u00ba Direito<br \/>\n2\u00ba Agronomia<br \/>\n3\u00ba Enfermagem<br \/>\n4\u00ba Economia<\/p>\n<ul style=\"text-align: justify\">\n<li>\n<h5><strong>Feminino<\/strong><\/h5>\n<\/li>\n<\/ul>\n<p style=\"padding-left: 30px;text-align: justify\">1\u00ba ESEF<br \/>\n2\u00ba Enfermagem<br \/>\n3\u00ba CENG<br \/>\n4\u00ba FAURB<\/p>\n","protected":false},"excerpt":{"rendered":"<p>2015 Congresso T\u00e9cnico Data: 04\/11 Hora:\u00a017:00 hs Local:\u00a0Audit\u00f3rio da ESEF \u00a0Informativo 07 &#8211;\u00a0download Tabela de Jogos &#8211;\u00a0download Congresso T\u00e9cnico &#8211;\u00a0download Resultados Fase de Grupos &#8211; download &nbsp; Resultados Finais Masculino 1\u00ba Engenharias 2\u00ba\u00a0ESEF 3\u00ba\u00a0Agronomia 4\u00ba\u00a0Direito Feminino 1\u00ba ESEF 2\u00ba Engenharias 3\u00ba\u00a0Medicina 2013 Em 2013, o gin\u00e1sio da ESEF recebeu a presen\u00e7a de um grande p\u00fablico &hellip; <\/p>\n<p><a class=\"more-link btn\" href=\"https:\/\/wp.ufpel.edu.br\/jogosufpel\/modalidades\/basquetebol\/\">Continue lendo<\/a><\/p>\n","protected":false},"author":374,"featured_media":0,"parent":268,"menu_order":0,"comment_status":"closed","ping_status":"closed","template":"","meta":{"footnotes":""},"class_list":["post-2","page","type-page","status-publish","hentry","nodate","item-wrap"],"_links":{"self":[{"href":"https:\/\/wp.ufpel.edu.br\/jogosufpel\/wp-json\/wp\/v2\/pages\/2","targetHints":{"allow":["GET"]}}],"collection":[{"href":"https:\/\/wp.ufpel.edu.br\/jogosufpel\/wp-json\/wp\/v2\/pages"}],"about":[{"href":"https:\/\/wp.ufpel.edu.br\/jogosufpel\/wp-json\/wp\/v2\/types\/page"}],"author":[{"embeddable":true,"href":"https:\/\/wp.ufpel.edu.br\/jogosufpel\/wp-json\/wp\/v2\/users\/374"}],"replies":[{"embeddable":true,"href":"https:\/\/wp.ufpel.edu.br\/jogosufpel\/wp-json\/wp\/v2\/comments?post=2"}],"version-history":[{"count":48,"href":"https:\/\/wp.ufpel.edu.br\/jogosufpel\/wp-json\/wp\/v2\/pages\/2\/revisions"}],"predecessor-version":[{"id":794,"href":"https:\/\/wp.ufpel.edu.br\/jogosufpel\/wp-json\/wp\/v2\/pages\/2\/revisions\/794"}],"up":[{"embeddable":true,"href":"https:\/\/wp.ufpel.edu.br\/jogosufpel\/wp-json\/wp\/v2\/pages\/268"}],"wp:attachment":[{"href":"https:\/\/wp.ufpel.edu.br\/jogosufpel\/wp-json\/wp\/v2\/media?parent=2"}],"curies":[{"name":"wp","href":"https:\/\/api.w.org\/{rel}","templated":true}]}}