{"id":169,"date":"2014-04-30T19:11:30","date_gmt":"2014-04-30T22:11:30","guid":{"rendered":"https:\/\/wp.ufpel.edu.br\/jogosufpel\/?page_id=169"},"modified":"2016-05-30T13:58:05","modified_gmt":"2016-05-30T16:58:05","slug":"atleticas","status":"publish","type":"page","link":"https:\/\/wp.ufpel.edu.br\/jogosufpel\/atleticas\/","title":{"rendered":"Atl\u00e9ticas"},"content":{"rendered":"<h2>Atl\u00e9ticas presentes nos jogos da UFPel.<\/h2>\n<hr \/>\n\n\t\t<style type=\"text\/css\">\n\t\t\t#gallery-1 {\n\t\t\t\tmargin: auto;\n\t\t\t}\n\t\t\t#gallery-1 .gallery-item {\n\t\t\t\tfloat: left;\n\t\t\t\tmargin-top: 10px;\n\t\t\t\ttext-align: center;\n\t\t\t\twidth: 25%;\n\t\t\t}\n\t\t\t#gallery-1 img {\n\t\t\t\tborder: 2px solid #cfcfcf;\n\t\t\t}\n\t\t\t#gallery-1 .gallery-caption {\n\t\t\t\tmargin-left: 0;\n\t\t\t}\n\t\t\t\/* see gallery_shortcode() in wp-includes\/media.php *\/\n\t\t<\/style>\n\t\t<div id='gallery-1' class='gallery galleryid-169 gallery-columns-4 gallery-size-thumbnail'><dl class='gallery-item'>\n\t\t\t<dt class='gallery-icon landscape'>\n\t\t\t\t<a href='https:\/\/wp.ufpel.edu.br\/jogosufpel\/files\/2014\/04\/computacao.jpg'><img loading=\"lazy\" decoding=\"async\" width=\"159\" height=\"159\" src=\"https:\/\/wp.ufpel.edu.br\/jogosufpel\/files\/2014\/04\/computacao-159x159.jpg\" class=\"attachment-thumbnail size-thumbnail\" alt=\"\" aria-describedby=\"gallery-1-247\" srcset=\"https:\/\/wp.ufpel.edu.br\/jogosufpel\/files\/2014\/04\/computacao-159x159.jpg 159w, https:\/\/wp.ufpel.edu.br\/jogosufpel\/files\/2014\/04\/computacao-318x318.jpg 318w, https:\/\/wp.ufpel.edu.br\/jogosufpel\/files\/2014\/04\/computacao.jpg 400w\" sizes=\"auto, (max-width: 159px) 100vw, 159px\" \/><\/a>\n\t\t\t<\/dt>\n\t\t\t\t<dd class='wp-caption-text gallery-caption' id='gallery-1-247'>\n\t\t\t\tAtl\u00e9tica Computa\u00e7\u00e3o\n\t\t\t\t<\/dd><\/dl><dl class='gallery-item'>\n\t\t\t<dt class='gallery-icon landscape'>\n\t\t\t\t<a href='https:\/\/wp.ufpel.edu.br\/jogosufpel\/files\/2014\/04\/agronomia.jpg'><img loading=\"lazy\" decoding=\"async\" width=\"159\" height=\"159\" src=\"https:\/\/wp.ufpel.edu.br\/jogosufpel\/files\/2014\/04\/agronomia-159x159.jpg\" class=\"attachment-thumbnail size-thumbnail\" alt=\"\" aria-describedby=\"gallery-1-246\" srcset=\"https:\/\/wp.ufpel.edu.br\/jogosufpel\/files\/2014\/04\/agronomia-159x159.jpg 159w, https:\/\/wp.ufpel.edu.br\/jogosufpel\/files\/2014\/04\/agronomia-318x318.jpg 318w, https:\/\/wp.ufpel.edu.br\/jogosufpel\/files\/2014\/04\/agronomia.jpg 400w\" sizes=\"auto, (max-width: 159px) 100vw, 159px\" \/><\/a>\n\t\t\t<\/dt>\n\t\t\t\t<dd class='wp-caption-text gallery-caption' id='gallery-1-246'>\n\t\t\t\tAtl\u00e9tica Agronomia\n\t\t\t\t<\/dd><\/dl><dl class='gallery-item'>\n\t\t\t<dt class='gallery-icon landscape'>\n\t\t\t\t<a href='https:\/\/wp.ufpel.edu.br\/jogosufpel\/files\/2014\/04\/direito.jpg'><img loading=\"lazy\" decoding=\"async\" width=\"159\" height=\"159\" src=\"https:\/\/wp.ufpel.edu.br\/jogosufpel\/files\/2014\/04\/direito-159x159.jpg\" class=\"attachment-thumbnail size-thumbnail\" alt=\"\" aria-describedby=\"gallery-1-248\" srcset=\"https:\/\/wp.ufpel.edu.br\/jogosufpel\/files\/2014\/04\/direito-159x159.jpg 159w, https:\/\/wp.ufpel.edu.br\/jogosufpel\/files\/2014\/04\/direito-318x318.jpg 318w, https:\/\/wp.ufpel.edu.br\/jogosufpel\/files\/2014\/04\/direito.jpg 400w\" sizes=\"auto, (max-width: 159px) 100vw, 159px\" \/><\/a>\n\t\t\t<\/dt>\n\t\t\t\t<dd class='wp-caption-text gallery-caption' id='gallery-1-248'>\n\t\t\t\tAtl\u00e9tica Direito\n\t\t\t\t<\/dd><\/dl><dl class='gallery-item'>\n\t\t\t<dt class='gallery-icon landscape'>\n\t\t\t\t<a href='https:\/\/wp.ufpel.edu.br\/jogosufpel\/files\/2014\/04\/economia.jpg'><img loading=\"lazy\" decoding=\"async\" width=\"159\" height=\"159\" src=\"https:\/\/wp.ufpel.edu.br\/jogosufpel\/files\/2014\/04\/economia-159x159.jpg\" class=\"attachment-thumbnail size-thumbnail\" alt=\"\" aria-describedby=\"gallery-1-249\" srcset=\"https:\/\/wp.ufpel.edu.br\/jogosufpel\/files\/2014\/04\/economia-159x159.jpg 159w, https:\/\/wp.ufpel.edu.br\/jogosufpel\/files\/2014\/04\/economia-318x318.jpg 318w, https:\/\/wp.ufpel.edu.br\/jogosufpel\/files\/2014\/04\/economia.jpg 400w\" sizes=\"auto, (max-width: 159px) 100vw, 159px\" \/><\/a>\n\t\t\t<\/dt>\n\t\t\t\t<dd class='wp-caption-text gallery-caption' id='gallery-1-249'>\n\t\t\t\tAtl\u00e9tica Economia\n\t\t\t\t<\/dd><\/dl><br style=\"clear: both\" \/><dl class='gallery-item'>\n\t\t\t<dt class='gallery-icon landscape'>\n\t\t\t\t<a href='https:\/\/wp.ufpel.edu.br\/jogosufpel\/files\/2014\/04\/faurb.jpg'><img loading=\"lazy\" decoding=\"async\" width=\"159\" height=\"159\" src=\"https:\/\/wp.ufpel.edu.br\/jogosufpel\/files\/2014\/04\/faurb-159x159.jpg\" class=\"attachment-thumbnail size-thumbnail\" alt=\"\" aria-describedby=\"gallery-1-250\" srcset=\"https:\/\/wp.ufpel.edu.br\/jogosufpel\/files\/2014\/04\/faurb-159x159.jpg 159w, https:\/\/wp.ufpel.edu.br\/jogosufpel\/files\/2014\/04\/faurb-318x318.jpg 318w, https:\/\/wp.ufpel.edu.br\/jogosufpel\/files\/2014\/04\/faurb.jpg 400w\" sizes=\"auto, (max-width: 159px) 100vw, 159px\" \/><\/a>\n\t\t\t<\/dt>\n\t\t\t\t<dd class='wp-caption-text gallery-caption' id='gallery-1-250'>\n\t\t\t\tAtl\u00e9tica FAURB\n\t\t\t\t<\/dd><\/dl><dl class='gallery-item'>\n\t\t\t<dt class='gallery-icon landscape'>\n\t\t\t\t<a href='https:\/\/wp.ufpel.edu.br\/jogosufpel\/files\/2014\/04\/hidrica.jpg'><img loading=\"lazy\" decoding=\"async\" width=\"159\" height=\"159\" src=\"https:\/\/wp.ufpel.edu.br\/jogosufpel\/files\/2014\/04\/hidrica-159x159.jpg\" class=\"attachment-thumbnail size-thumbnail\" alt=\"\" aria-describedby=\"gallery-1-251\" srcset=\"https:\/\/wp.ufpel.edu.br\/jogosufpel\/files\/2014\/04\/hidrica-159x159.jpg 159w, https:\/\/wp.ufpel.edu.br\/jogosufpel\/files\/2014\/04\/hidrica-318x318.jpg 318w, https:\/\/wp.ufpel.edu.br\/jogosufpel\/files\/2014\/04\/hidrica.jpg 400w\" sizes=\"auto, (max-width: 159px) 100vw, 159px\" \/><\/a>\n\t\t\t<\/dt>\n\t\t\t\t<dd class='wp-caption-text gallery-caption' id='gallery-1-251'>\n\t\t\t\tAtl\u00e9tica H\u00eddrica\n\t\t\t\t<\/dd><\/dl><dl class='gallery-item'>\n\t\t\t<dt class='gallery-icon landscape'>\n\t\t\t\t<a href='https:\/\/wp.ufpel.edu.br\/jogosufpel\/files\/2014\/04\/leiga.jpg'><img loading=\"lazy\" decoding=\"async\" width=\"159\" height=\"159\" src=\"https:\/\/wp.ufpel.edu.br\/jogosufpel\/files\/2014\/04\/leiga-159x159.jpg\" class=\"attachment-thumbnail size-thumbnail\" alt=\"\" aria-describedby=\"gallery-1-252\" srcset=\"https:\/\/wp.ufpel.edu.br\/jogosufpel\/files\/2014\/04\/leiga-159x159.jpg 159w, https:\/\/wp.ufpel.edu.br\/jogosufpel\/files\/2014\/04\/leiga-318x318.jpg 318w, https:\/\/wp.ufpel.edu.br\/jogosufpel\/files\/2014\/04\/leiga.jpg 400w\" sizes=\"auto, (max-width: 159px) 100vw, 159px\" \/><\/a>\n\t\t\t<\/dt>\n\t\t\t\t<dd class='wp-caption-text gallery-caption' id='gallery-1-252'>\n\t\t\t\tAtl\u00e9tica Leiga\n\t\t\t\t<\/dd><\/dl><dl class='gallery-item'>\n\t\t\t<dt class='gallery-icon landscape'>\n\t\t\t\t<a href='https:\/\/wp.ufpel.edu.br\/jogosufpel\/files\/2014\/04\/producao.jpg'><img loading=\"lazy\" decoding=\"async\" width=\"159\" height=\"159\" src=\"https:\/\/wp.ufpel.edu.br\/jogosufpel\/files\/2014\/04\/producao-159x159.jpg\" class=\"attachment-thumbnail size-thumbnail\" alt=\"\" aria-describedby=\"gallery-1-253\" srcset=\"https:\/\/wp.ufpel.edu.br\/jogosufpel\/files\/2014\/04\/producao-159x159.jpg 159w, https:\/\/wp.ufpel.edu.br\/jogosufpel\/files\/2014\/04\/producao-318x318.jpg 318w, https:\/\/wp.ufpel.edu.br\/jogosufpel\/files\/2014\/04\/producao.jpg 400w\" sizes=\"auto, (max-width: 159px) 100vw, 159px\" \/><\/a>\n\t\t\t<\/dt>\n\t\t\t\t<dd class='wp-caption-text gallery-caption' id='gallery-1-253'>\n\t\t\t\tAtl\u00e9tica Produ\u00e7\u00e3o\n\t\t\t\t<\/dd><\/dl><br style=\"clear: both\" \/><dl class='gallery-item'>\n\t\t\t<dt class='gallery-icon landscape'>\n\t\t\t\t<a href='https:\/\/wp.ufpel.edu.br\/jogosufpel\/files\/2014\/04\/sanitaria-e-ambiental.jpg'><img loading=\"lazy\" decoding=\"async\" width=\"159\" height=\"159\" src=\"https:\/\/wp.ufpel.edu.br\/jogosufpel\/files\/2014\/04\/sanitaria-e-ambiental-159x159.jpg\" class=\"attachment-thumbnail size-thumbnail\" alt=\"\" aria-describedby=\"gallery-1-254\" srcset=\"https:\/\/wp.ufpel.edu.br\/jogosufpel\/files\/2014\/04\/sanitaria-e-ambiental-159x159.jpg 159w, https:\/\/wp.ufpel.edu.br\/jogosufpel\/files\/2014\/04\/sanitaria-e-ambiental-318x318.jpg 318w, https:\/\/wp.ufpel.edu.br\/jogosufpel\/files\/2014\/04\/sanitaria-e-ambiental.jpg 400w\" sizes=\"auto, (max-width: 159px) 100vw, 159px\" \/><\/a>\n\t\t\t<\/dt>\n\t\t\t\t<dd class='wp-caption-text gallery-caption' id='gallery-1-254'>\n\t\t\t\tAtl\u00e9tica Sanit\u00e1ria e Ambiental\n\t\t\t\t<\/dd><\/dl><dl class='gallery-item'>\n\t\t\t<dt class='gallery-icon portrait'>\n\t\t\t\t<a href='https:\/\/wp.ufpel.edu.br\/jogosufpel\/files\/2014\/04\/1779470_10201847193316155_101432837_n.jpg'><img loading=\"lazy\" decoding=\"async\" width=\"158\" height=\"159\" src=\"https:\/\/wp.ufpel.edu.br\/jogosufpel\/files\/2014\/04\/1779470_10201847193316155_101432837_n-158x159.jpg\" class=\"attachment-thumbnail size-thumbnail\" alt=\"\" aria-describedby=\"gallery-1-340\" srcset=\"https:\/\/wp.ufpel.edu.br\/jogosufpel\/files\/2014\/04\/1779470_10201847193316155_101432837_n-158x159.jpg 158w, https:\/\/wp.ufpel.edu.br\/jogosufpel\/files\/2014\/04\/1779470_10201847193316155_101432837_n-316x318.jpg 316w, https:\/\/wp.ufpel.edu.br\/jogosufpel\/files\/2014\/04\/1779470_10201847193316155_101432837_n.jpg 956w\" sizes=\"auto, (max-width: 158px) 100vw, 158px\" \/><\/a>\n\t\t\t<\/dt>\n\t\t\t\t<dd class='wp-caption-text gallery-caption' id='gallery-1-340'>\n\t\t\t\tAtl\u00e9tica Engenharia Geol\u00f3gica\n\t\t\t\t<\/dd><\/dl><dl class='gallery-item'>\n\t\t\t<dt class='gallery-icon portrait'>\n\t\t\t\t<a href='https:\/\/wp.ufpel.edu.br\/jogosufpel\/files\/2014\/04\/logo-AARRI.jpg'><img loading=\"lazy\" decoding=\"async\" width=\"135\" height=\"159\" src=\"https:\/\/wp.ufpel.edu.br\/jogosufpel\/files\/2014\/04\/logo-AARRI-135x159.jpg\" class=\"attachment-thumbnail size-thumbnail\" alt=\"\" aria-describedby=\"gallery-1-372\" srcset=\"https:\/\/wp.ufpel.edu.br\/jogosufpel\/files\/2014\/04\/logo-AARRI-135x159.jpg 135w, https:\/\/wp.ufpel.edu.br\/jogosufpel\/files\/2014\/04\/logo-AARRI-271x318.jpg 271w, https:\/\/wp.ufpel.edu.br\/jogosufpel\/files\/2014\/04\/logo-AARRI.jpg 819w\" sizes=\"auto, (max-width: 135px) 100vw, 135px\" \/><\/a>\n\t\t\t<\/dt>\n\t\t\t\t<dd class='wp-caption-text gallery-caption' id='gallery-1-372'>\n\t\t\t\tAtl\u00e9tica Rela\u00e7\u00f5es Internacionais \n\t\t\t\t<\/dd><\/dl><dl class='gallery-item'>\n\t\t\t<dt class='gallery-icon landscape'>\n\t\t\t\t<a href='https:\/\/wp.ufpel.edu.br\/jogosufpel\/files\/2014\/04\/AAAJUFPEL.jpg'><img loading=\"lazy\" decoding=\"async\" width=\"160\" height=\"159\" src=\"https:\/\/wp.ufpel.edu.br\/jogosufpel\/files\/2014\/04\/AAAJUFPEL-160x159.jpg\" class=\"attachment-thumbnail size-thumbnail\" alt=\"\" aria-describedby=\"gallery-1-437\" srcset=\"https:\/\/wp.ufpel.edu.br\/jogosufpel\/files\/2014\/04\/AAAJUFPEL-160x159.jpg 160w, https:\/\/wp.ufpel.edu.br\/jogosufpel\/files\/2014\/04\/AAAJUFPEL-320x318.jpg 320w, https:\/\/wp.ufpel.edu.br\/jogosufpel\/files\/2014\/04\/AAAJUFPEL.jpg 718w\" sizes=\"auto, (max-width: 160px) 100vw, 160px\" \/><\/a>\n\t\t\t<\/dt>\n\t\t\t\t<dd class='wp-caption-text gallery-caption' id='gallery-1-437'>\n\t\t\t\tAtl\u00e9tica Jornalismo\n\t\t\t\t<\/dd><\/dl><br style=\"clear: both\" \/><dl class='gallery-item'>\n\t\t\t<dt class='gallery-icon landscape'>\n\t\t\t\t<a href='https:\/\/wp.ufpel.edu.br\/jogosufpel\/files\/2014\/04\/historia.jpg'><img loading=\"lazy\" decoding=\"async\" width=\"159\" height=\"159\" src=\"https:\/\/wp.ufpel.edu.br\/jogosufpel\/files\/2014\/04\/historia-159x159.jpg\" class=\"attachment-thumbnail size-thumbnail\" alt=\"\" aria-describedby=\"gallery-1-612\" srcset=\"https:\/\/wp.ufpel.edu.br\/jogosufpel\/files\/2014\/04\/historia-159x159.jpg 159w, https:\/\/wp.ufpel.edu.br\/jogosufpel\/files\/2014\/04\/historia-318x318.jpg 318w, https:\/\/wp.ufpel.edu.br\/jogosufpel\/files\/2014\/04\/historia.jpg 400w\" sizes=\"auto, (max-width: 159px) 100vw, 159px\" \/><\/a>\n\t\t\t<\/dt>\n\t\t\t\t<dd class='wp-caption-text gallery-caption' id='gallery-1-612'>\n\t\t\t\tAtl\u00e9tica Hist\u00f3ria\n\t\t\t\t<\/dd><\/dl><dl class='gallery-item'>\n\t\t\t<dt class='gallery-icon landscape'>\n\t\t\t\t<a href='https:\/\/wp.ufpel.edu.br\/jogosufpel\/files\/2014\/04\/odonto.jpg'><img loading=\"lazy\" decoding=\"async\" width=\"159\" height=\"159\" src=\"https:\/\/wp.ufpel.edu.br\/jogosufpel\/files\/2014\/04\/odonto-159x159.jpg\" class=\"attachment-thumbnail size-thumbnail\" alt=\"\" aria-describedby=\"gallery-1-613\" srcset=\"https:\/\/wp.ufpel.edu.br\/jogosufpel\/files\/2014\/04\/odonto-159x159.jpg 159w, https:\/\/wp.ufpel.edu.br\/jogosufpel\/files\/2014\/04\/odonto-318x318.jpg 318w, https:\/\/wp.ufpel.edu.br\/jogosufpel\/files\/2014\/04\/odonto.jpg 400w\" sizes=\"auto, (max-width: 159px) 100vw, 159px\" \/><\/a>\n\t\t\t<\/dt>\n\t\t\t\t<dd class='wp-caption-text gallery-caption' id='gallery-1-613'>\n\t\t\t\tAtl\u00e9tica Ondontologia\n\t\t\t\t<\/dd><\/dl><dl class='gallery-item'>\n\t\t\t<dt class='gallery-icon landscape'>\n\t\t\t\t<a href='https:\/\/wp.ufpel.edu.br\/jogosufpel\/files\/2014\/04\/petroleo.jpg'><img loading=\"lazy\" decoding=\"async\" width=\"159\" height=\"159\" src=\"https:\/\/wp.ufpel.edu.br\/jogosufpel\/files\/2014\/04\/petroleo-159x159.jpg\" class=\"attachment-thumbnail size-thumbnail\" alt=\"\" aria-describedby=\"gallery-1-614\" srcset=\"https:\/\/wp.ufpel.edu.br\/jogosufpel\/files\/2014\/04\/petroleo-159x159.jpg 159w, https:\/\/wp.ufpel.edu.br\/jogosufpel\/files\/2014\/04\/petroleo-318x318.jpg 318w, https:\/\/wp.ufpel.edu.br\/jogosufpel\/files\/2014\/04\/petroleo.jpg 400w\" sizes=\"auto, (max-width: 159px) 100vw, 159px\" \/><\/a>\n\t\t\t<\/dt>\n\t\t\t\t<dd class='wp-caption-text gallery-caption' id='gallery-1-614'>\n\t\t\t\tAtl\u00e9tica Petr\u00f3leo\n\t\t\t\t<\/dd><\/dl><dl class='gallery-item'>\n\t\t\t<dt class='gallery-icon landscape'>\n\t\t\t\t<a href='https:\/\/wp.ufpel.edu.br\/jogosufpel\/files\/2014\/04\/adm.jpg'><img loading=\"lazy\" decoding=\"async\" width=\"159\" height=\"159\" src=\"https:\/\/wp.ufpel.edu.br\/jogosufpel\/files\/2014\/04\/adm-159x159.jpg\" class=\"attachment-thumbnail size-thumbnail\" alt=\"\" aria-describedby=\"gallery-1-611\" srcset=\"https:\/\/wp.ufpel.edu.br\/jogosufpel\/files\/2014\/04\/adm-159x159.jpg 159w, https:\/\/wp.ufpel.edu.br\/jogosufpel\/files\/2014\/04\/adm-318x318.jpg 318w, https:\/\/wp.ufpel.edu.br\/jogosufpel\/files\/2014\/04\/adm.jpg 400w\" sizes=\"auto, (max-width: 159px) 100vw, 159px\" \/><\/a>\n\t\t\t<\/dt>\n\t\t\t\t<dd class='wp-caption-text gallery-caption' id='gallery-1-611'>\n\t\t\t\tAtl\u00e9tica Administra\u00e7\u00e3o\n\t\t\t\t<\/dd><\/dl><br style=\"clear: both\" \/><dl class='gallery-item'>\n\t\t\t<dt class='gallery-icon portrait'>\n\t\t\t\t<a href='https:\/\/wp.ufpel.edu.br\/jogosufpel\/files\/2014\/04\/WhatsApp-Image-20160516.jpg'><img loading=\"lazy\" decoding=\"async\" width=\"155\" height=\"159\" src=\"https:\/\/wp.ufpel.edu.br\/jogosufpel\/files\/2014\/04\/WhatsApp-Image-20160516-155x159.jpg\" class=\"attachment-thumbnail size-thumbnail\" alt=\"\" aria-describedby=\"gallery-1-809\" srcset=\"https:\/\/wp.ufpel.edu.br\/jogosufpel\/files\/2014\/04\/WhatsApp-Image-20160516-155x159.jpg 155w, https:\/\/wp.ufpel.edu.br\/jogosufpel\/files\/2014\/04\/WhatsApp-Image-20160516-309x318.jpg 309w, https:\/\/wp.ufpel.edu.br\/jogosufpel\/files\/2014\/04\/WhatsApp-Image-20160516-768x790.jpg 768w, https:\/\/wp.ufpel.edu.br\/jogosufpel\/files\/2014\/04\/WhatsApp-Image-20160516.jpg 1195w\" sizes=\"auto, (max-width: 155px) 100vw, 155px\" \/><\/a>\n\t\t\t<\/dt>\n\t\t\t\t<dd class='wp-caption-text gallery-caption' id='gallery-1-809'>\n\t\t\t\tAtl\u00e9tica ESEF\n\t\t\t\t<\/dd><\/dl>\n\t\t\t<br style='clear: both' \/>\n\t\t<\/div>\n\n<hr \/>\n<p>Seu curso possui atl\u00e9tica mas n\u00e3o est\u00e1 aqui?<br \/>\nEnvie para jogosufpel@gmail.com o simbolo da sua atl\u00e9tica.<\/p>\n","protected":false},"excerpt":{"rendered":"<p>Atl\u00e9ticas presentes nos jogos da UFPel. Seu curso possui atl\u00e9tica mas n\u00e3o est\u00e1 aqui? Envie para jogosufpel@gmail.com o simbolo da sua atl\u00e9tica.<\/p>\n","protected":false},"author":374,"featured_media":0,"parent":0,"menu_order":6,"comment_status":"closed","ping_status":"closed","template":"","meta":{"footnotes":""},"class_list":["post-169","page","type-page","status-publish","hentry","nodate","item-wrap"],"_links":{"self":[{"href":"https:\/\/wp.ufpel.edu.br\/jogosufpel\/wp-json\/wp\/v2\/pages\/169","targetHints":{"allow":["GET"]}}],"collection":[{"href":"https:\/\/wp.ufpel.edu.br\/jogosufpel\/wp-json\/wp\/v2\/pages"}],"about":[{"href":"https:\/\/wp.ufpel.edu.br\/jogosufpel\/wp-json\/wp\/v2\/types\/page"}],"author":[{"embeddable":true,"href":"https:\/\/wp.ufpel.edu.br\/jogosufpel\/wp-json\/wp\/v2\/users\/374"}],"replies":[{"embeddable":true,"href":"https:\/\/wp.ufpel.edu.br\/jogosufpel\/wp-json\/wp\/v2\/comments?post=169"}],"version-history":[{"count":14,"href":"https:\/\/wp.ufpel.edu.br\/jogosufpel\/wp-json\/wp\/v2\/pages\/169\/revisions"}],"predecessor-version":[{"id":810,"href":"https:\/\/wp.ufpel.edu.br\/jogosufpel\/wp-json\/wp\/v2\/pages\/169\/revisions\/810"}],"wp:attachment":[{"href":"https:\/\/wp.ufpel.edu.br\/jogosufpel\/wp-json\/wp\/v2\/media?parent=169"}],"curies":[{"name":"wp","href":"https:\/\/api.w.org\/{rel}","templated":true}]}}