{"id":89,"date":"2019-02-19T18:56:33","date_gmt":"2019-02-19T21:56:33","guid":{"rendered":"https:\/\/wp.ufpel.edu.br\/jhalecaufpel\/?page_id=89"},"modified":"2023-05-04T14:17:58","modified_gmt":"2023-05-04T17:17:58","slug":"local-do-evento","status":"publish","type":"page","link":"https:\/\/wp.ufpel.edu.br\/jhalecaufpel\/local-do-evento\/","title":{"rendered":"Local do Evento"},"content":{"rendered":"<p>&nbsp;<\/p>\n<p style=\"text-align: center;\"><span style=\"font-size: 18.6667px;\"><b>A XXIII JORNADA DE HIST\u00d3RIA ANTIGA OCORRER\u00c1 DE MODO PRESENCIAL.<\/b><\/span><\/p>\n<p style=\"text-align: center;\"><span style=\"font-size: 14pt;\">AUDIT\u00d3RIO CEHUS<\/span><\/p>\n<p style=\"text-align: center;\"><span style=\"font-size: 14pt;\">Rua. Cel. Alberto Rosa, 117<\/span><\/p>\n<p style=\"text-align: center;\"><span style=\"font-size: 14pt;\">Centro, Pelotas &#8211; RS<\/span><\/p>\n<p>&nbsp;<\/p>\n<p><a href=\"https:\/\/goo.gl\/maps\/mf2b4FjB1LaDcLBW6\" target=\"_blank\" rel=\"noopener\"><img class=\"aligncenter wp-image-1703\" src=\"https:\/\/wp.ufpel.edu.br\/jhalecaufpel\/files\/2023\/05\/mapa.png\" alt=\"\" width=\"503\" height=\"370\" srcset=\"https:\/\/wp.ufpel.edu.br\/jhalecaufpel\/files\/2023\/05\/mapa.png 1256w, https:\/\/wp.ufpel.edu.br\/jhalecaufpel\/files\/2023\/05\/mapa-400x294.png 400w, https:\/\/wp.ufpel.edu.br\/jhalecaufpel\/files\/2023\/05\/mapa-1024x753.png 1024w, https:\/\/wp.ufpel.edu.br\/jhalecaufpel\/files\/2023\/05\/mapa-768x565.png 768w\" sizes=\"(max-width: 503px) 100vw, 503px\" \/><\/a><\/p>\n<p>&nbsp;<\/p>\n","protected":false},"excerpt":{"rendered":"<p>&nbsp; A XXIII JORNADA DE HIST\u00d3RIA ANTIGA OCORRER\u00c1 DE MODO PRESENCIAL. AUDIT\u00d3RIO CEHUS Rua. Cel. Alberto Rosa, 117 Centro, Pelotas &#8211; RS &nbsp; &nbsp;<\/p>\n","protected":false},"author":907,"featured_media":0,"parent":0,"menu_order":0,"comment_status":"closed","ping_status":"closed","template":"page-sem-sidebar.php","meta":{"footnotes":""},"class_list":["post-89","page","type-page","status-publish","hentry"],"_links":{"self":[{"href":"https:\/\/wp.ufpel.edu.br\/jhalecaufpel\/wp-json\/wp\/v2\/pages\/89","targetHints":{"allow":["GET"]}}],"collection":[{"href":"https:\/\/wp.ufpel.edu.br\/jhalecaufpel\/wp-json\/wp\/v2\/pages"}],"about":[{"href":"https:\/\/wp.ufpel.edu.br\/jhalecaufpel\/wp-json\/wp\/v2\/types\/page"}],"author":[{"embeddable":true,"href":"https:\/\/wp.ufpel.edu.br\/jhalecaufpel\/wp-json\/wp\/v2\/users\/907"}],"replies":[{"embeddable":true,"href":"https:\/\/wp.ufpel.edu.br\/jhalecaufpel\/wp-json\/wp\/v2\/comments?post=89"}],"version-history":[{"count":25,"href":"https:\/\/wp.ufpel.edu.br\/jhalecaufpel\/wp-json\/wp\/v2\/pages\/89\/revisions"}],"predecessor-version":[{"id":1704,"href":"https:\/\/wp.ufpel.edu.br\/jhalecaufpel\/wp-json\/wp\/v2\/pages\/89\/revisions\/1704"}],"wp:attachment":[{"href":"https:\/\/wp.ufpel.edu.br\/jhalecaufpel\/wp-json\/wp\/v2\/media?parent=89"}],"curies":[{"name":"wp","href":"https:\/\/api.w.org\/{rel}","templated":true}]}}