{"id":78,"date":"2019-02-19T18:14:22","date_gmt":"2019-02-19T21:14:22","guid":{"rendered":"https:\/\/wp.ufpel.edu.br\/jhalecaufpel\/?page_id=78"},"modified":"2020-08-19T16:13:36","modified_gmt":"2020-08-19T19:13:36","slug":"palestrantes-confirmados","status":"publish","type":"page","link":"https:\/\/wp.ufpel.edu.br\/jhalecaufpel\/palestrantes-confirmados\/","title":{"rendered":"Palestrantes confirmados"},"content":{"rendered":"<p><strong>24.08 &#8211; Mesa Abertura<\/strong><\/p>\n<p><strong>Confer\u00eancia de Abertura &#8211; O ensino de Hist\u00f3ria Antiga na Educa\u00e7\u00e3o B\u00e1sica: <\/strong>Continuidades de descontinuidades textuais e ideol\u00f3gicas. Prof. Dr. Jos\u00e9 Petr\u00facio de Farias Junior (UFPI).<\/p>\n<p><strong>26.08 &#8211; 1\u00ba Minicurso: <\/strong>Profa. Dra. Carolina Kesser Barcellos Dias (UFPel) e Profa. Dra. Camila Diogo de Souza (UFF).<\/p>\n<p><strong>15.09 &#8211; 2\u00ba Minicurso: <\/strong>Profa. Dra. Raquel Funari (Unicamp).<\/p>\n<p><strong>06.10 &#8211; 3\u00ba Minicurso: <\/strong>Prof. Dr. Carlos Eduardo da Costa Campos (UFMS)<\/p>\n<p><strong>13.10 &#8211; 4\u00ba Minicurso: <\/strong>Prof. Dr. Guilherme Gomes Moerbeck (UERJ).<\/p>\n<p><strong>10.11 &#8211; 5\u00ba Minicurso: <\/strong>Prof. Dr. Deivid Val\u00e9rio Gaia (UFRJ).<\/p>\n<p><strong>17.11 &#8211; 6\u00ba Minicurso:\u00a0 <\/strong>Profa. Dra. K\u00e1tia Maria Paim Pozzer (UFRGS).<\/p>\n<p><strong>24.11 &#8211; Confer\u00eancia de Encerramento &#8211; Da Academia ao Youtube: <\/strong>Fronteiras e desafio do ensino remoto para Hist\u00f3ria Antiga. Profa. Dra. Juliana Bastos Marques (UNIRIO).<\/p>\n","protected":false},"excerpt":{"rendered":"<p>24.08 &#8211; Mesa Abertura Confer\u00eancia de Abertura &#8211; O ensino de Hist\u00f3ria Antiga na Educa\u00e7\u00e3o B\u00e1sica: Continuidades de descontinuidades textuais e ideol\u00f3gicas. Prof. Dr. Jos\u00e9 Petr\u00facio de Farias Junior (UFPI). 26.08 &#8211; 1\u00ba Minicurso: Profa. Dra. Carolina Kesser Barcellos Dias (UFPel) e Profa. Dra. Camila Diogo de Souza (UFF). 15.09 &#8211; 2\u00ba Minicurso: Profa. Dra. [&hellip;]<\/p>\n","protected":false},"author":907,"featured_media":0,"parent":0,"menu_order":0,"comment_status":"closed","ping_status":"closed","template":"page-sem-sidebar.php","meta":{"footnotes":""},"class_list":["post-78","page","type-page","status-publish","hentry"],"_links":{"self":[{"href":"https:\/\/wp.ufpel.edu.br\/jhalecaufpel\/wp-json\/wp\/v2\/pages\/78","targetHints":{"allow":["GET"]}}],"collection":[{"href":"https:\/\/wp.ufpel.edu.br\/jhalecaufpel\/wp-json\/wp\/v2\/pages"}],"about":[{"href":"https:\/\/wp.ufpel.edu.br\/jhalecaufpel\/wp-json\/wp\/v2\/types\/page"}],"author":[{"embeddable":true,"href":"https:\/\/wp.ufpel.edu.br\/jhalecaufpel\/wp-json\/wp\/v2\/users\/907"}],"replies":[{"embeddable":true,"href":"https:\/\/wp.ufpel.edu.br\/jhalecaufpel\/wp-json\/wp\/v2\/comments?post=78"}],"version-history":[{"count":38,"href":"https:\/\/wp.ufpel.edu.br\/jhalecaufpel\/wp-json\/wp\/v2\/pages\/78\/revisions"}],"predecessor-version":[{"id":912,"href":"https:\/\/wp.ufpel.edu.br\/jhalecaufpel\/wp-json\/wp\/v2\/pages\/78\/revisions\/912"}],"wp:attachment":[{"href":"https:\/\/wp.ufpel.edu.br\/jhalecaufpel\/wp-json\/wp\/v2\/media?parent=78"}],"curies":[{"name":"wp","href":"https:\/\/api.w.org\/{rel}","templated":true}]}}