{"id":690,"date":"2020-06-02T22:11:09","date_gmt":"2020-06-03T01:11:09","guid":{"rendered":"https:\/\/wp.ufpel.edu.br\/jhalecaufpel\/?page_id=690"},"modified":"2020-06-02T22:11:09","modified_gmt":"2020-06-03T01:11:09","slug":"aniversario","status":"publish","type":"page","link":"https:\/\/wp.ufpel.edu.br\/jhalecaufpel\/aniversario\/","title":{"rendered":"Anivers\u00e1rio"},"content":{"rendered":"<p style=\"text-align: center\"><span style=\"font-size: 18pt\"><strong>XX JORNADA DE HIST\u00d3RIA ANTIGA UFPEL 2019<\/strong><\/span><\/p>\n<p style=\"text-align: center\"><em>I Col\u00f3quio Internacional de M\u00fasica Antiga e Medieval<\/em><\/p>\n<p style=\"text-align: center\"><em>I Encontro Brasileiro de Estudos sobre M\u00fasica da Antiguidade<\/em><\/p>\n<p style=\"text-align: center\"><strong>Nosso encontro completou um ano!<\/strong><\/p>\n<p>&nbsp;<\/p>\n<div style=\"width: 1440px;\" class=\"wp-video\"><video class=\"wp-video-shortcode\" id=\"video-690-1\" width=\"1440\" height=\"1440\" preload=\"metadata\" controls=\"controls\"><source type=\"video\/mp4\" src=\"https:\/\/wp.ufpel.edu.br\/jhalecaufpel\/files\/2020\/06\/20200306_183531.mp4?_=1\" \/><a href=\"https:\/\/wp.ufpel.edu.br\/jhalecaufpel\/files\/2020\/06\/20200306_183531.mp4\">https:\/\/wp.ufpel.edu.br\/jhalecaufpel\/files\/2020\/06\/20200306_183531.mp4<\/a><\/video><\/div>\n","protected":false},"excerpt":{"rendered":"<p>XX JORNADA DE HIST\u00d3RIA ANTIGA UFPEL 2019 I Col\u00f3quio Internacional de M\u00fasica Antiga e Medieval I Encontro Brasileiro de Estudos sobre M\u00fasica da Antiguidade Nosso encontro completou um ano! &nbsp;<\/p>\n","protected":false},"author":907,"featured_media":0,"parent":0,"menu_order":0,"comment_status":"closed","ping_status":"closed","template":"","meta":{"footnotes":""},"class_list":["post-690","page","type-page","status-publish","hentry"],"_links":{"self":[{"href":"https:\/\/wp.ufpel.edu.br\/jhalecaufpel\/wp-json\/wp\/v2\/pages\/690","targetHints":{"allow":["GET"]}}],"collection":[{"href":"https:\/\/wp.ufpel.edu.br\/jhalecaufpel\/wp-json\/wp\/v2\/pages"}],"about":[{"href":"https:\/\/wp.ufpel.edu.br\/jhalecaufpel\/wp-json\/wp\/v2\/types\/page"}],"author":[{"embeddable":true,"href":"https:\/\/wp.ufpel.edu.br\/jhalecaufpel\/wp-json\/wp\/v2\/users\/907"}],"replies":[{"embeddable":true,"href":"https:\/\/wp.ufpel.edu.br\/jhalecaufpel\/wp-json\/wp\/v2\/comments?post=690"}],"version-history":[{"count":1,"href":"https:\/\/wp.ufpel.edu.br\/jhalecaufpel\/wp-json\/wp\/v2\/pages\/690\/revisions"}],"predecessor-version":[{"id":693,"href":"https:\/\/wp.ufpel.edu.br\/jhalecaufpel\/wp-json\/wp\/v2\/pages\/690\/revisions\/693"}],"wp:attachment":[{"href":"https:\/\/wp.ufpel.edu.br\/jhalecaufpel\/wp-json\/wp\/v2\/media?parent=690"}],"curies":[{"name":"wp","href":"https:\/\/api.w.org\/{rel}","templated":true}]}}