{"id":660,"date":"2019-06-19T19:23:38","date_gmt":"2019-06-19T22:23:38","guid":{"rendered":"https:\/\/wp.ufpel.edu.br\/jhalecaufpel\/?page_id=660"},"modified":"2019-06-24T11:49:03","modified_gmt":"2019-06-24T14:49:03","slug":"comunicacoes-textos-e-ppt","status":"publish","type":"page","link":"https:\/\/wp.ufpel.edu.br\/jhalecaufpel\/comunicacoes-textos-e-ppt\/","title":{"rendered":"Comunica\u00e7\u00f5es &#8211; textos e ppt"},"content":{"rendered":"<p style=\"text-align: center\"><strong>COMUNICA\u00c7\u00d5ES DISPONIBILIZADAS<\/strong><\/p>\n<p>&nbsp;<\/p>\n<div style=\"width: 1280px;\" class=\"wp-video\"><video class=\"wp-video-shortcode\" id=\"video-660-1\" width=\"1280\" height=\"720\" preload=\"metadata\" controls=\"controls\"><source type=\"video\/mp4\" src=\"https:\/\/wp.ufpel.edu.br\/jhalecaufpel\/files\/2019\/06\/VIVIANA-SUNOL-PELOTAS-1.mp4?_=1\" \/><a href=\"https:\/\/wp.ufpel.edu.br\/jhalecaufpel\/files\/2019\/06\/VIVIANA-SUNOL-PELOTAS-1.mp4\">https:\/\/wp.ufpel.edu.br\/jhalecaufpel\/files\/2019\/06\/VIVIANA-SUNOL-PELOTAS-1.mp4<\/a><\/video><\/div>\n<p>1- Viviana Su\u00f1ol (Universidad Nacional de La Plata) &#8211; &#8220;La importancia filos\u00f3fica de la educaci\u00f3n musical en Arist\u00f3teles. Acerca de la jerarqu\u00eda y la relaci\u00f3n entre las funciones de la <i>mousik\u00e9<\/i> &#8220;<a href=\"https:\/\/wp.ufpel.edu.br\/jhalecaufpel\/files\/2019\/06\/VIVIANA-SUNOL-PELOTAS.pptx\"><br \/>\n<\/a><\/p>\n<p>&nbsp;<\/p>\n<p>&nbsp;<\/p>\n<p>&nbsp;<\/p>\n<p>&nbsp;<\/p>\n<p>*todo conte\u00fado aqui disponibilizado \u00e9 de responsabilidade e direito do autor. N\u00e3o podem ser reproduzidos sob nenhuma hip\u00f3tese sem a sua pr\u00e9via autoriza\u00e7\u00e3o.<\/p>\n","protected":false},"excerpt":{"rendered":"<p>COMUNICA\u00c7\u00d5ES DISPONIBILIZADAS &nbsp; 1- Viviana Su\u00f1ol (Universidad Nacional de La Plata) &#8211; &#8220;La importancia filos\u00f3fica de la educaci\u00f3n musical en Arist\u00f3teles. Acerca de la jerarqu\u00eda y la relaci\u00f3n entre las funciones de la mousik\u00e9 &#8220; &nbsp; &nbsp; &nbsp; &nbsp; *todo conte\u00fado aqui disponibilizado \u00e9 de responsabilidade e direito do autor. N\u00e3o podem ser reproduzidos sob [&hellip;]<\/p>\n","protected":false},"author":907,"featured_media":0,"parent":0,"menu_order":0,"comment_status":"closed","ping_status":"closed","template":"","meta":{"footnotes":""},"class_list":["post-660","page","type-page","status-publish","hentry"],"_links":{"self":[{"href":"https:\/\/wp.ufpel.edu.br\/jhalecaufpel\/wp-json\/wp\/v2\/pages\/660","targetHints":{"allow":["GET"]}}],"collection":[{"href":"https:\/\/wp.ufpel.edu.br\/jhalecaufpel\/wp-json\/wp\/v2\/pages"}],"about":[{"href":"https:\/\/wp.ufpel.edu.br\/jhalecaufpel\/wp-json\/wp\/v2\/types\/page"}],"author":[{"embeddable":true,"href":"https:\/\/wp.ufpel.edu.br\/jhalecaufpel\/wp-json\/wp\/v2\/users\/907"}],"replies":[{"embeddable":true,"href":"https:\/\/wp.ufpel.edu.br\/jhalecaufpel\/wp-json\/wp\/v2\/comments?post=660"}],"version-history":[{"count":5,"href":"https:\/\/wp.ufpel.edu.br\/jhalecaufpel\/wp-json\/wp\/v2\/pages\/660\/revisions"}],"predecessor-version":[{"id":673,"href":"https:\/\/wp.ufpel.edu.br\/jhalecaufpel\/wp-json\/wp\/v2\/pages\/660\/revisions\/673"}],"wp:attachment":[{"href":"https:\/\/wp.ufpel.edu.br\/jhalecaufpel\/wp-json\/wp\/v2\/media?parent=660"}],"curies":[{"name":"wp","href":"https:\/\/api.w.org\/{rel}","templated":true}]}}