{"id":63,"date":"2019-02-19T18:01:37","date_gmt":"2019-02-19T21:01:37","guid":{"rendered":"https:\/\/wp.ufpel.edu.br\/jhalecaufpel\/?page_id=63"},"modified":"2025-02-10T12:32:48","modified_gmt":"2025-02-10T15:32:48","slug":"call-for-pappers","status":"publish","type":"page","link":"https:\/\/wp.ufpel.edu.br\/jhalecaufpel\/call-for-pappers\/","title":{"rendered":"Inscri\u00e7\u00f5es"},"content":{"rendered":"<p style=\"text-align: center;\"><span style=\"font-size: 14pt;\"><strong>FORMUL\u00c1RIO DE IN<\/strong><\/span><strong style=\"font-size: 14pt;\">SCRI\u00c7\u00c3O PARA OUVINTES:<\/strong><\/p>\n<p><em><strong>Confer\u00eancia de Abertura<\/strong><\/em>: <a href=\"https:\/\/forms.gle\/k9dkcVdLtjDnWLJA9\">https:\/\/forms.gle\/k9dkcVdLtjDnWLJA9<\/a><\/p>\n<p><em><strong>Sess\u00e3o de Confer\u00eancias I: <\/strong><\/em><a href=\"https:\/\/forms.gle\/jtmtZwWzxcaCZ87A7\">https:\/\/forms.gle\/jtmtZwWzxcaCZ87A7<\/a><\/p>\n<p><em><strong>Sess\u00e3o de Confer\u00eancias II: <\/strong><\/em><a href=\"https:\/\/forms.gle\/VdqX95Rc9XikLSub9\">https:\/\/forms.gle\/VdqX95Rc9XikLSub9<\/a><\/p>\n<p><em><strong>Sess\u00e3o de Confer\u00eancias III:<\/strong><\/em> <a href=\"https:\/\/forms.gle\/bDCLopZjbADuCA4b8\">https:\/\/forms.gle\/bDCLopZjbADuCA4b8<\/a><\/p>\n<p><strong><em>Sess\u00e3o de Confer\u00eancias IV:<\/em><\/strong> <a href=\"https:\/\/forms.gle\/kKZDXFWMKgLQXTfHA\">https:\/\/forms.gle\/kKZDXFWMKgLQXTfHA<\/a><\/p>\n<p><strong><em>Sess\u00e3o de Confer\u00eancias V:<\/em><\/strong> <a href=\"https:\/\/forms.gle\/XLCqSorPpVG7JDNHA\">https:\/\/forms.gle\/XLCqSorPpVG7JDNHA<\/a><\/p>\n<p><strong><em>Sess\u00e3o de Confer\u00eancias VI:<\/em><\/strong> <a href=\"https:\/\/forms.gle\/Ls6txpLNDxZFksjZ8\">https:\/\/forms.gle\/Ls6txpLNDxZFksjZ8<\/a><\/p>\n<p>&nbsp;<\/p>\n<p style=\"text-align: center;\"><span style=\"font-size: 14pt;\"><strong>FORMUL\u00c1RIO DE IN<\/strong><\/span><strong style=\"font-size: 14pt;\">SCRI\u00c7\u00c3O PARA MINICURSO<\/strong><\/p>\n<p>&nbsp;<\/p>\n<p><a href=\"https:\/\/wp.ufpel.edu.br\/jhalecaufpel\/2025\/01\/31\/xxiv-jha-minicurso\/whatsapp-image-2025-01-31-at-17-06-01\/\" rel=\"attachment wp-att-1866\"><img class=\"wp-image-1866 alignleft\" src=\"https:\/\/wp.ufpel.edu.br\/jhalecaufpel\/files\/2025\/01\/WhatsApp-Image-2025-01-31-at-17.06.01.jpeg\" alt=\"\" width=\"329\" height=\"329\" srcset=\"https:\/\/wp.ufpel.edu.br\/jhalecaufpel\/files\/2025\/01\/WhatsApp-Image-2025-01-31-at-17.06.01.jpeg 1080w, https:\/\/wp.ufpel.edu.br\/jhalecaufpel\/files\/2025\/01\/WhatsApp-Image-2025-01-31-at-17.06.01-400x400.jpeg 400w, https:\/\/wp.ufpel.edu.br\/jhalecaufpel\/files\/2025\/01\/WhatsApp-Image-2025-01-31-at-17.06.01-1024x1024.jpeg 1024w, https:\/\/wp.ufpel.edu.br\/jhalecaufpel\/files\/2025\/01\/WhatsApp-Image-2025-01-31-at-17.06.01-200x200.jpeg 200w, https:\/\/wp.ufpel.edu.br\/jhalecaufpel\/files\/2025\/01\/WhatsApp-Image-2025-01-31-at-17.06.01-768x768.jpeg 768w\" sizes=\"(max-width: 329px) 100vw, 329px\" \/>\u00a0<\/a><\/p>\n<p>&nbsp;<\/p>\n<p>\ud83d\udd39 Encontro 1: Kush no vale do Nilo m\u00e9dio: protagonismo local e domina\u00e7\u00e3o externa<br \/>\n\ud83d\udd39 Encontro 2: Napata: ascens\u00e3o e poder dos fara\u00f3s kushitas<br \/>\n\ud83d\udd39 Encontro 3: Mero\u00e9: cosmopolitismo, poder e reg\u00eancias femininas<br \/>\n\ud83d\udccc Inscreva-se pelo link: <a href=\"https:\/\/forms.gle\/zEbjremUSGnTfST86\">https:\/\/forms.gle\/zEbjremUSGnTfST86<\/a><\/p>\n","protected":false},"excerpt":{"rendered":"<p>FORMUL\u00c1RIO DE INSCRI\u00c7\u00c3O PARA OUVINTES: Confer\u00eancia de Abertura: https:\/\/forms.gle\/k9dkcVdLtjDnWLJA9 Sess\u00e3o de Confer\u00eancias I: https:\/\/forms.gle\/jtmtZwWzxcaCZ87A7 Sess\u00e3o de Confer\u00eancias II: https:\/\/forms.gle\/VdqX95Rc9XikLSub9 Sess\u00e3o de Confer\u00eancias III: https:\/\/forms.gle\/bDCLopZjbADuCA4b8 Sess\u00e3o de Confer\u00eancias IV: https:\/\/forms.gle\/kKZDXFWMKgLQXTfHA Sess\u00e3o de Confer\u00eancias V: https:\/\/forms.gle\/XLCqSorPpVG7JDNHA Sess\u00e3o de Confer\u00eancias VI: https:\/\/forms.gle\/Ls6txpLNDxZFksjZ8 &nbsp; FORMUL\u00c1RIO DE INSCRI\u00c7\u00c3O PARA MINICURSO &nbsp; \u00a0 &nbsp; \ud83d\udd39 Encontro 1: Kush no vale do [&hellip;]<\/p>\n","protected":false},"author":907,"featured_media":0,"parent":0,"menu_order":0,"comment_status":"closed","ping_status":"closed","template":"page-sem-sidebar.php","meta":{"footnotes":""},"class_list":["post-63","page","type-page","status-publish","hentry"],"_links":{"self":[{"href":"https:\/\/wp.ufpel.edu.br\/jhalecaufpel\/wp-json\/wp\/v2\/pages\/63","targetHints":{"allow":["GET"]}}],"collection":[{"href":"https:\/\/wp.ufpel.edu.br\/jhalecaufpel\/wp-json\/wp\/v2\/pages"}],"about":[{"href":"https:\/\/wp.ufpel.edu.br\/jhalecaufpel\/wp-json\/wp\/v2\/types\/page"}],"author":[{"embeddable":true,"href":"https:\/\/wp.ufpel.edu.br\/jhalecaufpel\/wp-json\/wp\/v2\/users\/907"}],"replies":[{"embeddable":true,"href":"https:\/\/wp.ufpel.edu.br\/jhalecaufpel\/wp-json\/wp\/v2\/comments?post=63"}],"version-history":[{"count":93,"href":"https:\/\/wp.ufpel.edu.br\/jhalecaufpel\/wp-json\/wp\/v2\/pages\/63\/revisions"}],"predecessor-version":[{"id":1963,"href":"https:\/\/wp.ufpel.edu.br\/jhalecaufpel\/wp-json\/wp\/v2\/pages\/63\/revisions\/1963"}],"wp:attachment":[{"href":"https:\/\/wp.ufpel.edu.br\/jhalecaufpel\/wp-json\/wp\/v2\/media?parent=63"}],"curies":[{"name":"wp","href":"https:\/\/api.w.org\/{rel}","templated":true}]}}