{"id":6,"date":"2019-02-19T17:05:16","date_gmt":"2019-02-19T20:05:16","guid":{"rendered":"https:\/\/wp.ufpel.edu.br\/jhalecaufpel\/?page_id=6"},"modified":"2023-04-11T16:09:08","modified_gmt":"2023-04-11T19:09:08","slug":"historico-da-jornada","status":"publish","type":"page","link":"https:\/\/wp.ufpel.edu.br\/jhalecaufpel\/historico-da-jornada\/","title":{"rendered":"Hist\u00f3rico da Jornada"},"content":{"rendered":"<p style=\"text-align: justify;\"><span style=\"font-size: 12pt;\">O evento anual visa promover debates entre estudantes e pesquisadores, nacionais e estrangeiros, sobre diferentes culturas da Antiguidade. Suas v\u00e1rias inter-rela\u00e7\u00f5es ser\u00e3o observadas, especialmente a matriz de inseparabilidade entre m\u00fasica, poesia e dan\u00e7a, bem como as contribui\u00e7\u00f5es de v\u00e1rias disciplinas, entre elas, Hist\u00f3ria Antiga, Arqueologia Cl\u00e1ssica, Epigrafia Antiga, Filologia Cl\u00e1ssica, Filosofia Antiga e Teoria Musical. Ao ser promovido, a partir de 2012, pelo Laborat\u00f3rio de Estudos sobre Cer\u00e2micas Antigas (LECA \/ UFPel), \u00e9 dada aten\u00e7\u00e3o especial \u00e0s imagens e \u00e0 materialidade como fontes de conhecimento; Por estar vinculado ao PPGH-UFPel, cuja \u00e1rea \u00e9 Fronteiras e Identidades, dentre as abordagens tem\u00e1ticas o encontro busca discutir tais perspectivas, destacando situa\u00e7\u00f5es de interculturalidade e hibridiza\u00e7\u00e3o.<\/span><br \/>\n<span style=\"font-size: 12pt;\">Em 1992, a 1\u00aa Jornada de Hist\u00f3ria Antiga (JHA \/ UFPel) foi organizada em parceria com o Simp\u00f3sio de Hist\u00f3ria Antiga da UFRGS e com a vizinha Universidade do Rio Grande (FURG). Logo, desde ent\u00e3o, a palavra chave na organiza\u00e7\u00e3o do encontro foi a integra\u00e7\u00e3o interinstitucional, a coopera\u00e7\u00e3o acad\u00eamica, a internacionaliza\u00e7\u00e3o, a promo\u00e7\u00e3o da pesquisa em Hist\u00f3ria Antiga, a interdisciplinaridade, o est\u00edmulo \u00e0 pesquisa na \u00e1rea de gradua\u00e7\u00e3o e p\u00f3s-gradua\u00e7\u00e3o. Em algumas edi\u00e7\u00f5es, a jornada foi associada a eventos nacionais. Podemos destacar a parceria com o PPG-Letras Cl\u00e1ssicas da UFRJ, atrav\u00e9s do prof. O Dr. Anderson Martins, coordenador do Grupo de Pesquisa do \u201cAtrium\u201d do CNPq, e a coopera\u00e7\u00e3o com o Museu de Arqueologia e Etnologia (MAE \/ USP), atrav\u00e9s do Laborat\u00f3rio de Arqueologia Provincial Romana (LARP) e do Grupo de Pesquisa em Pr\u00e1ticas Mortais no Mediterr\u00e2neo Antigo (TAPHOS).<\/span><br \/>\n<span style=\"font-size: 12pt;\">Convidar a Pelotas pesquisadores relevantes, nacionais e internacionais, sempre foi um dos objetivos. Alguns exemplos: o assiriologista Johannes Renger (Universidade Livre de Berlim), o historiador Jean Andreau (Univ. Paris I &#8211; Sorbonne), autor de refer\u00eancia na economia romana, e Jean-Michel Carri\u00e9 (Univ. Paris I &#8211; Sorbonne), respeitado historiador franc\u00eas que trabalha com cultura material e imagem, ex-editor da revista Annales; o arque\u00f3logo e epigrafista portugu\u00eas Jos\u00e9 de Encarna\u00e7\u00e3o (Univ. Coimbra). A maioria dos pesquisadores nacionais consolidados no campo da Arqueologia Cl\u00e1ssica e da Hist\u00f3ria Antiga j\u00e1 participou de v\u00e1rias edi\u00e7\u00f5es da JHA, como Emanuel Bouzon (PUCRS), Neyde Theml (UFRJ), Maria Beatriz Florenzano (MAE \/ USP), Norma Musco Mendes (UFRJ), Andr\u00e9 Leonardo Felipe (UFRJ), Pedro Paulo Abreu Funari (UNICAMP), Norberto Guarinello (FFLCH \/ USP), Margaret Bakos (PUCRS), Marina Cavicchioli (UFBA), Katia Pozzer (UFRGS), Maria Regina Candido (UERJ), Anderson Martins (UFRJ), para citar apenas alguns.<\/span><br \/>\n<span style=\"font-size: 12pt;\">A integra\u00e7\u00e3o com a \u00e1rea medieval marcou duas edi\u00e7\u00f5es: 1994 e 2010. Em 1994, chegou a Pelotas Hil\u00e1rio Franco J\u00fanior (UFRJ). Em 2010, com a organiza\u00e7\u00e3o de Rejane Barreto Jardim, reunimos v\u00e1rios medievalistas brasileiros, como Andr\u00e9a Fraz\u00e3o (UFRJ).<\/span><br \/>\n<span style=\"font-size: 12pt;\">Mas as Jornadas tamb\u00e9m tiveram o objetivo de estimular nossos alunos a desenvolver e apresentar suas pesquisas na \u00e1rea. Alguns fizeram especializa\u00e7\u00e3o ou mestrado no campo. Hoje, com o Doutorado e o Mestrado em Hist\u00f3ria e Arqueologia, temos doutorandos e mestrandos pesquisando o Mundo Antigo.<\/span><br \/>\n<span style=\"font-size: 12pt;\">Desta forma, as edi\u00e7\u00f5es JHA alternam edi\u00e7\u00f5es de estudantes, abertas a trabalhos apresentados por alunos e com grande participa\u00e7\u00e3o de alunos de gradua\u00e7\u00e3o e p\u00f3s-gradua\u00e7\u00e3o de v\u00e1rias universidades brasileiras, e edi\u00e7\u00f5es focadas em palestrantes convidados, com alta especializa\u00e7\u00e3o e reconhecimento, alternando edi\u00e7\u00f5es com mais perfil nacional ou internacional.<\/span><\/p>\n<p>&nbsp;<\/p>\n<p style=\"text-align: justify;\"><em>The annual event aims to promote debates among students and researchers, both national and foreign, about different cultures of antiquity. Its various interrelations will be observed, especially the matrix of inseparability between music, poetry and dance, as well as the contributions of various disciplines, among them, ancient history, classical archeology, ancient epigraphy, classical philology, ancient philosophy and musical theory. In being promoted, from 2012, by the Laboratory of Studies on Ancient Ceramics (LECA \/ UFPel), particular attention will be given to images and materiality as sources for knowledge of ancient music; in being linked to PPGH-UFPel, whose area is Frontiers and Identities, among the thematic approaches that will be approached, the meeting will seek to discuss such perspectives, highlighting situations of interculturality and hybridization.<\/em><br \/>\n<em>In 1992, the 1<sup>st<\/sup> Journey of Ancient History (JHA \/ UFPel) was organized in\u00a0<\/em><em>partnership with the Symposium of Ancient History of UFRGS and with the neighbor University of Rio Grande (FURG). From the very first, therefore, the keyword in the\u00a0<\/em><em>organization of the meeting was inter-institutional integration, academic cooperation, internationalization, promotion of research in Ancient History, interdisciplinarity, stimulation of research in the area of \u200b\u200bundergraduate and graduate studies. In some editions, the journey has been associated with national events. We can highlight the partnership with the PPG-Letras Classicas of UFRJ, through prof. Dr. Anderson Martins, coordinator of the Research Group of CNPq &#8220;Atrium&#8221;, and the cooperation with the Museum of Archeology and Ethnology (MAE\/USP), through the Laboratory of Roman Provincial Archeology (LARP) and Research Group on Mortal Practices in the Ancient Mediterranean (TAPHOS).<\/em><br \/>\n<em>To invite to Pelotas relevant researchers, national and international ones, has always been one of the objectives. Some examples: the assyriologist Johannes Renger (Free University of Berlin), the historian Jean Andreau (Univ. Paris I &#8211; Sorbonne), a reference author in the Roman economy, and Jean-Michel Carri\u00e9 (Univ. Paris I &#8211; Sorbonne), respected French historian working with material culture and image, former editor of the review Annales; the Portuguese archaeologist and epigraphist Jos\u00e9 de Encarna\u00e7\u00e3o (Univ. Coimbra). Most of the national researchers consolidated in the field of Classical Archology and Ancient History have already participated in various editions of JHA, such as Emanuel Bouzon (PUCRS), Neyde Theml (UFRJ), Maria Beatriz Florenzano (MAE \/ USP), Norma Musco Mendes (UFRJ), Andr\u00e9 Leonardo Felipe (UFRJ), Pedro Paulo Abreu Funari (UNICAMP), Norberto Guarinello (FFLCH \/ USP), Margaret Bakos (PUCRS), Marina Cavicchioli (UFBA), Katia Pozzer (UFRGS), Maria Regina Candido (UERJ), Anderson Martins (UFRJ), to name just a few.<\/em><br \/>\n<em>Integration with the Medieval area marked two editions: 1994 and 2010. In\u00a0<\/em><em>1994, came to Pelotas Hil\u00e1rio Franco J\u00fanior (UFRJ). In 2010, with the organization\u00a0<\/em><em>Rejane Barreto Jardim, we have brought together a number of\u00a0<\/em><em>Brazilian medievalists, such as Andr\u00e9a Fraz\u00e3o (UFRJ).<\/em><br \/>\n<em>But the Journeys also had the objective of stimulating our students to develop and present their research in the area. <\/em><em>Some have done specialization or masters in the field. Today, with the PHD and\u00a0<\/em><em>Master degrees of History and Archeology, we have PHD&#8217;s and master&#8217;s students researching the Ancient World.<\/em><br \/>\n<em>In this way, JHA editions alternate student editions, open to papers presented by students and with great participation of undergraduates and postgraduates from several Brazilian universities, and editions focused in invited speakers, with high specialization and recognition, alternating editions with more national or international profile.<\/em><\/p>\n<p><em>In the year of 2022, UFPel&#8217;s Journey of Ancient History completed <strong>30 years<\/strong> of existence, and in the 2023 edition, &#8220;Myths, beliefs and rites. Religions of the ancient and medieval world&#8221;, we commemorate this very special date &#8211; bearing in mind that in 2022 the Journey did not take place. That&#8217;s why we invite our partners and friends to share this celebration with us, sending records of their participation in our event over these three decades. These records will be displayed and stored in a special space here on the event&#8217;s permanent website.<\/em><\/p>\n","protected":false},"excerpt":{"rendered":"<p>O evento anual visa promover debates entre estudantes e pesquisadores, nacionais e estrangeiros, sobre diferentes culturas da Antiguidade. Suas v\u00e1rias inter-rela\u00e7\u00f5es ser\u00e3o observadas, especialmente a matriz de inseparabilidade entre m\u00fasica, poesia e dan\u00e7a, bem como as contribui\u00e7\u00f5es de v\u00e1rias disciplinas, entre elas, Hist\u00f3ria Antiga, Arqueologia Cl\u00e1ssica, Epigrafia Antiga, Filologia Cl\u00e1ssica, Filosofia Antiga e Teoria Musical. [&hellip;]<\/p>\n","protected":false},"author":907,"featured_media":0,"parent":0,"menu_order":0,"comment_status":"closed","ping_status":"closed","template":"page-sem-sidebar.php","meta":{"footnotes":""},"class_list":["post-6","page","type-page","status-publish","hentry"],"_links":{"self":[{"href":"https:\/\/wp.ufpel.edu.br\/jhalecaufpel\/wp-json\/wp\/v2\/pages\/6","targetHints":{"allow":["GET"]}}],"collection":[{"href":"https:\/\/wp.ufpel.edu.br\/jhalecaufpel\/wp-json\/wp\/v2\/pages"}],"about":[{"href":"https:\/\/wp.ufpel.edu.br\/jhalecaufpel\/wp-json\/wp\/v2\/types\/page"}],"author":[{"embeddable":true,"href":"https:\/\/wp.ufpel.edu.br\/jhalecaufpel\/wp-json\/wp\/v2\/users\/907"}],"replies":[{"embeddable":true,"href":"https:\/\/wp.ufpel.edu.br\/jhalecaufpel\/wp-json\/wp\/v2\/comments?post=6"}],"version-history":[{"count":8,"href":"https:\/\/wp.ufpel.edu.br\/jhalecaufpel\/wp-json\/wp\/v2\/pages\/6\/revisions"}],"predecessor-version":[{"id":1634,"href":"https:\/\/wp.ufpel.edu.br\/jhalecaufpel\/wp-json\/wp\/v2\/pages\/6\/revisions\/1634"}],"wp:attachment":[{"href":"https:\/\/wp.ufpel.edu.br\/jhalecaufpel\/wp-json\/wp\/v2\/media?parent=6"}],"curies":[{"name":"wp","href":"https:\/\/api.w.org\/{rel}","templated":true}]}}