{"id":22,"date":"2019-02-19T16:54:30","date_gmt":"2019-02-19T19:54:30","guid":{"rendered":"https:\/\/wp.ufpel.edu.br\/jhalecaufpel\/?page_id=22"},"modified":"2021-06-01T22:59:59","modified_gmt":"2021-06-02T01:59:59","slug":"conheca-o-leca","status":"publish","type":"page","link":"https:\/\/wp.ufpel.edu.br\/jhalecaufpel\/conheca-o-leca\/","title":{"rendered":"Conhe\u00e7a o LECA"},"content":{"rendered":"<p>Laborat\u00f3rio de Estudos Sobre a Cer\u00e2mica Antiga ()<\/p>\n<p>Estamos no:<br \/>\nAcademia &#8211; <a href=\"https:\/\/ufpel.academia.edu\/LECAUFPel\">https:\/\/ufpel.academia.edu\/LECAUFPel<\/a><br \/>\nFacebook &#8211; <a href=\"https:\/\/www.facebook.com\/lecapoiemaufpel\/\">https:\/\/www.facebook.com\/lecapoiemaufpel\/<\/a><br \/>\nInstagram &#8211; <a href=\"https:\/\/www.instagram.com\/lecaufpel\/\">https:\/\/www.instagram.com\/lecaufpel\/<\/a><br \/>\nTwitter &#8211; <a href=\"https:\/\/twitter.com\/LECAUFPel\">https:\/\/twitter.com\/LECAUFPel<\/a><br \/>\nYoutube &#8211; <a href=\"https:\/\/www.youtube.com\/channel\/UCTF3ahjcv7eLTNSW2RcwaBw\">https:\/\/www.youtube.com\/channel\/UCTF3ahjcv7eLTNSW2RcwaBw<\/a><\/p>\n","protected":false},"excerpt":{"rendered":"<p>Laborat\u00f3rio de Estudos Sobre a Cer\u00e2mica Antiga () Estamos no: Academia &#8211; https:\/\/ufpel.academia.edu\/LECAUFPel Facebook &#8211; https:\/\/www.facebook.com\/lecapoiemaufpel\/ Instagram &#8211; https:\/\/www.instagram.com\/lecaufpel\/ Twitter &#8211; https:\/\/twitter.com\/LECAUFPel Youtube &#8211; https:\/\/www.youtube.com\/channel\/UCTF3ahjcv7eLTNSW2RcwaBw<\/p>\n","protected":false},"author":907,"featured_media":0,"parent":0,"menu_order":0,"comment_status":"closed","ping_status":"closed","template":"page-sem-sidebar.php","meta":{"footnotes":""},"class_list":["post-22","page","type-page","status-publish","hentry"],"_links":{"self":[{"href":"https:\/\/wp.ufpel.edu.br\/jhalecaufpel\/wp-json\/wp\/v2\/pages\/22","targetHints":{"allow":["GET"]}}],"collection":[{"href":"https:\/\/wp.ufpel.edu.br\/jhalecaufpel\/wp-json\/wp\/v2\/pages"}],"about":[{"href":"https:\/\/wp.ufpel.edu.br\/jhalecaufpel\/wp-json\/wp\/v2\/types\/page"}],"author":[{"embeddable":true,"href":"https:\/\/wp.ufpel.edu.br\/jhalecaufpel\/wp-json\/wp\/v2\/users\/907"}],"replies":[{"embeddable":true,"href":"https:\/\/wp.ufpel.edu.br\/jhalecaufpel\/wp-json\/wp\/v2\/comments?post=22"}],"version-history":[{"count":8,"href":"https:\/\/wp.ufpel.edu.br\/jhalecaufpel\/wp-json\/wp\/v2\/pages\/22\/revisions"}],"predecessor-version":[{"id":143,"href":"https:\/\/wp.ufpel.edu.br\/jhalecaufpel\/wp-json\/wp\/v2\/pages\/22\/revisions\/143"}],"wp:attachment":[{"href":"https:\/\/wp.ufpel.edu.br\/jhalecaufpel\/wp-json\/wp\/v2\/media?parent=22"}],"curies":[{"name":"wp","href":"https:\/\/api.w.org\/{rel}","templated":true}]}}