{"id":19,"date":"2019-02-19T17:21:22","date_gmt":"2019-02-19T20:21:22","guid":{"rendered":"https:\/\/wp.ufpel.edu.br\/jhalecaufpel\/?page_id=19"},"modified":"2023-03-14T20:17:37","modified_gmt":"2023-03-14T23:17:37","slug":"links-uteis","status":"publish","type":"page","link":"https:\/\/wp.ufpel.edu.br\/jhalecaufpel\/links-uteis\/","title":{"rendered":"Links \u00fateis"},"content":{"rendered":"<p><a href=\"http:\/\/leca.ufpel.edu.br\/\">Site do LECA &#8211; UFPel (http:\/\/leca.ufpel.edu.br\/)<\/a><\/p>\n<p><a href=\"http:\/\/www.facebook.com\/lecapoiemaufpel\">P\u00e1gina do LECA no Facebook (\/lecapoiemaufpel)<\/a><\/p>\n<p><a href=\"http:\/\/www.ufrgs.br\/leao\">Laborat\u00f3rio de Estudos Orientais &#8211; UFRGS (http:\/\/www.ufrgs.br\/leao)<\/a><\/p>\n<p><a href=\"http:\/\/www.facebook.com\/pg\/lathimm\/about\/\" target=\"_blank\" rel=\"noopener noreferrer\">Laborat\u00f3rio de Teoria e Hist\u00f3ria das M\u00eddias Medievais &#8211; USP (http:\/\/www.facebook.com\/pg\/lathimm\/about\/)<\/a><\/p>\n<p><a href=\"https:\/\/www.facebook.com\/grupoiluminura\/\">Grupo Iluminura (https:\/\/www.facebook.com\/grupoiluminura\/)<\/a><\/p>\n<p><a href=\"https:\/\/www.facebook.com\/M%C3%BAsica-Mundana-Conjunto-de-M%C3%BAsicas-Antigas-e-Tradicionais-1425197401047552\/\">Grupo M\u00fasica Mundana (https:\/\/www.facebook.com\/M%C3%BAsica-Mundana-Conjunto-de-M%C3%BAsicas-Antigas-e-Tradicionais-1425197401047552\/)<\/a><\/p>\n","protected":false},"excerpt":{"rendered":"<p>Site do LECA &#8211; UFPel (http:\/\/leca.ufpel.edu.br\/) P\u00e1gina do LECA no Facebook (\/lecapoiemaufpel) Laborat\u00f3rio de Estudos Orientais &#8211; UFRGS (http:\/\/www.ufrgs.br\/leao) Laborat\u00f3rio de Teoria e Hist\u00f3ria das M\u00eddias Medievais &#8211; USP (http:\/\/www.facebook.com\/pg\/lathimm\/about\/) Grupo Iluminura (https:\/\/www.facebook.com\/grupoiluminura\/) Grupo M\u00fasica Mundana (https:\/\/www.facebook.com\/M%C3%BAsica-Mundana-Conjunto-de-M%C3%BAsicas-Antigas-e-Tradicionais-1425197401047552\/)<\/p>\n","protected":false},"author":907,"featured_media":0,"parent":0,"menu_order":0,"comment_status":"closed","ping_status":"closed","template":"page-sem-sidebar.php","meta":{"footnotes":""},"class_list":["post-19","page","type-page","status-publish","hentry"],"_links":{"self":[{"href":"https:\/\/wp.ufpel.edu.br\/jhalecaufpel\/wp-json\/wp\/v2\/pages\/19","targetHints":{"allow":["GET"]}}],"collection":[{"href":"https:\/\/wp.ufpel.edu.br\/jhalecaufpel\/wp-json\/wp\/v2\/pages"}],"about":[{"href":"https:\/\/wp.ufpel.edu.br\/jhalecaufpel\/wp-json\/wp\/v2\/types\/page"}],"author":[{"embeddable":true,"href":"https:\/\/wp.ufpel.edu.br\/jhalecaufpel\/wp-json\/wp\/v2\/users\/907"}],"replies":[{"embeddable":true,"href":"https:\/\/wp.ufpel.edu.br\/jhalecaufpel\/wp-json\/wp\/v2\/comments?post=19"}],"version-history":[{"count":8,"href":"https:\/\/wp.ufpel.edu.br\/jhalecaufpel\/wp-json\/wp\/v2\/pages\/19\/revisions"}],"predecessor-version":[{"id":1601,"href":"https:\/\/wp.ufpel.edu.br\/jhalecaufpel\/wp-json\/wp\/v2\/pages\/19\/revisions\/1601"}],"wp:attachment":[{"href":"https:\/\/wp.ufpel.edu.br\/jhalecaufpel\/wp-json\/wp\/v2\/media?parent=19"}],"curies":[{"name":"wp","href":"https:\/\/api.w.org\/{rel}","templated":true}]}}