{"id":1793,"date":"2025-01-30T11:28:11","date_gmt":"2025-01-30T14:28:11","guid":{"rendered":"https:\/\/wp.ufpel.edu.br\/jhalecaufpel\/?page_id=1793"},"modified":"2025-01-30T23:18:55","modified_gmt":"2025-01-31T02:18:55","slug":"edicao-atual-2","status":"publish","type":"page","link":"https:\/\/wp.ufpel.edu.br\/jhalecaufpel\/edicao-atual-2\/","title":{"rendered":"Edi\u00e7\u00e3o Atual"},"content":{"rendered":"<p><a href=\"https:\/\/wp.ufpel.edu.br\/jhalecaufpel\/edicao-atual-2\/whatsapp-image-2025-01-30-at-11-13-28\/\" rel=\"attachment wp-att-1795\"><img class=\"alignnone size-full wp-image-1795\" src=\"https:\/\/wp.ufpel.edu.br\/jhalecaufpel\/files\/2025\/01\/WhatsApp-Image-2025-01-30-at-11.13.28.jpeg\" alt=\"\" width=\"1080\" height=\"1080\" srcset=\"https:\/\/wp.ufpel.edu.br\/jhalecaufpel\/files\/2025\/01\/WhatsApp-Image-2025-01-30-at-11.13.28.jpeg 1080w, https:\/\/wp.ufpel.edu.br\/jhalecaufpel\/files\/2025\/01\/WhatsApp-Image-2025-01-30-at-11.13.28-400x400.jpeg 400w, https:\/\/wp.ufpel.edu.br\/jhalecaufpel\/files\/2025\/01\/WhatsApp-Image-2025-01-30-at-11.13.28-1024x1024.jpeg 1024w, https:\/\/wp.ufpel.edu.br\/jhalecaufpel\/files\/2025\/01\/WhatsApp-Image-2025-01-30-at-11.13.28-200x200.jpeg 200w, https:\/\/wp.ufpel.edu.br\/jhalecaufpel\/files\/2025\/01\/WhatsApp-Image-2025-01-30-at-11.13.28-768x768.jpeg 768w\" sizes=\"(max-width: 1080px) 100vw, 1080px\" \/><\/a><\/p>\n<p>&nbsp;<\/p>\n<p>Neste fevereiro de 2025, ocorre a <strong>XXIV JORNADA DE HIST\u00d3RIA ANTIGA DA UFPEL<\/strong><strong>,<\/strong> evento realizado em nossa universidade desde 1992. Desde sua primeira edi\u00e7\u00e3o, uma colabora\u00e7\u00e3o marcante foi a nossa egipt\u00f3loga ga\u00facha Margaret Bakos, que compareceu em quase todas as edi\u00e7\u00f5es, da primeira at\u00e9 a \u00faltima, realizada em junho de 2023. Na ocasi\u00e3o, a professora nos presenteou com uma bel\u00edssima fala sobre a deusa Meretseger. E foi sua \u00faltima fala em p\u00fablico. Pouco mais de um m\u00eas depois, no dia 4 de agosto, a querida amiga e mestre nos deixou, partindo para o Aaru, o Campo dos Juncos, na companhia de Os\u00edris e \u00cdsis.<\/p>\n<p>Assim, entre os dias 18 e 21 de fevereiro, ser\u00e1 realizada a pr\u00f3xima JHA, em modo completamente on-line \u2013 a primeira edi\u00e7\u00e3o sem a presen\u00e7a da Margaret, por\u00e9m a ela dedicada:<\/p>\n<p>&nbsp;<\/p>\n<p style=\"text-align: center;\"><strong>&#8220;Essa \u00e9 a mistura do Brasil com o Egito&#8221;<\/strong><\/p>\n<p style=\"text-align: center;\"><strong>Homenagem a Margaret Bakos.<\/strong><\/p>\n<p>&nbsp;<\/p>\n<p>Em prest\u00edgio \u00e0 mem\u00f3ria da querida colega e professora, ser\u00e1 uma edi\u00e7\u00e3o integralmente dedicada ao Egito antigo e \u00e0 Egiptomania, em que a pesquisadora desempenhou papel seminal.<br \/>\nOs palestrantes convidados pertencem \u00e0s novas gera\u00e7\u00f5es da efervescente Egiptologia brasileira, que teve como fundadores os saudosos professores Ciro Flamarion Cardoso e professora Margaret Marchiori Bakos.<\/p>\n<p>O p\u00fablico poder\u00e1 acompanhar as palestras e minicurso em modo integralmente remoto e gratuito.<\/p>\n<p>Estamos caprichando! A proposta foi muito bem acolhida pelos egipt\u00f3logos nacionais. Acredito que faremos um evento muito bonito, reverenciando a mem\u00f3ria da Margaret, por meio de uma mostra da robustez que atingiu a Egiptologia brasileira pelo trabalho de toda a nova gera\u00e7\u00e3o.<\/p>\n","protected":false},"excerpt":{"rendered":"<p>&nbsp; Neste fevereiro de 2025, ocorre a XXIV JORNADA DE HIST\u00d3RIA ANTIGA DA UFPEL, evento realizado em nossa universidade desde 1992. Desde sua primeira edi\u00e7\u00e3o, uma colabora\u00e7\u00e3o marcante foi a nossa egipt\u00f3loga ga\u00facha Margaret Bakos, que compareceu em quase todas as edi\u00e7\u00f5es, da primeira at\u00e9 a \u00faltima, realizada em junho de 2023. Na ocasi\u00e3o, a [&hellip;]<\/p>\n","protected":false},"author":907,"featured_media":0,"parent":0,"menu_order":0,"comment_status":"closed","ping_status":"closed","template":"","meta":{"footnotes":""},"class_list":["post-1793","page","type-page","status-publish","hentry"],"_links":{"self":[{"href":"https:\/\/wp.ufpel.edu.br\/jhalecaufpel\/wp-json\/wp\/v2\/pages\/1793","targetHints":{"allow":["GET"]}}],"collection":[{"href":"https:\/\/wp.ufpel.edu.br\/jhalecaufpel\/wp-json\/wp\/v2\/pages"}],"about":[{"href":"https:\/\/wp.ufpel.edu.br\/jhalecaufpel\/wp-json\/wp\/v2\/types\/page"}],"author":[{"embeddable":true,"href":"https:\/\/wp.ufpel.edu.br\/jhalecaufpel\/wp-json\/wp\/v2\/users\/907"}],"replies":[{"embeddable":true,"href":"https:\/\/wp.ufpel.edu.br\/jhalecaufpel\/wp-json\/wp\/v2\/comments?post=1793"}],"version-history":[{"count":5,"href":"https:\/\/wp.ufpel.edu.br\/jhalecaufpel\/wp-json\/wp\/v2\/pages\/1793\/revisions"}],"predecessor-version":[{"id":1852,"href":"https:\/\/wp.ufpel.edu.br\/jhalecaufpel\/wp-json\/wp\/v2\/pages\/1793\/revisions\/1852"}],"wp:attachment":[{"href":"https:\/\/wp.ufpel.edu.br\/jhalecaufpel\/wp-json\/wp\/v2\/media?parent=1793"}],"curies":[{"name":"wp","href":"https:\/\/api.w.org\/{rel}","templated":true}]}}