{"id":1528,"date":"2021-11-15T18:53:26","date_gmt":"2021-11-15T21:53:26","guid":{"rendered":"https:\/\/wp.ufpel.edu.br\/jhalecaufpel\/?page_id=1528"},"modified":"2025-02-18T14:14:13","modified_gmt":"2025-02-18T17:14:13","slug":"programacao2023","status":"publish","type":"page","link":"https:\/\/wp.ufpel.edu.br\/jhalecaufpel\/programacao2023\/","title":{"rendered":"Programa\u00e7\u00e3o"},"content":{"rendered":"<p style=\"text-align: center;\"><span style=\"font-size: 18pt;\"><b>PROGRAMA\u00c7\u00c3O<\/b><\/span><\/p>\n<p>&nbsp;<\/p>\n<p><b>CRONOGRAMA<\/b><span style=\"font-weight: 400;\">:<\/span><\/p>\n<table style=\"width: 931px; border-color: #000000; background-color: #f0d9b1; border-style: solid;\">\n<tbody>\n<tr style=\"height: 96px; background-color: #f7b968;\">\n<td style=\"width: 86px; height: 96px; text-align: center; background-color: #f7b968;\"><b>HOR\u00c1RIO<\/b><\/td>\n<td style=\"width: 167px; height: 96px; text-align: center;\"><strong>18 de fevereiro <\/strong><strong>(ter\u00e7a-feira)<\/strong><\/td>\n<td style=\"width: 175px; height: 96px; text-align: center;\"><strong>19 de fevereiro (quarta-feira)<\/strong><\/td>\n<td style=\"width: 178px; height: 96px; text-align: center;\"><strong>20 de fevereiro (quinta-feira)<\/strong><\/td>\n<td style=\"width: 175px; text-align: center; height: 96px;\"><strong>21 de fevereiro (sexta-feira)<\/strong><\/td>\n<\/tr>\n<tr style=\"height: 120px;\">\n<td style=\"width: 86px; height: 120px; background-color: #f7b968;\">09:00<\/td>\n<td style=\"width: 167px; height: 120px;\"><\/td>\n<td style=\"width: 175px; height: 120px;\">\n<p><span class=\"fontstyle0\"><strong>Minicurso:<\/strong> <\/span>\u201cPara al\u00e9m do Egito: Poder e cosmopolitismo em Kush (I mil\u00eanio AEC)\u201d<\/p>\n<p><span style=\"text-align: justify; font-family: inherit; font-size: 10pt; color: var(--cor-texto);\">F\u00e1bio Amorim Vieira<\/span><\/td>\n<td style=\"width: 178px; height: 120px;\">\n<p><span class=\"fontstyle0\"><strong>Minicurso:<\/strong> <\/span>\u201cPara al\u00e9m do Egito: Poder e cosmopolitismo em Kush (I mil\u00eanio AEC)\u201d<\/p>\n<p><span style=\"text-align: justify; font-family: inherit; font-size: 10pt; color: var(--cor-texto);\">F\u00e1bio Amorim Vieira<\/span><\/td>\n<td style=\"width: 175px; height: 120px;\">\n<p><span class=\"fontstyle0\"><strong>Minicurso:<\/strong> <\/span>\u201cPara al\u00e9m do Egito: Poder e cosmopolitismo em Kush (I mil\u00eanio AEC)\u201d<\/p>\n<p><span style=\"text-align: justify; font-family: inherit; font-size: 10pt; color: var(--cor-texto);\">F\u00e1bio Amorim Vieira<\/span><\/td>\n<\/tr>\n<tr style=\"height: 96px;\">\n<td style=\"width: 86px; height: 96px; background-color: #f7b968;\">14h-17h<\/td>\n<td style=\"width: 167px; height: 96px;\"><\/td>\n<td style=\"width: 175px; height: 96px;\">\n<p>Sess\u00e3o de Confer\u00eancias I<\/p>\n<p><span style=\"font-size: 10pt;\"><span class=\"fontstyle0\">14h00<\/span><span class=\"fontstyle1\">: Thais Rocha da Silva<\/span><\/span><br \/>\n<span style=\"font-size: 10pt;\"><span class=\"fontstyle0\">15h00<\/span><span class=\"fontstyle1\">: Katia M. P. Pozzer<\/span><\/span><br \/>\n<span style=\"font-size: 10pt;\"><span class=\"fontstyle0\">16h00<\/span><span class=\"fontstyle1\">: Julio Gralha<\/span><\/span><\/td>\n<td style=\"width: 178px; height: 96px;\">\n<p>Sess\u00e3o de Confer\u00eancias III<\/p>\n<p><span style=\"font-size: 10pt;\"><span class=\"fontstyle0\">14h00<\/span><span class=\"fontstyle1\">: Raquel Funari<\/span><\/span><br \/>\n<span style=\"font-size: 10pt;\"><span class=\"fontstyle0\">15h00<\/span><span class=\"fontstyle1\">: Moacir Elias Santos<\/span><\/span><br \/>\n<span style=\"font-size: 10pt;\"> <span class=\"fontstyle0\">16h00<\/span><span class=\"fontstyle1\">: Cintia A. Gama-Rolland<\/span><\/span><\/td>\n<td style=\"width: 175px; height: 96px;\">\n<p>Sess\u00e3o de Confer\u00eancias IV<\/p>\n<p><span style=\"font-size: 10pt;\"> <span class=\"fontstyle0\">14h00<\/span><span class=\"fontstyle1\">: Rennan Lemos<\/span> <\/span><br \/>\n<span style=\"font-size: 10pt;\"><span class=\"fontstyle0\">1<span style=\"font-size: 10pt;\">5h00<\/span><\/span><span class=\"fontstyle1\">: Mar\u00eda Cecilia Colombani<\/span><\/span><br \/>\n<span style=\"font-size: 10pt;\">16h00: Depoimentos II<\/span><br \/>\n<span style=\"font-size: 10pt;\">Eliana \u00c1vila Silveira, Ana Paula de Andrade Lima de Jesus, Karine Lima da Costa e Gregory da Silva Balthazar<\/span><\/td>\n<\/tr>\n<tr style=\"height: 73px;\">\n<td style=\"width: 86px; height: 73px; background-color: #f7b968;\">19:00<\/td>\n<td style=\"width: 167px; height: 73px;\">Abertura<\/p>\n<p style=\"text-align: left;\"><span style=\"text-align: start; font-size: 10pt;\">19h00: F\u00e1bio Vergara Cerqueira, Sebasti\u00e3o Peres e Wilian Junior Bonete<\/span><br \/>\n<span style=\"text-align: start; font-size: 10pt;\">19h10: Relato de L\u00facio Bakos<\/span><br \/>\n<span style=\"font-family: inherit; font-size: 10pt; color: var(--cor-texto);\">19h20: Depoimentos I<\/span><br \/>\n<span style=\"font-size: 10pt;\">Fernanda Oliveira, Neuza\u00a0Janke e Gunter Axt<\/span><\/p>\n<\/td>\n<td style=\"width: 175px; height: 73px;\"><\/td>\n<td style=\"width: 178px; height: 73px;\"><\/td>\n<td style=\"width: 175px; height: 73px;\"><\/td>\n<\/tr>\n<tr style=\"height: 80px;\">\n<td style=\"width: 86px; height: 80px; background-color: #f7b968;\">20:00<\/td>\n<td style=\"width: 167px; height: 80px;\">Confer\u00eancia de Abertura<\/td>\n<td style=\"width: 175px; height: 80px;\"><\/td>\n<td style=\"width: 178px; height: 80px;\"><\/td>\n<td style=\"width: 175px; height: 80px;\"><\/td>\n<\/tr>\n<tr style=\"height: 80px;\">\n<td style=\"width: 86px; height: 80px; background-color: #f7b968;\">19h-22h<\/td>\n<td style=\"width: 167px; height: 80px;\"><\/td>\n<td style=\"width: 175px; height: 80px;\">\n<p>Sess\u00e3o de Confer\u00eancias II<\/p>\n<p><span style=\"font-size: 10pt;\"><span class=\"fontstyle0\">19h00<\/span><span class=\"fontstyle1\">: Marcia Severina Vasques<\/span><\/span><br \/>\n<span style=\"font-size: 10pt;\"><span class=\"fontstyle0\">20h00<\/span><span class=\"fontstyle1\">: Camilla Ferreira Paulino da Silva<\/span><\/span><\/td>\n<td style=\"width: 178px; height: 80px;\">\n<p>Sess\u00e3o de Confer\u00eancias IV<\/p>\n<p><span style=\"font-size: 10pt;\"> <span class=\"fontstyle0\">19h00<\/span><span class=\"fontstyle1\">: Gisela Chapot<\/span> <\/span><br \/>\n<span style=\"font-size: 10pt;\"><span class=\"fontstyle0\">20h00<\/span><span class=\"fontstyle1\">: Liliane Cristina Coelho<\/span><\/span><br \/>\n<span style=\"font-size: 10pt;\"><span class=\"fontstyle0\">21h00<\/span><span class=\"fontstyle1\">: Raisa Sagredo<\/span><\/span><\/td>\n<td style=\"width: 175px; height: 80px;\">\n<p>Sess\u00e3o de Confer\u00eancias V<\/p>\n<p><span style=\"font-size: 10pt;\"> <span class=\"fontstyle0\">19h00<\/span><span class=\"fontstyle1\">: Ygor Klain Belchior<\/span><\/span><br \/>\n<span style=\"font-size: 10pt;\"> <span class=\"fontstyle0\">20h00<\/span><span class=\"fontstyle1\">: Wellington Rafael Bal\u00e9m<\/span><\/span><\/td>\n<\/tr>\n<\/tbody>\n<\/table>\n<blockquote><p>&nbsp;<\/p>\n<p style=\"text-align: center;\"><strong>ABERTURA<\/strong><\/p>\n<\/blockquote>\n<p>&nbsp;<\/p>\n<blockquote><p><strong>Transmiss\u00e3o<\/strong>: <a href=\"https:\/\/www.youtube.com\/live\/LKiQjMpg5Vk?si=3cr2ZojRcCONPK0U\">https:\/\/www.youtube.com\/live\/LKiQjMpg5Vk?si=3cr2ZojRcCONPK0U<\/a><\/p>\n<p>&nbsp;<\/p>\n<p><span style=\"font-size: 12pt;\"><strong>19h00<\/strong>: Solenidade<\/span><br \/>\n<span style=\"text-align: start; font-size: 12pt;\">F\u00e1bio Vergara Cerqueira (Coordenador do LECA e da JHA)<\/span><br \/>\n<span style=\"text-align: start; font-size: 12pt;\">Sebasti\u00e3o Peres (Diretor do Instituto de Ci\u00eancias Humanas)<\/span><br \/>\n<span style=\"text-align: start; font-size: 12pt;\">Wilian Junior Bonete (Chefe do Departamento de Hist\u00f3ria)<\/span><\/p>\n<p>&nbsp;<\/p>\n<p><strong>19h10<\/strong>: <span style=\"color: var(--cor-texto); font-family: var(--fonte-corpo);\">\u201cRelato da Trajet\u00f3ria Profissional de Margaret Bakos\u201d<\/span><\/p>\n<p>L\u00facio Bakos<\/p>\n<p>&nbsp;<\/p>\n<p><strong>19h20:<\/strong><\/p>\n<p><span style=\"text-align: justify;\">\u201cContribui\u00e7\u00e3o de Margaret Bakos na pesquisa e orienta\u00e7\u00e3o sobre Hist\u00f3ria da Escravid\u00e3o, Hist\u00f3ria das Cidades e Hist\u00f3ria de Porto Alegre\u201d<\/span>Depoimentos &#8211; Fernanda Oliveira, Neuza Janke e Gunter Axt.<\/p>\n<p>&nbsp;<\/p>\n<p style=\"text-align: left;\"><b><span class=\"fontstyle0\">20h<\/span><span class=\"fontstyle2\">:\u00a0<\/span><\/b><\/p>\n<p><b style=\"text-align: center;\">CONFER\u00caNCIA DE ABERTURA<\/b><\/p>\n<p style=\"text-align: left;\"><span class=\"fontstyle3\">\u201cEvid\u00eancias da divulga\u00e7\u00e3o da f\u00e9 em Jesus no Egito romano do s\u00e9culo I d.C.\u201d<\/span><\/p>\n<p style=\"text-align: left;\"><b><span class=\"fontstyle2\">\u00a0Monica Selvatici<\/span><\/b><\/p>\n<p>&nbsp;<\/p>\n<p style=\"text-align: center;\"><b>CONFER\u00caNCIAS<\/b><\/p>\n<p><span style=\"font-size: 14pt;\"><strong>19\/02<\/strong><\/span><\/p>\n<p>&nbsp;<\/p>\n<p><strong>TARDE &#8211; Sess\u00e3o de Confer\u00eancias I<\/strong><\/p>\n<p><strong>Transmiss\u00e3o<\/strong>: <a href=\"https:\/\/www.youtube.com\/live\/MPacj2fgnCI?si=Gs5rxXLGymwGLx9T\">https:\/\/www.youtube.com\/live\/MPacj2fgnCI?si=Gs5rxXLGymwGLx9T<\/a><\/p>\n<p><strong><span class=\"fontstyle0\">14h00<\/span><\/strong><span class=\"fontstyle1\"><strong>:<\/strong> Thais Rocha da Silva<\/span><\/p>\n<p><em><span class=\"fontstyle3\">\u201cA Egiptomania no Brasil: desafios e possibilidades para os estudos da cultura material\u201d<\/span><\/em><\/p>\n<p>&nbsp;<\/p>\n<p><strong><span class=\"fontstyle0\">15h00<\/span><\/strong><span class=\"fontstyle1\">: Katia M. P. Pozzer<\/span><\/p>\n<p><em><span class=\"fontstyle3\">\u201cEgito e Mesopot\u00e2mia \u2013 quando a arte fala do encontro\u201d<\/span><\/em><\/p>\n<p>&nbsp;<\/p>\n<p><strong><span class=\"fontstyle0\">16h00<\/span><\/strong><span class=\"fontstyle1\">: Julio Gralha<\/span><\/p>\n<p><em><span class=\"fontstyle3\">\u201cEgito Antigo e os Usos do Passado: quando a Modernidade e Contemporaneidade ressignificam o passado\u201d<\/span><\/em><\/p><\/blockquote>\n<p>&nbsp;<\/p>\n<blockquote><p><strong>NOITE &#8211; Sess\u00e3o de Confer\u00eancias II<\/strong><\/p>\n<p><strong><span class=\"fontstyle0\">Transmiss\u00e3o: <\/span><\/strong><a href=\"https:\/\/www.youtube.com\/live\/l97Uf0nYinI?si=Py8vkHyV5UayhvxT\"><span class=\"fontstyle0\">https:\/\/www.youtube.com\/live\/l97Uf0nYinI?si=Py8vkHyV5UayhvxT<\/span><\/a><\/p>\n<p><strong><span class=\"fontstyle0\">19h00<\/span><\/strong><span class=\"fontstyle1\"><strong>:<\/strong> Marcia Severina Vasques<\/span><\/p>\n<p><em><span class=\"fontstyle3\">\u201cVis\u00f5es do Egito na Roma Imperial\u201d<\/span><\/em><\/p>\n<p>&nbsp;<\/p>\n<p><strong><span class=\"fontstyle0\">20h00<\/span><\/strong><span class=\"fontstyle1\"><strong>:<\/strong> Camilla Ferreira Paulino da Silva<\/span><\/p>\n<p><em><span class=\"fontstyle3\">\u201cCle\u00f3patra e o Egito, entre o vitup\u00e9rio e o elogio\u201d<\/span><\/em><\/p>\n<p>&nbsp;<\/p>\n<p><span style=\"font-size: 14pt;\"><strong>20\/02<\/strong><\/span><\/p>\n<p>&nbsp;<\/p>\n<p><strong><span class=\"fontstyle0\">TARDE &#8211; Sess\u00e3o de Confer\u00eancias III<\/span><\/strong><\/p>\n<p><strong><span class=\"fontstyle0\">Transmiss\u00e3o: <\/span><\/strong><a href=\"https:\/\/www.youtube.com\/live\/nI5KNoZ10Mk?si=nhlDsqMNuJ8iJyUB\"><span class=\"fontstyle0\">https:\/\/www.youtube.com\/live\/nI5KNoZ10Mk?si=nhlDsqMNuJ8iJyUB<\/span><\/a><\/p>\n<p><strong><span class=\"fontstyle0\">14h00<\/span><\/strong><span class=\"fontstyle1\">: Raquel Funari<\/span><\/p>\n<p><em><span class=\"fontstyle3\">\u201cBakos, mestra e fonte de inspira\u00e7\u00e3o: o acervo eg\u00edpcio do MAE e a conviv\u00eancia\u201d<\/span><\/em><\/p>\n<p>&nbsp;<\/p>\n<p><strong><span class=\"fontstyle0\">15h00<\/span><\/strong><span class=\"fontstyle1\">: Moacir Elias Santos<\/span><\/p>\n<p><em><span class=\"fontstyle3\">\u201cO estudo de cole\u00e7\u00f5es eg\u00edpcias no Brasil: os acervos do Museu Mariano Proc\u00f3pio e da Casa Museu Eva Klabin\u201d<\/span><\/em><\/p>\n<p>&nbsp;<\/p>\n<p><strong><span class=\"fontstyle0\">16h00<\/span><\/strong><span class=\"fontstyle1\">: Cintia A. Gama-Rolland<\/span><\/p>\n<p><em><span class=\"fontstyle3\">\u201cA cole\u00e7\u00e3o egiptol\u00f3gica do Mus\u00e9e des Confluences &#8211; Lyon\u201d<\/span><\/em><\/p>\n<p>&nbsp;<\/p>\n<p><strong>NOITE &#8211; Sess\u00e3o de Confer\u00eancias IV<\/strong><\/p>\n<p><strong><span class=\"fontstyle0\">Transmiss\u00e3o: <\/span><\/strong><a href=\"https:\/\/www.youtube.com\/live\/lldIcCXQoGA?si=Y-jHEosFHNr_hn65\"><span class=\"fontstyle0\">https:\/\/www.youtube.com\/live\/lldIcCXQoGA?si=Y-jHEosFHNr_hn65<\/span><\/a><\/p>\n<p><strong><span class=\"fontstyle0\">19h00<\/span><\/strong><span class=\"fontstyle1\">: Gisela Chapot<\/span><\/p>\n<p><em><span class=\"fontstyle3\">\u201cA Reforma de Amarna a partir dos debates de recep\u00e7\u00e3o\u201d<\/span><\/em><\/p>\n<p>&nbsp;<\/p>\n<p><strong><span class=\"fontstyle0\">20h00<\/span><\/strong><span class=\"fontstyle1\">: Liliane Cristina Coelho<\/span><\/p>\n<p><em><span class=\"fontstyle3\">\u201cQuando o escriba fala com a pesquisadora: uma trajet\u00f3ria com as cartas de Djehutymes\u201d<\/span><\/em><\/p>\n<p>&nbsp;<\/p>\n<p><strong><span class=\"fontstyle0\">21h00<\/span><\/strong><span class=\"fontstyle1\"><strong>:<\/strong> Raisa Sagredo<\/span><\/p>\n<p><em><span class=\"fontstyle3\">\u201c(Des)africaniza\u00e7\u00e3o, mem\u00f3ria e eternidade: o Egito antigo atrav\u00e9s da decolonialidade\u201d<\/span><\/em><\/p>\n<p>&nbsp;<\/p>\n<p><span style=\"font-size: 14pt;\"><strong>21\/02<\/strong><\/span><\/p>\n<p>&nbsp;<\/p>\n<p><strong><span class=\"fontstyle0\">TARDE &#8211; Sess\u00e3o de Confer\u00eancias V<\/span><\/strong><\/p>\n<p><strong><span class=\"fontstyle0\">Transmiss\u00e3o: <\/span><\/strong><a href=\"https:\/\/www.youtube.com\/live\/1Y0F77GpBXg?si=8vdubtmkGjaQbU5C\"><span class=\"fontstyle0\">https:\/\/www.youtube.com\/live\/1Y0F77GpBXg?si=8vdubtmkGjaQbU5C<\/span><\/a><\/p>\n<p><strong><span class=\"fontstyle0\">14h00<\/span><\/strong><span class=\"fontstyle1\">: Rennan Lemos<\/span><\/p>\n<p><em><span class=\"fontstyle3\">\u201cEscava\u00e7\u00f5es no Templo de Taharqa em Sanam Abu Dom, norte do Sud\u00e3o\u201d<\/span><\/em><\/p>\n<p>&nbsp;<\/p>\n<p><strong><span class=\"fontstyle0\">15h00<\/span><\/strong><span class=\"fontstyle1\">: Mar\u00eda Cecilia Colombani<\/span><\/p>\n<p><em><span class=\"fontstyle3\">\u201cHomero, Hesiodo y Egipto, los atajos de un encuentro\u201d<\/span><\/em><\/p><\/blockquote>\n<p>&nbsp;<\/p>\n<blockquote><p><strong>16h00<\/strong>: <span style=\"color: var(--cor-texto); font-family: var(--fonte-corpo);\">\u201cMargaret, a professora, a orientadora, a colega: depoimentos sobre a trajet\u00f3ria na PUCRS\u201d<\/span><\/p>\n<p>Eliana \u00c1vila Silveira, Ana Paula de Andrade Lima de Jesus, Karine Lima da Costa e Gregory da Silva Balthazar<\/p>\n<p>&nbsp;<\/p>\n<p><strong><span class=\"fontstyle0\">NOITE &#8211; Sess\u00e3o de Confer\u00eancias VI<\/span><\/strong><\/p>\n<p><strong><span class=\"fontstyle0\">Transmiss\u00e3o: <\/span><\/strong><a href=\"https:\/\/www.youtube.com\/live\/7grM5JXfr48?si=m7E9GqBhPZa7MVYo\"><span class=\"fontstyle0\">https:\/\/www.youtube.com\/live\/7grM5JXfr48?si=m7E9GqBhPZa7MVYo<\/span><\/a><\/p>\n<p><strong><span class=\"fontstyle0\">19h00<\/span><\/strong><span class=\"fontstyle1\">: Ygor Klain Belchior<\/span><\/p>\n<p><em><span class=\"fontstyle3\">\u201cA Egiptomania no Twitter: analisando o banco de dados do Lephama (2008 a 2014)\u201d<\/span><\/em><\/p>\n<p>&nbsp;<\/p>\n<p><strong><span class=\"fontstyle0\">20h00<\/span><\/strong><span class=\"fontstyle1\">: Wellington Rafael Bal\u00e9m<\/span><\/p>\n<p><em><span class=\"fontstyle3\">\u201cO Egito m\u00edstico na poesia de Raul Poli\u201d<\/span><\/em><\/p><\/blockquote>\n<p>&nbsp;<\/p>\n<blockquote>\n<p style=\"text-align: center;\"><b>MINICURSO<\/b><\/p>\n<p><span style=\"font-size: 14pt;\"><strong><span class=\"fontstyle0\">19-21\/02 <\/span><\/strong><\/span><\/p>\n<p><strong><span class=\"fontstyle0\">9h00: <\/span><\/strong><span class=\"fontstyle2\">Minicurso: F\u00e1bio Amorim Vieira<\/span><\/p>\n<p><em><span class=\"fontstyle3\">\u201cPara al\u00e9m do Egito: Poder e cosmopolitismo em Kush (I mil\u00eanio AEC)\u201d<\/span><\/em><\/p>\n<p>&nbsp;<\/p><\/blockquote>\n<ul>\n<li>Encontro 1: Kush no vale do Nilo m\u00e9dio: protagonismo local e domina\u00e7\u00e3o externa<\/li>\n<\/ul>\n<p><strong>\u00a0 \u00a0 \u00a0 \u00a0 \u00a0 Transmiss\u00e3o<\/strong>:<a href=\"https:\/\/www.youtube.com\/watch?v=oFXxP2gq4bA\">https:\/\/www.youtube.com\/watch?v=oFXxP2gq4bA<\/a><\/p>\n<ul>\n<li>Encontro 2: Napata: ascens\u00e3o e poder dos fara\u00f3s kushitas<\/li>\n<\/ul>\n<p><strong>\u00a0 \u00a0 \u00a0 \u00a0 \u00a0 Transmiss\u00e3o<\/strong>: <a href=\"https:\/\/www.youtube.com\/live\/E4wzEdZEjdQ?si=m3obDvUXzzgfFG7D\">https:\/\/www.youtube.com\/live\/E4wzEdZEjdQ?si=m3obDvUXzzgfFG7D<\/a><\/p>\n<ul>\n<li>Encontro 3: Mero\u00e9: cosmopolitismo, poder e reg\u00eancias femininas<\/li>\n<\/ul>\n<p><strong>\u00a0 \u00a0 \u00a0 \u00a0 \u00a0 Transmiss\u00e3o<\/strong>: <a href=\"https:\/\/www.youtube.com\/watch?v=Wp6jB5oQr80\">https:\/\/www.youtube.com\/watch?v=Wp6jB5oQr80<\/a><\/p>\n<blockquote>\n<p style=\"text-align: center;\">\n<\/blockquote>\n","protected":false},"excerpt":{"rendered":"<p>PROGRAMA\u00c7\u00c3O &nbsp; CRONOGRAMA: HOR\u00c1RIO 18 de fevereiro (ter\u00e7a-feira) 19 de fevereiro (quarta-feira) 20 de fevereiro (quinta-feira) 21 de fevereiro (sexta-feira) 09:00 Minicurso: \u201cPara al\u00e9m do Egito: Poder e cosmopolitismo em Kush (I mil\u00eanio AEC)\u201d F\u00e1bio Amorim Vieira Minicurso: \u201cPara al\u00e9m do Egito: Poder e cosmopolitismo em Kush (I mil\u00eanio AEC)\u201d F\u00e1bio Amorim Vieira Minicurso: \u201cPara [&hellip;]<\/p>\n","protected":false},"author":907,"featured_media":0,"parent":0,"menu_order":0,"comment_status":"closed","ping_status":"closed","template":"page-sem-sidebar.php","meta":{"footnotes":""},"class_list":["post-1528","page","type-page","status-publish","hentry"],"_links":{"self":[{"href":"https:\/\/wp.ufpel.edu.br\/jhalecaufpel\/wp-json\/wp\/v2\/pages\/1528","targetHints":{"allow":["GET"]}}],"collection":[{"href":"https:\/\/wp.ufpel.edu.br\/jhalecaufpel\/wp-json\/wp\/v2\/pages"}],"about":[{"href":"https:\/\/wp.ufpel.edu.br\/jhalecaufpel\/wp-json\/wp\/v2\/types\/page"}],"author":[{"embeddable":true,"href":"https:\/\/wp.ufpel.edu.br\/jhalecaufpel\/wp-json\/wp\/v2\/users\/907"}],"replies":[{"embeddable":true,"href":"https:\/\/wp.ufpel.edu.br\/jhalecaufpel\/wp-json\/wp\/v2\/comments?post=1528"}],"version-history":[{"count":41,"href":"https:\/\/wp.ufpel.edu.br\/jhalecaufpel\/wp-json\/wp\/v2\/pages\/1528\/revisions"}],"predecessor-version":[{"id":1994,"href":"https:\/\/wp.ufpel.edu.br\/jhalecaufpel\/wp-json\/wp\/v2\/pages\/1528\/revisions\/1994"}],"wp:attachment":[{"href":"https:\/\/wp.ufpel.edu.br\/jhalecaufpel\/wp-json\/wp\/v2\/media?parent=1528"}],"curies":[{"name":"wp","href":"https:\/\/api.w.org\/{rel}","templated":true}]}}