{"id":145,"date":"2019-02-19T22:00:58","date_gmt":"2019-02-20T01:00:58","guid":{"rendered":"https:\/\/wp.ufpel.edu.br\/jhalecaufpel\/?page_id=145"},"modified":"2025-02-17T18:28:21","modified_gmt":"2025-02-17T21:28:21","slug":"organizacao","status":"publish","type":"page","link":"https:\/\/wp.ufpel.edu.br\/jhalecaufpel\/organizacao\/","title":{"rendered":"Organiza\u00e7\u00e3o"},"content":{"rendered":"<p>Docentes:<\/p>\n<ul>\n<li>Prof. Dr. F\u00e1bio Vergara Cerqueira: Professor Titular do Departamento de Hist\u00f3ria da Universidade Federal de Pelotas (UFPel) e Coordenador do Laborat\u00f3rio de Estudos sobre a Cer\u00e2mica Antiga &#8211; LECA-UFPel;<\/li>\n<li>Profa. Dra. Milena Rosa Ara\u00fajo Ogawa: Professora de Ci\u00eancias Humanas na Universidade Federal do Pampa (UNIPAMPA), campus S\u00e3o Borja.<\/li>\n<\/ul>\n<p>Discentes:<\/p>\n<ul>\n<li>Caroline Melo Armesto: Mestranda em Mem\u00f3ria Social e Patrim\u00f4nio Cultural da UFPel;<\/li>\n<li>Daniel Borges: Graduando do curso de Hist\u00f3ria Bacharelado da UFPel;<\/li>\n<li>Guilherme dos Santos Lysakowski: Graduando do curso de Hist\u00f3ria da UFPel;<\/li>\n<li>Henrique Freitas Krusser: Graduando do curso de Hist\u00f3ria Bacharelado da UFPel;<\/li>\n<li>J\u00e9ssica Renata Santos Silva: Licenciada em Hist\u00f3ria pela UFPel;<\/li>\n<li>Jo\u00e3o Pedro Vitoriano Fabri: Graduado do curso de Hist\u00f3ria Bacharelado da UFPel;<\/li>\n<li>Leonardo da Silva Lopes: Graduado do curso de Hist\u00f3ria Licenciatura da UFPel;<\/li>\n<li>L\u00f3ren Cantiliano Ximendes: Graduanda do curso de Hist\u00f3ria Licenciatura da UFPel;<\/li>\n<li>Maria Tereza Antunes de Oliveira: Graduanda do curso de Hist\u00f3ria Bacharelado da UFPel;<\/li>\n<li>Vik Silva Soares: Graduando do curso de Hist\u00f3ria Licenciatura da UFPel;<\/li>\n<\/ul>\n<p>Colaboradores externos:<\/p>\n<ul>\n<li>Dra. Lidiane Carolina Carderaro dos Santos: P\u00f3s-doutoranda em Arqueologia no Museu de Arqueologia e Etnologia da Universidade de S\u00e3o Paulo (MAE-USP);<\/li>\n<\/ul>\n<p>Suporte:<\/p>\n<ul>\n<li>Site \u2013 Dra. Lidiane Carolina Carderaro dos Santos: P\u00f3s-doutoranda em Arqueologia no Museu de Arqueologia e Etnologia da Universidade de S\u00e3o Paulo (MAE-USP);<\/li>\n<\/ul>\n<p>&nbsp;<\/p>\n<p>&nbsp;<\/p>\n<p style=\"text-align: center;\"><strong>COMIT\u00ca CIENT\u00cdFICO<\/strong><\/p>\n<blockquote><p>&nbsp;<\/p>\n<ul>\n<li>Profa. Dra. Camilla Ferreira Paulino da Silva (Secretaria de Educa\u00e7\u00e3o do Estado do Esp\u00edrito Santo)<\/li>\n<li>Profa. Dra. Cintia Alfieri Gama Rolland (Mus\u00e9e de Confluences &#8211; Lyon-Fran\u00e7a)<\/li>\n<li>Prof. Me. F\u00e1bio Amorim Vieira (Universidade do Estado de Santa Catarina<\/li>\n<li>Prof. Dr. F\u00e1bio Vergara Cerqueira (Universidade Federal de Pelotas)<\/li>\n<li>Profa. Dra. Gisela Chapot (Faculdade de S\u00e3o Bento do Rio de Janeiro)<\/li>\n<li>Profa. Dra. Katia Maria Paim Pozzer (Universidade Federal do Rio Grande do Sul)<\/li>\n<li>Prof. Dr. Julio C\u00e9sar Mendon\u00e7a Gralha (Universidade Federal Fluminense)<\/li>\n<li>Profa. Dra. Lidiane Carolina Carderaro dos Santos (Universidade de S\u00e3o Paulo)<\/li>\n<li>Profa. Dra. Liliane Cristina Coelho (Faculdade Mackenzie e Centro Universit\u00e1rio Internacional &#8211; UNINTER)<\/li>\n<li>Profa. Dra. Marcia Severina Vasques (Universidade Federal do Rio Grande do Norte)<\/li>\n<li>Profa. Dra. Mar\u00eda Cecilia Colombani (Universidad de Mor\u00f3n e Universidad Nacional de Mar del Plata)<\/li>\n<li>Profa. Dra. Milena Rosa Ara\u00fajo Ogawa (Universidade Federal do Pampa)<\/li>\n<li>Prof. Dr. Moacir Elias Santos (Centro Universit\u00e1rio Campos de Andrade)<\/li>\n<li>Profa. Dra. Monica Selvatici (Universidade Estadual de Londrina)<\/li>\n<li>Profa. Dra. Raisa Barbosa Wentelemn Sagredo (Universidade Federal de Santa Catarina)<\/li>\n<li>Profa. Dra. Raquel dos Santos Funari (Universidade de S\u00e3o Paulo)<\/li>\n<li>Prof. Dr. Rennan Lemos (Universidade de Cambridge)<\/li>\n<li>Profa. Dra. Sem\u00edramis Corsi Silva (Universidade Federal de Uberlandia)<\/li>\n<li>Profa. Dra. Thais Rocha da Silva (Universidade Federal de Minas Gerais)<\/li>\n<li>Prof. Dr. Wellington Rafael Bal\u00e9m (Secretaria de Educa\u00e7\u00e3o do Estado do Rio Grande do Sul)<\/li>\n<li>Prof. Dr. Ygor Klain Belchior (Universidade do Estado de Minas Gerais)<\/li>\n<\/ul>\n<\/blockquote>\n<p>&nbsp;<\/p>\n<p style=\"text-align: center;\"><strong>CONSELHO EDITORIAL<\/strong><\/p>\n<blockquote>\n<ul>\n<li style=\"text-align: left;\">Prof. Dr. F\u00e1bio Vergara Cerqueira (Universidade Federal de Pelotas)<\/li>\n<li style=\"text-align: left;\">Profa. Dra. Lidiane Carolina Carderaro dos Santos (Universidade de S\u00e3o Paulo)<\/li>\n<li style=\"text-align: left;\">Profa. Dra. Maria Regina Candido (Universidade do Estado do Rio de Janeiro)<\/li>\n<li style=\"text-align: left;\">Profa. Dra. Milena Rosa Ara\u00fajo Ogawa (Universidade Federal do Pampa)<\/li>\n<\/ul>\n<\/blockquote>\n","protected":false},"excerpt":{"rendered":"<p>Docentes: Prof. Dr. F\u00e1bio Vergara Cerqueira: Professor Titular do Departamento de Hist\u00f3ria da Universidade Federal de Pelotas (UFPel) e Coordenador do Laborat\u00f3rio de Estudos sobre a Cer\u00e2mica Antiga &#8211; LECA-UFPel; Profa. Dra. Milena Rosa Ara\u00fajo Ogawa: Professora de Ci\u00eancias Humanas na Universidade Federal do Pampa (UNIPAMPA), campus S\u00e3o Borja. Discentes: Caroline Melo Armesto: Mestranda em [&hellip;]<\/p>\n","protected":false},"author":907,"featured_media":0,"parent":0,"menu_order":0,"comment_status":"closed","ping_status":"closed","template":"page-sem-sidebar.php","meta":{"footnotes":""},"class_list":["post-145","page","type-page","status-publish","hentry"],"_links":{"self":[{"href":"https:\/\/wp.ufpel.edu.br\/jhalecaufpel\/wp-json\/wp\/v2\/pages\/145","targetHints":{"allow":["GET"]}}],"collection":[{"href":"https:\/\/wp.ufpel.edu.br\/jhalecaufpel\/wp-json\/wp\/v2\/pages"}],"about":[{"href":"https:\/\/wp.ufpel.edu.br\/jhalecaufpel\/wp-json\/wp\/v2\/types\/page"}],"author":[{"embeddable":true,"href":"https:\/\/wp.ufpel.edu.br\/jhalecaufpel\/wp-json\/wp\/v2\/users\/907"}],"replies":[{"embeddable":true,"href":"https:\/\/wp.ufpel.edu.br\/jhalecaufpel\/wp-json\/wp\/v2\/comments?post=145"}],"version-history":[{"count":59,"href":"https:\/\/wp.ufpel.edu.br\/jhalecaufpel\/wp-json\/wp\/v2\/pages\/145\/revisions"}],"predecessor-version":[{"id":1991,"href":"https:\/\/wp.ufpel.edu.br\/jhalecaufpel\/wp-json\/wp\/v2\/pages\/145\/revisions\/1991"}],"wp:attachment":[{"href":"https:\/\/wp.ufpel.edu.br\/jhalecaufpel\/wp-json\/wp\/v2\/media?parent=145"}],"curies":[{"name":"wp","href":"https:\/\/api.w.org\/{rel}","templated":true}]}}