{"id":983,"date":"2019-08-10T09:36:02","date_gmt":"2019-08-10T12:36:02","guid":{"rendered":"https:\/\/wp.ufpel.edu.br\/jel\/?page_id=983"},"modified":"2019-09-06T10:50:44","modified_gmt":"2019-09-06T13:50:44","slug":"minicursos","status":"publish","type":"page","link":"https:\/\/wp.ufpel.edu.br\/jel\/5a-edicao\/programacao-2\/minicursos\/","title":{"rendered":"Minicursos"},"content":{"rendered":"<p><strong>Para fazer o download da programa\u00e7\u00e3o completa dos minicursos, clique <a href=\"https:\/\/wp.ufpel.edu.br\/jel\/files\/2019\/08\/Cronograma-dos-Minicursos_atualizado.pdf\">aqui<\/a> (vers\u00e3o atualizada).<\/strong><\/p>\n<p>&nbsp;<\/p>\n<h2 style=\"text-align: center\"><span style=\"color: #3b6969\"><strong>TER\u00c7A-FEIRA | tarde<\/strong><\/span><\/h2>\n<table style=\"background-color: #ffffff;height: 270px;width: 755px\" width=\"588\">\n<tbody>\n<tr style=\"border-color: #3b6969;background-color: #3b6969\">\n<td style=\"text-align: center;height: 39px;width: 276px\"><span style=\"color: #ffffff\"><strong>MINISTRANTE<\/strong><\/span><\/td>\n<td style=\"text-align: center;height: 39px;width: 366px\"><span style=\"color: #ffffff\"><strong>MINICURSO<\/strong><\/span><\/td>\n<td style=\"text-align: center;width: 112px\"><span style=\"color: #ffffff\"><strong>LOCAL<\/strong><\/span><\/td>\n<\/tr>\n<tr>\n<td style=\"width: 276px;text-align: center\">ANA CL\u00c1UDIA PEREIRA DE ALMEIDA<\/td>\n<td style=\"width: 366px;text-align: center\"><a href=\"https:\/\/wp.ufpel.edu.br\/jel\/files\/2019\/08\/proposta-ana-claudia.pdf\">ENSINO DE PORTUGU\u00caS E OS ESTUDANTES DO S\u00c9CULO XXI: SOBRE O COTIDIANO DA SALA DE AULA<\/a><\/td>\n<td style=\"width: 112px;text-align: center\" width=\"18%\">\u00a0MINIAUDIT\u00d3RIO 1 &#8211; CEHUS<\/td>\n<\/tr>\n<tr>\n<td style=\"width: 276px;text-align: center\">JESS\u00c9 CARVALHO LEBKUCHEN<\/td>\n<td style=\"width: 366px;text-align: center\"><a href=\"https:\/\/wp.ufpel.edu.br\/jel\/files\/2019\/08\/proposta-jesse.pdf\">O LGBT NA LITERATURA BRASILEIRA CONTEMPOR\u00c2NEA<\/a><\/td>\n<td style=\"width: 112px;text-align: center\" width=\"18%\">MINIAUDIT\u00d3RIO 2 &#8211; CEHUS<\/td>\n<\/tr>\n<tr>\n<td style=\"width: 276px;text-align: center\">BRUNA VIT\u00d3RIA TEJADA | CAMILA ZURCHIMITTEN BARBACH\u00c3 | LUISA DA SILVA HIDALGO<\/td>\n<td style=\"width: 366px;text-align: center\"><a href=\"https:\/\/wp.ufpel.edu.br\/jel\/files\/2019\/08\/proposta-bruna-camila-luisa.pdf\">AN\u00c1LISE DE DISCURSO: UM ESTUDO INTRODUT\u00d3RIO<\/a><\/td>\n<td style=\"width: 112px;text-align: center\" width=\"18%\">AUDIT\u00d3RIO -CEHUS<\/td>\n<\/tr>\n<\/tbody>\n<\/table>\n<h2 style=\"text-align: center\"><span style=\"color: #3b6969\"><strong><br \/>\nQUARTA-FEIRA | manh\u00e3<\/strong><\/span><\/h2>\n<table style=\"background-color: #ffffff;height: 265px;width: 763px\">\n<tbody>\n<tr style=\"border-color: #3b6969;background-color: #3b6969\">\n<td style=\"text-align: center;height: 39px;width: 275px\"><span style=\"color: #ffffff\"><strong>MINISTRANTE<\/strong><\/span><\/td>\n<td style=\"text-align: center;height: 39px;width: 372px\"><span style=\"color: #ffffff\"><strong>MINICURSO<\/strong><\/span><\/td>\n<td style=\"text-align: center;width: 115px\"><span style=\"color: #ffffff\"><strong>LOCAL<\/strong><\/span><\/td>\n<\/tr>\n<tr>\n<td style=\"width: 275px;text-align: center\">ALINE DE CASTRO E KASTER | CARLA BEATRIZ MADEIROS KLEIN<\/td>\n<td style=\"width: 372px;text-align: center\"><a href=\"https:\/\/wp.ufpel.edu.br\/jel\/files\/2019\/08\/proposta-carla-e-aline.pdf\">LIBRAS NO PROCESSO COMUNICATIVO<\/a><\/td>\n<td style=\"width: 115px;text-align: center\" width=\"18%\">MINIAUDIT\u00d3RIO 2 &#8211; CEHUS<\/td>\n<\/tr>\n<tr>\n<td style=\"width: 275px;text-align: center\">MARIANA WASKOW RAD\u00dcNZ<\/td>\n<td style=\"width: 372px;text-align: center\"><a href=\"https:\/\/wp.ufpel.edu.br\/jel\/files\/2019\/08\/proposta-mariana-radunz.pdf\">A CONTEMPORANEIDADE NA LITERATURA BRASILEIRA: NOVAS PERSPECTIVAS<\/a><\/td>\n<td style=\"width: 115px;text-align: center\" width=\"18%\">AUDIT\u00d3RIO &#8211; CEHUS<\/td>\n<\/tr>\n<tr>\n<td style=\"width: 275px;text-align: center\">GABRIELA DE MELLO SILVA | LET\u00cdCIA RIBEIRO SCHINESTSCK | V\u00cdVIAN VAGHETTI VIEIRA<\/td>\n<td style=\"width: 372px;text-align: center\"><a href=\"https:\/\/wp.ufpel.edu.br\/jel\/files\/2019\/08\/proposta-gabriela-leticia-vivian.pdf\">FUNDAMENTOS DE ETNOGRAFIA DIGITAL<\/a><\/td>\n<td style=\"width: 115px;text-align: center\" width=\"18%\">MINIAUDIT\u00d3RIO 1 &#8211; CEHUS<\/td>\n<\/tr>\n<\/tbody>\n<\/table>\n<h2 style=\"text-align: center\"><span style=\"color: #3b6969\"><strong><br \/>\nQUINTA-FEIRA | tarde<\/strong><\/span><\/h2>\n<table style=\"background-color: #ffffff;height: 252px;width: 766px\">\n<tbody>\n<tr style=\"border-color: #3b6969;background-color: #3b6969\">\n<td style=\"text-align: center;height: 39px;width: 279px\"><span style=\"color: #ffffff\"><strong>MINISTRANTE<\/strong><\/span><\/td>\n<td style=\"text-align: center;height: 39px;width: 372px\"><span style=\"color: #ffffff\"><strong>MINICURSO<\/strong><\/span><\/td>\n<td style=\"text-align: center;width: 114px\"><span style=\"color: #ffffff\"><strong>LOCAL<\/strong><\/span><\/td>\n<\/tr>\n<tr>\n<td style=\"width: 279px;text-align: center\">ALINE ROSINSKI E BRUNA CORREA<\/td>\n<td style=\"width: 372px;text-align: center\"><a href=\"https:\/\/wp.ufpel.edu.br\/jel\/files\/2019\/08\/proposta-aline-e-bruna.pdf\">COLETA DE DADOS LINGU\u00cdSTICOS: ELABORA\u00c7\u00c3O, ORGANIZA\u00c7\u00c3O E AN\u00c1LISE<\/a><\/td>\n<td style=\"width: 114px;text-align: center\" width=\"18%\">AUDIT\u00d3RIO &#8211; CEHUS<\/td>\n<\/tr>\n<tr>\n<td style=\"width: 279px;text-align: center\">JANA\u00cdNA BUCHWEITZ E SILVA<\/td>\n<td style=\"width: 372px;text-align: center\"><a href=\"https:\/\/wp.ufpel.edu.br\/jel\/files\/2019\/08\/proposta-janaina-silva.pdf\">A PROSA DE AUTORIA FEMININA NA LITERATURA BRASILEIRA CONTEMPOR\u00c2NEA<\/a><\/td>\n<td style=\"width: 114px;text-align: center\" width=\"18%\">MINIAUDIT\u00d3RIO 1 &#8211; CEHUS<\/td>\n<\/tr>\n<tr>\n<td style=\"width: 279px;text-align: center\">RAFAEL SILVEIRA DA MOTA | JAISON MARQUES LUIZ | VERONICE CAMARGO DA SILVA<\/td>\n<td style=\"width: 372px;text-align: center\"><a href=\"https:\/\/wp.ufpel.edu.br\/jel\/files\/2019\/08\/proposta-jaison-rafael-veronice.pdf\">AS V\u00c1RIAS POSSIBILIDADES DE LETRAMENTO CORPORAL E DIGITAL POR MEIO DO SENSOR DE MOVIMENTO KINECT<\/a><\/td>\n<td style=\"width: 114px;text-align: center\" width=\"18%\">MINIAUDIT\u00d3RIO 2 &#8211; CEHUS<\/td>\n<\/tr>\n<\/tbody>\n<\/table>\n<h2 style=\"text-align: center\"><span style=\"color: #3b6969\"><strong><br \/>\nSEXTA-FEIRA | manh\u00e3<\/strong><\/span><\/h2>\n<table style=\"background-color: #ffffff;height: 251px;width: 777px\">\n<tbody>\n<tr style=\"border-color: #3b6969;background-color: #3b6969\">\n<td style=\"text-align: center;height: 39px;width: 283px\"><span style=\"color: #ffffff\"><strong>MINISTRANTE<\/strong><\/span><\/td>\n<td style=\"text-align: center;height: 39px;width: 377px\"><span style=\"color: #ffffff\"><strong>MINICURSO<\/strong><\/span><\/td>\n<td style=\"text-align: center;width: 116px\"><span style=\"color: #ffffff\"><strong>LOCAL<\/strong><\/span><\/td>\n<\/tr>\n<tr>\n<td style=\"width: 283px;text-align: center\">MARIANA M\u00dcLLER DE \u00c1VILA<\/td>\n<td style=\"width: 377px;text-align: center\"><a href=\"https:\/\/wp.ufpel.edu.br\/jel\/files\/2019\/08\/proposta-mariana-avila.pdf\">AN\u00c1LISE FONOL\u00d3GICA EM DADOS DE ESCRITA INFANTIL<\/a><\/td>\n<td style=\"width: 116px;text-align: center\" width=\"18%\">MINIAUDIT\u00d3RIO 1 &#8211; CEHUS<\/td>\n<\/tr>\n<tr>\n<td style=\"width: 283px;text-align: center\">RODRIGO DA ROSA PEREIRA<\/td>\n<td style=\"width: 377px;text-align: center\"><a href=\"https:\/\/wp.ufpel.edu.br\/jel\/files\/2019\/08\/proposta-rodrigo-rosa.pdf\">QUILOMBO LITER\u00c1RIO: ESCRITORAS NEGRAS CONTEMPOR\u00c2NEAS<\/a><\/td>\n<td style=\"width: 116px;text-align: center\" width=\"18%\">MINIAUDIT\u00d3RIO 2 &#8211; CEHUS<\/td>\n<\/tr>\n<tr>\n<td style=\"width: 283px;text-align: center\">LUCIANE BOTELHO MARTINS<\/td>\n<td style=\"width: 377px;text-align: center\"><a href=\"https:\/\/wp.ufpel.edu.br\/jel\/files\/2019\/08\/proposta-luciane-botelho.pdf\">MAFALDA: UM OLHAR HIST\u00d3RICO, POL\u00cdTICO E IDEOL\u00d3GICO<\/a><\/td>\n<td style=\"width: 116px;text-align: center\" width=\"18%\">AUDIT\u00d3RIO &#8211; CEHUS<\/td>\n<\/tr>\n<\/tbody>\n<\/table>\n<h2 style=\"text-align: center\"><span style=\"color: #3b6969\"><strong><br \/>\nSEXTA-FEIRA | tarde<\/strong><\/span><\/h2>\n<table style=\"background-color: #ffffff;height: 248px;width: 780px\">\n<tbody>\n<tr style=\"border-color: #3b6969;background-color: #3b6969\">\n<td style=\"text-align: center;height: 39px;width: 285px\"><span style=\"color: #ffffff\"><strong>MINISTRANTE<\/strong><\/span><\/td>\n<td style=\"text-align: center;height: 39px;width: 379px\"><span style=\"color: #ffffff\"><strong>MINICURSO<\/strong><\/span><\/td>\n<td style=\"text-align: center;width: 115px\"><span style=\"color: #ffffff\"><strong>LOCAL<\/strong><\/span><\/td>\n<\/tr>\n<tr>\n<td style=\"width: 285px;text-align: center\">HELENA DOS SANTOS KIELING<\/td>\n<td style=\"width: 379px;text-align: center\"><a href=\"https:\/\/wp.ufpel.edu.br\/jel\/files\/2019\/08\/proposta-helena-kieling.pdf\">APRENDIZAGEM CRIATIVA NO ENSINO DE L\u00cdNGUAS ESTRANGEIRAS<\/a><\/td>\n<td style=\"width: 115px;text-align: center\" width=\"18%\">MINIAUDIT\u00d3RIO 1 \u2013 CEHUS<\/td>\n<\/tr>\n<tr>\n<td style=\"width: 285px;text-align: center\">MITIZI DE MIRANDA GOMES<\/td>\n<td style=\"width: 379px;text-align: center\"><a href=\"https:\/\/wp.ufpel.edu.br\/jel\/files\/2019\/08\/proposta-mitizi.pdf\">PRECISAMOS DAR VOZ \u00c0 IMAGEM: A CONSTRU\u00c7\u00c3O H\u00cdBRIDA DA LITERATURA INFANTIL<\/a><\/td>\n<td style=\"width: 115px;text-align: center\" width=\"18%\">AUDIT\u00d3RIO &#8211; CEHUS<\/td>\n<\/tr>\n<tr>\n<td style=\"width: 285px;text-align: center\"><del>ANDRESSA BRENNER FERNANDES | DENISE MACHADO PINTO | ELIV\u00c9LTON ASSIS KR\u00dcMMEL<br \/>\n<\/del><strong><span style=\"color: #ff0000\">CANCELADO!<\/span><\/strong><del><br \/>\n<\/del><\/td>\n<td style=\"width: 379px;text-align: center\"><del><a href=\"https:\/\/wp.ufpel.edu.br\/jel\/files\/2019\/08\/proposta-andressa-denise-elivelton.pdf\">O DOCUMENT\u00c1RIO PELO VI\u00c9S DA AN\u00c1LISE DE DISCURSO: A CONSTRU\u00c7\u00c3O DE UMA MEM\u00d3RIA<\/a><br \/>\n<\/del><strong><span style=\"color: #ff0000\">CANCELADO!<\/span><\/strong><\/td>\n<td style=\"width: 115px;text-align: center\" width=\"18%\"><del>MINIAUDIT\u00d3RIO 2 &#8211; CEHUS<br \/>\n<\/del><strong><span style=\"color: #ff0000\">CANCELADO!<\/span><\/strong><del><br \/>\n<\/del><\/td>\n<\/tr>\n<\/tbody>\n<\/table>\n<p>&nbsp;<\/p>\n","protected":false},"excerpt":{"rendered":"<p>Para fazer o download da programa\u00e7\u00e3o completa dos minicursos, clique aqui (vers\u00e3o atualizada). &nbsp; TER\u00c7A-FEIRA | tarde MINISTRANTE MINICURSO LOCAL ANA CL\u00c1UDIA PEREIRA DE ALMEIDA ENSINO DE PORTUGU\u00caS E OS ESTUDANTES DO S\u00c9CULO XXI: SOBRE O COTIDIANO DA SALA DE AULA \u00a0MINIAUDIT\u00d3RIO 1 &#8211; CEHUS JESS\u00c9 CARVALHO LEBKUCHEN O LGBT NA LITERATURA BRASILEIRA CONTEMPOR\u00c2NEA MINIAUDIT\u00d3RIO &hellip; <\/p>\n<p><a class=\"more-link btn\" href=\"https:\/\/wp.ufpel.edu.br\/jel\/5a-edicao\/programacao-2\/minicursos\/\">Continue lendo<\/a><\/p>\n","protected":false},"author":732,"featured_media":0,"parent":989,"menu_order":1,"comment_status":"closed","ping_status":"closed","template":"","meta":{"jetpack_post_was_ever_published":false,"footnotes":""},"class_list":["post-983","page","type-page","status-publish","hentry","nodate","item-wrap"],"jetpack_sharing_enabled":true,"jetpack_shortlink":"https:\/\/wp.me\/PaOwBf-fR","_links":{"self":[{"href":"https:\/\/wp.ufpel.edu.br\/jel\/wp-json\/wp\/v2\/pages\/983","targetHints":{"allow":["GET"]}}],"collection":[{"href":"https:\/\/wp.ufpel.edu.br\/jel\/wp-json\/wp\/v2\/pages"}],"about":[{"href":"https:\/\/wp.ufpel.edu.br\/jel\/wp-json\/wp\/v2\/types\/page"}],"author":[{"embeddable":true,"href":"https:\/\/wp.ufpel.edu.br\/jel\/wp-json\/wp\/v2\/users\/732"}],"replies":[{"embeddable":true,"href":"https:\/\/wp.ufpel.edu.br\/jel\/wp-json\/wp\/v2\/comments?post=983"}],"version-history":[{"count":11,"href":"https:\/\/wp.ufpel.edu.br\/jel\/wp-json\/wp\/v2\/pages\/983\/revisions"}],"predecessor-version":[{"id":1110,"href":"https:\/\/wp.ufpel.edu.br\/jel\/wp-json\/wp\/v2\/pages\/983\/revisions\/1110"}],"up":[{"embeddable":true,"href":"https:\/\/wp.ufpel.edu.br\/jel\/wp-json\/wp\/v2\/pages\/989"}],"wp:attachment":[{"href":"https:\/\/wp.ufpel.edu.br\/jel\/wp-json\/wp\/v2\/media?parent=983"}],"curies":[{"name":"wp","href":"https:\/\/api.w.org\/{rel}","templated":true}]}}