{"id":858,"date":"2019-05-01T02:39:39","date_gmt":"2019-05-01T05:39:39","guid":{"rendered":"https:\/\/wp.ufpel.edu.br\/jel\/?page_id=858"},"modified":"2019-10-15T16:12:22","modified_gmt":"2019-10-15T19:12:22","slug":"circular-02-2019","status":"publish","type":"page","link":"https:\/\/wp.ufpel.edu.br\/jel\/5a-edicao\/circular-02-2019\/","title":{"rendered":"Circular"},"content":{"rendered":"<p>Esta Circular foi publicada em 01\/05\/2019 e atualizada em 16\/08\/2019. Para acessar a Circular 01\/2019, <a href=\"https:\/\/drive.google.com\/open?id=1MmCFsdpgtGsFSs6DmPAJ7QkhaOOJ3zhy\" target=\"_blank\" rel=\"noopener noreferrer\"><strong>clique aqui<\/strong><\/a>.<\/p>\n<h2 style=\"text-align: center\"><img loading=\"lazy\" decoding=\"async\" class=\"aligncenter wp-image-835\" src=\"https:\/\/wp.ufpel.edu.br\/jel\/files\/2019\/03\/marca-jel5-cor-new.png\" alt=\"\" width=\"297\" height=\"166\" srcset=\"https:\/\/wp.ufpel.edu.br\/jel\/files\/2019\/03\/marca-jel5-cor-new.png 1786w, https:\/\/wp.ufpel.edu.br\/jel\/files\/2019\/03\/marca-jel5-cor-new-212x119.png 212w, https:\/\/wp.ufpel.edu.br\/jel\/files\/2019\/03\/marca-jel5-cor-new-424x237.png 424w, https:\/\/wp.ufpel.edu.br\/jel\/files\/2019\/03\/marca-jel5-cor-new-768x430.png 768w\" sizes=\"auto, (max-width: 297px) 100vw, 297px\" \/><b><\/b><\/h2>\n<h2><\/h2>\n<h2 style=\"text-align: center\"><span style=\"font-size: 24pt\"><b>CIRCULAR 02\/2019<\/b><\/span><\/h2>\n<p>&nbsp;<\/p>\n<ol>\n<li><span style=\"font-size: 14pt\"><b>APRESENTA\u00c7\u00c3O<\/b><\/span><\/li>\n<\/ol>\n<p>&nbsp;<\/p>\n<p style=\"text-align: justify\"><span style=\"font-weight: 400\">A <\/span><b>5\u00aa Jornada de Estudos da Linguagem (JEL)<\/b><span style=\"font-weight: 400\"> ocorrer\u00e1 entre os dias <\/span><b>2 e 6 de setembro de 2019<\/b><span style=\"font-weight: 400\">. O evento \u00e9 organizado anualmente por discentes do Programa de P\u00f3s\u2011Gradua\u00e7\u00e3o em Letras (PPGL) da Universidade Federal de Pelotas (UFPel). Neste ano, o evento incluir\u00e1, em sua programa\u00e7\u00e3o, atividades relacionadas \u00e0s tr\u00eas linhas de pesquisa do Programa: &#8220;Aquisi\u00e7\u00e3o, varia\u00e7\u00e3o e ensino&#8221;, &#8220;Texto, discurso e rela\u00e7\u00f5es sociais&#8221; e &#8220;Literatura, cultura e tradu\u00e7\u00e3o&#8221;.<\/span><\/p>\n<p style=\"text-align: justify\"><span style=\"font-weight: 400\">Busca-se, com a realiza\u00e7\u00e3o da <\/span><b>JEL<\/b><span style=\"font-weight: 400\">:<\/span><\/p>\n<ul style=\"text-align: justify\">\n<li style=\"font-weight: 400\"><span style=\"font-weight: 400\">proporcionar um ambiente de reflex\u00e3o e de aprendizagem aos acad\u00eamicos de Letras da regi\u00e3o;<\/span><\/li>\n<li style=\"font-weight: 400\"><span style=\"font-weight: 400\">apresentar \u00e0 comunidade acad\u00eamica trabalhos que est\u00e3o sendo desenvolvidos por discentes de p\u00f3s-gradua\u00e7\u00e3o e de gradua\u00e7\u00e3o em Letras;<\/span><\/li>\n<li style=\"font-weight: 400\"><span style=\"font-weight: 400\">atualizar e qualificar professores, pesquisadores, estudantes e demais interessados pelos estudos da linguagem;<\/span><\/li>\n<li style=\"font-weight: 400\"><span style=\"font-weight: 400\">propiciar o crescimento e o desenvolvimento do PPGL\/UFPel.<\/span><\/li>\n<\/ul>\n<p style=\"text-align: justify\"><span style=\"font-weight: 400\">O evento contar\u00e1 com a participa\u00e7\u00e3o de discentes e docentes do PPGL\/UFPel e de outras institui\u00e7\u00f5es. As atividades propostas ser\u00e3o <\/span><b>palestras<\/b><span style=\"font-weight: 400\">, <\/span><b>ciclos de falas<\/b><span style=\"font-weight: 400\">, <\/span><b>sess\u00f5es de<\/b> <b>comunica\u00e7\u00f5es<\/b><span style=\"font-weight: 400\"> e <\/span><b>minicursos<\/b><span style=\"font-weight: 400\">.<\/span><\/p>\n<p>&nbsp;<\/p>\n<ol start=\"2\">\n<li><span style=\"font-size: 14pt\"><b> PROGRAMA\u00c7\u00c3O E CARGA-HOR\u00c1RIA<\/b><\/span><\/li>\n<\/ol>\n<p style=\"text-align: justify\"><span style=\"font-weight: 400\">A <\/span><b>programa\u00e7\u00e3o geral<\/b><span style=\"font-weight: 400\"> preliminar do evento pode ser encontrada <a href=\"https:\/\/wp.ufpel.edu.br\/jel\/programacao-preliminar\/\" target=\"_blank\" rel=\"noopener noreferrer\"><strong>aqui<\/strong><\/a><\/span><span style=\"font-weight: 400\">. A carga-hor\u00e1ria da 5\u00aa JEL ser\u00e1 de 40 h\/a, divididas em 13 turnos. <\/span><\/p>\n<p style=\"text-align: justify\"><span style=\"font-weight: 400\">Para a emiss\u00e3o de atestado de participa\u00e7\u00e3o integral (40h), os ouvintes dever\u00e3o comparecer a, no m\u00ednimo, 9 turnos do evento. Os ouvintes com presen\u00e7a em, no m\u00ednimo, 5 turnos, receber\u00e3o certificado de participa\u00e7\u00e3o parcial (20h).<\/span><\/p>\n<p>&nbsp;<\/p>\n<ol start=\"3\">\n<li><span style=\"font-size: 14pt\"><b> SUBMISS\u00d5ES DE TRABALHOS E INSCRI\u00c7\u00d5ES<\/b><\/span><\/li>\n<\/ol>\n<p><span style=\"font-weight: 400\">Diferentemente das edi\u00e7\u00f5es anteriores, a 5\u00aa JEL contar\u00e1 com per\u00edodos distintos para submiss\u00e3o de resumos e para inscri\u00e7\u00f5es, de acordo com o seguinte cronograma:<\/span><\/p>\n<table>\n<tbody>\n<tr>\n<td style=\"background-color: #c3bfe3\" rowspan=\"2\"><span style=\"font-weight: 400\">SUBMISS\u00c3O DE RESUMOS<\/span><\/td>\n<td style=\"background-color: #c3bfe3\"><span style=\"font-weight: 400\"><span style=\"color: #ff0000\"><b>encerrada:<\/b><\/span><\/span><span style=\"font-weight: 400\">\u00a0submiss\u00f5es de propostas de minicursos<\/span><\/td>\n<\/tr>\n<tr>\n<td style=\"background-color: #c3bfe3\"><span style=\"color: #ff0000\"><b>encerrada<\/b><\/span><span style=\"font-weight: 400\"><span style=\"color: #ff0000\">:<\/span> submiss\u00f5es de resumos para comunica\u00e7\u00f5es em simp\u00f3sio<\/span><\/td>\n<\/tr>\n<tr>\n<td><\/td>\n<td><b>16\/06<\/b><span style=\"font-weight: 400\">: envio das cartas de aceite <\/span><\/td>\n<\/tr>\n<tr>\n<td style=\"background-color: #f2f1b6\" rowspan=\"3\"><span style=\"font-weight: 400\">INSCRI\u00c7\u00d5ES<\/span><\/td>\n<td style=\"background-color: #f2f1b6\"><b>17\/06<\/b><span style=\"font-weight: 400\"> a <\/span><b>05\/07<\/b><span style=\"font-weight: 400\">: 1\u00ba per\u00edodo de inscri\u00e7\u00f5es (ouvintes e apresentadores)<\/span><\/td>\n<\/tr>\n<tr>\n<td style=\"background-color: #f2f1b6\"><b>06\/07<\/b><span style=\"font-weight: 400\"> a <\/span><b>31\/07<\/b><span style=\"font-weight: 400\">: 2\u00ba per\u00edodo de inscri\u00e7\u00f5es (ouvintes e apresentadores) e prazo final para inscri\u00e7\u00f5es de apresentadores<\/span><\/td>\n<\/tr>\n<tr>\n<td style=\"background-color: #f2f1b6\"><b>01\/08<\/b><span style=\"font-weight: 400\"> at\u00e9 <\/span><b>23\/08<\/b><span style=\"font-weight: 400\">: 3\u00ba per\u00edodo de inscri\u00e7\u00f5es (apenas para ouvintes)<\/span><\/td>\n<\/tr>\n<\/tbody>\n<\/table>\n<p>&nbsp;<\/p>\n<p><span style=\"font-size: 14pt\"><span style=\"font-size: 12pt\">3.1 <\/span><\/span><b><span style=\"font-size: 14pt\">Submiss\u00e3o de resumos para apresenta\u00e7\u00e3o em SESS\u00c3O DE COMUNICA\u00c7\u00c3O<\/span><\/b><\/p>\n<p style=\"text-align: justify\"><span style=\"font-weight: 400\">As comunica\u00e7\u00f5es ser\u00e3o apresenta\u00e7\u00f5es de 10 minutos em sess\u00f5es coordenadas por professores do PPGL\/CLC, acompanhados de mestrandos e doutorandos. Os participantes que desejarem apresentar comunica\u00e7\u00e3o dever\u00e3o baixar o modelo de resumo <\/span><a href=\"https:\/\/drive.google.com\/open?id=1j49e9-RRDW8efApU_jBnR3crw8_NT3rz\"><b>aqui<\/b><\/a><span style=\"font-weight: 400\"> e depois acessar a p\u00e1gina de <\/span><a href=\"https:\/\/wp.ufpel.edu.br\/jel\/resumos-submissao\/submissao-de-resumos-para-comunicacao\/\" target=\"_blank\" rel=\"noopener noreferrer\"><b>Submiss\u00e3o de resumos para comunica\u00e7\u00e3o<\/b><\/a><span style=\"font-weight: 400\">. Nessa p\u00e1gina, o proponente dever\u00e1 indicar em qual das tr\u00eas linhas de pesquisa (descritas abaixo) o seu trabalho se encaixa melhor e, ent\u00e3o, selecionar o resumo para envio. <\/span><\/p>\n<p style=\"text-align: justify\"><span style=\"font-weight: 400\">As sess\u00f5es de comunica\u00e7\u00e3o ser\u00e3o organizadas depois do per\u00edodo de submiss\u00e3o de resumos e buscar\u00e3o agrupar trabalhos de tem\u00e1ticas afins. Os proponentes que n\u00e3o conseguirem classificar o seu trabalho em uma das tr\u00eas linhas poder\u00e3o marcar a op\u00e7\u00e3o &#8220;outras tem\u00e1ticas&#8221;, autorizando, assim, a Comiss\u00e3o Organizadora a inclu\u00ed-los na sess\u00e3o de comunica\u00e7\u00e3o que for mais conveniente. <\/span><\/p>\n<p style=\"text-align: justify\"><span style=\"font-weight: 400\">Cada participante poder\u00e1 submeter apenas um trabalho como autor, mas poder\u00e1 tamb\u00e9m ser coautor de mais um trabalho. Os participantes que apresentarem dois trabalhos (um como autor e outro como coautor, pagar\u00e3o a inscri\u00e7\u00e3o na modalidade apresentador apenas uma vez. Participantes que forem apenas coautores s\u00f3 ter\u00e3o direito a atestado se pagarem a inscri\u00e7\u00e3o na modalidade apresentador (cf. se\u00e7\u00e3o 3.2) e apresentarem o trabalho junto com o autor.<\/span><\/p>\n<table>\n<tbody>\n<tr style=\"background-color: #e0e0e0\">\n<td><span style=\"font-weight: 400\">LINHA<\/span><\/td>\n<td>\n<p style=\"text-align: center\"><span style=\"font-weight: 400\">DESCRI\u00c7\u00c3O<\/span><\/p>\n<\/td>\n<\/tr>\n<tr>\n<td><b>Aquisi\u00e7\u00e3o, varia\u00e7\u00e3o e ensino<\/b><\/td>\n<td style=\"text-align: justify\"><span style=\"font-weight: 400\">Esta linha integra as investiga\u00e7\u00f5es dos processos naturais e formais de aquisi\u00e7\u00e3o da l\u00edngua (materna e estrangeira), bem como da varia\u00e7\u00e3o da linguagem e sua articula\u00e7\u00e3o com o ensino e outras intera\u00e7\u00f5es que envolvam fronteiras lingu\u00edsticas, culturais, pol\u00edticas e\/ou sociais.<\/span><\/td>\n<\/tr>\n<tr>\n<td><b>Texto, discurso e rela\u00e7\u00f5es sociais<\/b><\/td>\n<td style=\"text-align: justify\"><span style=\"font-weight: 400\">Esta linha congrega toda investiga\u00e7\u00e3o de processos textuais\/discursivos em sua organiza\u00e7\u00e3o interna e em seu funcionamento em diferentes pr\u00e1ticas sociais, dentro e fora do contexto escolar.<\/span><\/td>\n<\/tr>\n<tr>\n<td><b>Literatura, cultura e tradu\u00e7\u00e3o<\/b><\/td>\n<td style=\"text-align: justify\"><span style=\"font-weight: 400\">Esta linha re\u00fane investiga\u00e7\u00f5es sobre o texto liter\u00e1rio e suas rela\u00e7\u00f5es com outras artes, discursos, processos culturais, criativos, sua din\u00e2mica intertextual e quest\u00f5es te\u00f3ricas e pr\u00e1ticas da tradu\u00e7\u00e3o liter\u00e1ria.<\/span><\/td>\n<\/tr>\n<\/tbody>\n<\/table>\n<p>&nbsp;<\/p>\n<p>3.2<b> <span style=\"font-size: 14pt\">Modalidades e valores de inscri\u00e7\u00e3o<\/span><\/b><\/p>\n<p style=\"text-align: justify\"><span style=\"font-weight: 400\">O per\u00edodo de inscri\u00e7\u00f5es para o evento come\u00e7a no dia 17 de junho, ap\u00f3s o per\u00edodo de submiss\u00f5es de trabalhos. <\/span><\/p>\n<p style=\"text-align: justify\"><span style=\"font-weight: 400\">As inscri\u00e7\u00f5es ser\u00e3o feitas na plataforma Even3 (<\/span><a href=\"https:\/\/www.even3.com.br\/jel\"><span style=\"font-weight: 400\">https:\/\/www.even3.com.br\/jel<\/span><\/a><span style=\"font-weight: 400\">), onde cada participante dever\u00e1 criar uma conta e, atrav\u00e9s dela, realizar sua inscri\u00e7\u00e3o e efetuar o pagamento. <\/span><\/p>\n<p style=\"text-align: justify\"><span style=\"font-weight: 400\">Haver\u00e1 dois prazos de inscri\u00e7\u00e3o para participantes apresentadores e tr\u00eas prazos para participantes ouvintes, conforme a tabela abaixo:<\/span><\/p>\n<p><img loading=\"lazy\" decoding=\"async\" class=\"aligncenter wp-image-836\" src=\"https:\/\/wp.ufpel.edu.br\/jel\/files\/2019\/03\/VALORES_5jel.jpg\" alt=\"\" width=\"614\" height=\"463\" srcset=\"https:\/\/wp.ufpel.edu.br\/jel\/files\/2019\/03\/VALORES_5jel.jpg 1020w, https:\/\/wp.ufpel.edu.br\/jel\/files\/2019\/03\/VALORES_5jel-212x159.jpg 212w, https:\/\/wp.ufpel.edu.br\/jel\/files\/2019\/03\/VALORES_5jel-421x318.jpg 421w, https:\/\/wp.ufpel.edu.br\/jel\/files\/2019\/03\/VALORES_5jel-768x580.jpg 768w\" sizes=\"auto, (max-width: 614px) 100vw, 614px\" \/><\/p>\n<p><span style=\"font-size: 8pt\"><sup>1<\/sup>\u00a0\u00a0<span style=\"font-weight: 400\">Benefici\u00e1rios dos Programas de Assist\u00eancia Estudantil da Pr\u00f3-Reitoria de Assuntos Estudantis (PRAE) da Universidade Federal de Pelotas.<\/span><\/span><\/p>\n<p style=\"text-align: justify\"><strong><span style=\"color: #ff0000\">ATEN\u00c7\u00c3O!<\/span><\/strong><span style=\"font-weight: 400\"> Os participantes que se inscreverem nas modalidades \u201cbolsista PRAE\/UFPEL\u201d (categorias \u201c<\/span><b>a<\/b><span style=\"font-weight: 400\">\u201d e \u201c<\/span><b>e<\/b><span style=\"font-weight: 400\">\u201d) ou \u201caluno de gradua\u00e7\u00e3o UFPEL\u201d (modalidades \u201c<\/span><b>b<\/b><span style=\"font-weight: 400\">\u201d e \u201c<\/span><b>f<\/b><span style=\"font-weight: 400\">\u201d) dever\u00e3o enviar, atrav\u00e9s do campo indicado no formul\u00e1rio de inscri\u00e7\u00e3o, a comprova\u00e7\u00e3o de sua condi\u00e7\u00e3o. <\/span><\/p>\n<p style=\"text-align: justify\"><span style=\"font-weight: 400\">Os bolsistas PRAE\/UFPEL dever\u00e3o enviar atestado PRAE e os alunos de gradua\u00e7\u00e3o da UFPEL dever\u00e3o enviar atestado de matr\u00edcula. <\/span><\/p>\n<p style=\"text-align: justify\"><span style=\"font-weight: 400\">Os inscritos nas modalidades \u201c<\/span><b>a<\/b><span style=\"font-weight: 400\">\u201d e \u201c<\/span><b>e<\/b><span style=\"font-weight: 400\">\u201d que n\u00e3o cumprirem a exig\u00eancia de comprova\u00e7\u00e3o de condi\u00e7\u00e3o no ato da inscri\u00e7\u00e3o online ter\u00e3o sua participa\u00e7\u00e3o condicionada ao pagamento, no hor\u00e1rio de credenciamento no evento, do valor correspondente \u00e0 inscri\u00e7\u00e3o na categoria \u201coutros\u201d (R$ 45,00 para apresentador e R$ 35,00 para ouvinte). <\/span><\/p>\n<p style=\"text-align: justify\"><span style=\"font-weight: 400\">Os inscritos nas modalidades \u201c<\/span><b>b<\/b><span style=\"font-weight: 400\">\u201d e \u201c<\/span><b>f<\/b><span style=\"font-weight: 400\">\u201d que n\u00e3o cumprirem a exig\u00eancia de comprova\u00e7\u00e3o de condi\u00e7\u00e3o no ato da inscri\u00e7\u00e3o online ter\u00e3o sua participa\u00e7\u00e3o condicionada ao pagamento, no hor\u00e1rio de credenciamento no evento, do valor correspondente \u00e0 diferen\u00e7a entre o valor j\u00e1 pago e o de inscri\u00e7\u00e3o na categoria \u201coutros\u201d (R$ 45,00 para apresentador e R$ 35,00 para ouvinte).<\/span><\/p>\n<p>&nbsp;<\/p>\n<p><span style=\"font-weight: 400\">\u00a0 4. <span style=\"font-size: 14pt\"><strong>ANAIS DO EVENTO<\/strong><\/span><\/span><\/p>\n<p style=\"text-align: justify\">Os resumos de todas as atividades do evento (palestras, minicursos e comunica\u00e7\u00f5es) ser\u00e3o reunidos nos Anais da 5\u00aa JEL, que ser\u00e3o publicados na p\u00e1gina (<a href=\"https:\/\/wp.ufpel.edu.br\/jel\" target=\"_blank\" rel=\"noopener noreferrer\">https:\/\/wp.ufpel.edu.br\/jel<\/a>) depois da Jornada.<\/p>\n<p>&nbsp;<\/p>\n<p><span style=\"font-size: 14pt\"><span style=\"font-size: 12pt\">5. <\/span><b>OUTRAS INFORMA\u00c7\u00d5ES<\/b><\/span><\/p>\n<p style=\"text-align: justify\"><span style=\"font-weight: 400\">Em caso de d\u00favidas sobre assuntos n\u00e3o contemplados nas circulares, no<\/span><a href=\"https:\/\/wp.ufpel.edu.br\/jel\/\"> <i><span style=\"font-weight: 400\">site WordPress<\/span><\/i><\/a><span style=\"font-weight: 400\"> ou na<\/span><a href=\"http:\/\/www.facebook.com\/jel.ufpel.ppgl\/\"> <span style=\"font-weight: 400\">p\u00e1gina do Facebook<\/span><\/a><span style=\"font-weight: 400\">, favor entrar em contato com a Comiss\u00e3o pelo e-mail do evento (jel.ufpel.ppgl@gmail.com).<\/span><\/p>\n<p>&nbsp;<\/p>\n","protected":false},"excerpt":{"rendered":"<p>Esta Circular foi publicada em 01\/05\/2019 e atualizada em 16\/08\/2019. Para acessar a Circular 01\/2019, clique aqui. CIRCULAR 02\/2019 &nbsp; APRESENTA\u00c7\u00c3O &nbsp; A 5\u00aa Jornada de Estudos da Linguagem (JEL) ocorrer\u00e1 entre os dias 2 e 6 de setembro de 2019. O evento \u00e9 organizado anualmente por discentes do Programa de P\u00f3s\u2011Gradua\u00e7\u00e3o em Letras (PPGL) &hellip; <\/p>\n<p><a class=\"more-link btn\" href=\"https:\/\/wp.ufpel.edu.br\/jel\/5a-edicao\/circular-02-2019\/\">Continue lendo<\/a><\/p>\n","protected":false},"author":732,"featured_media":0,"parent":1136,"menu_order":2,"comment_status":"closed","ping_status":"closed","template":"","meta":{"jetpack_post_was_ever_published":false,"footnotes":""},"class_list":["post-858","page","type-page","status-publish","hentry","nodate","item-wrap"],"jetpack_sharing_enabled":true,"jetpack_shortlink":"https:\/\/wp.me\/PaOwBf-dQ","_links":{"self":[{"href":"https:\/\/wp.ufpel.edu.br\/jel\/wp-json\/wp\/v2\/pages\/858","targetHints":{"allow":["GET"]}}],"collection":[{"href":"https:\/\/wp.ufpel.edu.br\/jel\/wp-json\/wp\/v2\/pages"}],"about":[{"href":"https:\/\/wp.ufpel.edu.br\/jel\/wp-json\/wp\/v2\/types\/page"}],"author":[{"embeddable":true,"href":"https:\/\/wp.ufpel.edu.br\/jel\/wp-json\/wp\/v2\/users\/732"}],"replies":[{"embeddable":true,"href":"https:\/\/wp.ufpel.edu.br\/jel\/wp-json\/wp\/v2\/comments?post=858"}],"version-history":[{"count":9,"href":"https:\/\/wp.ufpel.edu.br\/jel\/wp-json\/wp\/v2\/pages\/858\/revisions"}],"predecessor-version":[{"id":899,"href":"https:\/\/wp.ufpel.edu.br\/jel\/wp-json\/wp\/v2\/pages\/858\/revisions\/899"}],"up":[{"embeddable":true,"href":"https:\/\/wp.ufpel.edu.br\/jel\/wp-json\/wp\/v2\/pages\/1136"}],"wp:attachment":[{"href":"https:\/\/wp.ufpel.edu.br\/jel\/wp-json\/wp\/v2\/media?parent=858"}],"curies":[{"name":"wp","href":"https:\/\/api.w.org\/{rel}","templated":true}]}}