{"id":726,"date":"2019-02-01T14:14:49","date_gmt":"2019-02-01T16:14:49","guid":{"rendered":"https:\/\/wp.ufpel.edu.br\/jel\/?page_id=726"},"modified":"2024-08-17T22:54:06","modified_gmt":"2024-08-18T01:54:06","slug":"2a-jel-2016","status":"publish","type":"page","link":"https:\/\/wp.ufpel.edu.br\/jel\/edicoes-anteriores\/2a-jel-2016\/","title":{"rendered":"2\u00aa JEL (2016)"},"content":{"rendered":"<h4><strong>2\u00aa JEL: A linguagem e suas manifesta\u00e7\u00f5es <\/strong>(2016)<\/h4>\n<ul>\n<li><a href=\"https:\/\/drive.google.com\/file\/d\/0B6YSFed8DjY9aWl3dG5mY3JhV0E\/view\" target=\"_blank\" rel=\"noopener\">Atestados, programa\u00e7\u00e3o e postagens<\/a><\/li>\n<li><a href=\"https:\/\/drive.google.com\/drive\/folders\/0B6YSFed8DjY9RGRnREEzV1d3MHM\" target=\"_blank\" rel=\"noopener\">Fotos<\/a><\/li>\n<\/ul>\n","protected":false},"excerpt":{"rendered":"<p>2\u00aa JEL: A linguagem e suas manifesta\u00e7\u00f5es (2016) Atestados, programa\u00e7\u00e3o e postagens Fotos<\/p>\n","protected":false},"author":732,"featured_media":0,"parent":191,"menu_order":8,"comment_status":"closed","ping_status":"closed","template":"","meta":{"jetpack_post_was_ever_published":false,"footnotes":""},"class_list":["post-726","page","type-page","status-publish","hentry","nodate","item-wrap"],"jetpack_sharing_enabled":true,"jetpack_shortlink":"https:\/\/wp.me\/PaOwBf-bI","_links":{"self":[{"href":"https:\/\/wp.ufpel.edu.br\/jel\/wp-json\/wp\/v2\/pages\/726","targetHints":{"allow":["GET"]}}],"collection":[{"href":"https:\/\/wp.ufpel.edu.br\/jel\/wp-json\/wp\/v2\/pages"}],"about":[{"href":"https:\/\/wp.ufpel.edu.br\/jel\/wp-json\/wp\/v2\/types\/page"}],"author":[{"embeddable":true,"href":"https:\/\/wp.ufpel.edu.br\/jel\/wp-json\/wp\/v2\/users\/732"}],"replies":[{"embeddable":true,"href":"https:\/\/wp.ufpel.edu.br\/jel\/wp-json\/wp\/v2\/comments?post=726"}],"version-history":[{"count":4,"href":"https:\/\/wp.ufpel.edu.br\/jel\/wp-json\/wp\/v2\/pages\/726\/revisions"}],"predecessor-version":[{"id":733,"href":"https:\/\/wp.ufpel.edu.br\/jel\/wp-json\/wp\/v2\/pages\/726\/revisions\/733"}],"up":[{"embeddable":true,"href":"https:\/\/wp.ufpel.edu.br\/jel\/wp-json\/wp\/v2\/pages\/191"}],"wp:attachment":[{"href":"https:\/\/wp.ufpel.edu.br\/jel\/wp-json\/wp\/v2\/media?parent=726"}],"curies":[{"name":"wp","href":"https:\/\/api.w.org\/{rel}","templated":true}]}}