{"id":723,"date":"2019-02-01T14:13:41","date_gmt":"2019-02-01T16:13:41","guid":{"rendered":"https:\/\/wp.ufpel.edu.br\/jel\/?page_id=723"},"modified":"2024-08-17T22:53:43","modified_gmt":"2024-08-18T01:53:43","slug":"3a-jel-2017","status":"publish","type":"page","link":"https:\/\/wp.ufpel.edu.br\/jel\/edicoes-anteriores\/3a-jel-2017\/","title":{"rendered":"3\u00aa JEL (2017)"},"content":{"rendered":"<h4 style=\"text-align: left;\"><span style=\"font-size: 14pt;\"><b>3\u00aa JEL: As interfaces da Lingu\u00edstica na contemporaneidade\u00a0<\/b><\/span><span style=\"font-size: 14pt;\"><b>(2017)<\/b><\/span><\/h4>\n<h6 style=\"text-align: left;\"><span style=\"font-size: 12pt;\">Atestados<\/span><\/h6>\n<p>Os atestados se encontram dispon\u00edveis no link abaixo. Para acess\u00e1-los, voc\u00ea dever\u00e1 fornecer seu<b> C\u00f3digo de Inscri\u00e7\u00e3o<\/b>, fornecido por e-mail junto com a confirma\u00e7\u00e3o de inscri\u00e7\u00e3o. Para encontrar os atestados em seu nome na pasta do Google Drive com maior facilidade, recomenda-se o uso do comando Ctrl+F.<\/p>\n<p><span style=\"background-color: #ccffcc;\"><strong>Link para os atestados<\/strong><\/span> (Google Drive)<strong>:<\/strong>\u00a0<a href=\"https:\/\/drive.google.com\/open?id=0B6YSFed8DjY9UjdvZmxNYkZYeTg\"><strong>clique aqui<\/strong><\/a><\/p>\n","protected":false},"excerpt":{"rendered":"<p>3\u00aa JEL: As interfaces da Lingu\u00edstica na contemporaneidade\u00a0(2017) Atestados Os atestados se encontram dispon\u00edveis no link abaixo. Para acess\u00e1-los, voc\u00ea dever\u00e1 fornecer seu C\u00f3digo de Inscri\u00e7\u00e3o, fornecido por e-mail junto com a confirma\u00e7\u00e3o de inscri\u00e7\u00e3o. Para encontrar os atestados em seu nome na pasta do Google Drive com maior facilidade, recomenda-se o uso do comando &hellip; <\/p>\n<p><a class=\"more-link btn\" href=\"https:\/\/wp.ufpel.edu.br\/jel\/edicoes-anteriores\/3a-jel-2017\/\">Continue lendo<\/a><\/p>\n","protected":false},"author":732,"featured_media":0,"parent":191,"menu_order":7,"comment_status":"closed","ping_status":"closed","template":"","meta":{"jetpack_post_was_ever_published":false,"footnotes":""},"class_list":["post-723","page","type-page","status-publish","hentry","nodate","item-wrap"],"jetpack_sharing_enabled":true,"jetpack_shortlink":"https:\/\/wp.me\/PaOwBf-bF","_links":{"self":[{"href":"https:\/\/wp.ufpel.edu.br\/jel\/wp-json\/wp\/v2\/pages\/723","targetHints":{"allow":["GET"]}}],"collection":[{"href":"https:\/\/wp.ufpel.edu.br\/jel\/wp-json\/wp\/v2\/pages"}],"about":[{"href":"https:\/\/wp.ufpel.edu.br\/jel\/wp-json\/wp\/v2\/types\/page"}],"author":[{"embeddable":true,"href":"https:\/\/wp.ufpel.edu.br\/jel\/wp-json\/wp\/v2\/users\/732"}],"replies":[{"embeddable":true,"href":"https:\/\/wp.ufpel.edu.br\/jel\/wp-json\/wp\/v2\/comments?post=723"}],"version-history":[{"count":6,"href":"https:\/\/wp.ufpel.edu.br\/jel\/wp-json\/wp\/v2\/pages\/723\/revisions"}],"predecessor-version":[{"id":1608,"href":"https:\/\/wp.ufpel.edu.br\/jel\/wp-json\/wp\/v2\/pages\/723\/revisions\/1608"}],"up":[{"embeddable":true,"href":"https:\/\/wp.ufpel.edu.br\/jel\/wp-json\/wp\/v2\/pages\/191"}],"wp:attachment":[{"href":"https:\/\/wp.ufpel.edu.br\/jel\/wp-json\/wp\/v2\/media?parent=723"}],"curies":[{"name":"wp","href":"https:\/\/api.w.org\/{rel}","templated":true}]}}