{"id":720,"date":"2019-02-01T14:11:48","date_gmt":"2019-02-01T16:11:48","guid":{"rendered":"https:\/\/wp.ufpel.edu.br\/jel\/?page_id=720"},"modified":"2024-09-14T02:27:31","modified_gmt":"2024-09-14T05:27:31","slug":"4a-jel-2018","status":"publish","type":"page","link":"https:\/\/wp.ufpel.edu.br\/jel\/edicoes-anteriores\/4a-jel-2018\/","title":{"rendered":"4\u00aa JEL (2018)"},"content":{"rendered":"<h3><span style=\"font-size: 14pt;\"><strong>Anais do evento<\/strong><\/span><\/h3>\n<p><span style=\"font-size: 12pt;\"><a href=\"https:\/\/drive.google.com\/open?id=1ppL9G9R9hk71b2q56oB1DnPuv4vUUrlD\" target=\"_blank\" rel=\"noopener\"><strong>Clique aqui<\/strong><\/a><\/span> para acessar os Anais da\u00a0<strong>4\u00aa Jornada de Estudos da Linguagem<\/strong>,\u00a0que cont\u00e9m os resumos de todos os trabalhos apresentados no evento.<\/p>\n<h3><span style=\"font-size: 14pt;\">Atestados<\/span><\/h3>\n<p>Para acessar os atestados na 4\u00aa Jornada de Estudos da Linguagem, por favor responda \u00e0 <strong>sondagem de satisfa\u00e7\u00e3o<\/strong> com suas impress\u00f5es, para nos ajudar a aperfei\u00e7oar o evento. Ap\u00f3s o preenchimento do formul\u00e1rio, voc\u00ea ter\u00e1 acesso ao link dos atestados.<br \/>\n<span style=\"background-color: #ccffcc;\"><strong>Sondagem de satisfa\u00e7\u00e3o<\/strong><\/span> (Google Forms): <a href=\"https:\/\/docs.google.com\/forms\/d\/e\/1FAIpQLSdpFo0yDgTrmSeOOKGHOpMewiggTZU7-MpnQ7ZqGMCDtF3k6A\/viewform\" target=\"_blank\" rel=\"noopener\"><strong>clique aqui<\/strong><\/a><\/p>\n<p>Os atestados est\u00e3o protegidos por senha. Basta digitar o CPF SEM D\u00cdGITO E SEM PONTO (exemplo: 99999999999) informado pelo candidato no ato da inscri\u00e7\u00e3o online. Caso haja algum imprevisto, favor entrar em contato com nossa equipe de Atestados pelo e-mail do evento (<a href=\"mailto:jel.ufpel.ppgl@gmail.com\">jel.ufpel.ppgl@gmail.com<\/a>).<\/p>\n","protected":false},"excerpt":{"rendered":"<p>Anais do evento Clique aqui para acessar os Anais da\u00a04\u00aa Jornada de Estudos da Linguagem,\u00a0que cont\u00e9m os resumos de todos os trabalhos apresentados no evento. Atestados Para acessar os atestados na 4\u00aa Jornada de Estudos da Linguagem, por favor responda \u00e0 sondagem de satisfa\u00e7\u00e3o com suas impress\u00f5es, para nos ajudar a aperfei\u00e7oar o evento. Ap\u00f3s &hellip; <\/p>\n<p><a class=\"more-link btn\" href=\"https:\/\/wp.ufpel.edu.br\/jel\/edicoes-anteriores\/4a-jel-2018\/\">Continue lendo<\/a><\/p>\n","protected":false},"author":732,"featured_media":0,"parent":191,"menu_order":5,"comment_status":"closed","ping_status":"closed","template":"","meta":{"jetpack_post_was_ever_published":false,"footnotes":""},"class_list":["post-720","page","type-page","status-publish","hentry","nodate","item-wrap"],"jetpack_sharing_enabled":true,"jetpack_shortlink":"https:\/\/wp.me\/PaOwBf-bC","_links":{"self":[{"href":"https:\/\/wp.ufpel.edu.br\/jel\/wp-json\/wp\/v2\/pages\/720","targetHints":{"allow":["GET"]}}],"collection":[{"href":"https:\/\/wp.ufpel.edu.br\/jel\/wp-json\/wp\/v2\/pages"}],"about":[{"href":"https:\/\/wp.ufpel.edu.br\/jel\/wp-json\/wp\/v2\/types\/page"}],"author":[{"embeddable":true,"href":"https:\/\/wp.ufpel.edu.br\/jel\/wp-json\/wp\/v2\/users\/732"}],"replies":[{"embeddable":true,"href":"https:\/\/wp.ufpel.edu.br\/jel\/wp-json\/wp\/v2\/comments?post=720"}],"version-history":[{"count":5,"href":"https:\/\/wp.ufpel.edu.br\/jel\/wp-json\/wp\/v2\/pages\/720\/revisions"}],"predecessor-version":[{"id":1272,"href":"https:\/\/wp.ufpel.edu.br\/jel\/wp-json\/wp\/v2\/pages\/720\/revisions\/1272"}],"up":[{"embeddable":true,"href":"https:\/\/wp.ufpel.edu.br\/jel\/wp-json\/wp\/v2\/pages\/191"}],"wp:attachment":[{"href":"https:\/\/wp.ufpel.edu.br\/jel\/wp-json\/wp\/v2\/media?parent=720"}],"curies":[{"name":"wp","href":"https:\/\/api.w.org\/{rel}","templated":true}]}}