{"id":183,"date":"2017-08-07T19:36:11","date_gmt":"2017-08-07T22:36:11","guid":{"rendered":"https:\/\/wp.ufpel.edu.br\/jel\/?page_id=183"},"modified":"2019-10-15T16:14:03","modified_gmt":"2019-10-15T19:14:03","slug":"organizacao","status":"publish","type":"page","link":"https:\/\/wp.ufpel.edu.br\/jel\/5a-edicao\/organizacao\/","title":{"rendered":"Organiza\u00e7\u00e3o"},"content":{"rendered":"<h4 style=\"text-align: left\"><span style=\"font-size: 12pt\">Comiss\u00e3o Organizadora da 5\u00aa Jornada de Estudos da Linguagem &#8211; 2019<br \/>\n<\/span><\/h4>\n<p>Bruna Teixeira Correa<br \/>\nBruna Vit\u00f3ria Tejada<br \/>\nC\u00edcero Augusto Kurz Lemes<br \/>\nGraciele de Paula Santos Cordeiro<br \/>\nJana\u00edna Buchweitz e Silva<br \/>\nJess\u00e9 Carvalho Lebkuchen<br \/>\nLissa Pachalski<br \/>\nMaicon Farias Vieira<br \/>\nMariana Waskow Rad\u00fcnz<br \/>\nMilena Alves Borba<br \/>\nMillaine de Souza Carvalho<br \/>\nMisael Kr\u00fcger Lemes<br \/>\nWendel Wickboldt Buchweitz<\/p>\n","protected":false},"excerpt":{"rendered":"<p>Comiss\u00e3o Organizadora da 5\u00aa Jornada de Estudos da Linguagem &#8211; 2019 Bruna Teixeira Correa Bruna Vit\u00f3ria Tejada C\u00edcero Augusto Kurz Lemes Graciele de Paula Santos Cordeiro Jana\u00edna Buchweitz e Silva Jess\u00e9 Carvalho Lebkuchen Lissa Pachalski Maicon Farias Vieira Mariana Waskow Rad\u00fcnz Milena Alves Borba Millaine de Souza Carvalho Misael Kr\u00fcger Lemes Wendel Wickboldt Buchweitz<\/p>\n","protected":false},"author":732,"featured_media":0,"parent":1136,"menu_order":4,"comment_status":"closed","ping_status":"closed","template":"","meta":{"jetpack_post_was_ever_published":false,"footnotes":""},"class_list":["post-183","page","type-page","status-publish","hentry","nodate","item-wrap"],"jetpack_sharing_enabled":true,"jetpack_shortlink":"https:\/\/wp.me\/PaOwBf-2X","_links":{"self":[{"href":"https:\/\/wp.ufpel.edu.br\/jel\/wp-json\/wp\/v2\/pages\/183","targetHints":{"allow":["GET"]}}],"collection":[{"href":"https:\/\/wp.ufpel.edu.br\/jel\/wp-json\/wp\/v2\/pages"}],"about":[{"href":"https:\/\/wp.ufpel.edu.br\/jel\/wp-json\/wp\/v2\/types\/page"}],"author":[{"embeddable":true,"href":"https:\/\/wp.ufpel.edu.br\/jel\/wp-json\/wp\/v2\/users\/732"}],"replies":[{"embeddable":true,"href":"https:\/\/wp.ufpel.edu.br\/jel\/wp-json\/wp\/v2\/comments?post=183"}],"version-history":[{"count":14,"href":"https:\/\/wp.ufpel.edu.br\/jel\/wp-json\/wp\/v2\/pages\/183\/revisions"}],"predecessor-version":[{"id":1085,"href":"https:\/\/wp.ufpel.edu.br\/jel\/wp-json\/wp\/v2\/pages\/183\/revisions\/1085"}],"up":[{"embeddable":true,"href":"https:\/\/wp.ufpel.edu.br\/jel\/wp-json\/wp\/v2\/pages\/1136"}],"wp:attachment":[{"href":"https:\/\/wp.ufpel.edu.br\/jel\/wp-json\/wp\/v2\/media?parent=183"}],"curies":[{"name":"wp","href":"https:\/\/api.w.org\/{rel}","templated":true}]}}