{"id":1397,"date":"2023-08-17T17:00:34","date_gmt":"2023-08-17T20:00:34","guid":{"rendered":"https:\/\/wp.ufpel.edu.br\/jel\/?page_id=1397"},"modified":"2025-09-11T16:48:19","modified_gmt":"2025-09-11T19:48:19","slug":"inscricoes-7-jel","status":"publish","type":"page","link":"https:\/\/wp.ufpel.edu.br\/jel\/8a-edicao\/inscricoes-7-jel\/","title":{"rendered":"Inscri\u00e7\u00f5es"},"content":{"rendered":"<p style=\"text-align: justify;\">Para se inscrever na <strong>8\u00aa Jornada de Estudos da Linguagem<\/strong>, \u00e9 importante ler atentamente a <a href=\"https:\/\/wp.ufpel.edu.br\/jel\/8a-edicao\/circular\/\"><strong>circular<\/strong><\/a>, onde \u00e9 poss\u00edvel encontrar as informa\u00e7\u00f5es sobre o evento!<\/p>\n<p style=\"text-align: justify;\"><strong>1. PARTICIPANTES SEM APRESENTA\u00c7\u00c3O DE TRABALHO<\/strong><\/p>\n<p><a href=\"https:\/\/docs.google.com\/forms\/d\/e\/1FAIpQLSep1N0addmVxeuq_O2bEHlVAEBNhLxIkNN_VblJmhPrvy4ffA\/viewform\"><span style=\"font-weight: 400;\">Inscri\u00e7\u00f5es para p<\/span>articipantes <strong>sem<\/strong> apresenta\u00e7\u00e3o de trabalho<\/a><\/p>\n<p style=\"text-align: justify;\"><strong>2. PARTICIPANTES COM APRESENTA\u00c7\u00c3O DE TRABALHO<\/strong><\/p>\n<p><strong>2.1 Comunica\u00e7\u00f5es<\/strong><\/p>\n<p><a href=\"https:\/\/docs.google.com\/forms\/d\/e\/1FAIpQLSdFT0Tfr2sZnwab9vXSA0poFOechR1f6w4n50QNsAnMqUffqQ\/viewform\">Inscri\u00e7\u00f5es para comunica\u00e7\u00f5es<\/a><\/p>\n<p><a href=\"https:\/\/docs.google.com\/document\/d\/1gLbXMpGerXtJ57JN3YeBFFohfbgcQeT9aK2mL5DDQTs\/edit?tab=t.0\">Modelo para resumos<\/a><\/p>\n<p><a href=\"https:\/\/docs.google.com\/presentation\/d\/1W0i3duwbjE2fW8LKFT95WN1otVpnZq2QfX2k4TSmNkQ\/edit?slide=id.p#slide=id.p\">Modelo para\u00a0 slide<\/a><\/p>\n<p><strong>2.2 Relatos de experi\u00eancia<\/strong><\/p>\n<p><a href=\"https:\/\/docs.google.com\/forms\/d\/e\/1FAIpQLSdFT0Tfr2sZnwab9vXSA0poFOechR1f6w4n50QNsAnMqUffqQ\/viewform\">Inscri\u00e7\u00f5es para relatos de experi\u00eancia<\/a><\/p>\n<p><a href=\"https:\/\/docs.google.com\/document\/d\/1gLbXMpGerXtJ57JN3YeBFFohfbgcQeT9aK2mL5DDQTs\/edit?tab=t.0\">Modelo para relatos de experi\u00eancia<\/a><\/p>\n<p><a href=\"https:\/\/docs.google.com\/presentation\/d\/1W0i3duwbjE2fW8LKFT95WN1otVpnZq2QfX2k4TSmNkQ\/edit?slide=id.p#slide=id.p\">Modelo para slide<\/a><\/p>\n","protected":false},"excerpt":{"rendered":"<p>Para se inscrever na 8\u00aa Jornada de Estudos da Linguagem, \u00e9 importante ler atentamente a circular, onde \u00e9 poss\u00edvel encontrar as informa\u00e7\u00f5es sobre o evento! 1. PARTICIPANTES SEM APRESENTA\u00c7\u00c3O DE TRABALHO Inscri\u00e7\u00f5es para participantes sem apresenta\u00e7\u00e3o de trabalho 2. PARTICIPANTES COM APRESENTA\u00c7\u00c3O DE TRABALHO 2.1 Comunica\u00e7\u00f5es Inscri\u00e7\u00f5es para comunica\u00e7\u00f5es Modelo para resumos Modelo para\u00a0 slide &hellip; <\/p>\n<p><a class=\"more-link btn\" href=\"https:\/\/wp.ufpel.edu.br\/jel\/8a-edicao\/inscricoes-7-jel\/\">Continue lendo<\/a><\/p>\n","protected":false},"author":732,"featured_media":0,"parent":1274,"menu_order":0,"comment_status":"closed","ping_status":"closed","template":"","meta":{"jetpack_post_was_ever_published":false,"footnotes":""},"class_list":["post-1397","page","type-page","status-publish","hentry","nodate","item-wrap"],"jetpack_sharing_enabled":true,"jetpack_shortlink":"https:\/\/wp.me\/PaOwBf-mx","_links":{"self":[{"href":"https:\/\/wp.ufpel.edu.br\/jel\/wp-json\/wp\/v2\/pages\/1397","targetHints":{"allow":["GET"]}}],"collection":[{"href":"https:\/\/wp.ufpel.edu.br\/jel\/wp-json\/wp\/v2\/pages"}],"about":[{"href":"https:\/\/wp.ufpel.edu.br\/jel\/wp-json\/wp\/v2\/types\/page"}],"author":[{"embeddable":true,"href":"https:\/\/wp.ufpel.edu.br\/jel\/wp-json\/wp\/v2\/users\/732"}],"replies":[{"embeddable":true,"href":"https:\/\/wp.ufpel.edu.br\/jel\/wp-json\/wp\/v2\/comments?post=1397"}],"version-history":[{"count":3,"href":"https:\/\/wp.ufpel.edu.br\/jel\/wp-json\/wp\/v2\/pages\/1397\/revisions"}],"predecessor-version":[{"id":1953,"href":"https:\/\/wp.ufpel.edu.br\/jel\/wp-json\/wp\/v2\/pages\/1397\/revisions\/1953"}],"up":[{"embeddable":true,"href":"https:\/\/wp.ufpel.edu.br\/jel\/wp-json\/wp\/v2\/pages\/1274"}],"wp:attachment":[{"href":"https:\/\/wp.ufpel.edu.br\/jel\/wp-json\/wp\/v2\/media?parent=1397"}],"curies":[{"name":"wp","href":"https:\/\/api.w.org\/{rel}","templated":true}]}}