{"id":1306,"date":"2023-08-03T14:10:54","date_gmt":"2023-08-03T17:10:54","guid":{"rendered":"https:\/\/wp.ufpel.edu.br\/jel\/?page_id=1306"},"modified":"2023-12-06T11:52:29","modified_gmt":"2023-12-06T14:52:29","slug":"geral","status":"publish","type":"page","link":"https:\/\/wp.ufpel.edu.br\/jel\/8a-edicao\/programacao\/geral\/","title":{"rendered":"Geral"},"content":{"rendered":"<table style=\"height: 273px; width: 100%; border-collapse: collapse; background-color: #bcd1d1;\" border=\"1\">\n<tbody>\n<tr style=\"height: 39px;\">\n<td style=\"width: 20.2667%; height: 39px;\">HOR\u00c1RIO<\/td>\n<td style=\"width: 55.9999%; height: 39px;\"><strong>SEGUNDA-FEIRA &#8211; 04\/12<\/strong><\/td>\n<td style=\"width: 23.7333%; height: 39px;\">LOCAL<\/td>\n<\/tr>\n<tr style=\"background-color: #ffffff;\">\n<td style=\"width: 20.2667%; height: 39px;\"><strong>8:00-9:00<\/strong><\/td>\n<td style=\"width: 55.9999%; height: 39px;\">Credenciamento<\/td>\n<td style=\"width: 23.7333%; height: 39px;\"><span style=\"font-weight: 400;\">Audit\u00f3rio CEHUS<\/span><\/td>\n<\/tr>\n<tr style=\"background-color: #ffffff;\">\n<td style=\"width: 20.2667%; height: 10px;\"><strong>9:30 &#8211; 10:00<\/strong><\/td>\n<td style=\"width: 55.9999%; height: 10px;\">Abertura Solene na 6\u00aa JEL (representantes do PPGL, PRPPG e CLC)<\/td>\n<td style=\"width: 23.7333%; height: 10px;\"><span style=\"font-weight: 400;\">Audit\u00f3rio CEHUS<\/span><\/td>\n<\/tr>\n<tr style=\"background-color: #ffffff;\">\n<td style=\"width: 20.2667%; height: 85px;\"><strong>10:00-12:00<\/strong><\/td>\n<td style=\"width: 55.9999%; height: 85px;\">Palestra de abertura &#8211; Juciane Cavalheiro<\/td>\n<td style=\"width: 23.7333%; height: 85px;\"><span style=\"font-weight: 400;\">Audit\u00f3rio CEHUS<\/span><\/td>\n<\/tr>\n<tr style=\"background-color: #ffffff;\">\n<td style=\"width: 20.2667%; height: 39px;\"><strong>14:00-15:30<\/strong><\/td>\n<td style=\"width: 55.9999%; height: 39px;\">Ciclo de conversas &#8211; Estudos de linguagem e\/da literatura &#8211; <span style=\"font-weight: 400;\">Daiane Neumann e Alfeu Sparemberger<\/span><\/td>\n<td style=\"width: 23.7333%; height: 39px;\"><span style=\"font-weight: 400;\">Audit\u00f3rio CEHUS<\/span><\/td>\n<\/tr>\n<tr style=\"background-color: #ffffff;\">\n<td style=\"width: 20.2667%; height: 39px;\"><strong>16:00-17:30<\/strong><\/td>\n<td style=\"width: 55.9999%; height: 39px;\">Ciclo de conversas &#8211; Pol\u00edticas lingu\u00edsticas &#8211; I<span style=\"font-weight: 400;\">sabella Mozzillo e Tatiana Lebedeff<\/span><\/td>\n<td style=\"width: 23.7333%; height: 39px;\"><span style=\"font-weight: 400;\">Audit\u00f3rio CEHUS<\/span><\/td>\n<\/tr>\n<tr style=\"background-color: #ffffff;\">\n<td style=\"width: 20.2667%; height: 39px;\"><strong>17:30-18:30<\/strong><\/td>\n<td style=\"width: 55.9999%; height: 39px;\">Coffee break<\/td>\n<td style=\"width: 23.7333%; height: 39px;\"><\/td>\n<\/tr>\n<tr style=\"background-color: #ffffff;\">\n<td style=\"width: 20.2667%; height: 39px;\"><strong>19:00-20:30<\/strong><\/td>\n<td style=\"width: 55.9999%; height: 39px;\">Ciclo de conversas &#8211; <span style=\"font-weight: 400;\">Linguagem e pol\u00edtica &#8211; Eduardo Marks de Marques e Karina Giacomelli<\/span><\/td>\n<td style=\"width: 23.7333%; height: 39px;\"><span style=\"font-weight: 400;\">Audit\u00f3rio CEHUS<\/span><\/td>\n<\/tr>\n<\/tbody>\n<\/table>\n<table style=\"height: 273px; width: 100%; border-collapse: collapse; background-color: #bcd1d1;\" border=\"1\">\n<tbody>\n<tr style=\"height: 39px;\">\n<td style=\"width: 20.2667%; height: 10px;\">HOR\u00c1RIO<\/td>\n<td style=\"width: 56.1333%; height: 10px;\"><strong>TER\u00c7A-FEIRA &#8211; 05\/12<\/strong><\/td>\n<td style=\"width: 23.5999%;\">LOCAL<\/td>\n<\/tr>\n<tr style=\"background-color: #ffffff;\">\n<td style=\"width: 20.2667%; height: 39px;\"><strong>9:00-12:00<\/strong><\/td>\n<td style=\"width: 56.1333%; height: 39px;\">Minicursos<\/td>\n<td style=\"width: 23.5999%;\"><a href=\"https:\/\/wp.ufpel.edu.br\/jel\/6a-edicao\/programacao\/minicursos\/\">Confira na p\u00e1gina de Minicursos<\/a><\/td>\n<\/tr>\n<tr style=\"background-color: #ffffff;\">\n<td style=\"width: 20.2667%; height: 39px;\"><strong>14:00-17:00<\/strong><\/td>\n<td style=\"width: 56.1333%; height: 39px;\">Comunica\u00e7\u00f5es<\/td>\n<td style=\"width: 23.5999%;\"><a href=\"https:\/\/wp.ufpel.edu.br\/jel\/6a-edicao\/programacao\/comunicacoes\/\">Confira na p\u00e1gina de Comunica\u00e7\u00f5es<\/a><\/td>\n<\/tr>\n<tr style=\"background-color: #ffffff;\">\n<td style=\"width: 20.2667%; height: 39px;\"><strong>17:00-19:00<\/strong><\/td>\n<td style=\"width: 56.1333%; height: 39px;\">Coffee break<\/td>\n<td style=\"width: 23.5999%;\"><\/td>\n<\/tr>\n<tr style=\"background-color: #ffffff;\">\n<td style=\"width: 20.2667%; height: 39px;\"><strong>19:00-21:00<\/strong><\/td>\n<td style=\"width: 56.1333%; height: 39px;\">Palestra: <span class=\"OYPEnA text-decoration-none text-strikethrough-none\">Interdisciplinaridade na Lingu\u00edstica Aplicada: relatos e caminhos de pesquisa &#8211; <span style=\"font-weight: 400;\">Clarissa Amariz<\/span><\/span><\/td>\n<td style=\"width: 23.5999%;\"><span style=\"font-weight: 400;\">Audit\u00f3rio CEHUS<\/span><\/td>\n<\/tr>\n<\/tbody>\n<\/table>\n<table style=\"height: 273px; width: 100%; border-collapse: collapse; background-color: #bcd1d1;\" border=\"1\">\n<tbody>\n<tr style=\"height: 39px;\">\n<td style=\"width: 20.2667%; height: 10px;\">HOR\u00c1RIO<\/td>\n<td style=\"width: 56.2666%; height: 10px;\"><strong>QUARTA-FEIRA &#8211; 06\/12<\/strong><\/td>\n<td style=\"width: 23.4666%;\">LOCAL<\/td>\n<\/tr>\n<tr style=\"background-color: #ffffff; height: 10px;\">\n<td style=\"width: 20.2667%; height: 10px;\"><strong>9:00-12:00<\/strong><\/td>\n<td style=\"width: 56.2666%; height: 10px;\">Minicursos<\/td>\n<td style=\"width: 23.4666%;\"><a href=\"https:\/\/wp.ufpel.edu.br\/jel\/6a-edicao\/programacao\/minicursos\/\">Confira na p\u00e1gina de Minicursos<\/a><\/td>\n<\/tr>\n<tr style=\"background-color: #ffffff; height: 39px;\">\n<td style=\"width: 20.2667%; height: 39px;\"><strong>14:00-17:00<\/strong><\/td>\n<td style=\"width: 56.2666%; height: 39px;\">Comunica\u00e7\u00f5es<\/td>\n<td style=\"width: 23.4666%;\"><a href=\"https:\/\/wp.ufpel.edu.br\/jel\/6a-edicao\/programacao\/comunicacoes\/\">Confira na p\u00e1gina de Comunica\u00e7\u00f5es<\/a><\/td>\n<\/tr>\n<tr style=\"background-color: #ffffff; height: 39px;\">\n<td style=\"width: 20.2667%; height: 39px;\"><strong>17:00-19:00<\/strong><\/td>\n<td style=\"width: 56.2666%; height: 39px;\">Coffee break<\/td>\n<td style=\"width: 23.4666%;\"><\/td>\n<\/tr>\n<tr style=\"background-color: #ffffff; height: 39px;\">\n<td style=\"width: 20.2667%; height: 39px;\"><strong>19:00-21:00<\/strong><\/td>\n<td style=\"width: 56.2666%; height: 39px;\">Comunica\u00e7\u00f5es<\/td>\n<td style=\"width: 23.4666%;\"><a href=\"https:\/\/wp.ufpel.edu.br\/jel\/6a-edicao\/programacao\/comunicacoes\/\">Confira na p\u00e1gina de Comunica\u00e7\u00f5es<\/a><\/td>\n<\/tr>\n<\/tbody>\n<\/table>\n<table style=\"height: 273px; width: 100%; border-collapse: collapse; background-color: #bcd1d1;\" border=\"1\">\n<tbody>\n<tr style=\"height: 39px;\">\n<td style=\"width: 20.2667%; height: 10px;\">HOR\u00c1RIO<\/td>\n<td style=\"width: 56.2666%; height: 10px;\"><strong>QUINTA-FEIRA &#8211; 07\/12<\/strong><\/td>\n<td style=\"width: 23.4666%;\">LOCAL<\/td>\n<\/tr>\n<tr style=\"background-color: #ffffff; height: 39px;\">\n<td style=\"width: 20.2667%; height: 39px;\"><strong>9:00-12:00<\/strong><\/td>\n<td style=\"width: 56.2666%; height: 39px;\">Comunica\u00e7\u00f5es<\/td>\n<td style=\"width: 23.4666%;\"><a href=\"https:\/\/wp.ufpel.edu.br\/jel\/6a-edicao\/programacao\/comunicacoes\/\">Confira na p\u00e1gina de Comunica\u00e7\u00f5es<\/a><\/td>\n<\/tr>\n<tr style=\"background-color: #ffffff; height: 39px;\">\n<td style=\"width: 20.2667%; height: 39px;\"><strong>14:00-17:00<\/strong><\/td>\n<td style=\"width: 56.2666%; height: 39px;\">Palestra: <span class=\"OYPEnA text-decoration-none text-strikethrough-none\">Sob julgamento: representa\u00e7\u00f5es das protagonistas femininas dos best sellers da pandemia 2020 &#8211; Renata Kabke<\/span><\/td>\n<td style=\"width: 23.4666%;\"><span style=\"font-weight: 400;\">Audit\u00f3rio CEHUS<\/span><\/td>\n<\/tr>\n<tr style=\"background-color: #ffffff; height: 39px;\">\n<td style=\"width: 20.2667%; height: 39px;\"><strong>17:00-19:00<\/strong><\/td>\n<td style=\"width: 56.2666%; height: 39px;\">Coffee break<\/td>\n<td style=\"width: 23.4666%;\"><\/td>\n<\/tr>\n<tr style=\"background-color: #ffffff; height: 39px;\">\n<td style=\"width: 20.2667%; height: 39px;\"><strong>19:00-21:00<\/strong><\/td>\n<td style=\"width: 56.2666%; height: 39px;\">Palestra: <span class=\"OYPEnA text-decoration-none text-strikethrough-none\">A Metamorfose do Beija-Flor no Labirinto da Preda\u00e7\u00e3o &#8211; <span style=\"font-weight: 400;\">Alessandro Zir<\/span><\/span><\/td>\n<td style=\"width: 23.4666%;\"><span style=\"font-weight: 400;\">Audit\u00f3rio CEHUS<\/span><\/td>\n<\/tr>\n<\/tbody>\n<\/table>\n<table style=\"height: 273px; width: 100%; border-collapse: collapse; background-color: #bcd1d1;\" border=\"1\">\n<tbody>\n<tr style=\"height: 39px;\">\n<td style=\"width: 20.2667%; height: 10px;\">HOR\u00c1RIO<\/td>\n<td style=\"width: 56.2666%; height: 10px;\"><strong>SEXTA-FEIRA &#8211; 08\/12<\/strong><\/td>\n<td style=\"width: 23.4666%;\">LOCAL<\/td>\n<\/tr>\n<tr style=\"background-color: #ffffff; height: 39px;\">\n<td style=\"width: 20.2667%; height: 39px;\"><strong>9:00-12:00<\/strong><\/td>\n<td style=\"width: 56.2666%; height: 39px;\">Minicursos<\/td>\n<td style=\"width: 23.4666%;\"><a href=\"https:\/\/wp.ufpel.edu.br\/jel\/6a-edicao\/programacao\/minicursos\/\">Confira na p\u00e1gina de Minicursos<\/a><\/td>\n<\/tr>\n<tr style=\"background-color: #ffffff; height: 39px;\">\n<td style=\"width: 20.2667%; height: 39px;\"><strong>14:00-17:00<\/strong><\/td>\n<td style=\"width: 56.2666%; height: 39px;\">Minicursos<\/td>\n<td style=\"width: 23.4666%;\"><a href=\"https:\/\/wp.ufpel.edu.br\/jel\/6a-edicao\/programacao\/minicursos\/\">Confira na p\u00e1gina de Minicursos<\/a><\/td>\n<\/tr>\n<tr style=\"background-color: #ffffff; height: 39px;\">\n<td style=\"width: 20.2667%; height: 39px;\"><strong>17:00-19:00<\/strong><\/td>\n<td style=\"width: 56.2666%; height: 39px;\">Coffee break<\/td>\n<td style=\"width: 23.4666%;\"><\/td>\n<\/tr>\n<tr style=\"background-color: #ffffff; height: 39px;\">\n<td style=\"width: 20.2667%; height: 39px;\"><strong>19:00-21:00<\/strong><\/td>\n<td style=\"width: 56.2666%; height: 39px;\">Palestra: <span class=\"OYPEnA text-decoration-none text-strikethrough-none\">A virada testemunhal e decolonial do saber hist\u00f3rico<\/span> &#8211; <span style=\"font-weight: 400;\">M\u00e1rcio Seligmann<\/span><\/td>\n<td style=\"width: 23.4666%;\"><a href=\"https:\/\/www.youtube.com\/@programadepos-graduacaoeml1778\"><span style=\"font-weight: 400;\">Canal do PPGL no Youtube<\/span><\/a><\/td>\n<\/tr>\n<\/tbody>\n<\/table>\n<p>&nbsp;<\/p>\n","protected":false},"excerpt":{"rendered":"<p>HOR\u00c1RIO SEGUNDA-FEIRA &#8211; 04\/12 LOCAL 8:00-9:00 Credenciamento Audit\u00f3rio CEHUS 9:30 &#8211; 10:00 Abertura Solene na 6\u00aa JEL (representantes do PPGL, PRPPG e CLC) Audit\u00f3rio CEHUS 10:00-12:00 Palestra de abertura &#8211; Juciane Cavalheiro Audit\u00f3rio CEHUS 14:00-15:30 Ciclo de conversas &#8211; Estudos de linguagem e\/da literatura &#8211; Daiane Neumann e Alfeu Sparemberger Audit\u00f3rio CEHUS 16:00-17:30 Ciclo de &hellip; <\/p>\n<p><a class=\"more-link btn\" href=\"https:\/\/wp.ufpel.edu.br\/jel\/8a-edicao\/programacao\/geral\/\">Continue lendo<\/a><\/p>\n","protected":false},"author":732,"featured_media":0,"parent":1300,"menu_order":1,"comment_status":"closed","ping_status":"closed","template":"","meta":{"jetpack_post_was_ever_published":false,"footnotes":""},"class_list":["post-1306","page","type-page","status-publish","hentry","nodate","item-wrap"],"jetpack_sharing_enabled":true,"jetpack_shortlink":"https:\/\/wp.me\/PaOwBf-l4","_links":{"self":[{"href":"https:\/\/wp.ufpel.edu.br\/jel\/wp-json\/wp\/v2\/pages\/1306","targetHints":{"allow":["GET"]}}],"collection":[{"href":"https:\/\/wp.ufpel.edu.br\/jel\/wp-json\/wp\/v2\/pages"}],"about":[{"href":"https:\/\/wp.ufpel.edu.br\/jel\/wp-json\/wp\/v2\/types\/page"}],"author":[{"embeddable":true,"href":"https:\/\/wp.ufpel.edu.br\/jel\/wp-json\/wp\/v2\/users\/732"}],"replies":[{"embeddable":true,"href":"https:\/\/wp.ufpel.edu.br\/jel\/wp-json\/wp\/v2\/comments?post=1306"}],"version-history":[{"count":12,"href":"https:\/\/wp.ufpel.edu.br\/jel\/wp-json\/wp\/v2\/pages\/1306\/revisions"}],"predecessor-version":[{"id":1543,"href":"https:\/\/wp.ufpel.edu.br\/jel\/wp-json\/wp\/v2\/pages\/1306\/revisions\/1543"}],"up":[{"embeddable":true,"href":"https:\/\/wp.ufpel.edu.br\/jel\/wp-json\/wp\/v2\/pages\/1300"}],"wp:attachment":[{"href":"https:\/\/wp.ufpel.edu.br\/jel\/wp-json\/wp\/v2\/media?parent=1306"}],"curies":[{"name":"wp","href":"https:\/\/api.w.org\/{rel}","templated":true}]}}