{"id":1277,"date":"2023-07-27T13:25:57","date_gmt":"2023-07-27T16:25:57","guid":{"rendered":"https:\/\/wp.ufpel.edu.br\/jel\/?page_id=1277"},"modified":"2025-10-28T16:38:54","modified_gmt":"2025-10-28T19:38:54","slug":"circular","status":"publish","type":"page","link":"https:\/\/wp.ufpel.edu.br\/jel\/8a-edicao\/circular\/","title":{"rendered":"Circular 2025"},"content":{"rendered":"<p><span style=\"font-weight: 400;\">Aten\u00e7\u00e3o!<\/span><span style=\"font-weight: 400;\"><br \/>\n<\/span><span style=\"font-weight: 400;\">Inscri\u00e7\u00f5es prorrogadas!<\/span><\/p>\n<p><span style=\"font-weight: 400;\">Nas modalidades de <\/span><b>comunica\u00e7\u00e3o e relato de experi\u00eancia (participante com apresenta\u00e7\u00e3o de trabalho)<\/b><span style=\"font-weight: 400;\">, as inscri\u00e7\u00f5es est\u00e3o abertas <\/span><b>at\u00e9<\/b> <b>05\/10.<\/b><\/p>\n<p><span style=\"font-weight: 400;\">Os <\/span><b>aceites<\/b><span style=\"font-weight: 400;\"> ser\u00e3o enviados at\u00e9 <\/span><b>13\/10<\/b><span style=\"font-weight: 400;\"> e os <\/span><b>pagamentos<\/b><span style=\"font-weight: 400;\"> dever\u00e3o ser realizados <\/span><b>at\u00e9 29\/10<\/b><span style=\"font-weight: 400;\">, mediante aceite.<\/span><\/p>\n<p><span style=\"font-weight: 400;\">Na modalidade de <\/span><b>participante sem apresenta\u00e7\u00e3o de trabalho<\/b><span style=\"font-weight: 400;\">, as inscri\u00e7\u00f5es v\u00e3o <\/span><b>at\u00e9 14\/11.<\/b><\/p>\n<p><span style=\"color: #800080;\"><b>1. APRESENTA\u00c7\u00c3O<\/b><\/span><\/p>\n<p><span style=\"font-weight: 400;\">\u00a0A <\/span><b>8\u00aa Jornada de Estudos da Linguagem (JEL)<\/b><span style=\"font-weight: 400;\"> ocorrer\u00e1 entre os dias <\/span><b>24 e 26 de novembro de 2025, no CEHUS (R. Cel. Alberto Rosa, 117 \u2013 Centro)<\/b><span style=\"font-weight: 400;\">. O evento \u00e9 organizado anualmente por discentes do Programa de P\u00f3s\u2011Gradua\u00e7\u00e3o em Letras (PPGL) da Universidade Federal de Pelotas (UFPel). Assim como na edi\u00e7\u00e3o passada, neste ano o evento contar\u00e1, em sua programa\u00e7\u00e3o, com atividades relacionadas \u00e0s tr\u00eas linhas de pesquisa do Programa: <\/span><i><span style=\"font-weight: 400;\">Aquisi\u00e7\u00e3o, Varia\u00e7\u00e3o e Ensino<\/span><\/i><span style=\"font-weight: 400;\">, <\/span><i><span style=\"font-weight: 400;\">Literatura, Cultura e Tradu\u00e7\u00e3o<\/span><\/i><span style=\"font-weight: 400;\"> e <\/span><i><span style=\"font-weight: 400;\">Texto<\/span><\/i><span style=\"font-weight: 400;\">, <\/span><i><span style=\"font-weight: 400;\">Discurso e Rela\u00e7\u00f5es Sociais<\/span><\/i><span style=\"font-weight: 400;\">.<\/span><\/p>\n<p><img loading=\"lazy\" decoding=\"async\" class=\"alignleft size-full wp-image-1955\" src=\"https:\/\/wp.ufpel.edu.br\/jel\/files\/2025\/09\/linhas.jpeg\" alt=\"\" width=\"1600\" height=\"1200\" srcset=\"https:\/\/wp.ufpel.edu.br\/jel\/files\/2025\/09\/linhas.jpeg 1600w, https:\/\/wp.ufpel.edu.br\/jel\/files\/2025\/09\/linhas-424x318.jpeg 424w, https:\/\/wp.ufpel.edu.br\/jel\/files\/2025\/09\/linhas-212x159.jpeg 212w, https:\/\/wp.ufpel.edu.br\/jel\/files\/2025\/09\/linhas-768x576.jpeg 768w, https:\/\/wp.ufpel.edu.br\/jel\/files\/2025\/09\/linhas-1536x1152.jpeg 1536w, https:\/\/wp.ufpel.edu.br\/jel\/files\/2025\/09\/linhas-750x563.jpeg 750w\" sizes=\"auto, (max-width: 1600px) 100vw, 1600px\" \/><\/p>\n<p><span style=\"font-weight: 400;\">Busca-se, com a realiza\u00e7\u00e3o da <\/span><b>JEL<\/b><span style=\"font-weight: 400;\">:<\/span><\/p>\n<ul>\n<li style=\"font-weight: 400;\" aria-level=\"1\"><span style=\"font-weight: 400;\">proporcionar um ambiente de reflex\u00e3o e de aprendizagem aos acad\u00eamicos de Letras da regi\u00e3o;<\/span><\/li>\n<li style=\"font-weight: 400;\" aria-level=\"1\"><span style=\"font-weight: 400;\">apresentar \u00e0 comunidade acad\u00eamica trabalhos que est\u00e3o sendo desenvolvidos por discentes de p\u00f3s-gradua\u00e7\u00e3o e de gradua\u00e7\u00e3o em Letras;<\/span><\/li>\n<li style=\"font-weight: 400;\" aria-level=\"1\"><span style=\"font-weight: 400;\">atualizar e qualificar professores, pesquisadores, estudantes e demais interessados pelos estudos da linguagem;<\/span><\/li>\n<li style=\"font-weight: 400;\" aria-level=\"1\"><span style=\"font-weight: 400;\">aproximar alunos de gradua\u00e7\u00e3o das atividades da p\u00f3s-gradua\u00e7\u00e3o;<\/span><\/li>\n<li style=\"font-weight: 400;\" aria-level=\"1\"><span style=\"font-weight: 400;\">propiciar o crescimento e o desenvolvimento do PPGL\/UFPel.<\/span><\/li>\n<\/ul>\n<p><span style=\"font-weight: 400;\">O evento contar\u00e1 com a participa\u00e7\u00e3o de discentes e docentes do PPGL\/UFPel e de outras institui\u00e7\u00f5es. As atividades propostas ser\u00e3o <\/span><b>palestras<\/b><span style=\"font-weight: 400;\">, <\/span><b>ciclos de conversas<\/b><span style=\"font-weight: 400;\">, <\/span><b>sess\u00f5es de comunica\u00e7\u00f5es e relatos de experi\u00eancias<\/b><span style=\"font-weight: 400;\">.<\/span><\/p>\n<p><strong style=\"color: #800080;\">2. PROGRAMA\u00c7\u00c3O E CARGA HOR\u00c1RIA<\/strong><\/p>\n<p><span style=\"font-weight: 400;\">A <\/span><b>programa\u00e7\u00e3o geral<\/b><span style=\"font-weight: 400;\"> do evento ser\u00e1 postada em nosso site.\u00a0<\/span><\/p>\n<p><span style=\"font-weight: 400;\">A carga hor\u00e1ria da 8\u00aa JEL ser\u00e1 de 40h\/a, divididas em 9 turnos. Para a emiss\u00e3o do certificado de participa\u00e7\u00e3o integral (40h), os participantes dever\u00e3o comparecer a, no m\u00ednimo, 8 turnos do evento.\u00a0 Os participantes com presen\u00e7a em, no m\u00ednimo, 4 turnos, receber\u00e3o certificado de participa\u00e7\u00e3o parcial (20h).<\/span><\/p>\n<p><span style=\"color: #800080;\"><b>3. SUBMISS\u00d5ES DE TRABALHOS E INSCRI\u00c7\u00d5ES<\/b><\/span><\/p>\n<p><img loading=\"lazy\" decoding=\"async\" class=\"alignleft size-full wp-image-1988\" src=\"https:\/\/wp.ufpel.edu.br\/jel\/files\/2025\/10\/WhatsApp-Image-2025-10-28-at-16.36.28.jpeg\" alt=\"\" width=\"1600\" height=\"732\" srcset=\"https:\/\/wp.ufpel.edu.br\/jel\/files\/2025\/10\/WhatsApp-Image-2025-10-28-at-16.36.28.jpeg 1600w, https:\/\/wp.ufpel.edu.br\/jel\/files\/2025\/10\/WhatsApp-Image-2025-10-28-at-16.36.28-424x194.jpeg 424w, https:\/\/wp.ufpel.edu.br\/jel\/files\/2025\/10\/WhatsApp-Image-2025-10-28-at-16.36.28-212x97.jpeg 212w, https:\/\/wp.ufpel.edu.br\/jel\/files\/2025\/10\/WhatsApp-Image-2025-10-28-at-16.36.28-768x351.jpeg 768w, https:\/\/wp.ufpel.edu.br\/jel\/files\/2025\/10\/WhatsApp-Image-2025-10-28-at-16.36.28-1536x703.jpeg 1536w, https:\/\/wp.ufpel.edu.br\/jel\/files\/2025\/10\/WhatsApp-Image-2025-10-28-at-16.36.28-750x343.jpeg 750w\" sizes=\"auto, (max-width: 1600px) 100vw, 1600px\" \/><\/p>\n<p><span style=\"color: #800080;\"><b>3.1: Inscri\u00e7\u00e3o para participantes sem apresenta\u00e7\u00e3o de trabalho<\/b><\/span><\/p>\n<p><span style=\"font-weight: 400;\">As inscri\u00e7\u00f5es para participantes sem apresenta\u00e7\u00e3o de trabalho devem ser feitas atrav\u00e9s do formul\u00e1rio clicando <a href=\"https:\/\/docs.google.com\/forms\/d\/e\/1FAIpQLSep1N0addmVxeuq_O2bEHlVAEBNhLxIkNN_VblJmhPrvy4ffA\/viewform\">aqui<\/a>.<\/span><\/p>\n<p><span style=\"font-weight: 400;\">O comprovante do pagamento da taxa de inscri\u00e7\u00e3o para participantes sem apresenta\u00e7\u00e3o de trabalho deve ser anexado j\u00e1 no formul\u00e1rio de inscri\u00e7\u00e3o.\u00a0<\/span><\/p>\n<p><span style=\"color: #800080;\"><b>3.2: Submiss\u00e3o de resumos para apresenta\u00e7\u00e3o em SESS\u00c3O DE COMUNICA\u00c7\u00c3O<\/b><\/span><\/p>\n<p><span style=\"font-weight: 400;\">As comunica\u00e7\u00f5es ser\u00e3o apresenta\u00e7\u00f5es de 15 minutos em sess\u00f5es coordenadas por professores do PPGL\/CLC, acompanhados de mestrandos e doutorandos. Os participantes que desejarem apresentar comunica\u00e7\u00e3o dever\u00e3o baixar o modelo de resumo <\/span><a href=\"https:\/\/docs.google.com\/document\/d\/1gLbXMpGerXtJ57JN3YeBFFohfbgcQeT9aK2mL5DDQTs\/edit?tab=t.0\"><span style=\"font-weight: 400;\">aqui <\/span><\/a><span style=\"font-weight: 400;\">e depois acessar a p\u00e1gina do formul\u00e1rio de submiss\u00e3o de resumos para comunica\u00e7\u00e3o <a href=\"https:\/\/docs.google.com\/forms\/d\/e\/1FAIpQLSdFT0Tfr2sZnwab9vXSA0poFOechR1f6w4n50QNsAnMqUffqQ\/viewform\">aqui<\/a> e preench\u00ea-lo, no qual dever\u00e1 indicar em qual das tr\u00eas linhas de pesquisa (descritas acima) o seu trabalho se encaixa melhor e, ent\u00e3o, selecionar o resumo para envio. O modelo de slide para apresenta\u00e7\u00e3o de comunica\u00e7\u00e3o pode ser encontrado <\/span><a href=\"https:\/\/docs.google.com\/presentation\/d\/1W0i3duwbjE2fW8LKFT95WN1otVpnZq2QfX2k4TSmNkQ\/edit?slide=id.p#slide=id.p\"><span style=\"font-weight: 400;\">aqui!<\/span><\/a><\/p>\n<p><span style=\"font-weight: 400;\">As sess\u00f5es de comunica\u00e7\u00e3o ser\u00e3o organizadas depois do per\u00edodo de inscri\u00e7\u00f5es e buscar\u00e3o agrupar trabalhos de tem\u00e1ticas afins. Proponentes que n\u00e3o conseguirem classificar os seus trabalhos em uma das tr\u00eas linhas poder\u00e3o marcar a op\u00e7\u00e3o \u201cOutros\u201d, autorizando, assim, a Comiss\u00e3o Organizadora a inclu\u00ed-los na sess\u00e3o de comunica\u00e7\u00e3o que for mais conveniente.<\/span><\/p>\n<p><span style=\"font-weight: 400;\">Os apresentadores das sess\u00f5es de comunica\u00e7\u00e3o ser\u00e3o isentados da taxa de participante sem apresenta\u00e7\u00e3o de trabalho e poder\u00e3o participar integralmente do evento, com direito a emiss\u00e3o de certificado de participa\u00e7\u00e3o integral (40h) ou parcial (20h).<\/span><\/p>\n<p><span style=\"color: #800080;\"><b>3.3: Submiss\u00e3o de resumos para RELATOS DE EXPERI\u00caNCIA<\/b><\/span><\/p>\n<p><span style=\"font-weight: 400;\">Os relatos de experi\u00eancia s\u00e3o uma modalidade exclusiva para graduandos. Ser\u00e3o apresenta\u00e7\u00f5es de 15 minutos em sess\u00f5es coordenadas por professores do PPGL\/CLC, acompanhados de mestrandos e doutorandos. Os participantes que desejarem relatar uma experi\u00eancia (de est\u00e1gios, participa\u00e7\u00e3o em inicia\u00e7\u00e3o cient\u00edfica, grupos de pesquisa, programas como Resid\u00eancia Pedag\u00f3gica e PIBID etc.) dever\u00e3o baixar o modelo de resumo <\/span><a href=\"https:\/\/docs.google.com\/document\/d\/1gLbXMpGerXtJ57JN3YeBFFohfbgcQeT9aK2mL5DDQTs\/edit?tab=t.0\"><span style=\"font-weight: 400;\">aqui<\/span><\/a><span style=\"font-weight: 400;\"> e depois acessar a p\u00e1gina do formul\u00e1rio de submiss\u00e3o de resumos para relato de experi\u00eancia <a href=\"https:\/\/docs.google.com\/forms\/d\/e\/1FAIpQLSdFT0Tfr2sZnwab9vXSA0poFOechR1f6w4n50QNsAnMqUffqQ\/viewform\">aqui<\/a>, preench\u00ea-lo e selecionar o resumo para envio. O modelo de slide para apresenta\u00e7\u00e3o de relato de experi\u00eancia pode ser encontrado <\/span><a href=\"https:\/\/docs.google.com\/presentation\/d\/1W0i3duwbjE2fW8LKFT95WN1otVpnZq2QfX2k4TSmNkQ\/edit?slide=id.p#slide=id.p\"><span style=\"font-weight: 400;\">aqui.<\/span><\/a><\/p>\n<p><span style=\"font-weight: 400;\">As sess\u00f5es de relatos de experi\u00eancia ser\u00e3o organizadas depois do per\u00edodo de inscri\u00e7\u00f5es e buscar\u00e3o agrupar relatos de tem\u00e1ticas afins.<\/span><\/p>\n<p><span style=\"font-weight: 400;\">Os apresentadores das sess\u00f5es de relatos de experi\u00eancia ser\u00e3o isentados da taxa de participante sem apresenta\u00e7\u00e3o de trabalho e poder\u00e3o participar integralmente do evento, com direito a emiss\u00e3o de certificado de participa\u00e7\u00e3o integral (40h) ou parcial (20h).<\/span><\/p>\n<p><span style=\"color: #800080;\"><b>3.4: Modalidades e valores de inscri\u00e7\u00e3o<\/b><\/span><\/p>\n<p><span style=\"font-weight: 400;\">As inscri\u00e7\u00f5es ser\u00e3o feitas atrav\u00e9s do Google Formul\u00e1rios, onde cada participante dever\u00e1 seguir as instru\u00e7\u00f5es expostas nos formul\u00e1rios indicados nas se\u00e7\u00f5es acima.<\/span><\/p>\n<p><img loading=\"lazy\" decoding=\"async\" class=\"alignleft size-full wp-image-1970\" src=\"https:\/\/wp.ufpel.edu.br\/jel\/files\/2025\/09\/WhatsApp-Image-2025-09-18-at-11.33.11.jpeg\" alt=\"\" width=\"1600\" height=\"1200\" srcset=\"https:\/\/wp.ufpel.edu.br\/jel\/files\/2025\/09\/WhatsApp-Image-2025-09-18-at-11.33.11.jpeg 1600w, https:\/\/wp.ufpel.edu.br\/jel\/files\/2025\/09\/WhatsApp-Image-2025-09-18-at-11.33.11-424x318.jpeg 424w, https:\/\/wp.ufpel.edu.br\/jel\/files\/2025\/09\/WhatsApp-Image-2025-09-18-at-11.33.11-212x159.jpeg 212w, https:\/\/wp.ufpel.edu.br\/jel\/files\/2025\/09\/WhatsApp-Image-2025-09-18-at-11.33.11-768x576.jpeg 768w, https:\/\/wp.ufpel.edu.br\/jel\/files\/2025\/09\/WhatsApp-Image-2025-09-18-at-11.33.11-1536x1152.jpeg 1536w, https:\/\/wp.ufpel.edu.br\/jel\/files\/2025\/09\/WhatsApp-Image-2025-09-18-at-11.33.11-750x563.jpeg 750w\" sizes=\"auto, (max-width: 1600px) 100vw, 1600px\" \/><\/p>\n<p><strong><span style=\"color: #ff0000;\">ATEN\u00c7\u00c3O<\/span><\/strong>! Aqueles que se inscreverem nas modalidades \u201cbolsista PRAE\/UFPEL\u201d (categorias 1 e 5) ou \u201cestudantes da UFPEL\u201d (modalidades 2 e 6) dever\u00e3o enviar, atrav\u00e9s do campo indicado na inscri\u00e7\u00e3o, a comprova\u00e7\u00e3o de sua condi\u00e7\u00e3o.<\/p>\n<p><span style=\"font-weight: 400;\">Bolsistas PRAE\/UFPEL dever\u00e3o enviar atestado PRAE e estudantes da UFPEL dever\u00e3o enviar atestado de matr\u00edcula.<\/span><\/p>\n<p><span style=\"font-weight: 400;\">Inscritos nas modalidades 1 e 5 que n\u00e3o cumprirem a exig\u00eancia de comprova\u00e7\u00e3o de condi\u00e7\u00e3o no ato da inscri\u00e7\u00e3o online ter\u00e3o sua participa\u00e7\u00e3o condicionada ao pagamento, no hor\u00e1rio de credenciamento no evento, do valor correspondente \u00e0 inscri\u00e7\u00e3o na categoria \u201coutros\u201d (R$ 40,00 para participante com apresenta\u00e7\u00e3o de trabalho e R$ 35,00 para participante sem apresenta\u00e7\u00e3o de trabalho).<\/span><\/p>\n<p><span style=\"font-weight: 400;\">Inscritos nas modalidades 2 e 6 que n\u00e3o cumprirem a exig\u00eancia de comprova\u00e7\u00e3o de condi\u00e7\u00e3o no ato da inscri\u00e7\u00e3o online ter\u00e3o sua participa\u00e7\u00e3o condicionada ao pagamento, no hor\u00e1rio de credenciamento no evento, do valor correspondente \u00e0 diferen\u00e7a entre o valor j\u00e1 pago e o de inscri\u00e7\u00e3o na categoria \u201coutros\u201d (R$ 40,00 para participante com apresenta\u00e7\u00e3o de trabalho e R$ 35,00 para participante sem apresenta\u00e7\u00e3o de trabalho).<\/span><\/p>\n<p><span style=\"color: #800080;\"><b>4. ANAIS DO EVENTO<\/b><\/span><\/p>\n<p><span style=\"font-weight: 400;\">Os resumos de todas as atividades do evento (palestras, minicursos e comunica\u00e7\u00f5es) ser\u00e3o reunidos nos Anais da 8\u00aa JEL, que ser\u00e3o publicados nesta p\u00e1gina depois da Jornada.<\/span><\/p>\n<p><span style=\"color: #800080;\"><b>5. OUTRAS INFORMA\u00c7\u00d5ES<\/b><\/span><\/p>\n<p><span style=\"font-weight: 400;\">Em caso de d\u00favidas sobre assuntos n\u00e3o contemplados na circular, favor entrar em contato com a Comiss\u00e3o pelo e-mail do evento: <\/span><span style=\"font-weight: 400;\">jel.ufpel.ppgl@gmail.com<\/span><b>.<\/b><\/p>\n","protected":false},"excerpt":{"rendered":"<p>Aten\u00e7\u00e3o! Inscri\u00e7\u00f5es prorrogadas! Nas modalidades de comunica\u00e7\u00e3o e relato de experi\u00eancia (participante com apresenta\u00e7\u00e3o de trabalho), as inscri\u00e7\u00f5es est\u00e3o abertas at\u00e9 05\/10. Os aceites ser\u00e3o enviados at\u00e9 13\/10 e os pagamentos dever\u00e3o ser realizados at\u00e9 29\/10, mediante aceite. Na modalidade de participante sem apresenta\u00e7\u00e3o de trabalho, as inscri\u00e7\u00f5es v\u00e3o at\u00e9 14\/11. 1. APRESENTA\u00c7\u00c3O \u00a0A 8\u00aa &hellip; <\/p>\n<p><a class=\"more-link btn\" href=\"https:\/\/wp.ufpel.edu.br\/jel\/8a-edicao\/circular\/\">Continue lendo<\/a><\/p>\n","protected":false},"author":732,"featured_media":0,"parent":1274,"menu_order":0,"comment_status":"closed","ping_status":"closed","template":"","meta":{"jetpack_post_was_ever_published":true,"footnotes":""},"class_list":["post-1277","page","type-page","status-publish","hentry","nodate","item-wrap"],"jetpack_sharing_enabled":true,"jetpack_shortlink":"https:\/\/wp.me\/PaOwBf-kB","_links":{"self":[{"href":"https:\/\/wp.ufpel.edu.br\/jel\/wp-json\/wp\/v2\/pages\/1277","targetHints":{"allow":["GET"]}}],"collection":[{"href":"https:\/\/wp.ufpel.edu.br\/jel\/wp-json\/wp\/v2\/pages"}],"about":[{"href":"https:\/\/wp.ufpel.edu.br\/jel\/wp-json\/wp\/v2\/types\/page"}],"author":[{"embeddable":true,"href":"https:\/\/wp.ufpel.edu.br\/jel\/wp-json\/wp\/v2\/users\/732"}],"replies":[{"embeddable":true,"href":"https:\/\/wp.ufpel.edu.br\/jel\/wp-json\/wp\/v2\/comments?post=1277"}],"version-history":[{"count":4,"href":"https:\/\/wp.ufpel.edu.br\/jel\/wp-json\/wp\/v2\/pages\/1277\/revisions"}],"predecessor-version":[{"id":1989,"href":"https:\/\/wp.ufpel.edu.br\/jel\/wp-json\/wp\/v2\/pages\/1277\/revisions\/1989"}],"up":[{"embeddable":true,"href":"https:\/\/wp.ufpel.edu.br\/jel\/wp-json\/wp\/v2\/pages\/1274"}],"wp:attachment":[{"href":"https:\/\/wp.ufpel.edu.br\/jel\/wp-json\/wp\/v2\/media?parent=1277"}],"curies":[{"name":"wp","href":"https:\/\/api.w.org\/{rel}","templated":true}]}}