{"id":81,"date":"2017-06-30T21:07:10","date_gmt":"2017-07-01T00:07:10","guid":{"rendered":"https:\/\/wp.ufpel.edu.br\/jbs\/?page_id=81"},"modified":"2019-08-29T13:16:46","modified_gmt":"2019-08-29T16:16:46","slug":"regras-para-submissao","status":"publish","type":"page","link":"https:\/\/wp.ufpel.edu.br\/jbs\/regras-para-submissao\/","title":{"rendered":"Regras para Submiss\u00e3o"},"content":{"rendered":"<p><strong>\u00a0 \u00a0 \u00a01. SUBMISS\u00c3O DE RESUMOS<\/strong><\/p>\n<div class=\"gmail_default\">\n<p>Os\u00a0<strong>r<\/strong><strong>esumos<\/strong>\u00a0(1000 a 1500 caracteres) dever\u00e3o ser enviados atrav\u00e9s do e-mail\u00a0<b><a href=\"mailto:vijornadasociologia@gmail.com\" target=\"_blank\" rel=\"noopener noreferrer\">vijornadasociologia@<span class=\"il\">gmail.com<\/span><\/a><\/b><\/p>\n<p>No assunto do e-mail de submiss\u00e3o dos resumos deve ser indicado a qual dos GT&#8217;s o trabalho \u00e9 destinado.<\/p>\n<p>Devem ser utilizados os modelos de submiss\u00e3o dispon\u00edveis no site.<\/p>\n<p><strong>Submiss\u00e3o de resumos simples: de <del><b>24\/06\/2019<\/b>\u00a0at\u00e9\u00a0<b>22\/08\/2019<\/b><\/del>.<\/strong><\/p>\n<p><strong>PRORROGADO! Submiss\u00e3o de resumos simples at\u00e9 29\/08\/2019.<\/strong><\/p>\n<p>Ser\u00e3o aceitos trabalhos em coautoria, desde que identificados um autor principal e um coautor, com limite de at\u00e9 dois trabalhos por participante.<\/p>\n<p>&nbsp;<\/p>\n<\/div>\n<div class=\"gmail_default\">\n<p><strong>\u00a0 \u00a0 \u00a02. ENVIO DOS TRABALHOS COMPLETOS<\/strong><\/p>\n<p><span style=\"font-size: 12pt\">Para a realiza\u00e7\u00e3o da apresenta\u00e7\u00e3o na VI Jornada Brasileira de Sociologia, dever\u00e1 ser enviado o trabalho completo original, contendo de 10 a 12 p\u00e1ginas, em arquivo pdf, para o e-mail<b>\u00a0<a href=\"mailto:vijornadasociologia@gmail.com\" target=\"_blank\" rel=\"noopener noreferrer\">vijornadasociologia@<span class=\"il\">gmail.com<\/span><\/a><\/b><\/span><\/p>\n<p>Dever\u00e3o enviar os trabalhos completos apenas os participantes que tiverem seus resumos aprovados no evento.<\/p>\n<p><span style=\"font-size: 12pt\">Prazo para envio do trabalho completo:\u00a0<del><b>02\/09\/2019<\/b>\u00a0at\u00e9\u00a0<\/del><b><del>09\/09\/2019<\/del>.<\/b>\u00a0<\/span><\/p>\n<p><strong>PRORROGADO! <span style=\"font-size: 12pt\">Prazo para envio do trabalho completo at\u00e9 25\/09\/2019.<\/span><\/strong><\/p>\n<p><span style=\"font-size: 12pt\"> A formata\u00e7\u00e3o dever\u00e1 estar conforme o modelo enviado para e-mail dos autores, que tamb\u00e9m pode ser baixado <a href=\"https:\/\/wp.ufpel.edu.br\/jbs\/files\/2019\/07\/Modelo-trabalho-completo-VI-JBS.docx\">aqui<\/a>.<\/span><\/p>\n<p>Ap\u00f3s o envio, a comiss\u00e3o do evento ir\u00e1 notificar os autores do recebimento do arquivo.<\/p>\n<p>&nbsp;<\/p>\n<p><strong>\u00a0 \u00a0 \u00a0 3. APRESENTA\u00c7\u00c3O NO EVENTO<\/strong><\/p>\n<p>A apresenta\u00e7\u00e3o dos trabalhos ocorrer\u00e1 nos dias\u00a0<strong>10\/10 e 11\/10 de 2019<\/strong>\u00a0por, pelo menos, um dos autores.<\/p>\n<p>O certificado de apresenta\u00e7\u00e3o ser\u00e1 apenas concedido para os autores que estiverem presentes no seu respectivo Grupo de Trabalho.<\/p>\n<\/div>\n","protected":false},"excerpt":{"rendered":"<p>\u00a0 \u00a0 \u00a01. SUBMISS\u00c3O DE RESUMOS Os\u00a0resumos\u00a0(1000 a 1500 caracteres) dever\u00e3o ser enviados atrav\u00e9s do e-mail\u00a0vijornadasociologia@gmail.com No assunto do e-mail de submiss\u00e3o dos resumos deve ser indicado a qual dos GT&#8217;s o trabalho \u00e9 destinado. Devem ser utilizados os modelos de submiss\u00e3o dispon\u00edveis no site. Submiss\u00e3o de resumos simples: de 24\/06\/2019\u00a0at\u00e9\u00a022\/08\/2019. PRORROGADO! Submiss\u00e3o de resumos [&hellip;]<\/p>\n","protected":false},"author":731,"featured_media":0,"parent":0,"menu_order":0,"comment_status":"closed","ping_status":"closed","template":"","meta":{"footnotes":""},"class_list":["post-81","page","type-page","status-publish","hentry"],"jetpack_sharing_enabled":true,"_links":{"self":[{"href":"https:\/\/wp.ufpel.edu.br\/jbs\/wp-json\/wp\/v2\/pages\/81","targetHints":{"allow":["GET"]}}],"collection":[{"href":"https:\/\/wp.ufpel.edu.br\/jbs\/wp-json\/wp\/v2\/pages"}],"about":[{"href":"https:\/\/wp.ufpel.edu.br\/jbs\/wp-json\/wp\/v2\/types\/page"}],"author":[{"embeddable":true,"href":"https:\/\/wp.ufpel.edu.br\/jbs\/wp-json\/wp\/v2\/users\/731"}],"replies":[{"embeddable":true,"href":"https:\/\/wp.ufpel.edu.br\/jbs\/wp-json\/wp\/v2\/comments?post=81"}],"version-history":[{"count":23,"href":"https:\/\/wp.ufpel.edu.br\/jbs\/wp-json\/wp\/v2\/pages\/81\/revisions"}],"predecessor-version":[{"id":461,"href":"https:\/\/wp.ufpel.edu.br\/jbs\/wp-json\/wp\/v2\/pages\/81\/revisions\/461"}],"wp:attachment":[{"href":"https:\/\/wp.ufpel.edu.br\/jbs\/wp-json\/wp\/v2\/media?parent=81"}],"curies":[{"name":"wp","href":"https:\/\/api.w.org\/{rel}","templated":true}]}}