{"id":808,"date":"2019-11-06T20:38:15","date_gmt":"2019-11-06T23:38:15","guid":{"rendered":"https:\/\/wp.ufpel.edu.br\/jbs\/?page_id=808"},"modified":"2019-11-06T20:38:15","modified_gmt":"2019-11-06T23:38:15","slug":"apresentacao","status":"publish","type":"page","link":"https:\/\/wp.ufpel.edu.br\/jbs\/anais\/apresentacao\/","title":{"rendered":"Apresenta\u00e7\u00e3o"},"content":{"rendered":"<h2><strong><span class=\"Apple-style-span\">Anais da Jornada Brasileira de Sociologia<\/span><\/strong><\/h2>\n<p>Publica\u00e7\u00e3o bienal dedica \u00e0 divulga\u00e7\u00e3o dos trabalhos apresentados em cada edi\u00e7\u00e3o da Jornada Brasileira de Sociologia &#8211; JBS, evento do Programa de P\u00f3s-Gradua\u00e7\u00e3o em Sociologia da UFPel, organizado pelo corpo discente com o apoio do corpo docente. Os Anais da Jornada Brasileira de Sociologia visam contribuir aos debates contempor\u00e2neos sobre os acontecimentos, fen\u00f4menos e problem\u00e1ticas sociais que se manifestam no Brasil, com foco maior na Regi\u00e3o Sul, mas que guardam rela\u00e7\u00e3o com as situa\u00e7\u00f5es que ocorrem em outros pa\u00edses de Am\u00e9rica.<\/p>\n<p>As opini\u00f5es, valora\u00e7\u00f5es e afirma\u00e7\u00f5es contidas nos trabalhos publicados n\u00e3o expressam a posi\u00e7\u00e3o do PPG em Sociologia da UFPel, sendo de exclusiva responsabilidade dos respectivos autores.<\/p>\n","protected":false},"excerpt":{"rendered":"<p>Anais da Jornada Brasileira de Sociologia Publica\u00e7\u00e3o bienal dedica \u00e0 divulga\u00e7\u00e3o dos trabalhos apresentados em cada edi\u00e7\u00e3o da Jornada Brasileira de Sociologia &#8211; JBS, evento do Programa de P\u00f3s-Gradua\u00e7\u00e3o em Sociologia da UFPel, organizado pelo corpo discente com o apoio do corpo docente. Os Anais da Jornada Brasileira de Sociologia visam contribuir aos debates contempor\u00e2neos [&hellip;]<\/p>\n","protected":false},"author":731,"featured_media":0,"parent":29,"menu_order":1,"comment_status":"closed","ping_status":"closed","template":"","meta":{"footnotes":""},"class_list":["post-808","page","type-page","status-publish","hentry"],"jetpack_sharing_enabled":true,"_links":{"self":[{"href":"https:\/\/wp.ufpel.edu.br\/jbs\/wp-json\/wp\/v2\/pages\/808","targetHints":{"allow":["GET"]}}],"collection":[{"href":"https:\/\/wp.ufpel.edu.br\/jbs\/wp-json\/wp\/v2\/pages"}],"about":[{"href":"https:\/\/wp.ufpel.edu.br\/jbs\/wp-json\/wp\/v2\/types\/page"}],"author":[{"embeddable":true,"href":"https:\/\/wp.ufpel.edu.br\/jbs\/wp-json\/wp\/v2\/users\/731"}],"replies":[{"embeddable":true,"href":"https:\/\/wp.ufpel.edu.br\/jbs\/wp-json\/wp\/v2\/comments?post=808"}],"version-history":[{"count":2,"href":"https:\/\/wp.ufpel.edu.br\/jbs\/wp-json\/wp\/v2\/pages\/808\/revisions"}],"predecessor-version":[{"id":811,"href":"https:\/\/wp.ufpel.edu.br\/jbs\/wp-json\/wp\/v2\/pages\/808\/revisions\/811"}],"up":[{"embeddable":true,"href":"https:\/\/wp.ufpel.edu.br\/jbs\/wp-json\/wp\/v2\/pages\/29"}],"wp:attachment":[{"href":"https:\/\/wp.ufpel.edu.br\/jbs\/wp-json\/wp\/v2\/media?parent=808"}],"curies":[{"name":"wp","href":"https:\/\/api.w.org\/{rel}","templated":true}]}}