{"id":797,"date":"2019-11-06T20:01:50","date_gmt":"2019-11-06T23:01:50","guid":{"rendered":"https:\/\/wp.ufpel.edu.br\/jbs\/?page_id=797"},"modified":"2019-11-19T02:33:54","modified_gmt":"2019-11-19T05:33:54","slug":"2015-anais","status":"publish","type":"page","link":"https:\/\/wp.ufpel.edu.br\/jbs\/anais\/edicoes-anteriores\/2015-anais\/","title":{"rendered":"2015"},"content":{"rendered":"<h2><strong><span class=\"Apple-style-span\">Anais da Jornada Brasileira de Sociologia<\/span><\/strong><\/h2>\n<hr \/>\n<p>A\u00a0<strong>IV Jornada Brasileira de Sociologia &#8211; <\/strong>que nesta oportunidade e tamb\u00e9m a<strong> I Jornada Brasileira de Ci\u00eancia Pol\u00edtica<\/strong>, trata-se do encontro cient\u00edfico organizado por integrantes do corpo discente dos Programas de P\u00f3s-Gradua\u00e7\u00e3o em Sociologia e de Ci\u00eancia Pol\u00edtica do Instituto de Filosofia, Sociologia e Pol\u00edtica \u2013 IFISP \u2013 da Universidade Federal de Pelotas, teve como tem\u00e1tica \u2013 \u201cSociologia e Pol\u00edtica na contemporaneidade: desafios te\u00f3ricos e metodol\u00f3gicos\u201d. Assim, tal proposta foi desenvolvida mediante a apresenta\u00e7\u00e3o de projetos de mestrado, bem como de estudos, artigos e ensaios, conclu\u00eddos ou em andamento. Financiado pela UFPel\/IFISP, PPGS\/UFPel. O evento, que ainda foi constitu\u00eddo por mesas redondas e Grupos de Trabalho \u2013 GTs, contou com a participa\u00e7\u00e3o dos alunos de gradua\u00e7\u00e3o do curso de ci\u00eancias sociais da UFPel. O evento aconteceu de 3 a 5 de novembro de 2015 na UFPel. Vale ressaltar que o evento teve como objetivo promover o di\u00e1logo e a troca de experi\u00eancia e conhecimentos entre alunos de p\u00f3s-gradua\u00e7\u00e3o e gradua\u00e7\u00e3o, atrav\u00e9s da apresenta\u00e7\u00e3o de trabalhos, com o escopo de promover amplo debate sobre quest\u00f5es pertinentes e desafiadoras, sob os diversos enfoques e aspectos suscitados pelo tema proposto; bem como, divulgar pesquisas que s\u00e3o desenvolvidas em diversas institui\u00e7\u00f5es de pesquisa, colocar em di\u00e1logo, as produ\u00e7\u00f5es cient\u00edficas produzidas na UFPel com as an\u00e1logas de outras universidades, possibilitar novas redes de pesquisadores que tratem de objetos afins, conhecer os interc\u00e2mbios poss\u00edveis sobre as diferentes tem\u00e1ticas da Sociologia e Ci\u00eancia Pol\u00edtica diante da atual conjuntura social, pol\u00edtica e econ\u00f4mica brasileira.<\/p>\n<p>Vale destacar, em especial, a composi\u00e7\u00e3o das Mesas-Redondas, que mostram a vinda de relevantes nomes da Sociologia e Ci\u00eancia Pol\u00edtica do Brasil e que consolidou-se em um importante meio de di\u00e1logo e troca de experi\u00eancias entre pesquisadores de outras institui\u00e7\u00f5es com os docentes e alunos de p\u00f3s-gradua\u00e7\u00e3o e gradua\u00e7\u00e3o da UFPel. No dia 03 de novembro, tivemos a confer\u00eancia de abertura com o professor Prof\u00ba Dr\u00b0 Carlos Eduardo Sell, pesquisador do CNPQ com p\u00f3s-doutoramento na Universidade de Heidelberg (Ruprechts-Karl Universit\u00e4t), Alemanha (2010\/2011). Atualmente \u00e9 professor do Departamento de Sociologia e Ci\u00eancia Pol\u00edtica da UFSC \u2013 Universidade Federal de Santa Catarina. J\u00e1 no dia 04 de novembro pela manh\u00e3 aconteceram os grupos de trabalho (que ser\u00e3o descritos abaixo) e a tarde contamos com 2 mesas-redondas. A primeira mesa-redonda contou com a presen\u00e7a do Prof\u00ba Dr\u00b0 Jose Carlos Martines Belieiro Junior \u2013 Professor Adjunto III no Departamento de Ci\u00eancias Sociais da Universidade Federal de Santa Maria (UFSM); e da Prof\u00aa Dr\u00aa Teresa Cristina Schneider Marques \u2013 Professora adjunta do Programa de P\u00f3s-gradua\u00e7\u00e3o em Ci\u00eancias Sociais da Pontif\u00edcia Universidade Cat\u00f3lica do Rio Grande do Sul (PUCRS). O tema dessa mesa-redonda foi \u201cTeoria Pol\u00edtica e Sociol\u00f3gica: transi\u00e7\u00e3o democr\u00e1tica brasileira\u201d. J\u00e1 a segunda mesa-redonda do dia contou com a presen\u00e7a Prof\u00aa Dr\u00aa Cinara Lerrer Rosenfield Atualmente \u00e9 professor associado da Universidade Federal do Rio Grande do Sul. Prof\u00ba Dr\u00ba Davide Carbonai \u2013 professor adjunto no Departamento de Ci\u00eancias Administrativas da UFRGS (Universidade Federal do Rio Grande do Sul) e Doutorado em Sociologia Econ\u00f4mica em 2005 (Universit\u00e0 di Teramo). Prof\u00ba Dr\u00b0 Alfredo Falero, Doutor em Sociologia e Professor do Departamento de Sociologia da Universidad de La Rep\u00fablica Uruguai. Essa mesa teve a media\u00e7\u00e3o do Prof\u00ba Dr\u00ba Pedro Robertt do PPGS\/UFPel e a tem\u00e1tica foi: Capitalismo e trabalho na sociedade contempor\u00e2nea. Ainda contamos com a oficina realizada pelo Prof\u00ba Dr\u00b0 Francisco Vargas da UFPel com o tema: Observat\u00f3rio Social do Trabalho. No \u00faltimo dia do evento, al\u00e9m das atividades dos seis grupos de trabalhos, a programa\u00e7\u00e3o contou com o Workshop \u2013 Trajet\u00f3rias e perspectivas: relatos de experi\u00eancias profissionais e acad\u00eamicas como ex-alunos dos Programas de P\u00f3s-gradua\u00e7\u00e3o em Sociologia e Pol\u00edtica da UFPel, s\u00e3o eles: Mestre em Sociologia (UFPel) Gabriel Coelho \u2013 hoje professor do IFISUL, a Doutoranda no PPGS\/UFRGS em Sociologia Carla Rech tamb\u00e9m Mestre em Sociologia (UFPel) e o Doutorando em Ci\u00eancia Pol\u00edtica (UNB) Felipe Corral, Mestre em Ci\u00eancia Pol\u00edtica UFPel com a media\u00e7\u00e3o de Daniel Eslab\u00e3o \u00e9 doutorando em sociologia da Universidade do Porto, Portugal (FLUP-RP), sob orienta\u00e7\u00e3o do Prof. Dr. Jo\u00e3o Miguel Teixeira Lopes. Para encerrar, tivemos a Confer\u00eancia de Encerramento \u2013 \u201cTeoria do Discurso e a Ci\u00eancia Pol\u00edtica\u201d com Prof\u00ba Dr\u00ba Raul Burgos \u2013 doutorado em Ci\u00eancias Sociais pela Universidade Estadual de Campinas (1999). Atualmente \u00e9 Professor Associado II no Departamento de Sociologia e Ci\u00eancia Pol\u00edtica da Universidade Federal de Santa Catarina.<\/p>\n<p>Tamb\u00e9m contamos com seis grupos de trabalhos que tiveram como coordenadores professores e ex-alunos do PPGS\/UFPel, e professores de outras institui\u00e7\u00f5es de pesquisa. Em suma, podemos enfatizar que esse evento fortaleceu a promo\u00e7\u00e3o de interc\u00e2mbios de professores e alunos e demais pesquisadores. O evento contou com a presen\u00e7a de docentes e discentes da UFSC, UFRGS, PUC-RS, IFSUL, UFSM, UNB, FURG, UDELAR (Uruguai), Universidade do Porto (Portugal), assim como alunos e pesquisadores de diferentes Institutos e Unidades do Rio Grande do Sul. De modo geral, tivemos 58 inscritos como ouvintes e 52 pessoas que apresentaram trabalhos. Dos alunos que apresentaram trabalhos \u2013 39 s\u00e3o alunos de p\u00f3s-gradua\u00e7\u00e3o e 13 s\u00e3o alunos de gradua\u00e7\u00e3o.<\/p>\n<hr \/>\n<hr \/>\n<p>Resumos expandidos\u00a0<strong>*<\/strong><\/p>\n<p><strong>GT 01 \u2013 Trabalho e organiza\u00e7\u00f5es<\/strong><\/p>\n<ul>\n<li><a href=\"https:\/\/wp.ufpel.edu.br\/jbs\/files\/2017\/08\/Rubens-R.-Expandido.pdf\">O Negociado vs. O legislado: a posi\u00e7\u00e3o da CUT diante da regula\u00e7\u00e3o das rela\u00e7\u00f5es de trabalho<\/a>.<br \/>\nAutor(es):\u00a0Rubens Soares Vellinho.<\/li>\n<li><a href=\"https:\/\/wp.ufpel.edu.br\/jbs\/files\/2017\/08\/Marlon-R.-Expandido.pdf\">Trabalho, terceiriza\u00e7\u00e3o e agravos \u00e0 sa\u00fade mental: uma discuss\u00e3o a partir do caso de trabalhadoras e trabalhadores do Hospital Universit\u00e1rio da Universidade Federal do Rio Grande (FURG)<\/a>.<br \/>\nAutor(es):\u00a0Marlon Freitas de Campos.<\/li>\n<li><a href=\"https:\/\/wp.ufpel.edu.br\/jbs\/files\/2017\/08\/Renata-R.-Expandido.pdf\">Terceiriza\u00e7\u00e3o do trabalho: estudo com as trabalhadoras do setor de conserva\u00e7\u00e3o e limpeza em uma institui\u00e7\u00e3o p\u00fablica<\/a>.<br \/>\nAutor(es):\u00a0Renata Vieira Rodrigues Severo; Ricardo Gon\u00e7alves Severo.<\/li>\n<li><a href=\"https:\/\/wp.ufpel.edu.br\/jbs\/files\/2017\/08\/Berenice-R.-Expandido.pdf\">A ind\u00fastria naval brasileira e os diferentes contratos de trabalho: arranjos contratuais para quadros superiores<\/a>.<br \/>\nAutor(es):\u00a0Berenice de Lemos Silva Salvador; Pedro Robertt.<\/li>\n<li><a href=\"https:\/\/wp.ufpel.edu.br\/jbs\/files\/2017\/08\/Maria-E.-R.-Expandido.pdf\">Trabalho dom\u00e9stico: as percep\u00e7\u00f5es sociais sobre a PEC das dom\u00e9sticas<\/a>.<br \/>\nAutor(es):\u00a0Maria Em\u00edlia Valli B\u00fcttow.<\/li>\n<li><a href=\"https:\/\/wp.ufpel.edu.br\/jbs\/files\/2017\/08\/Jo\u00e3o-R.-Expandido.pdf\">O pre\u00e7o do risco: o trabalho dos motoboys em Pelotas \u2013 RS<\/a>.<br \/>\nAutor(es):\u00a0Jo\u00e3o Matheus Soares Miranda; Lorena Almeida Gill.<\/li>\n<li><a href=\"https:\/\/wp.ufpel.edu.br\/jbs\/files\/2017\/08\/Valdir-R.-Expandido.pdf\">Os efeitos das novas tecnologias e da populariza\u00e7\u00e3o da Internet na profiss\u00e3o de m\u00fasico na cidade de Pelotas<\/a>.<br \/>\nAutor(es):\u00a0Valdir Robe J\u00fanior.<\/li>\n<li><a href=\"https:\/\/wp.ufpel.edu.br\/jbs\/files\/2017\/08\/Jaqueline-R.-Expandido.pdf\">Liberdade e autonomia sindical em xeque: atua\u00e7\u00e3o do Minist\u00e9rio P\u00fablico do Trabalho em Pelotas<\/a>.<br \/>\nAutor(es):\u00a0Jaqueline B\u00fcttow Signorini.<\/li>\n<li><a href=\"https:\/\/wp.ufpel.edu.br\/jbs\/files\/2017\/08\/Giovanna-R.-Expandido.pdf\">Trabalho dom\u00e9stico no Brasil: entre o poder simb\u00f3lico patronal e a luta por reconhecimento<\/a>.<br \/>\nAutor(es):\u00a0Giovanna Iasiniewicz.<\/li>\n<li><a href=\"https:\/\/wp.ufpel.edu.br\/jbs\/files\/2017\/08\/Clarissa-R.-Expandido.pdf\">O descompasso entre ver e dizer o jornalismo<\/a>.<br \/>\nAutor(es):\u00a0Clarissa Corr\u00eaa Henning.<\/li>\n<li><a href=\"https:\/\/wp.ufpel.edu.br\/jbs\/files\/2017\/08\/Claudia-R.-Expandido.pdf\">Mulheres e trabalho: feminiza\u00e7\u00e3o de vagas no polo naval e offshore de Rio Grande, explora\u00e7\u00e3o ou uma quest\u00e3o de justi\u00e7a social na valoriza\u00e7\u00e3o do princ\u00edpio da igualdade?<\/a><br \/>\nAutor(es):\u00a0Claudia Socoowski de Anello e Silva; Eder Dion de Paula Costa.<\/li>\n<li><a href=\"https:\/\/wp.ufpel.edu.br\/jbs\/files\/2017\/08\/Guilhermo-R.-Expandido.pdf\">O \u201ctriste adeus de um trem\u201d: trabalho, cidade e narrativa na mancha ferrovi\u00e1ria<\/a>.<br \/>\nAutor(es):\u00a0Guillermo Stefano Rosa G\u00f3mez; Marcelo Henrique Gr\u00f6es.<\/li>\n<\/ul>\n<p>&nbsp;<\/p>\n<p><strong>GT 02 \u2013 Pol\u00edticas p\u00fablicas e cidades<\/strong><\/p>\n<ul>\n<li><a href=\"https:\/\/wp.ufpel.edu.br\/jbs\/files\/2017\/08\/Icaro-R.-Expandido.pdf\">Gastos em cultura atrav\u00e9s do financiamento p\u00fablico em Jaguar\u00e3o: 2003-2014<\/a>.<br \/>\nAutor(es):\u00a0\u00cdcaro Vasques Inchauspe.<\/li>\n<li><a href=\"https:\/\/wp.ufpel.edu.br\/jbs\/files\/2017\/08\/Iara-R.-Expandido.pdf\">Assist\u00eancia social no Brasil durante a ditadura militar: benef\u00edcios e benefici\u00e1rios<\/a>.<br \/>\nAutor(es):\u00a0Iara Cunha Passos.<\/li>\n<li><a href=\"https:\/\/wp.ufpel.edu.br\/jbs\/files\/2017\/08\/Julio-R.-Expandido.pdf\">A ma\u00e7onaria e o seu papel educacional na cidade de Pelotas<\/a>.<br \/>\nAutor(es):\u00a0Julio Marinho Ferreira.<\/li>\n<li><a href=\"https:\/\/wp.ufpel.edu.br\/jbs\/files\/2017\/08\/Su\u00e9len-R.-Expandido.pdf\">O jornalismo popular e a representa\u00e7\u00e3o dos leitores sobre e no jornal impresso Di\u00e1rio Ga\u00facho<\/a>.<br \/>\nAutor(es):\u00a0Su\u00e9len Almeida Freda; Maria Thereza Rosa Ribeiro.<\/li>\n<li><a href=\"https:\/\/wp.ufpel.edu.br\/jbs\/files\/2017\/08\/Ana-E.-R.-Expandido.pdf\">Centralidade e \u201cgentrifica\u00e7\u00e3o\u201d do espa\u00e7o p\u00fablico: a revitaliza\u00e7\u00e3o do Mercado Central de Pelotas<\/a>.<br \/>\nAutor(es):\u00a0Ana Estela Vaz Xavier; Maria Thereza Rosa Ribeiro.<\/li>\n<li><a href=\"https:\/\/wp.ufpel.edu.br\/jbs\/files\/2017\/08\/Willian-R.-Expandido.pdf\">Parques urbanos em Pelotas\/RS: entre recovers\u00f5es, projetos e promessas<\/a>.<br \/>\nAutor(es):\u00a0Willian da Silva Teixeira.<\/li>\n<li><a href=\"https:\/\/wp.ufpel.edu.br\/jbs\/files\/2017\/08\/Ricardo-R.-Expandido.pdf\">Do \u201cBolsa Fam\u00edlia\u201d \u00e0 \u201cRenda B\u00e1sica de Cidadania\u201d rumo a maior justi\u00e7a social<\/a>.<br \/>\nAutor(es):\u00a0Ricardo Rojas Fabres; Claudio Corbo.<\/li>\n<li><a href=\"https:\/\/wp.ufpel.edu.br\/jbs\/files\/2017\/08\/L\u00edgia-R.-Expandido.pdf\">Pol\u00edtica p\u00fablica de acesso \u00e0 justi\u00e7a: estado da arte e atua\u00e7\u00e3o da Defensoria P\u00fablica estadual em Pelotas\/RS<\/a>.<br \/>\nAutor(es):\u00a0L\u00edgia Silva de Fran\u00e7a Brilhante; Hemerson Luiz Pase.<\/li>\n<li><a href=\"https:\/\/wp.ufpel.edu.br\/jbs\/files\/2017\/08\/Ana-R.-Expandido.pdf\">Sistema \u00danico de Sa\u00fade: a incongru\u00eancia entre as estruturas administrativa e or\u00e7ament\u00e1ria e a incapacidade de implementa\u00e7\u00e3o da pol\u00edtica p\u00fablica<\/a>.<br \/>\nAutor(es):\u00a0Ana Paula Dupuy Patella; M\u00e1rcia Leite Borges.<\/li>\n<li><a href=\"https:\/\/wp.ufpel.edu.br\/jbs\/files\/2017\/08\/Adriane-R.-Expandido.pdf\">As pol\u00edticas p\u00fablicas e o desafio da intersetorialidade<\/a>.<br \/>\nAutor(es): Adriane Vieira Ferrarini; J\u00e9ssica Caroline Wallauer<\/li>\n<li><a href=\"https:\/\/wp.ufpel.edu.br\/jbs\/files\/2017\/08\/Fl\u00e1via-R.-Expandido.pdf\">A constru\u00e7\u00e3o da identidade da crian\u00e7a negra no espa\u00e7o social escolar na periferia de Santana do Livramento \u2013 RS a partir da implementa\u00e7\u00e3o da lei 10.639\/03<\/a>.<br \/>\nAutor(es):\u00a0Flavia Acosta Duarte; Marcus Vinicius Spolle.<\/li>\n<li><a href=\"https:\/\/wp.ufpel.edu.br\/jbs\/files\/2017\/08\/Dalila-R.-Expandido.pdf\">Plano Municipal de Turismo 2004: uma Pol\u00edtica P\u00fablica de Turismo em Pelotas\/RS<\/a>.<br \/>\nAutor(es):\u00a0Dalila M\u00fcller; Dalila Rosa Hallal.<\/li>\n<li><a href=\"https:\/\/wp.ufpel.edu.br\/jbs\/files\/2017\/08\/Dalila-2-R.-Expandido.pdf\">Analise do Programa Esporte e Lazer na Cidade (PELC) em Pelotas\/RS<\/a>.<br \/>\nAutor(es):\u00a0Dalila M\u00fcller; Dalila Rosa Hallal; Michele de Campos Maino.<\/li>\n<li><a href=\"https:\/\/wp.ufpel.edu.br\/jbs\/files\/2017\/08\/Gerson-R.-Expandido.pdf\">A din\u00e2mica das intera\u00e7\u00f5es sociais nos espa\u00e7os p\u00fablicos da cidade de Pelotas<\/a>.<br \/>\nAutor(es):\u00a0Gerson Luiz Cardoso da Silva; Guilherme Massau.<\/li>\n<li><a href=\"https:\/\/wp.ufpel.edu.br\/jbs\/files\/2017\/08\/Ana-Carolina-R.-Expandido.pdf\">Formar para a diversidade: a quest\u00e3o de g\u00eanero e sexualidade na forma\u00e7\u00e3o geral de psic\u00f3logos e psic\u00f3logas na cidade de Pelotas<\/a>.<br \/>\nAutor(es):\u00a0Ana Carolina Paes.<\/li>\n<\/ul>\n<p>&nbsp;<\/p>\n<p><strong>GT 03 \u2013 Teor\u00eda social e pol\u00edtica<\/strong><\/p>\n<ul>\n<li><a href=\"https:\/\/wp.ufpel.edu.br\/jbs\/files\/2017\/08\/Gabriel-E.-R.-Expandido.pdf\">Racionalidade e consci\u00eancia: a a\u00e7\u00e3o social \u2013 entre as causas, os motivos e os fins<\/a>.<br \/>\nAutor(es):\u00a0Gabriel Eidelwein Silveira.<\/li>\n<li><a href=\"https:\/\/wp.ufpel.edu.br\/jbs\/files\/2017\/08\/\u00c1ureo-R.-Expandido.pdf\">Cercando o objeto: alguns apontamentos te\u00f3ricos sobre a produ\u00e7\u00e3o bibliogr\u00e1fica nos estudos relacionados aos militares na pol\u00edtica<\/a>.<br \/>\nAutor(es):\u00a0\u00c1ureo Luiz da Rocha.<\/li>\n<li><a href=\"https:\/\/wp.ufpel.edu.br\/jbs\/files\/2017\/08\/Maria-Paula-R.-Expandido.pdf\">Fidelidade partid\u00e1ria no Brasil \u2013 o impacto da Resolu\u00e7\u00e3o-Tribunal Superior Eleitoral n\u00ba 22.610\/2007<\/a>.<br \/>\nAutor(es):\u00a0Maria Paula Escobar Bins.<\/li>\n<li><a href=\"https:\/\/wp.ufpel.edu.br\/jbs\/files\/2017\/08\/Vinicius-R.-Expandido.pdf\">O impacto do Programa Bolsa Fam\u00edlia no exerc\u00edcio da cidadania atrav\u00e9s da cria\u00e7\u00e3o de uma consci\u00eancia social<\/a>.<br \/>\nAutor(es):\u00a0Vin\u00edcius Pereira Menezes.<\/li>\n<li><a href=\"https:\/\/wp.ufpel.edu.br\/jbs\/files\/2017\/08\/Alice-R.-Expandido.pdf\">O acoplamento estrutural entre incubadoras, empresas incubadas e universidades: um olhar a partir da teoria sist\u00eamica de Niklas Luhmann<\/a>.<br \/>\nAutor(es): Alice Hubner Franz; Gabriel Bandeira Coelho.<\/li>\n<li><a href=\"https:\/\/wp.ufpel.edu.br\/jbs\/files\/2017\/08\/Marco-R.-Expandido.pdf\">A rela\u00e7\u00e3o entre teoria e m\u00e9todo \u2013 observa\u00e7\u00f5es a partir da sociologia da educa\u00e7\u00e3o de Bourdieu e Passeron<\/a>.<br \/>\nAutor(es):\u00a0Marco Ant\u00f4nio de Oliveira Lima.<\/li>\n<li><a href=\"https:\/\/wp.ufpel.edu.br\/jbs\/files\/2017\/08\/Vagner-R.-Expandido.pdf\">A incompatibilidade te\u00f3rica entre as categorias sociais: viol\u00eancia e a desobedi\u00eancia civil<\/a>.<br \/>\nAutor(es): Vagner Silva Da Cunha.<\/li>\n<\/ul>\n<p>&nbsp;<\/p>\n<p><strong>GT 04 \u2013 Desenvolvimento, ruralidades e meio ambiente<\/strong><\/p>\n<ul>\n<li><a href=\"https:\/\/wp.ufpel.edu.br\/jbs\/files\/2017\/08\/Karin-R.-Expandido.pdf\">Faces da pobreza rural em comunidades quilombolas de S\u00e3o Louren\u00e7o do Sul<\/a>.<br \/>\nAutor(es):\u00a0Karin Peglow; M\u00e1rcia de Lima Cabral.<\/li>\n<li><a href=\"https:\/\/wp.ufpel.edu.br\/jbs\/files\/2017\/08\/Elis-R.-Expandido.pdf\">Desarrollo, esencialismo y las l\u00f3gicas de las localidades<\/a>.<br \/>\nAutor(es):\u00a0Elis Esther Meza Pe\u00f1a.<\/li>\n<li><a href=\"https:\/\/wp.ufpel.edu.br\/jbs\/files\/2017\/08\/Let\u00edcia-R.-Expandido.pdf\">Novas formas de apropria\u00e7\u00e3o da natureza e de gera\u00e7\u00e3o de renda e riqueza: o caso do complexo e\u00f3lico campos neutrais no extremo sul ga\u00facho<\/a>.<br \/>\nAutor(es):\u00a0Let\u00edcia Bauer Nino.<\/li>\n<li><a href=\"https:\/\/wp.ufpel.edu.br\/jbs\/files\/2017\/08\/Raquel-R.-Expandido.pdf\">A vida cotidiana como um lugar revelador e privilegiado para a an\u00e1lise sociol\u00f3gica dos impactos locais de grandes projetos de desenvolvimento<\/a>.<br \/>\nAutor(es):\u00a0Raquel Hadrich Silva; William H\u00e9ctor G\u00f3mez Soto.<\/li>\n<li><a href=\"https:\/\/wp.ufpel.edu.br\/jbs\/files\/2017\/08\/Ana-R.-Expandido-1.pdf\">Comer \u00e9 um ato pol\u00edtico! A op\u00e7\u00e3o pela agricultura org\u00e2nica como fomento ao desenvolvimento regional<\/a>.<br \/>\nAutor(es):\u00a0Ana Paola Malicheski Victoria.<\/li>\n<li><a href=\"https:\/\/wp.ufpel.edu.br\/jbs\/files\/2017\/08\/F\u00e1bio-R.-Expandido.pdf\">Produ\u00e7\u00e3o agroecol\u00f3gica na cidade de Cangu\u00e7u \u2013 uma alternativa ao discurso modernizador<\/a>.<br \/>\nAutor(es):\u00a0F\u00e1bio Dias Ribeiro Elste.<\/li>\n<\/ul>\n<p>&nbsp;<\/p>\n<p><strong>GT 05 \u2013 Movimentos sociais e democracia<\/strong><\/p>\n<ul>\n<li><a href=\"https:\/\/wp.ufpel.edu.br\/jbs\/files\/2017\/08\/Carla-R.-Expandido.pdf\">Como visualizar e analisar o invis\u00edvel? Propondo um modelo anal\u00edtico do fluxo de indiv\u00edduos que transitam por entre organiza\u00e7\u00f5es de movimentos sociais e \u00f3rg\u00e3os estatais no Brasil<\/a>.<br \/>\nAutor(es):\u00a0Carla Michele Rech.<\/li>\n<li><a href=\"https:\/\/wp.ufpel.edu.br\/jbs\/files\/2017\/08\/Daniel-R.-Expandido.pdf\">Pensar os movimentos sociais e as manifesta\u00e7\u00f5es sociais, atrav\u00e9s do Projeto \u201cJovem Senador\u201d. Uma proposta pedag\u00f3gica para estudantes de Ensino M\u00e9dio em Pelotas<\/a>.<br \/>\nAutor(es):\u00a0Daniel de Souza Lemos.<\/li>\n<li><a href=\"https:\/\/wp.ufpel.edu.br\/jbs\/files\/2017\/08\/Rosana-R.-Expandido.pdf\">O direito \u00e0 informa\u00e7\u00e3o ambiental como instrumento para a efetiva\u00e7\u00e3o da democracia participativa<\/a>.<br \/>\nAutor(es):\u00a0Rosana Gomes da Rosa; Jonas Vollrath Thiel.<\/li>\n<li><a href=\"https:\/\/wp.ufpel.edu.br\/jbs\/files\/2017\/08\/Samira-R.-Expandido.pdf\">As vozes na rua: a legitimidade de movimentos sociais com amparo na Constitui\u00e7\u00e3o de 1988<\/a>.<br \/>\nAutor(es):\u00a0Samira Marques da Silveira.<\/li>\n<li><a href=\"https:\/\/wp.ufpel.edu.br\/jbs\/files\/2017\/08\/Henrique-R.-Expandido.pdf\">As representa\u00e7\u00f5es sociais da viol\u00eancia na imprensa sul matogrossense como reprodutoras de campos sem\u00e2nticos estigmatizantes diante das juventudes ind\u00edgenas<\/a>.<br \/>\nAutor(es):\u00a0Henrique Duarte; Walter Roberto Marschner.<\/li>\n<li><a href=\"https:\/\/wp.ufpel.edu.br\/jbs\/files\/2017\/08\/Gustavo-R.-Expandido.pdf\">At\u00e9 onde v\u00e3o os movimentos sociais: notas sobre a institucionaliza\u00e7\u00e3o do movimento de economia solid\u00e1ria no Brasil<\/a>.<br \/>\nAutor(es):\u00a0Gustavo Moura de Oliveira.<\/li>\n<li><a href=\"https:\/\/wp.ufpel.edu.br\/jbs\/files\/2017\/08\/Tamires-R.-Expandido.pdf\">Entre liberdade e igualdade: a escolha francesa<\/a>.<br \/>\nAutor(es):\u00a0Tamires Eidelwein; F\u00e1bio Edgar Streck Barbosa; Gabriel Eidelwein Silveira.<\/li>\n<li><a href=\"https:\/\/wp.ufpel.edu.br\/jbs\/files\/2017\/08\/Bernardo-R.-Expandido.pdf\">Movimentos sociais e os princ\u00edpios democr\u00e1ticos no Brasil<\/a>.<br \/>\nAutor(es):\u00a0Bernardo Fernando Sicoche; David Adriano Nota.<\/li>\n<li><a href=\"https:\/\/wp.ufpel.edu.br\/jbs\/files\/2017\/08\/Pedro-R.-Expandido.pdf\">O processo de estigmatiza\u00e7\u00e3o do baiano no polo naval de Rio Grande \u2013 RS<\/a>.<br \/>\nAutor(es):\u00a0Pedro Francisco Marchioro.<\/li>\n<li><a href=\"https:\/\/wp.ufpel.edu.br\/jbs\/files\/2017\/08\/Juliana-R.-Expandido.pdf\">A percep\u00e7\u00e3o das mulheres v\u00edtimas de ass\u00e9dio nos espa\u00e7os p\u00fablicos: um contexto de viol\u00eancia?<\/a><br \/>\nAutor(es):\u00a0Juliana Lima Castro.<\/li>\n<li><a href=\"https:\/\/wp.ufpel.edu.br\/jbs\/files\/2017\/08\/May-R.-Expandido.pdf\">Olhares \u00e0 redu\u00e7\u00e3o da maioridade penal: para al\u00e9m de uma l\u00f3gica encarceradora<\/a>.<br \/>\nAutor(es):\u00a0May Kelly Coelho Fuentes Pereira; Mari Cristina de Freitas Fagundes.<\/li>\n<li><a href=\"https:\/\/wp.ufpel.edu.br\/jbs\/files\/2017\/08\/Noa-R.-Expandido.pdf\">Revolta popular em Mo\u00e7ambique e atua\u00e7\u00e3o policial no atual Estado Democr\u00e1tico de Direito<\/a>.<br \/>\nAutor(es):\u00a0Noa Querino Mabote.<\/li>\n<\/ul>\n<p>&nbsp;<\/p>\n<p><strong>GT 06 \u2013 Cultura pol\u00edtica e econ\u00f4mica<\/strong><\/p>\n<ul>\n<li><a href=\"https:\/\/wp.ufpel.edu.br\/jbs\/files\/2017\/08\/Yuri-R.-Expandido.pdf\">Crise e domina\u00e7\u00e3o econ\u00f4mica: a legitima\u00e7\u00e3o de um novo modelo cultural<\/a>.<br \/>\nAutor(es):\u00a0Yuri Dayananda Medeiros.<\/li>\n<li><a href=\"https:\/\/wp.ufpel.edu.br\/jbs\/files\/2017\/08\/Juliane-R.-Expandido.pdf\">Corrup\u00e7\u00e3o e sonega\u00e7\u00e3o fiscal: a percep\u00e7\u00e3o do contribuinte brasileiro<\/a>.<br \/>\nAutor(es):\u00a0Juliane Nogueira Carvalho.<\/li>\n<li><a href=\"https:\/\/wp.ufpel.edu.br\/jbs\/files\/2017\/08\/Caroline-R.-Expandido.pdf\">Brasil: dos conflitos entre os colonizadores e da resist\u00eancia a luz de Caio Prado J\u00fanior<\/a>.<br \/>\nAutor(es):\u00a0Caroline Bellaguarda de Azevedo.<\/li>\n<li><a href=\"https:\/\/wp.ufpel.edu.br\/jbs\/files\/2017\/08\/Tanise-R.-Expandido.pdf\">Entre amor e finan\u00e7as: um estudo sociol\u00f3gico sobre relacionamentos e transa\u00e7\u00f5es econ\u00f4micas<\/a>.<br \/>\nAutor(es):\u00a0Tanise Brincker.<\/li>\n<\/ul>\n<hr \/>\n<p><strong>*<\/strong>\u00a0A responsabilidade dos conte\u00fados e formatos s\u00e3o exclusivamente dos autores.<\/p>\n<hr \/>\n<p><strong>Corpo Editorial<\/strong><br \/>\nAna Paola Malicheski Victoria<br \/>\nBerenice De Lemos Silva Salvador<br \/>\nCarla Rosane Da Silva Mota<br \/>\nElaine Da Silveira Leite<br \/>\nGiovanna Iasiniewicz<br \/>\nJo\u00e3o Matheus Soares Miranda<br \/>\nJuliana Lima Castro<br \/>\nLarissa Russo Gon\u00e7alves<\/p>\n<p><strong>Elabora\u00e7\u00e3o T\u00e9cnica<\/strong><br \/>\nAlejandro R. Maldonado Fermin<\/p>\n","protected":false},"excerpt":{"rendered":"<p>Anais da Jornada Brasileira de Sociologia A\u00a0IV Jornada Brasileira de Sociologia &#8211; que nesta oportunidade e tamb\u00e9m a I Jornada Brasileira de Ci\u00eancia Pol\u00edtica, trata-se do encontro cient\u00edfico organizado por integrantes do corpo discente dos Programas de P\u00f3s-Gradua\u00e7\u00e3o em Sociologia e de Ci\u00eancia Pol\u00edtica do Instituto de Filosofia, Sociologia e Pol\u00edtica \u2013 IFISP \u2013 da [&hellip;]<\/p>\n","protected":false},"author":731,"featured_media":0,"parent":214,"menu_order":1,"comment_status":"closed","ping_status":"closed","template":"","meta":{"footnotes":""},"class_list":["post-797","page","type-page","status-publish","hentry"],"jetpack_sharing_enabled":true,"_links":{"self":[{"href":"https:\/\/wp.ufpel.edu.br\/jbs\/wp-json\/wp\/v2\/pages\/797","targetHints":{"allow":["GET"]}}],"collection":[{"href":"https:\/\/wp.ufpel.edu.br\/jbs\/wp-json\/wp\/v2\/pages"}],"about":[{"href":"https:\/\/wp.ufpel.edu.br\/jbs\/wp-json\/wp\/v2\/types\/page"}],"author":[{"embeddable":true,"href":"https:\/\/wp.ufpel.edu.br\/jbs\/wp-json\/wp\/v2\/users\/731"}],"replies":[{"embeddable":true,"href":"https:\/\/wp.ufpel.edu.br\/jbs\/wp-json\/wp\/v2\/comments?post=797"}],"version-history":[{"count":7,"href":"https:\/\/wp.ufpel.edu.br\/jbs\/wp-json\/wp\/v2\/pages\/797\/revisions"}],"predecessor-version":[{"id":843,"href":"https:\/\/wp.ufpel.edu.br\/jbs\/wp-json\/wp\/v2\/pages\/797\/revisions\/843"}],"up":[{"embeddable":true,"href":"https:\/\/wp.ufpel.edu.br\/jbs\/wp-json\/wp\/v2\/pages\/214"}],"wp:attachment":[{"href":"https:\/\/wp.ufpel.edu.br\/jbs\/wp-json\/wp\/v2\/media?parent=797"}],"curies":[{"name":"wp","href":"https:\/\/api.w.org\/{rel}","templated":true}]}}