{"id":599,"date":"2019-10-17T01:53:35","date_gmt":"2019-10-17T04:53:35","guid":{"rendered":"https:\/\/wp.ufpel.edu.br\/jbs\/?page_id=599"},"modified":"2020-09-21T10:29:29","modified_gmt":"2020-09-21T13:29:29","slug":"2019-anais","status":"publish","type":"page","link":"https:\/\/wp.ufpel.edu.br\/jbs\/anais\/2019-anais\/","title":{"rendered":"2019"},"content":{"rendered":"<h2><strong><span class=\"Apple-style-span\">Anais da Jornada Brasileira de Sociologia<\/span><\/strong><\/h2>\n<hr \/>\n<p>A VI Jornada Brasileira de Sociologia (JBS) \u00e9 um evento que tem se consolidado no Programa de P\u00f3s-Gradua\u00e7\u00e3o em Sociologia da Universidade Federal de Pelotas (UFPel) e uma de suas caracter\u00edsticas \u00e9 o envolvimento, na organiza\u00e7\u00e3o, de p\u00f3s-doutorandas\/os, doutorandas\/os e mestrandas\/os, juntamente com o apoio do respectivo corpo docente. Na esteira dos temas emergentes com a globaliza\u00e7\u00e3o das ci\u00eancias sociais e a retomada de debates sobre a modernidade, a VI Jornada se articular\u00e1 em torno do tema Modernidade e Sul Global.<\/p>\n<p>O evento foi realizado de 09\/10\/2019 a 11\/10\/2019 no Instituto de Filosofia e Sociologia (IFISP) e no Centro de P\u00f3s-Gradua\u00e7\u00e3o e Pesquisas em Ci\u00eancias Humanas, Sociais, Sociais Aplicadas, Artes e Linguagem (CEHUS) da Universidade Federal de Pelotas (UFPel). A realiza\u00e7\u00e3o do evento visou contribuir, atrav\u00e9s de confer\u00eancias, mesas-redondas e grupos de trabalho para o debate sobre a modernidade e o sul global a partir de diferentes perspectivas, bem como na constitui\u00e7\u00e3o de ferramentas te\u00f3rico-conceituais e metodol\u00f3gicas que propiciem: (a) repensar os fundamentos e consequ\u00eancias pr\u00e1tico-discursivos das teorias e projetos de moderniza\u00e7\u00e3o na Am\u00e9rica Latina; (b) as manifesta\u00e7\u00f5es particulares do capitalismo contempor\u00e2neo e as alternativas emergentes no Sul Global; (c) a releitura da modernidade desde a teoria e pensamento sociais produzidos fora dos centros hegem\u00f4nicos de produ\u00e7\u00e3o do conhecimento. O evento tamb\u00e9m realizou o \u201cEspa\u00e7o do Egresso\u201d, objetivando recuperar a hist\u00f3ria do pr\u00f3prio Programa de P\u00f3s-Gradua\u00e7\u00e3o em Sociologia da UFPel mediante a participa\u00e7\u00e3o das (os) egressas (os) atrav\u00e9s de p\u00f4steres e comunica\u00e7\u00f5es.<\/p>\n<p><strong>ISSN<\/strong> 2675-6382<\/p>\n<hr \/>\n<hr \/>\n<p>&nbsp;<\/p>\n<p><span style=\"font-size: 12pt\"><strong>GT 01 \u2013 TEORIA SOCIAL: REPENSAR A MODERNIDADE<\/strong><\/span><\/p>\n<ul>\n<li><strong><a href=\"https:\/\/wp.ufpel.edu.br\/jbs\/files\/2019\/10\/01.pdf\">O conceito de Seculariza\u00e7\u00e3o e a Teoria Sociol\u00f3gica: Max Weber e as abordagens contempor\u00e2neas<\/a><\/strong><\/li>\n<\/ul>\n<p style=\"padding-left: 40px\"><em>Autores(as): Rafael de Oliveira Wachholz e Jordana de Moraes Neves<\/em><\/p>\n<ul>\n<li><strong><a href=\"https:\/\/wp.ufpel.edu.br\/jbs\/files\/2019\/10\/02.pdf\">A Nova Roupa do Imperador: Inserindo a categoria de\u00a0<i>imperialidade\u00a0<\/i>para a compreens\u00e3o da dial\u00e9tica entre colonizado e colonizador na Am\u00e9rica Latina<\/a><\/strong><\/li>\n<\/ul>\n<p style=\"padding-left: 40px\"><em>Autores(as): Pedro Henrique Silva de Oliveira e Bruno Gazalle Cavichioli<\/em><\/p>\n<ul>\n<li><strong><a href=\"https:\/\/wp.ufpel.edu.br\/jbs\/files\/2019\/10\/03.pdf\">Dois olhares sobre o Brasil: os liberalismos de Joaquim Nabuco e Rui Barbosa na Rep\u00fablica da Espada (1889 \u2013 1894)<\/a><\/strong><\/li>\n<\/ul>\n<p style=\"padding-left: 40px\"><em>\u00a0Autores(as):Bruno Ve\u00e7ozzi Regasson e Reginaldo Teixeira Perez<\/em><\/p>\n<ul>\n<li><strong><a href=\"https:\/\/wp.ufpel.edu.br\/jbs\/files\/2019\/10\/04.pdf\">Linguagem, escola e reprodu\u00e7\u00e3o social: julgamentos de alunos de uma escola privilegiada e de uma escola de periferia sobre a qualidade da educa\u00e7\u00e3o<\/a><\/strong><\/li>\n<\/ul>\n<p style=\"padding-left: 40px\" align=\"justify\"><em>\u00a0Autores(as): Ricardo Boklis Golbspan<\/em><\/p>\n<ul>\n<li><strong><a href=\"https:\/\/wp.ufpel.edu.br\/jbs\/files\/2019\/10\/05.pdf\">A hegemonia do saber: uma an\u00e1lise das rela\u00e7\u00f5es de poder no campo Psi<\/a><\/strong><\/li>\n<\/ul>\n<p style=\"padding-left: 40px\" align=\"justify\"><em>Autores(as): Fernando Rodrigues dos Santos, Alice Nunes Santo; Benjamin Dias Pacce, Erik da Rosa Paulino,\u00a0 \u00a0 \u00a0 \u00a0 \u00a0 Leonardo Roman Ultramari, Felipe Silveira Zoppo e Ismael Leonardi Salaberry<\/em><\/p>\n<hr \/>\n<p><span style=\"font-size: 12pt\"><strong>GT 02 \u2013 <\/strong><strong>NOVAS SOCIOLOGIAS: DIGITAL, ALGORITMOS, M\u00cdDIAS<\/strong><\/span><\/p>\n<ul>\n<li><strong><a href=\"https:\/\/wp.ufpel.edu.br\/jbs\/files\/2019\/10\/GREICE-Trabalho-completo.pdf\">Discutindo as Representa\u00e7\u00f5es coletivas em cen\u00e1rios contempor\u00e2neos<\/a><\/strong><\/li>\n<\/ul>\n<p style=\"padding-left: 40px\"><em>Autores(as): Greice Martins Gomes<\/em><\/p>\n<ul>\n<li><strong><a href=\"https:\/\/wp.ufpel.edu.br\/jbs\/files\/2019\/10\/VI-Jornada-Brasileira-de-Sociologia-Leonardo-Tajes-Ferreira.pdf\">O papel do ciberespa\u00e7o como fortalecedor dos v\u00ednculos identit\u00e1rios de surdos LGBT+: um estudo sobre o canal de L\u00e9o Viturinno no Youtube<\/a><\/strong><\/li>\n<\/ul>\n<p style=\"padding-left: 40px\"><em>Autores(as): Leonardo Tajes Ferreira<\/em><\/p>\n<ul>\n<li><strong><a href=\"https:\/\/wp.ufpel.edu.br\/jbs\/files\/2019\/10\/VI-JBS-Yves-Tavares.pdf\">Sociedade de consumo e a territorializa\u00e7\u00e3o da marca no subjetivo humano: Estrat\u00e9gias em um mundo globalizado.<\/a><\/strong><\/li>\n<\/ul>\n<p style=\"padding-left: 40px\"><em>\u00a0Autores(as): Yves Pereira de Sousa Tavares e Tiaraju Salini Duarte<\/em><\/p>\n<p>&nbsp;<\/p>\n<hr \/>\n<p><span style=\"font-size: 12pt\"><strong>GT 03 \u2013 <\/strong><strong>CONFLITOS E CONTROV\u00c9RSIAS AMBIENTAIS<\/strong><\/span><\/p>\n<ul>\n<li><strong><a href=\"https:\/\/wp.ufpel.edu.br\/jbs\/files\/2019\/10\/trabalho-completo-VIJBS-Luis-Henrique-Ferreira-Dias1.pdf\">Uma An\u00e1lise Socioespacial do Projeto Hortas Urbanas da UFPel<\/a><\/strong><\/li>\n<\/ul>\n<p class=\"western\" style=\"padding-left: 40px\" align=\"justify\"><em>Autores(as):Luis Henrique Ferreira Dias e Rosana Dias Morales<\/em><\/p>\n<ul>\n<li><strong><a href=\"https:\/\/wp.ufpel.edu.br\/jbs\/files\/2019\/10\/Artigo-Jornada-Sociologia-UFPEL-Vanessa-pdf.pdf\">O Aspecto Ambiental no Processo de Urbaniza\u00e7\u00e3o de Favelas<\/a><\/strong><\/li>\n<\/ul>\n<p style=\"padding-left: 40px\"><em>Autores(as):Vanessa Aguiar Figueiredo<\/em><\/p>\n<ul>\n<li><strong><a href=\"https:\/\/wp.ufpel.edu.br\/jbs\/files\/2019\/10\/Trabalho-completo-VI-JBS-2019-Eduardo-Guedes-GT-03.pdf\">Pensando a lei org\u00e2nica no 6373 que permite somente canudos biodegrad\u00e1veis em estabelecimentos comerciais na cidade de Santa Maria\/RS \u00e0 luz da abordagem \u201cModerniza\u00e7\u00e3o Ecol\u00f3gica\u201d<\/a><\/strong><\/li>\n<\/ul>\n<p style=\"padding-left: 40px\" align=\"justify\"><em>Autores(as): Eduardo Guedes<\/em><\/p>\n<ul>\n<li><strong><a href=\"https:\/\/wp.ufpel.edu.br\/jbs\/files\/2019\/10\/Trabalho-completo_-GT-03-K\u00e1ssia-Cristina-Neves-de-Oliveira1.pdf\">Rio Araguari, Fonte de \u2018Energia\u2019 Para Quem? Constru\u00e7\u00e3o de hidrel\u00e9tricas no munic\u00edpio de Ferreira Gomes (Amap\u00e1-Brasil)<\/a><\/strong><\/li>\n<\/ul>\n<p style=\"padding-left: 40px\"><em>Autores(as): K\u00e1ssia Cristina Neves de Oliveira<\/em><\/p>\n<p>&nbsp;<\/p>\n<hr \/>\n<p><span style=\"font-size: 12pt\"><b>G<\/b><b>T 04 \u2013 RA\u00c7A, G\u00caNERO, CLASSE<\/b><\/span><\/p>\n<ul>\n<li><strong><a href=\"https:\/\/wp.ufpel.edu.br\/jbs\/files\/2019\/10\/Artigo_O-Trauma-Colonial.pdf\">O Trauma Colonial: Fic\u00e7\u00e3o racial, tempo e poder<\/a><\/strong><\/li>\n<\/ul>\n<p style=\"padding-left: 40px\"><em>Autores(as): Jos\u00e9 Gadelha<\/em><\/p>\n<ul>\n<li><strong><a href=\"https:\/\/wp.ufpel.edu.br\/jbs\/files\/2019\/10\/Trabalho-completo-VI-JBS-gt-genero-VERS\u00c3O-FINAL.pdf\">A PROBLEM\u00c1TICA DA INSER\u00c7\u00c3O DA MULHER NO MERCADO DE TRABALHO SEM UMA REDE DE APOIO ESTATAL ADEQUADA<\/a><\/strong><\/li>\n<\/ul>\n<p style=\"padding-left: 40px\"><em>Autores(as): \u00cdngrid Visentini e Andrea N\u00e1rriman Cezne<\/em><\/p>\n<ul>\n<li><strong><a href=\"https:\/\/wp.ufpel.edu.br\/jbs\/files\/2019\/10\/Trabalho-completo-VI-JBS-Carolina-Duarte.pdf\">Professoras Negras da Educa\u00e7\u00e3o Infantil: Sujeitos potentes para a luta antirracista<\/a><\/strong><\/li>\n<\/ul>\n<p style=\"padding-left: 40px\"><em>Autores(as): Carolina Barcelos Duarte e Georgina Helena Lima Nunes<\/em><\/p>\n<ul>\n<li><strong><a href=\"https:\/\/wp.ufpel.edu.br\/jbs\/files\/2019\/10\/Trabalho-completo-Jess\u00e9-Lebkuchen.pdf\">Cuidado, fr\u00e1gil: conflitos entre a homogeneiza\u00e7\u00e3o identit\u00e1ria e os sujeitos exc\u00eantricos<\/a><\/strong><\/li>\n<\/ul>\n<p style=\"padding-left: 40px\"><em>\u00a0Autores(as): Jess\u00e9 Lebkuchen<\/em><\/p>\n<ul>\n<li><strong><a href=\"https:\/\/wp.ufpel.edu.br\/jbs\/files\/2019\/10\/Artigo-Jornada-Arielson-e-Manoela.docx-2.pdf\">EXPERI\u00caNCIAS DE SOCIALIZA\u00c7\u00c3O E TRAJET\u00d3RIA RELIGIOSA DE UM JOVEM GAY CRIST\u00c3O<\/a><\/strong><\/li>\n<\/ul>\n<p style=\"padding-left: 40px\"><em>\u00a0Autores(as): Arielson do Carmo,\u00a0 Manoela Vieira Neutzling<\/em><\/p>\n<p>&nbsp;<\/p>\n<hr \/>\n<p><span style=\"font-size: 12pt\"><b>GT 5 \u2013 RECONFIGURA\u00c7\u00d5ES NO MUNDO DO TRABALHO<\/b><\/span><\/p>\n<ul>\n<li><strong><a href=\"https:\/\/wp.ufpel.edu.br\/jbs\/files\/2019\/10\/Julio-Marinho.pdf\">Do\u00a0<i>coach<\/i>\u00a0tradicional ao\u00a0<i>coaching<\/i>\u00a0ressignificado: novas pr\u00e1ticas, saberes e formas de trabalho na sociedade informacional<\/a><\/strong><\/li>\n<\/ul>\n<p style=\"padding-left: 40px\" align=\"justify\"><em>Autores(as): Julio Marinho Ferreira<\/em><\/p>\n<ul>\n<li><strong><a href=\"https:\/\/wp.ufpel.edu.br\/jbs\/files\/2019\/10\/Juliana-Porto-Machado-e-Ronaldo-Colvero.pdf\">De pe\u00e3o a artes\u00e3o, o mercado informal na cidade de Jaguar\u00e3o-RS: o caso do artesanato em couro cru (guasqueria)<\/a><\/strong><\/li>\n<\/ul>\n<p style=\"padding-left: 40px\" align=\"justify\"><em>Autores(as): Juliana Porto Machado e Ronaldo Bernardino Colvero<\/em><\/p>\n<ul>\n<li><strong><a href=\"https:\/\/wp.ufpel.edu.br\/jbs\/files\/2019\/10\/Cristiane-de-Almeida-Jardim.pdf\">Trabalho Prec\u00e1rio: As mudan\u00e7as no quadro de trabalho do professor da educa\u00e7\u00e3o b\u00e1sica na cidade de Santa Maria\/RS<\/a><\/strong><\/li>\n<\/ul>\n<p style=\"padding-left: 40px\" align=\"justify\"><em>Autores(as): Cristiane de Almeida Jardim e Laura Senna Ferreira<\/em><\/p>\n<ul>\n<li><strong><a href=\"https:\/\/wp.ufpel.edu.br\/jbs\/files\/2019\/10\/Antohny-Eichner.pdf\">O impacto das Pol\u00edticas Educacionais na Intensidade do Trabalho Docente no Ensino M\u00e9dio em Escolas P\u00fablicas<\/a><\/strong><\/li>\n<\/ul>\n<p style=\"padding-left: 40px\" align=\"justify\"><em>Autores(as): \u00c2nthony Scapin Eichner e Mari Cleise Sandalowiski<\/em><\/p>\n<ul>\n<li><strong><a href=\"https:\/\/wp.ufpel.edu.br\/jbs\/files\/2019\/10\/Lucas-Dornelles.pdf\">Reforma do Ensino M\u00e9dio: a flexibiliza\u00e7\u00e3o curricular e a forma\u00e7\u00e3o do novo trabalhador<\/a><\/strong><\/li>\n<\/ul>\n<p style=\"padding-left: 40px\" align=\"justify\"><em>Autores(as): Lucas Augusto Schmidt Dornelles e Laura Senna Ferreira<\/em><\/p>\n<ul>\n<li><strong><a href=\"https:\/\/wp.ufpel.edu.br\/jbs\/files\/2019\/10\/Valdelaine-Mendes.pdf\">A influ\u00eancia dos\u00a0<i>think tanks<\/i> na pol\u00edtica educacional brasileira: menor autonomia pedag\u00f3gica e maior precariza\u00e7\u00e3o do trabalho<\/a><\/strong><\/li>\n<\/ul>\n<p style=\"padding-left: 40px\" align=\"justify\"><em>\u00a0 \u00a0 Autores(as): Valdelaine Mendes<\/em><\/p>\n<ul>\n<li><strong><a href=\"https:\/\/wp.ufpel.edu.br\/jbs\/files\/2019\/10\/Daiane-Rossckopf-Castro.pdf\">Trabalho e g\u00eanero no Servi\u00e7o P\u00fablico: uma an\u00e1lise do grau de instru\u00e7\u00e3o das servidoras das Pr\u00f3-Reitorias da Universidade Federal de Pelotas<\/a><\/strong><\/li>\n<\/ul>\n<p style=\"padding-left: 40px\" align=\"justify\"><em>Autores(as): Daiane Rossckopf Castro<\/em><\/p>\n<ul>\n<li><strong><a href=\"https:\/\/wp.ufpel.edu.br\/jbs\/files\/2019\/10\/%C3%8Dngrid-Visentini.pdf\">Empreendedorismo na \u00e1rea de TI: uma nova representa\u00e7\u00e3o do mundo do trabalho<\/a><\/strong><\/li>\n<\/ul>\n<p style=\"padding-left: 40px\" align=\"justify\"><em>Autores(as): \u00cdngrid Schmidt Visentini e Laura Senna Ferreira<\/em><\/p>\n<ul>\n<li><strong><a href=\"https:\/\/wp.ufpel.edu.br\/jbs\/files\/2019\/10\/Tupay-Machado.pdf\">A manuten\u00e7\u00e3o do corpo organizacional da empresa HINODE em Pelotas<\/a><\/strong><\/li>\n<\/ul>\n<p style=\"padding-left: 40px\"><em>Autores(as): Tupay Machado<\/em><\/p>\n<pre><span style=\"font-family: georgia, palatino, serif\"><span style=\"font-size: medium\"><b><strong>\u00a0<\/strong><\/b><\/span><\/span><\/pre>\n<hr \/>\n<pre><span style=\"font-family: georgia, palatino, serif\"><span style=\"font-size: medium\"><b><strong>GT 06 \u2013 M\u00daLTIPLAS PERSPECTIVAS SOBRE VIOL\u00caNCIA E CRIMINALIDADE<\/strong><\/b><\/span><\/span><\/pre>\n<ul>\n<li>\n<pre><a href=\"https:\/\/wp.ufpel.edu.br\/jbs\/files\/2019\/10\/ARAUJO-Stephane_LEITE-Maria-Cecilia-VI-JBS-GT6.pdf\"><span style=\"font-family: georgia, palatino, serif\"><span style=\"font-size: medium\">Educar em Servi\u00e7os Penais: a fabrica\u00e7\u00e3o de identidades profissionais focalizada a partir de um estudo imag\u00e9tico<\/span><\/span><\/a><\/pre>\n<\/li>\n<\/ul>\n<p style=\"padding-left: 40px\"><span style=\"font-family: georgia, palatino, serif\">\u00a0Autores(as): <span style=\"font-size: medium\">Stephane Silva de Araujo e Maria Cecilia Lorea Leite<br \/>\n<\/span><\/span><\/p>\n<ul>\n<li><a href=\"https:\/\/wp.ufpel.edu.br\/jbs\/files\/2019\/10\/Modelo-trabalho-completo-VI-JBS-Manoela-V.Neutzling.pdf.pdf\"><span style=\"font-family: inherit\"><span style=\"font-size: medium\">Os atos infracionais, rela\u00e7\u00f5es e causas na perspectiva dos agentes do Sistema de Garantia de Direitos: considera\u00e7\u00f5es a partir do campo s\u00f3cio-jur\u00eddico.<\/span><\/span><\/a><\/li>\n<\/ul>\n<p style=\"padding-left: 40px\">Autores(as): <span style=\"font-family: inherit\"><span style=\"font-size: medium\">Manoela Vieira Neutzling e Luana Costa Bidigaray<\/span><\/span><\/p>\n<ul>\n<li><a href=\"https:\/\/wp.ufpel.edu.br\/jbs\/files\/2019\/10\/Trabalho-completo-JBS-VI-Matheus-Lira-Bento.pdf\"><span style=\"font-family: inherit\"><span style=\"font-size: medium\">A Contribui\u00e7\u00e3o da Viol\u00eancia para a Forma\u00e7\u00e3o de Refugiados<\/span><\/span><\/a><\/li>\n<\/ul>\n<p style=\"padding-left: 40px\"><span style=\"font-family: georgia, palatino, serif\"><span style=\"font-size: medium\">Autores(as): <\/span><\/span><span style=\"font-family: inherit\"><span style=\"font-size: medium\">Matheus Lira Bento<\/span><\/span><\/p>\n<ul>\n<li><a href=\"https:\/\/wp.ufpel.edu.br\/jbs\/files\/2019\/11\/Artigo-completo-Jornadas-de-Sociologia-UFPel-2019.pdf\"><span style=\"font-family: georgia, palatino, serif\">Um estudo sobre feminic\u00eddio ocorridos em Pelotas- RS (2014-2019)<\/span><\/a><\/li>\n<\/ul>\n<p style=\"padding-left: 40px\">Autores(as): Elisiane Medeiros Chaves.<\/p>\n<p><span style=\"font-size: 14pt\">&lt;<\/span><\/p>\n","protected":false},"excerpt":{"rendered":"<p>Anais da Jornada Brasileira de Sociologia A VI Jornada Brasileira de Sociologia (JBS) \u00e9 um evento que tem se consolidado no Programa de P\u00f3s-Gradua\u00e7\u00e3o em Sociologia da Universidade Federal de Pelotas (UFPel) e uma de suas caracter\u00edsticas \u00e9 o envolvimento, na organiza\u00e7\u00e3o, de p\u00f3s-doutorandas\/os, doutorandas\/os e mestrandas\/os, juntamente com o apoio do respectivo corpo docente. [&hellip;]<\/p>\n","protected":false},"author":731,"featured_media":0,"parent":29,"menu_order":4,"comment_status":"closed","ping_status":"closed","template":"","meta":{"footnotes":""},"class_list":["post-599","page","type-page","status-publish","hentry"],"jetpack_sharing_enabled":true,"_links":{"self":[{"href":"https:\/\/wp.ufpel.edu.br\/jbs\/wp-json\/wp\/v2\/pages\/599","targetHints":{"allow":["GET"]}}],"collection":[{"href":"https:\/\/wp.ufpel.edu.br\/jbs\/wp-json\/wp\/v2\/pages"}],"about":[{"href":"https:\/\/wp.ufpel.edu.br\/jbs\/wp-json\/wp\/v2\/types\/page"}],"author":[{"embeddable":true,"href":"https:\/\/wp.ufpel.edu.br\/jbs\/wp-json\/wp\/v2\/users\/731"}],"replies":[{"embeddable":true,"href":"https:\/\/wp.ufpel.edu.br\/jbs\/wp-json\/wp\/v2\/comments?post=599"}],"version-history":[{"count":59,"href":"https:\/\/wp.ufpel.edu.br\/jbs\/wp-json\/wp\/v2\/pages\/599\/revisions"}],"predecessor-version":[{"id":871,"href":"https:\/\/wp.ufpel.edu.br\/jbs\/wp-json\/wp\/v2\/pages\/599\/revisions\/871"}],"up":[{"embeddable":true,"href":"https:\/\/wp.ufpel.edu.br\/jbs\/wp-json\/wp\/v2\/pages\/29"}],"wp:attachment":[{"href":"https:\/\/wp.ufpel.edu.br\/jbs\/wp-json\/wp\/v2\/media?parent=599"}],"curies":[{"name":"wp","href":"https:\/\/api.w.org\/{rel}","templated":true}]}}