{"id":58,"date":"2017-06-30T17:44:14","date_gmt":"2017-06-30T20:44:14","guid":{"rendered":"https:\/\/wp.ufpel.edu.br\/jbs\/?page_id=58"},"modified":"2019-10-07T19:41:11","modified_gmt":"2019-10-07T22:41:11","slug":"programacao","status":"publish","type":"page","link":"https:\/\/wp.ufpel.edu.br\/jbs\/programacao\/","title":{"rendered":"Programa\u00e7\u00e3o"},"content":{"rendered":"<p><strong>Programa\u00e7\u00e3o:<\/strong><\/p>\n<table style=\"width: 660px;height: 846px\">\n<tbody>\n<tr>\n<td style=\"width: 90px\" rowspan=\"2\">\n<p><strong>\u00a0<\/strong><\/p>\n<p><strong>TURNOS<\/strong><\/td>\n<td style=\"width: 542px\" colspan=\"3\"><strong>PROGRAMA\u00c7\u00c3O<\/strong><\/td>\n<\/tr>\n<tr>\n<td style=\"width: 190px\"><strong>09\/10\/2019<\/strong><\/td>\n<td style=\"width: 213px\"><strong>10\/10\/2019<\/strong><\/td>\n<td style=\"width: 139px\"><strong>11\/10\/2019<\/strong><\/td>\n<\/tr>\n<tr>\n<td style=\"width: 90px\"><strong>Manh\u00e3<\/strong><\/td>\n<td style=\"width: 190px\"><\/td>\n<td style=\"width: 213px\">\n<p><strong>8:30h GT\u2019s<\/strong><\/p>\n<p><a href=\"https:\/\/goo.gl\/maps\/4NGoGUC2XZzcR2MY9\">CEHUS<\/a><\/td>\n<td style=\"width: 139px\">\n<p><strong>8:30h GT\u2019s<\/strong><\/p>\n<p><a href=\"https:\/\/goo.gl\/maps\/4NGoGUC2XZzcR2MY9\">CEHUS<\/a><\/td>\n<\/tr>\n<tr>\n<td style=\"width: 90px\"><strong>Tarde<\/strong><\/td>\n<td style=\"width: 190px\"><strong>13h30 Credenciamento<\/strong><\/p>\n<div dir=\"ltr\"><\/div>\n<div dir=\"ltr\"><strong><span style=\"font-size: 12pt\">14h Oficina<\/span><\/strong><\/div>\n<div dir=\"ltr\"><\/div>\n<div dir=\"ltr\"><span style=\"font-family: arial, helvetica, sans-serif;font-size: 12pt\">Carla Michele Rech (UFPel)<\/span><\/div>\n<div dir=\"ltr\"><span style=\"font-size: 12pt\">&#8220;A pesquisa em sociologia: quest\u00f5es te\u00f3rico-metodol\u00f3gicas envolvidas na elabora\u00e7\u00e3o e execu\u00e7\u00e3o de um projeto&#8221;<\/span><\/div>\n<div dir=\"ltr\"><\/div>\n<div><span style=\"font-size: 12pt\">Local: Sala 316 (<a href=\"https:\/\/goo.gl\/maps\/yv1pVPujRwLzzqw68\">IFISP<\/a> )<\/span><\/div>\n<div><\/div>\n<\/td>\n<td style=\"width: 213px\">\n<p><strong>14h Espa\u00e7o dos Egressos<\/strong><\/p>\n<p>Eugenia Antunes Dias<\/p>\n<p>Robson Becker Loeck<\/p>\n<p>Bruna Kucharski Wagner<\/p>\n<p>Camila Botelho<\/p>\n<p>Local: miniaudit\u00f3rio &#8211; <a href=\"https:\/\/goo.gl\/maps\/4NGoGUC2XZzcR2MY9\">CEHUS<\/a><\/p>\n<p>&nbsp;<\/td>\n<td style=\"width: 139px\">\n<p><strong>14h Oficina<\/strong><\/p>\n<p>Observat\u00f3rio do Trabalho &#8211; Francisco Vargas (UFPel)<\/p>\n<p>&#8220;Bases de Dados (RAIS\/CAGED)&#8221;<\/p>\n<p>Local: sala 201 (<a href=\"https:\/\/goo.gl\/maps\/yv1pVPujRwLzzqw68\">IFISP<\/a>)<\/p>\n<p>Mais informa\u00e7\u00f5es <a href=\"https:\/\/wp.ufpel.edu.br\/jbs\/2019\/09\/19\/informacoes-oficina-sobre-bases-de-dados-rais-caged-observatorio-do-trabalho\/\">aqui<\/a><\/p>\n<p>&nbsp;<\/td>\n<\/tr>\n<tr>\n<td style=\"width: 90px\"><strong>Noite<\/strong><\/td>\n<td style=\"width: 190px\">\n<p><strong>18h Palestra de abertura<\/strong><\/p>\n<p>Marcelo Carvalho Rosa (UNB)<\/p>\n<p>&#8220;A relev\u00e2ncia n\u00e3o-exemplar do Sul e os dilemas da modernidade como Norte&#8221;<\/p>\n<p>Local: audit\u00f3rio maior <a href=\"https:\/\/goo.gl\/maps\/4NGoGUC2XZzcR2MY9\">CEHUS<\/a><\/td>\n<td style=\"width: 213px\">\n<p><strong>18h Mesa-redonda:<\/strong><\/p>\n<p>S\u00e9rgio Barcellos, M\u00e1rcia Collares, Camila Prates, Simone Gomes, Mario Witt, Cl\u00e9berson Mil\u00e3o, Vera Collares<\/p>\n<p>&#8220;Conflitos socioambientais e a minera\u00e7\u00e3o no sul do Brasil: atores, conflu\u00eancias e disputas&#8221;<\/p>\n<p>Local: audit\u00f3rio maior do <a href=\"https:\/\/goo.gl\/maps\/4NGoGUC2XZzcR2MY9\">CEHUS<\/a><\/td>\n<td style=\"width: 139px\">\n<p><strong>17h30 \u00e0s 20h30 Encerramento<\/strong><\/p>\n<p>Adelia Miglievich Ribeiro (UFES)<\/p>\n<p>&#8220;O sul como met\u00e1fora: a cr\u00edtica da sociologia e novas sendas te\u00f3ricas&#8221;<\/p>\n<p>Local: audit\u00f3rio maior <a href=\"https:\/\/goo.gl\/maps\/4NGoGUC2XZzcR2MY9\">CEHUS<\/a><\/p>\n<p>&nbsp;<\/td>\n<\/tr>\n<\/tbody>\n<\/table>\n<p>&nbsp;<\/p>\n","protected":false},"excerpt":{"rendered":"<p>Programa\u00e7\u00e3o: \u00a0 TURNOS PROGRAMA\u00c7\u00c3O 09\/10\/2019 10\/10\/2019 11\/10\/2019 Manh\u00e3 8:30h GT\u2019s CEHUS 8:30h GT\u2019s CEHUS Tarde 13h30 Credenciamento 14h Oficina Carla Michele Rech (UFPel) &#8220;A pesquisa em sociologia: quest\u00f5es te\u00f3rico-metodol\u00f3gicas envolvidas na elabora\u00e7\u00e3o e execu\u00e7\u00e3o de um projeto&#8221; Local: Sala 316 (IFISP ) 14h Espa\u00e7o dos Egressos Eugenia Antunes Dias Robson Becker Loeck Bruna Kucharski Wagner [&hellip;]<\/p>\n","protected":false},"author":731,"featured_media":0,"parent":0,"menu_order":0,"comment_status":"closed","ping_status":"closed","template":"","meta":{"footnotes":""},"class_list":["post-58","page","type-page","status-publish","hentry"],"jetpack_sharing_enabled":true,"_links":{"self":[{"href":"https:\/\/wp.ufpel.edu.br\/jbs\/wp-json\/wp\/v2\/pages\/58","targetHints":{"allow":["GET"]}}],"collection":[{"href":"https:\/\/wp.ufpel.edu.br\/jbs\/wp-json\/wp\/v2\/pages"}],"about":[{"href":"https:\/\/wp.ufpel.edu.br\/jbs\/wp-json\/wp\/v2\/types\/page"}],"author":[{"embeddable":true,"href":"https:\/\/wp.ufpel.edu.br\/jbs\/wp-json\/wp\/v2\/users\/731"}],"replies":[{"embeddable":true,"href":"https:\/\/wp.ufpel.edu.br\/jbs\/wp-json\/wp\/v2\/comments?post=58"}],"version-history":[{"count":41,"href":"https:\/\/wp.ufpel.edu.br\/jbs\/wp-json\/wp\/v2\/pages\/58\/revisions"}],"predecessor-version":[{"id":589,"href":"https:\/\/wp.ufpel.edu.br\/jbs\/wp-json\/wp\/v2\/pages\/58\/revisions\/589"}],"wp:attachment":[{"href":"https:\/\/wp.ufpel.edu.br\/jbs\/wp-json\/wp\/v2\/media?parent=58"}],"curies":[{"name":"wp","href":"https:\/\/api.w.org\/{rel}","templated":true}]}}