{"id":29,"date":"2017-06-23T09:58:01","date_gmt":"2017-06-23T12:58:01","guid":{"rendered":"https:\/\/wp.ufpel.edu.br\/jbs\/?page_id=29"},"modified":"2020-09-07T17:30:53","modified_gmt":"2020-09-07T20:30:53","slug":"anais","status":"publish","type":"page","link":"https:\/\/wp.ufpel.edu.br\/jbs\/anais\/","title":{"rendered":"Anais da Jornada Brasileira de Sociologia"},"content":{"rendered":"<ul>\n<li><a href=\"https:\/\/wp.ufpel.edu.br\/jbs\/anais\/apresentacao\/\">Apresenta\u00e7\u00e3o<\/a>.<\/li>\n<li><a href=\"https:\/\/wp.ufpel.edu.br\/jbs\/anais\/normas-para-publicacao\/\">Normas para publica\u00e7\u00e3o<\/a>.<\/li>\n<li><a href=\"https:\/\/wp.ufpel.edu.br\/jbs\/anais\/expediente\/\">Expediente<\/a>.<\/li>\n<li><a href=\"https:\/\/wp.ufpel.edu.br\/jbs\/anais\/2019-anais\/\">Anais da Jornada Brasileira de Sociologia &#8211; Edi\u00e7\u00e3o atual &#8211; 2019.<\/a><\/li>\n<li><a href=\"https:\/\/wp.ufpel.edu.br\/jbs\/anais\/edicoes-anteriores\/\">Edi\u00e7\u00f5es anteriores<\/a>.<\/li>\n<\/ul>\n","protected":false},"excerpt":{"rendered":"<p>Apresenta\u00e7\u00e3o. Normas para publica\u00e7\u00e3o. Expediente. Anais da Jornada Brasileira de Sociologia &#8211; Edi\u00e7\u00e3o atual &#8211; 2019. Edi\u00e7\u00f5es anteriores.<\/p>\n","protected":false},"author":731,"featured_media":0,"parent":0,"menu_order":0,"comment_status":"closed","ping_status":"closed","template":"","meta":{"footnotes":""},"class_list":["post-29","page","type-page","status-publish","hentry"],"jetpack_sharing_enabled":true,"_links":{"self":[{"href":"https:\/\/wp.ufpel.edu.br\/jbs\/wp-json\/wp\/v2\/pages\/29","targetHints":{"allow":["GET"]}}],"collection":[{"href":"https:\/\/wp.ufpel.edu.br\/jbs\/wp-json\/wp\/v2\/pages"}],"about":[{"href":"https:\/\/wp.ufpel.edu.br\/jbs\/wp-json\/wp\/v2\/types\/page"}],"author":[{"embeddable":true,"href":"https:\/\/wp.ufpel.edu.br\/jbs\/wp-json\/wp\/v2\/users\/731"}],"replies":[{"embeddable":true,"href":"https:\/\/wp.ufpel.edu.br\/jbs\/wp-json\/wp\/v2\/comments?post=29"}],"version-history":[{"count":14,"href":"https:\/\/wp.ufpel.edu.br\/jbs\/wp-json\/wp\/v2\/pages\/29\/revisions"}],"predecessor-version":[{"id":853,"href":"https:\/\/wp.ufpel.edu.br\/jbs\/wp-json\/wp\/v2\/pages\/29\/revisions\/853"}],"wp:attachment":[{"href":"https:\/\/wp.ufpel.edu.br\/jbs\/wp-json\/wp\/v2\/media?parent=29"}],"curies":[{"name":"wp","href":"https:\/\/api.w.org\/{rel}","templated":true}]}}