{"id":214,"date":"2017-08-28T13:40:37","date_gmt":"2017-08-28T16:40:37","guid":{"rendered":"https:\/\/wp.ufpel.edu.br\/jbs\/?page_id=214"},"modified":"2019-11-06T20:40:48","modified_gmt":"2019-11-06T23:40:48","slug":"edicoes-anteriores","status":"publish","type":"page","link":"https:\/\/wp.ufpel.edu.br\/jbs\/anais\/edicoes-anteriores\/","title":{"rendered":"Edi\u00e7\u00f5es anteriores"},"content":{"rendered":"<p><strong>Edi\u00e7\u00f5es anteriores<\/strong><\/p>\n<p><a href=\"https:\/\/wp.ufpel.edu.br\/jbs\/anais\/edicoes-anteriores\/2015-anais\/\">2015<\/a><\/p>\n<p><a href=\"https:\/\/wp.ufpel.edu.br\/jbs\/anais\/edicoes-anteriores\/2017-anais\/\">2017<\/a><\/p>\n","protected":false},"excerpt":{"rendered":"<p>Edi\u00e7\u00f5es anteriores 2015 2017<\/p>\n","protected":false},"author":731,"featured_media":0,"parent":29,"menu_order":5,"comment_status":"closed","ping_status":"closed","template":"","meta":{"footnotes":""},"class_list":["post-214","page","type-page","status-publish","hentry"],"jetpack_sharing_enabled":true,"_links":{"self":[{"href":"https:\/\/wp.ufpel.edu.br\/jbs\/wp-json\/wp\/v2\/pages\/214","targetHints":{"allow":["GET"]}}],"collection":[{"href":"https:\/\/wp.ufpel.edu.br\/jbs\/wp-json\/wp\/v2\/pages"}],"about":[{"href":"https:\/\/wp.ufpel.edu.br\/jbs\/wp-json\/wp\/v2\/types\/page"}],"author":[{"embeddable":true,"href":"https:\/\/wp.ufpel.edu.br\/jbs\/wp-json\/wp\/v2\/users\/731"}],"replies":[{"embeddable":true,"href":"https:\/\/wp.ufpel.edu.br\/jbs\/wp-json\/wp\/v2\/comments?post=214"}],"version-history":[{"count":14,"href":"https:\/\/wp.ufpel.edu.br\/jbs\/wp-json\/wp\/v2\/pages\/214\/revisions"}],"predecessor-version":[{"id":813,"href":"https:\/\/wp.ufpel.edu.br\/jbs\/wp-json\/wp\/v2\/pages\/214\/revisions\/813"}],"up":[{"embeddable":true,"href":"https:\/\/wp.ufpel.edu.br\/jbs\/wp-json\/wp\/v2\/pages\/29"}],"wp:attachment":[{"href":"https:\/\/wp.ufpel.edu.br\/jbs\/wp-json\/wp\/v2\/media?parent=214"}],"curies":[{"name":"wp","href":"https:\/\/api.w.org\/{rel}","templated":true}]}}