{"id":211,"date":"2017-08-28T13:38:26","date_gmt":"2017-08-28T16:38:26","guid":{"rendered":"https:\/\/wp.ufpel.edu.br\/jbs\/?page_id=211"},"modified":"2019-11-19T02:34:46","modified_gmt":"2019-11-19T05:34:46","slug":"2017-anais","status":"publish","type":"page","link":"https:\/\/wp.ufpel.edu.br\/jbs\/anais\/edicoes-anteriores\/2017-anais\/","title":{"rendered":"2017"},"content":{"rendered":"<h2><strong><span class=\"Apple-style-span\">Anais da Jornada Brasileira de Sociologia<\/span><\/strong><\/h2>\n<hr \/>\n<p><strong>GT 01 <i>\u2013<\/i> Identidades, diferen\u00e7as e desigualdades em debate.<\/strong><\/p>\n<ul>\n<li><a href=\"https:\/\/wp.ufpel.edu.br\/jbs\/files\/2019\/10\/GT-1-Let\u00edcia-Ortiz-Tres-valores-da-luta-haitiana-por-reconhecimento-em-Lajeado.pdf\"><strong>Tr\u00eas valores da luta haitiana por reconhecimento em Lajeado<\/strong><\/a><\/li>\n<\/ul>\n<p style=\"padding-left: 40px\">Autores(as): Let\u00edcia Rossi Ortiz.<\/p>\n<ul>\n<li><strong><a href=\"https:\/\/wp.ufpel.edu.br\/jbs\/files\/2019\/10\/GT-1-Carla-Avila-Catia-Barcellos-Pardo-brando-negro-e.pdf\">Pardo &#8211; Brando Negro \u00e9? Os sujeitos do direito das pol\u00edticas de a\u00e7\u00f5es afirmativas e o papel das comiss\u00f5es de verifica\u00e7\u00e3o do componente \u00e9tnico-racial nas universidades federais<\/a>.<\/strong><\/li>\n<\/ul>\n<p style=\"padding-left: 40px\">Autores(as): Carla Silva de \u00c1vila; Catia Simone Ribeiro Barcellos.<\/p>\n<ul>\n<li><a href=\"https:\/\/wp.ufpel.edu.br\/jbs\/files\/2019\/10\/GT-1-Mariana-Dias-A-identidade-dos-alunos-quilombolas-da-Universidade-Federal-de-Pelotas.pdf\"><strong>A identidade dos alunos quilombolas da Universidade Federal de Pelotas<\/strong><\/a><\/li>\n<\/ul>\n<p style=\"padding-left: 40px\">Autores(as): Mariana Dias Cabelleira.<\/p>\n<ul>\n<li><a href=\"https:\/\/wp.ufpel.edu.br\/jbs\/files\/2019\/10\/GT-1-Renata-Severo-Terceiriza\u00e7\u00e3o-e-identidade-um-estudo-de-caso-com-trabalhadoras-do-setor-de-conserva\u00e7\u00e3o-e-limpeza.pdf\"><strong>Terceiriza\u00e7\u00e3o e identidade um estudo de caso com trabalhadoras do setor de conserva\u00e7\u00e3o e limpeza<\/strong><\/a>.<\/li>\n<\/ul>\n<p style=\"padding-left: 40px\">Autores(as): Renata Vieira Rodrigues Severo.<\/p>\n<ul>\n<li><a href=\"https:\/\/wp.ufpel.edu.br\/jbs\/files\/2019\/10\/GT-1-C-Eduardo-S-C-Eduardo-R-paradoxos-entre-o-arcaico-e-o-moderno-no-bairro-de-st-marta.pdf\"><strong>Paradoxos entre o arcaio e o moderno no bairro Santa Marta em Camaqu\u00e3\/RS<\/strong><\/a>.<\/li>\n<\/ul>\n<p style=\"padding-left: 40px\">Autores(as): Carlos Eduardo Sim\u00f5es da Silva; Carlos Eduardo da Silva Ribeiro.<\/p>\n<ul>\n<li><strong><a href=\"https:\/\/wp.ufpel.edu.br\/jbs\/files\/2019\/10\/GT-1-Leandro-Tunes-O-papel-socioambiental-e-a-identidade-dos-catadores.pdf\">O papel socioambiental e a identidade dos(as) catadores(as) de residuos: o caso das cooperativas de triagem de Pelotas\/RS<\/a>.<\/strong><\/li>\n<\/ul>\n<p style=\"padding-left: 40px\">Autores(as): Leandro Almeida de Tunes.<\/p>\n<ul>\n<li><strong><a href=\"https:\/\/wp.ufpel.edu.br\/jbs\/files\/2019\/10\/GT-1-Rita-de-Araujo-Luciano-Pereira-Discurso-de-Michel-Temer-como-violencia-de-genero.pdf\">O discurso de Michel Temer em 08\/03\/2017 como viol\u00eancia de g\u00eanero subjacente a \u00e9tica do cuidado<\/a>.<\/strong><\/li>\n<\/ul>\n<p style=\"padding-left: 40px\">Autores(as): Rita de Araujo Neves; Luciano Pereira dos Santos.<\/p>\n<ul>\n<li><a href=\"https:\/\/wp.ufpel.edu.br\/jbs\/files\/2019\/10\/GT-1-Murilo-Dias-O-debate-liberal-e-conservador-de-grupos-do-Facebook-quanto-ao-projeto-Escola-Sem-Partido.pdf\"><strong>O debate liberal e conservador de grupos do Facebook quanto ao projeto Escola Sem Partido<\/strong><\/a><\/li>\n<\/ul>\n<p style=\"padding-left: 40px\">Autores(as): Murilo Paiotti Dias.<\/p>\n<ul>\n<li><a href=\"https:\/\/wp.ufpel.edu.br\/jbs\/files\/2019\/10\/GT-1-Eduarda-Dame-Corpos-e-sexualidades-femininas-na-era-digital.pdf\"><strong>Corpos, sexualidades e intimidades femininas na era digital: uma an\u00e1lise dos canais de YouTube JoutJout Prazer, Rayza Nic\u00e1cio e Ana de Cesaro<\/strong><\/a><\/li>\n<\/ul>\n<p style=\"padding-left: 40px\">Autores(as): Eduarda Dam\u00e9<\/p>\n<ul>\n<li><a href=\"https:\/\/wp.ufpel.edu.br\/jbs\/files\/2019\/10\/GT-1-Luciano-Pereira-dos-NEVES-Rita-de-Araujo-Em-nome-de-Deus.pdf\"><strong>Em nome de Deus: a influ\u00eancia das religiosidades no combate da homofobia na escola<\/strong><\/a><\/li>\n<\/ul>\n<p style=\"padding-left: 40px\">Autores(as): Luciano Pereira dos Santos; Rita de Araujo Neves<\/p>\n<ul>\n<li><a href=\"https:\/\/wp.ufpel.edu.br\/jbs\/files\/2019\/10\/GT-1-Caren-Beatriz-Docencia-Feminina.pdf\"><strong>Doc\u00eancia feminina: entre a voca\u00e7\u00e3o e a resist\u00eancia<\/strong><\/a><\/li>\n<\/ul>\n<p style=\"padding-left: 40px\">Autores(as): Carmen Beatriz L\u00fcbke \u00dccker.<\/p>\n<ul>\n<li><strong><a href=\"https:\/\/wp.ufpel.edu.br\/jbs\/files\/2019\/10\/GT-1-Arielson-As-igrejas-inclusivas-no-Brasil-e-suas-propostas-de-aceitacao.pdf\">As igrejas inclusivas no Brasil e suas propostas de aceita\u00e7\u00e3o e inclus\u00e3o da diversidade sexual<\/a><\/strong><\/li>\n<\/ul>\n<p style=\"padding-left: 40px\">Autores(as): Arielson Teixeira do Carmo.<\/p>\n<p>&nbsp;<\/p>\n<hr \/>\n<p><strong>GT 02 \u2013 Desregulamenta\u00e7\u00e3o, flexibiliza\u00e7\u00e3o e desafios da quest\u00e3o laboral.<\/strong><b><\/b><\/p>\n<ul>\n<li><a href=\"https:\/\/wp.ufpel.edu.br\/jbs\/files\/2019\/10\/GT-2-Bruna-S-de-Almeida-Engajamento-subjetivo-e-as-praticas-de-gestao-em-empresa-multinacional-de-fertilizantes.pdf\"><strong>Engajamento subjetivo e as pr\u00e1ticas de gest\u00e3o em empresa multinacional de fertilizantes<\/strong><\/a><\/li>\n<\/ul>\n<p style=\"padding-left: 40px\">Autores(as): Bruna Siqueira de Almeida<\/p>\n<ul>\n<li><a href=\"https:\/\/wp.ufpel.edu.br\/jbs\/files\/2019\/10\/GT-2-Jessica-S-de-Avila-A-emerg\u00eancia-das-\u00e1reas-de-Gest\u00e3o-de-Pessoas-no-contexto-das-chamadas-sociedades-de-controle.pdf\"><strong>A emerg\u00eancia das \u00e1reas de Gest\u00e3o de Pessoas no contexto das chamadas \u201csociedades de controle\u201d<\/strong><\/a><\/li>\n<\/ul>\n<p style=\"padding-left: 40px\">Autores(as): J\u00e9ssica Silva de \u00c1vila<\/p>\n<ul>\n<li><a href=\"https:\/\/wp.ufpel.edu.br\/jbs\/files\/2019\/10\/GT-2-Rafael-da-Silva-Pedro-de-Melo-Reconfiguracoes-do-capitalismo-e-do-trabalho.pdf\"><strong>Reconfigura\u00e7\u00f5es do capitalismo e do trabalho: novas formas de domina\u00e7\u00e3o em contexto de trabalho imaterial<\/strong><\/a><\/li>\n<\/ul>\n<p style=\"padding-left: 40px\">Autores(as): Rafael Ferrari da Silva; Pedro Mello<\/p>\n<ul>\n<li><a href=\"https:\/\/wp.ufpel.edu.br\/jbs\/files\/2019\/10\/GT-2-Fernanda-da-Silva-Decio-Cotrim-Por-que-os-trabalhadores-n\u00e3o-reagem.-Uma-an\u00e1lise-a-partir-das-concep\u00e7\u00f5es-de-Pierre-Bourdieu.pdf\"><strong>Por que os trabalhadores n\u00e3o reagem? Uma an\u00e1lise a partir das concep\u00e7\u00f5es de Pierre Bourdieu<\/strong><\/a><\/li>\n<\/ul>\n<p style=\"padding-left: 40px\">Autores(as): Fernanda Dias dos Santos da Silva; Decio Souza Cotrim.<\/p>\n<ul>\n<li><a href=\"https:\/\/wp.ufpel.edu.br\/jbs\/files\/2019\/10\/GT-2-Silvia-Bauer-Barcellos-Luminescencias-da-organizacao-das-mediacoes-do-servico-social-para-a-vida-substantiva-no-trabalho.pdf\"><strong>Luminesc\u00eancias na organiza\u00e7\u00e3o \u2013 das media\u00e7\u00f5es do servi\u00e7o social para a vida substantiva no trabalho<\/strong><\/a><\/li>\n<\/ul>\n<p style=\"padding-left: 40px\">Autores(as): Silvia Carla Bauer-Barcellos<\/p>\n<ul>\n<li><a href=\"https:\/\/wp.ufpel.edu.br\/jbs\/files\/2019\/10\/GT-2-Joao-M-Miranda-O-futuro-pede-passagem-e-vem-de-moto.pdf\"><strong>O futuro pede passagem e vem de moto? A experi\u00eancia dos mototrabalhadores em Pelotas\/RS<\/strong><\/a><\/li>\n<\/ul>\n<p style=\"padding-left: 40px\">Autores(as): Jo\u00e3o Matheus Soares Miranda.<\/p>\n<ul>\n<li><a href=\"https:\/\/wp.ufpel.edu.br\/jbs\/files\/2019\/10\/GT-2-Luis-A-Alves-Amanda-Pons-A-facilitacao-da-pejotizacao-atraves-da-figura-do-autonomo-e-a-flexibilizacao-das-relacoes-de-trabalho.pdf\"><strong>Reforma Trabalhista: a facilita\u00e7\u00e3o da pejotiza\u00e7\u00e3o atrav\u00e9s da cria\u00e7\u00e3o da figura do aut\u00f4nomo exclusivo e a flexibiliza\u00e7\u00e3o das rela\u00e7\u00f5es de trabalho<\/strong><\/a><\/li>\n<\/ul>\n<p style=\"padding-left: 40px\">Autores(as): Luis Alexandre da Silva Alves; Amanda da Fonseca Pons<\/p>\n<ul>\n<li><a href=\"https:\/\/wp.ufpel.edu.br\/jbs\/files\/2019\/10\/GT-2-Willian-A-Correa-A-Reforma-Trabalhista-comprometer\u00e1-o-acesso-de-alguns-Trabalhadores-\u00e0-justi\u00e7a.pdf\"><strong>A Reforma Trabalhista comprometer\u00e1 o acesso de alguns trabalhadores \u00e0 justi\u00e7a<\/strong><\/a><\/li>\n<\/ul>\n<p style=\"padding-left: 40px\">Autores(as): Willian Almeida Corr\u00eaa<\/p>\n<ul>\n<li><a href=\"https:\/\/wp.ufpel.edu.br\/jbs\/files\/2019\/10\/GT-2-Mariana-Garcia-Sindicalismo-no-Brasil-Desafios-atuais.pdf\"><strong>Sindicatos no Brasil: desafios atuais<\/strong><\/a><\/li>\n<\/ul>\n<p style=\"padding-left: 40px\">Autores(as): Mariana Hansen Garcia<\/p>\n<ul>\n<li><a href=\"https:\/\/wp.ufpel.edu.br\/jbs\/files\/2019\/10\/GT-2-Rubens-Soares-Vellinho-As-relacoes-de-trabalho-e-a-atuacao-sindical-em-tempos-de-austeridade.pdf\"><strong>As rela\u00e7\u00f5es de trabalho e atua\u00e7\u00e3o sindical em tempos de austeridade<\/strong><\/a><\/li>\n<\/ul>\n<p style=\"padding-left: 40px\">Autores(as): Rubens Soares Vellinho.<\/p>\n<ul>\n<li><a href=\"https:\/\/wp.ufpel.edu.br\/jbs\/files\/2019\/10\/GT-2-Nadine-Lermenn-Everton-Picolotto-A-formacao-de-sindicalismo-de-assalariados-rurais-no-Brasil.pdf\"><strong>A forma\u00e7\u00e3o do sindicalismo de assalariados rurais no Brasil: desafios e novas pr\u00e1ticas sindicais<\/strong><\/a><\/li>\n<\/ul>\n<p style=\"padding-left: 40px\">Autores(as): Nadine Gerhardt Lermen; Everton Lazzaretti Picolotto<\/p>\n<p>&nbsp;<\/p>\n<hr \/>\n<p><strong>GT 03 \u2013 Cidade, tecnologia e controle.<\/strong><b><\/b><\/p>\n<ul>\n<li><strong><a href=\"https:\/\/wp.ufpel.edu.br\/jbs\/files\/2019\/10\/GT-3-Ressignifica\u00e7\u00e3o-do-Centro-de-S\u00e3o-Paulo.pdf\">Ressignifica\u00e7\u00e3o do Centro de S\u00e3o Paulo pela perspectiva dos jovens rec\u00e9m-chegados<\/a><\/strong><\/li>\n<\/ul>\n<p style=\"padding-left: 40px\">Autores(as): Jo\u00e3o Pedro Silveira Martins<\/p>\n<ul>\n<li><a href=\"https:\/\/wp.ufpel.edu.br\/jbs\/files\/2019\/10\/GT-3-Crack-desvio-e-biopoder-a-cracklandia-sob-um-olhar-sociologico.pdf\"><strong>Crack, desvio e biopoder: A cracol\u00e2ndia sob um olhar sociol\u00f3gico<\/strong><\/a><\/li>\n<\/ul>\n<p style=\"padding-left: 40px\">Autores(as): Rodrigo Teixeira Pinto; Andrey Regis de Melo<\/p>\n<ul>\n<li><a href=\"https:\/\/wp.ufpel.edu.br\/jbs\/files\/2019\/10\/GT-3-AS-PESSOAS-EM-SITUA\u00c7\u00c3O-DE-RUA-NA-CIDADE-UMA-ANALISE-CONCEITUAL.pdf\"><strong>Pessoas em situa\u00e7\u00e3o de rua na cidade: uma an\u00e1lise conceitual<\/strong><\/a><\/li>\n<\/ul>\n<p style=\"padding-left: 40px\">Autores(as): Bruna Gabriele dos Santos Jardim; Carlos Guilherme Madeira<\/p>\n<ul>\n<li><a href=\"https:\/\/wp.ufpel.edu.br\/jbs\/files\/2019\/10\/GT-3-O-cicloativismo-e-seus-desafios-nas-cidades-dos-carros.pdf\"><strong>O cicloativismo e seus desafios nas cidades dos carros<\/strong><\/a><\/li>\n<\/ul>\n<p style=\"padding-left: 40px\">Autores(as): Camila Teixeira Martins<\/p>\n<ul>\n<li><a href=\"https:\/\/wp.ufpel.edu.br\/jbs\/files\/2019\/10\/GT-3-O-cotidiano-e-a-cidade-no-Passo-dos-Negros.pdf\"><strong>O cotidiano e a cidade no Passo dos Negros<\/strong><\/a><\/li>\n<\/ul>\n<p style=\"padding-left: 40px\">Autores(as): J\u00falia Rocha Clasen; Joanna Munhoz Sevaio.<\/p>\n<ul>\n<li><a href=\"https:\/\/wp.ufpel.edu.br\/jbs\/files\/2019\/10\/GT-3-\u00c1s-margens-do-S\u00e3o-Gon\u00e7alo-tecnologias-de-controle-sociabilidades-e-re-arranjos-no-Passo-dos-Negros-em-PelotasRS-novo.pdf\"><strong>\u00c0s margens do S\u00e3o Gon\u00e7alo: tecnologias de controle, sociabilidades e (re)arranjos no Passo dos Negros em Pelotas\/RS<\/strong><\/a><\/li>\n<\/ul>\n<p style=\"padding-left: 40px\">Autores(as): \u00cdcaro Vasques Inchauspe<\/p>\n<ul>\n<li><a href=\"https:\/\/wp.ufpel.edu.br\/jbs\/files\/2019\/10\/GT-3-Tecnologias-de-controle-o-papel-dos-drones-na-guerra-ao-terror.pdf\"><strong>Tecnologias de controle extremo: os <i>drones <\/i>e o seu papel na vigil\u00e2ncia e na viol\u00eancia das \u201cGuerras ao Terror\u201d<\/strong><\/a>.<\/li>\n<\/ul>\n<p style=\"padding-left: 40px\">Autores(as): J\u00falio Marinho Ferreira<\/p>\n<ul>\n<li><a href=\"https:\/\/wp.ufpel.edu.br\/jbs\/files\/2019\/10\/GT-3-Viol\u00eancia-urbana-seguran\u00e7a-p\u00fablica-e-neg\u00f3cios-privados.pdf\"><strong>Viol\u00eancia urbana, seguran\u00e7a p\u00fablica e neg\u00f3cios privados: o caso do Esp\u00edrito Santo<\/strong><\/a><\/li>\n<\/ul>\n<p style=\"padding-left: 40px\">Autores(as): Matheus Boni Bittencourt<\/p>\n<ul>\n<li><a href=\"https:\/\/wp.ufpel.edu.br\/jbs\/files\/2019\/10\/GT-3-Arranjos-sociais-e-solucoes-legais-os-efeitos-da-descriminacao-da-maconha-na-fronteira-Brasil-Uruguai.pdf\"><strong>Arranjos sociais e sujei\u00e7\u00f5es legais: os efeitos da descriminaliza\u00e7\u00e3o da maconha na fronteira Brasil-Uruguai<\/strong><\/a><\/li>\n<\/ul>\n<p style=\"padding-left: 40px\">Autores(as): Juliano Lobato Colla; Livio Silva de Oliveira<\/p>\n<hr \/>\n<p>&nbsp;<\/p>\n<p><strong>GT 04 \u2013 Ambiente, desenvolvimento e novas ruralidades.\u00a0<\/strong><\/p>\n<ul>\n<li><a href=\"https:\/\/wp.ufpel.edu.br\/jbs\/files\/2019\/10\/GT-4-Felipe-da-Costa-As-pr\u00e1ticas-do-coronelismo-no-espa\u00e7o-estancieiro-ga\u00facho-troca-de-favores-e-subordina\u00e7\u00e3o-pessoal.pdf\"><strong>As pr\u00e1ticas do coronelismo no espa\u00e7o estancieiro ga\u00facho: troca de favores e subordina\u00e7\u00e3o pessoal<\/strong><\/a><\/li>\n<\/ul>\n<p style=\"padding-left: 40px\">Autores(as): Felipe Ferrari da Costa<\/p>\n<ul>\n<li><a href=\"https:\/\/wp.ufpel.edu.br\/jbs\/files\/2019\/10\/GT-4-Decio-Cotrim-Ivaneli-dos-Santos-Multifuncionalidade-da-agricultura-proposta-de-um-m\u00e9todo-de-mensura\u00e7\u00e3o.pdf\"><strong>Multifuncionalidade da agricultura: proposta de um m\u00e9todo de mensura\u00e7\u00e3o<\/strong><\/a><\/li>\n<\/ul>\n<p style=\"padding-left: 40px\">Autores(as): D\u00e9cio Souza Cotrim; Ivaneli Schreinert dos Santos<\/p>\n<ul>\n<li><a href=\"https:\/\/wp.ufpel.edu.br\/jbs\/files\/2019\/10\/GT-4-Cristina-Bremm-Everton-Picolotto-Mediacao-social-e-agroecologia.pdf\"><strong>Media\u00e7\u00e3o social e agroecologia: rela\u00e7\u00f5es entre agricultores, t\u00e9cnicos e dirigentes no Sul do Brasil<\/strong><\/a><\/li>\n<\/ul>\n<p style=\"padding-left: 40px\">Autores(as): Cristina Bremm; Everton Lazzaretti Picolotto<\/p>\n<ul>\n<li><a href=\"https:\/\/wp.ufpel.edu.br\/jbs\/files\/2019\/10\/GT-4-Francis-Zanella-Marcos-Piccin-Assentados-e-antigos-moradores-da-regiao-estancieira.pdf\"><strong>Assentados e antigos moradores na regi\u00e3o estancieira: legitimidade do acesso \u00e0 terra em jogo<\/strong><\/a><\/li>\n<\/ul>\n<p style=\"padding-left: 40px\">Autores(as): Francis Casagrande Zanella; Marcos Botton Piccin<\/p>\n<ul>\n<li><a href=\"https:\/\/wp.ufpel.edu.br\/jbs\/files\/2019\/10\/GT-4-Rosinei-Santos-Bruno-Vieira-Desafios-para-o-desenvolvimento-territorial-de-uma-comunidade-do-entorno-da-UFPel-o-caso-do-Projeto-de-Inclus\u00e3o-S\u00f3cio-Acad\u00eamico.pdf\"><strong>Desafios para o desenvolvimento territorial de uma comunidade do entorno da UFPel: o caso do Projeto de Inclus\u00e3o S\u00f3cio-Acad\u00eamico<\/strong><\/a><\/li>\n<\/ul>\n<p style=\"padding-left: 40px\">Autores(as): Rosinei Silva Santos; Bruno Muller Vieira<\/p>\n<ul>\n<li><a href=\"https:\/\/wp.ufpel.edu.br\/jbs\/files\/2019\/10\/GT-4-Eduardo-Souza-Flavio-dos-Anjos-A-cultura-local-como-alicerce-para-o-desenvolvimento-territorial.pdf\"><strong>A cultura local como alicerce para o desenvolvimento territorial: o caso da l\u00e3 em Jaguar\u00e3o-RS<\/strong><\/a><\/li>\n<\/ul>\n<p style=\"padding-left: 40px\">Autores(as): Eduardo Garcia Santos; Fl\u00e1vio Sacco dos Anjos<\/p>\n<ul>\n<li><a href=\"https:\/\/wp.ufpel.edu.br\/jbs\/files\/2019\/10\/GT-4-Pedro-Frizo-Ecologia-reformista-na-Amazonia-Central.pdf\"><strong>\u2018Ecologia Reformista\u2019 na Amaz\u00f4nia Central: uma investiga\u00e7\u00e3o sobre o processo de constru\u00e7\u00e3o social da agropecu\u00e1ria \u2018sustent\u00e1vel\u2019<\/strong><\/a><\/li>\n<\/ul>\n<p style=\"padding-left: 40px\">Autores(as): Pedro Frizo<\/p>\n<ul>\n<li><a href=\"https:\/\/wp.ufpel.edu.br\/jbs\/files\/2019\/10\/GT-4-Gabriel-Coelho-Alice-Franz-Ciencia-tecnica-e-progresso-e-possivel-falar-em-crise-do-projeto-moderno.pdf\"><strong>Ci\u00eancia, t\u00e9cnica e progresso: \u00e9 poss\u00edvel falar em crise do projeto moderno?<\/strong><\/a><\/li>\n<\/ul>\n<p style=\"padding-left: 40px\">Autores(as): Gabriel Bandeira Coelho; Alice Hubner Franz<\/p>\n<ul>\n<li><a href=\"https:\/\/wp.ufpel.edu.br\/jbs\/files\/2019\/10\/GT-4-Marize-Schons-Os-cem-anos-da-Sociologia-dos-Desastres.pdf\"><strong>Os cem anos da Sociologia dos Desastres e seus paradigmas<\/strong><\/a><\/li>\n<\/ul>\n<p style=\"padding-left: 40px\">Autores(as): Marize Schons<\/p>\n<hr \/>\n<p>&nbsp;<\/p>\n<p><strong>GT o5 \u2013 Economia, pol\u00edtica e sociedade no s\u00e9culo XXI.<\/strong><b><\/b><\/p>\n<ul>\n<li><a href=\"https:\/\/wp.ufpel.edu.br\/jbs\/files\/2019\/10\/GT-5-Camila-Hirt-Munareto-O-Programa-Nuclear-Iraniano-e-a-sustenta\u00e7\u00e3o-de-um-regime-revolucion\u00e1rio.pdf\"><strong>O Programa Nuclear Iraniano e a sustenta\u00e7\u00e3o de um regime revolucion\u00e1rio<\/strong><\/a><\/li>\n<\/ul>\n<p style=\"padding-left: 40px\">Autores(as): Camila Hirt Munareto<\/p>\n<ul>\n<li><a href=\"https:\/\/wp.ufpel.edu.br\/jbs\/files\/2019\/10\/GT-5-Matheus-D-Pereira-A-R\u00fassia-de-Putin-constru\u00e7\u00e3o-do-Estado-e-centraliza\u00e7\u00e3o-do-poder.pdf\"><strong>A R\u00fassia de Putin: constru\u00e7\u00e3o do Estado e centraliza\u00e7\u00e3o do poder<\/strong><\/a><\/li>\n<\/ul>\n<p style=\"padding-left: 40px\">Autores(as): Matheus Dalbosco Pereira<\/p>\n<ul>\n<li><a href=\"https:\/\/wp.ufpel.edu.br\/jbs\/files\/2019\/10\/GT-5-Pedro-Felipe-Narciso-A-d\u00edvida-p\u00fablica-como-um-mecanismo-de-acumula\u00e7\u00e3o-por-expropria\u00e7\u00e3o-um-estudo.pdf\"><strong>A d\u00edvida p\u00fablica como um mecanismo de acumula\u00e7\u00e3o por expropria\u00e7\u00e3o: um estudo sobre o caso brasileiro<\/strong><\/a><\/li>\n<\/ul>\n<p style=\"padding-left: 40px\">Autores(as): Pedro Felipe Narciso<\/p>\n<ul>\n<li><a href=\"https:\/\/wp.ufpel.edu.br\/jbs\/files\/2019\/10\/GT-5-Matheus-Islabao-Martins-Pol\u00edticas-culturais-e-participa\u00e7\u00e3o-social-uma-an\u00e1lise-do-Programa-Cultura-Viva-como.pdf\"><strong>Pol\u00edticas culturais e participa\u00e7\u00e3o social: uma an\u00e1lise do Programa Cultura Viva como espa\u00e7o de di\u00e1logo entre Estado e sociedade civil<\/strong><\/a><\/li>\n<\/ul>\n<p style=\"padding-left: 40px\">Autores(as): Matheus Islab\u00e3o Martins<\/p>\n<ul>\n<li><a href=\"https:\/\/wp.ufpel.edu.br\/jbs\/files\/2019\/10\/GT-5-Maique-Berlote-Martins-O-papel-dos-conselhos-locais-e-do-controle-social-na-implementacao-de-politicas-de-saude.pdf\"><strong>O papel dos conselhos locais e do controle social na implementa\u00e7\u00e3o de pol\u00edticas p\u00fablicas de sa\u00fade<\/strong><\/a><\/li>\n<\/ul>\n<p style=\"padding-left: 40px\">Autores(as): Maique Berlote Martins; Rosana Soares Campos<\/p>\n<ul>\n<li><a href=\"https:\/\/wp.ufpel.edu.br\/jbs\/files\/2019\/10\/GT-5-Luana-Costa-Bidigaray-An\u00e1lise-sociol\u00f3gica-a-uma-problem\u00e1tica-crescente-na-3\u00aa-terceira-idade-a-viol\u00eancia.pdf\"><strong>An\u00e1lise sociol\u00f3gica a uma problem\u00e1tica crescente na 3a (terceira) idade: a viol\u00eancia frente \u00e0s institui\u00e7\u00f5es de prote\u00e7\u00e3o aos idosos nas cidades de Pelotas e Porto Alegre<\/strong><\/a><\/li>\n<\/ul>\n<p style=\"padding-left: 40px\">Autores(as): Luana Costa Bidigaray<\/p>\n<ul>\n<li><a href=\"https:\/\/wp.ufpel.edu.br\/jbs\/files\/2019\/10\/GT-5-Daniel-de-Souza-Lemos-A-competi\u00e7\u00e3o-eleitoral-de-2016-em-Pelotas.pdf\"><strong>A competi\u00e7\u00e3o eleitoral de 2016 em Pelotas<\/strong><\/a><\/li>\n<\/ul>\n<p style=\"padding-left: 40px\">Autores(as): Daniel de Souza Lemos<\/p>\n<ul>\n<li><a href=\"https:\/\/wp.ufpel.edu.br\/jbs\/files\/2019\/10\/GT-5-Gabriela-M-da-Silva-Rosana-S-Campos-A-participa\u00e7\u00e3o-pol\u00edtica-das-mulheres-nas-esferas-decis\u00f3rias-do-PT-e-do-PP-ga\u00facho-Gabriela-Machado.pdf\"><strong>A participa\u00e7\u00e3o pol\u00edtica das mulheres nas esferas decis\u00f3rias do PT e do PP ga\u00facho<\/strong><\/a><\/li>\n<\/ul>\n<p style=\"padding-left: 40px\">Autores(as): Gabriela Machado Da Silva; Rosana Soares Campos<\/p>\n<ul>\n<li><a href=\"https:\/\/wp.ufpel.edu.br\/jbs\/files\/2019\/10\/GT-5-Greice-Martins-Gomes-De-que-forma-a-rela\u00e7\u00e3o-entre-dinheiro-e-intimidade-\u00e9-resignificada-atrav\u00e9s-da-economia.pdf\"><strong>De que forma a rela\u00e7\u00e3o entre dinheiro e intimidade \u00e9 (re)significada atrav\u00e9s da economia colaborativa?<\/strong><\/a><\/li>\n<\/ul>\n<p style=\"padding-left: 40px\">Autores(as): Greice Martins Gomes<\/p>\n<ul>\n<li><a href=\"https:\/\/wp.ufpel.edu.br\/jbs\/files\/2019\/10\/GT-5-Carolina-C-e-Souza-Economia-circular-\u2013-o-vestu\u00e1rio-como-exemplo-de-consumo-com-justi\u00e7a-social-e-ambiental.pdf\"><strong>Economia circular \u2013 o vestu\u00e1rio como exemplo de consumo com justi\u00e7a social e ambiental<\/strong><\/a><\/li>\n<\/ul>\n<p style=\"padding-left: 40px\">Autores(as): Carolina Concei\u00e7\u00e3o e Souza<\/p>\n<ul>\n<li><a href=\"https:\/\/wp.ufpel.edu.br\/jbs\/files\/2019\/10\/GT-5-Otavio-I-Vinhas-O-Potencial-Descentralizador-da-Blockchain-um-estudo-a-partir-da-Sociologia-Econ\u00f4mica.pdf\"><strong>O potencial descentralizador da Blockchain: um estudo a partir da sociologia econ\u00f4mica<\/strong><\/a><\/li>\n<\/ul>\n<p style=\"padding-left: 40px\">Autores(as): Ot\u00e1vio Iost Vinhas<\/p>\n<ul>\n<li><a href=\"https:\/\/wp.ufpel.edu.br\/jbs\/files\/2019\/10\/GT-5-Anne-Brandalise-A-legitimacao-ambiental-do-mercado-de-seguros-no-Estado-do-RS.pdf\"><strong>A legitima\u00e7\u00e3o social do mercado de seguros ambientais no Estado do Rio Grande do Sul<\/strong><\/a><\/li>\n<\/ul>\n<p style=\"padding-left: 40px\">Autores(as): Anne Pinto Brandalise<\/p>\n<ul>\n<li><a href=\"https:\/\/wp.ufpel.edu.br\/jbs\/files\/2019\/10\/GT-5-Robson-R-Jr-An\u00e1lise-do-papel-do-BNDES-na-forma\u00e7\u00e3o-do-arranjo-de-governan\u00e7a-no-setor-de-software-a-partir-da-Pol\u00edtica-Industrial-Tecnol\u00f3gica-e-de-Com\u00e9rcio-Exterior-PITCE.pdf\"><strong>O poder da inova\u00e7\u00e3o: an\u00e1lise do papel do BNDES na ger\u00eancia da pol\u00edtica de desenvolvimento do primeiro governo Lula no setor de software<\/strong><\/a><\/li>\n<\/ul>\n<p style=\"padding-left: 40px\">Autores(as): Robson Rocha de Souza J\u00fanior<\/p>\n<p>&nbsp;<\/p>\n<hr \/>\n<p><strong>Editores respons\u00e1veis da edi\u00e7\u00e3o<\/strong>:<br \/>\nElaine da Silveira Leite.<br \/>\nAlejandro R. Maldonado Ferm\u00edn.<\/p>\n<p><strong>Respons\u00e1veis t\u00e9cnicos da edi\u00e7\u00e3o<\/strong>:<br \/>\nAlejandro R. Maldonado Ferm\u00edn.<br \/>\nOt\u00e1vio Iost Vinhas.<\/p>\n<p>.<\/p>\n","protected":false},"excerpt":{"rendered":"<p>Anais da Jornada Brasileira de Sociologia GT 01 \u2013 Identidades, diferen\u00e7as e desigualdades em debate. Tr\u00eas valores da luta haitiana por reconhecimento em Lajeado Autores(as): Let\u00edcia Rossi Ortiz. Pardo &#8211; Brando Negro \u00e9? Os sujeitos do direito das pol\u00edticas de a\u00e7\u00f5es afirmativas e o papel das comiss\u00f5es de verifica\u00e7\u00e3o do componente \u00e9tnico-racial nas universidades federais. [&hellip;]<\/p>\n","protected":false},"author":731,"featured_media":0,"parent":214,"menu_order":2,"comment_status":"closed","ping_status":"closed","template":"","meta":{"footnotes":""},"class_list":["post-211","page","type-page","status-publish","hentry"],"jetpack_sharing_enabled":true,"_links":{"self":[{"href":"https:\/\/wp.ufpel.edu.br\/jbs\/wp-json\/wp\/v2\/pages\/211","targetHints":{"allow":["GET"]}}],"collection":[{"href":"https:\/\/wp.ufpel.edu.br\/jbs\/wp-json\/wp\/v2\/pages"}],"about":[{"href":"https:\/\/wp.ufpel.edu.br\/jbs\/wp-json\/wp\/v2\/types\/page"}],"author":[{"embeddable":true,"href":"https:\/\/wp.ufpel.edu.br\/jbs\/wp-json\/wp\/v2\/users\/731"}],"replies":[{"embeddable":true,"href":"https:\/\/wp.ufpel.edu.br\/jbs\/wp-json\/wp\/v2\/comments?post=211"}],"version-history":[{"count":22,"href":"https:\/\/wp.ufpel.edu.br\/jbs\/wp-json\/wp\/v2\/pages\/211\/revisions"}],"predecessor-version":[{"id":845,"href":"https:\/\/wp.ufpel.edu.br\/jbs\/wp-json\/wp\/v2\/pages\/211\/revisions\/845"}],"up":[{"embeddable":true,"href":"https:\/\/wp.ufpel.edu.br\/jbs\/wp-json\/wp\/v2\/pages\/214"}],"wp:attachment":[{"href":"https:\/\/wp.ufpel.edu.br\/jbs\/wp-json\/wp\/v2\/media?parent=211"}],"curies":[{"name":"wp","href":"https:\/\/api.w.org\/{rel}","templated":true}]}}