{"id":205,"date":"2017-08-28T13:34:31","date_gmt":"2017-08-28T16:34:31","guid":{"rendered":"https:\/\/wp.ufpel.edu.br\/jbs\/?page_id=205"},"modified":"2019-09-26T19:52:00","modified_gmt":"2019-09-26T22:52:00","slug":"normas-para-publicacao","status":"publish","type":"page","link":"https:\/\/wp.ufpel.edu.br\/jbs\/anais\/normas-para-publicacao\/","title":{"rendered":"Normas para publica\u00e7\u00e3o"},"content":{"rendered":"<ol>\n<li>Por via de regra, os\u00a0trabalhos devem seguir as normas estabelecidas pela ABNT.<\/li>\n<li>Os trabalhos devem ser enviados em formato .pdf, at\u00e9 a data limite estipulada pelo Editor.<\/li>\n<li>Os trabalhos ter\u00e3o entre dez (10) e doze (12) p\u00e1ginas, exclu\u00edndo capa e refer\u00eancias.<\/li>\n<\/ol>\n<p>Indica\u00e7\u00f5es gerais:<\/p>\n<p><b><strong>Capa<\/strong><br \/>\n<\/b>1. Nome do evento (centralizado, Times New Roman, 12, em negrito) \u2013 VI Jornada Brasileira de Sociologia<br \/>\n2. Subt\u00edtulo do evento (centralizado, Times New Roman, 12, em cursivas) \u2013 Modernidade e Sul Global<br \/>\n3. M\u00eas, ano e cidade (centralizado, Times New Roman, 12) \u2013 Outubro, 2019, Pelotas\/RS.<\/p>\n<p><strong>Contra-capa<br \/>\n<\/strong>1. T\u00edtulo do trabalho (centralizado, letra min\u00fascula, Times New Roman, 12, em negrito).<br \/>\n2. Os nomes dos(as) autores(as) devem ser alinhados \u00e0 direita\u00a0(Times New Roman, 12) com notas de rodap\u00e9\u00a0(Times New Roman, 10), informando: titula\u00e7\u00e3o, v\u00ednculo acad\u00eamico ou profissional (se houver), ag\u00eancia financiadora de pesquisa (se houver) e o e-mail.<strong><br \/>\n<\/strong>3. Resumo (Times New Roman, 10, espa\u00e7amento simples e alinhamento justificado). O resumo deve ser o mesmo que foi submetido e aprovado.<br \/>\n4. Palavras-chave (Times New Roman, 10), entre tr\u00eas (03) e cinco (05), separadas por ponto e v\u00edrgula (;).\u00a0<strong><br \/>\n<\/strong><strong><br \/>\nTexto<\/strong><br \/>\nFonte: Times New Roman<br \/>\nTamanho: 12<br \/>\nEspa\u00e7amento entrelinhas: 1.5<br \/>\nAlinhamento: Justificado.<br \/>\nMargens: Superior e esquerda 3 cm; inferior e direita 2 cm.<\/p>\n<p>&nbsp;<\/p>\n<p>Baixar modelo <a href=\"https:\/\/wp.ufpel.edu.br\/jbs\/files\/2019\/07\/Modelo-trabalho-completo-VI-JBS.docx\">AQUI<\/a>.<\/p>\n","protected":false},"excerpt":{"rendered":"<p>Por via de regra, os\u00a0trabalhos devem seguir as normas estabelecidas pela ABNT. Os trabalhos devem ser enviados em formato .pdf, at\u00e9 a data limite estipulada pelo Editor. Os trabalhos ter\u00e3o entre dez (10) e doze (12) p\u00e1ginas, exclu\u00edndo capa e refer\u00eancias. Indica\u00e7\u00f5es gerais: Capa 1. Nome do evento (centralizado, Times New Roman, 12, em negrito) [&hellip;]<\/p>\n","protected":false},"author":731,"featured_media":0,"parent":29,"menu_order":2,"comment_status":"closed","ping_status":"closed","template":"","meta":{"footnotes":""},"class_list":["post-205","page","type-page","status-publish","hentry"],"jetpack_sharing_enabled":true,"_links":{"self":[{"href":"https:\/\/wp.ufpel.edu.br\/jbs\/wp-json\/wp\/v2\/pages\/205","targetHints":{"allow":["GET"]}}],"collection":[{"href":"https:\/\/wp.ufpel.edu.br\/jbs\/wp-json\/wp\/v2\/pages"}],"about":[{"href":"https:\/\/wp.ufpel.edu.br\/jbs\/wp-json\/wp\/v2\/types\/page"}],"author":[{"embeddable":true,"href":"https:\/\/wp.ufpel.edu.br\/jbs\/wp-json\/wp\/v2\/users\/731"}],"replies":[{"embeddable":true,"href":"https:\/\/wp.ufpel.edu.br\/jbs\/wp-json\/wp\/v2\/comments?post=205"}],"version-history":[{"count":7,"href":"https:\/\/wp.ufpel.edu.br\/jbs\/wp-json\/wp\/v2\/pages\/205\/revisions"}],"predecessor-version":[{"id":509,"href":"https:\/\/wp.ufpel.edu.br\/jbs\/wp-json\/wp\/v2\/pages\/205\/revisions\/509"}],"up":[{"embeddable":true,"href":"https:\/\/wp.ufpel.edu.br\/jbs\/wp-json\/wp\/v2\/pages\/29"}],"wp:attachment":[{"href":"https:\/\/wp.ufpel.edu.br\/jbs\/wp-json\/wp\/v2\/media?parent=205"}],"curies":[{"name":"wp","href":"https:\/\/api.w.org\/{rel}","templated":true}]}}