{"id":79,"date":"2014-10-02T08:49:01","date_gmt":"2014-10-02T11:49:01","guid":{"rendered":"https:\/\/wp.ufpel.edu.br\/jahnecke\/?page_id=79"},"modified":"2017-02-13T20:09:16","modified_gmt":"2017-02-13T22:09:16","slug":"monitoria","status":"publish","type":"page","link":"https:\/\/wp.ufpel.edu.br\/jahnecke\/monitoria\/","title":{"rendered":"Monitoria"},"content":{"rendered":"<p><a href=\"https:\/\/wp.ufpel.edu.br\/jahnecke\/files\/2014\/10\/Hor\u00e1rios-MONITORIAS-MATEM\u00c1TICA-02-2016-Monitores-1.xlsx\">Hor\u00e1rios MONITORIAS MATEM\u00c1TICA 02-2016 &#8211; Monitores (1)<\/a><\/p>\n<p>&nbsp;<\/p>\n<p>Local: <strong>Pr\u00e9dio da Cotada Sala 205<\/strong><\/p>\n<p>&nbsp;<\/p>\n","protected":false},"excerpt":{"rendered":"<p>Hor\u00e1rios MONITORIAS MATEM\u00c1TICA 02-2016 &#8211; Monitores (1) &nbsp; Local: Pr\u00e9dio da Cotada Sala 205 &nbsp;<\/p>\n","protected":false},"author":444,"featured_media":0,"parent":0,"menu_order":0,"comment_status":"closed","ping_status":"closed","template":"","meta":{"jetpack_post_was_ever_published":false,"footnotes":""},"class_list":["post-79","page","type-page","status-publish","hentry"],"jetpack_sharing_enabled":true,"jetpack_shortlink":"https:\/\/wp.me\/P6Q3iM-1h","jetpack-related-posts":[],"_links":{"self":[{"href":"https:\/\/wp.ufpel.edu.br\/jahnecke\/wp-json\/wp\/v2\/pages\/79","targetHints":{"allow":["GET"]}}],"collection":[{"href":"https:\/\/wp.ufpel.edu.br\/jahnecke\/wp-json\/wp\/v2\/pages"}],"about":[{"href":"https:\/\/wp.ufpel.edu.br\/jahnecke\/wp-json\/wp\/v2\/types\/page"}],"author":[{"embeddable":true,"href":"https:\/\/wp.ufpel.edu.br\/jahnecke\/wp-json\/wp\/v2\/users\/444"}],"replies":[{"embeddable":true,"href":"https:\/\/wp.ufpel.edu.br\/jahnecke\/wp-json\/wp\/v2\/comments?post=79"}],"version-history":[{"count":24,"href":"https:\/\/wp.ufpel.edu.br\/jahnecke\/wp-json\/wp\/v2\/pages\/79\/revisions"}],"predecessor-version":[{"id":1149,"href":"https:\/\/wp.ufpel.edu.br\/jahnecke\/wp-json\/wp\/v2\/pages\/79\/revisions\/1149"}],"wp:attachment":[{"href":"https:\/\/wp.ufpel.edu.br\/jahnecke\/wp-json\/wp\/v2\/media?parent=79"}],"curies":[{"name":"wp","href":"https:\/\/api.w.org\/{rel}","templated":true}]}}