{"id":71,"date":"2025-08-18T03:26:07","date_gmt":"2025-08-18T06:26:07","guid":{"rendered":"https:\/\/wp.ufpel.edu.br\/ivmostradeensinodehistoria\/?page_id=71"},"modified":"2025-08-18T03:49:23","modified_gmt":"2025-08-18T06:49:23","slug":"perguntas-e-respostas","status":"publish","type":"page","link":"https:\/\/wp.ufpel.edu.br\/ivmostradeensinodehistoria\/perguntas-e-respostas\/","title":{"rendered":"Perguntas e Respostas"},"content":{"rendered":"<p><b>Aten\u00e7\u00e3o1:\u00a0<\/b>sua inscri\u00e7\u00e3o como apresentador\/a de trabalho\u00a0<b>j\u00e1 te dar\u00e1 direito<\/b>\u00a0a um certificado tamb\u00e9m de ouvinte. N\u00e3o \u00e9 necess\u00e1rio duplicar a inscri\u00e7\u00e3o.<\/p>\n<p>&nbsp;<\/p>\n<div><\/div>\n<div><b>Aten\u00e7\u00e3o2:\u00a0<\/b>se voc\u00ea ir\u00e1 participar apenas como ouvinte, <span style=\"color: #ff0000;\"><strong>ser\u00e1 necess\u00e1rio<\/strong> <\/span>realizar a inscri\u00e7\u00e3o para obter o certificado.<\/div>\n<div><\/div>\n<div><\/div>\n<p>&nbsp;<\/p>\n<div><b>Aten\u00e7\u00e3o 3:<\/b>\u00a0escolher o modelo adequado de resumo, conforme o tipo de sua apresenta\u00e7\u00e3o: se \u00e9 relato de pesquisa (IC\/TCC\/Mestrado\/Doutorado)\u00a0ou de Ensino\/extens\u00e3o\/Est\u00e1gio (Pibid, Est\u00e1gio, RP, Monitorias, extens\u00e3o).<\/div>\n<div><\/div>\n<p><b>Perguntas frequentes:<\/b><\/p>\n<p>&nbsp;<\/p>\n<p><strong><i>Quantos autores podem assinar o artigo?<\/i><\/strong><\/p>\n<p>Resumos de pesquisa: 1 autor + 1 Co-Autor + Orientador\/a<\/p>\n<p>Resumos de Ensino\/Extens\u00e3o\/Est\u00e1gio: 1 autor + 1 Co-Autor + Orientador\/a<\/p>\n<p>&nbsp;<\/p>\n<p><strong><i>Co-autores precisam repetir a inscri\u00e7\u00e3o do trabalho?<\/i><\/strong><\/p>\n<p>N\u00e3o. Co-autores devem se inscrever como ouvintes, para fins de certifica\u00e7\u00e3o.<\/p>\n<p>&nbsp;<\/p>\n<p><strong><i>Quanto tempo terei de apresenta\u00e7\u00e3o do trabalho e quem deve apresent\u00e1-lo?<\/i><\/strong><\/p>\n<p>O tempo ser\u00e1 de 10 minutos e ao final ser\u00e1 feito um bloco de perguntas\/debates.<\/p>\n<p>Podem apresentar: autor ou co-autor, ou ambos, desde que respeitado os 10 minutos.<\/p>\n<p>&nbsp;<\/p>\n<p><strong><i>Como \u00e9 feito o processo de certifica\u00e7\u00e3o dos apresentadores de trabalho?<\/i><\/strong><\/p>\n<p>De acordo com as normas da UFPEL, o certificado \u00e9 emitido em nome do Autor principal, mas cont\u00e9m o nome do co-autor.<\/p>\n<p>&nbsp;<\/p>\n<p><strong><i>No caso dos resumos que s\u00e3o relatos de est\u00e1gio ou PIBID, quem deve ser colocado como orientador\/a?<\/i><\/strong><\/p>\n<p>Nesses casos, inserir o nome do seu\/sua professor\/a de est\u00e1gio supervisionado, de monitoria ou de PIBID.<\/p>\n<p>&nbsp;<\/p>\n<p><strong><i>Posso apresentar mais de um trabalho?\u00a0<\/i><\/strong><\/p>\n<p>Voc\u00ea pode apresentar e ser co-autor\/a de apenas 1 trabalho referente \u00e0 modalidade pesquisa, no dia 18\/11\/2025. N\u00e3o poder\u00e1 se ausentar da sua sala at\u00e9 o final dos debates. Caso contr\u00e1rio n\u00e3o receber\u00e1 a certifica\u00e7\u00e3o.<\/p>\n<p>&nbsp;<\/p>\n<p>Se voc\u00ea se inscreveu para apresentar 1 trabalho na modalidade de pesquisa, poder\u00e1 se inscrever para 1 trabalho referente, especificamente, ao est\u00e1gio supervisionado, que ser\u00e1 no dia 19\/11\/2025.\u00a0N\u00e3o poder\u00e1 se ausentar da sua sala at\u00e9 o final dos debates. Caso contr\u00e1rio n\u00e3o receber\u00e1 a certifica\u00e7\u00e3o.<\/p>\n<p>&nbsp;<\/p>\n<p><strong><i>Os anais do evento ser\u00e3o publicados?<\/i><\/strong><\/p>\n<div>\n<p>Sim, inicialmente, de forma provis\u00f3ria, no site do evento. Ao final, ser\u00e1 feito um caderno de resumos com editora\u00e7\u00e3o gr\u00e1fica e ISBN.<i><br \/>\n<\/i><\/p>\n<p>&nbsp;<\/p>\n<p><strong>Tem outra d\u00favida?<\/strong> Entre em contato: lehufpe2021@gmail.com<\/p>\n<p>&nbsp;<\/p>\n<\/div>\n","protected":false},"excerpt":{"rendered":"<p>Aten\u00e7\u00e3o1:\u00a0sua inscri\u00e7\u00e3o como apresentador\/a de trabalho\u00a0j\u00e1 te dar\u00e1 direito\u00a0a um certificado tamb\u00e9m de ouvinte. N\u00e3o \u00e9 necess\u00e1rio duplicar a inscri\u00e7\u00e3o. &nbsp; Aten\u00e7\u00e3o2:\u00a0se voc\u00ea ir\u00e1 participar apenas como ouvinte, ser\u00e1 necess\u00e1rio realizar a inscri\u00e7\u00e3o para obter o certificado. &nbsp; Aten\u00e7\u00e3o 3:\u00a0escolher o modelo adequado de resumo, conforme o tipo de sua apresenta\u00e7\u00e3o: se \u00e9 relato de &hellip; <\/p>\n<p><a class=\"more-link btn\" href=\"https:\/\/wp.ufpel.edu.br\/ivmostradeensinodehistoria\/perguntas-e-respostas\/\">Continue lendo<\/a><\/p>\n","protected":false},"author":1274,"featured_media":0,"parent":0,"menu_order":12,"comment_status":"closed","ping_status":"closed","template":"","meta":{"footnotes":""},"class_list":["post-71","page","type-page","status-publish","hentry","nodate","item-wrap"],"_links":{"self":[{"href":"https:\/\/wp.ufpel.edu.br\/ivmostradeensinodehistoria\/wp-json\/wp\/v2\/pages\/71","targetHints":{"allow":["GET"]}}],"collection":[{"href":"https:\/\/wp.ufpel.edu.br\/ivmostradeensinodehistoria\/wp-json\/wp\/v2\/pages"}],"about":[{"href":"https:\/\/wp.ufpel.edu.br\/ivmostradeensinodehistoria\/wp-json\/wp\/v2\/types\/page"}],"author":[{"embeddable":true,"href":"https:\/\/wp.ufpel.edu.br\/ivmostradeensinodehistoria\/wp-json\/wp\/v2\/users\/1274"}],"replies":[{"embeddable":true,"href":"https:\/\/wp.ufpel.edu.br\/ivmostradeensinodehistoria\/wp-json\/wp\/v2\/comments?post=71"}],"version-history":[{"count":3,"href":"https:\/\/wp.ufpel.edu.br\/ivmostradeensinodehistoria\/wp-json\/wp\/v2\/pages\/71\/revisions"}],"predecessor-version":[{"id":88,"href":"https:\/\/wp.ufpel.edu.br\/ivmostradeensinodehistoria\/wp-json\/wp\/v2\/pages\/71\/revisions\/88"}],"wp:attachment":[{"href":"https:\/\/wp.ufpel.edu.br\/ivmostradeensinodehistoria\/wp-json\/wp\/v2\/media?parent=71"}],"curies":[{"name":"wp","href":"https:\/\/api.w.org\/{rel}","templated":true}]}}