{"id":45,"date":"2025-08-13T23:04:03","date_gmt":"2025-08-14T02:04:03","guid":{"rendered":"https:\/\/wp.ufpel.edu.br\/ivmostradeensinodehistoria\/?page_id=45"},"modified":"2025-08-18T03:43:02","modified_gmt":"2025-08-18T06:43:02","slug":"local-das-atividades","status":"publish","type":"page","link":"https:\/\/wp.ufpel.edu.br\/ivmostradeensinodehistoria\/local-das-atividades\/","title":{"rendered":"Local das atividades"},"content":{"rendered":"<p style=\"text-align: justify;\">As atividades ser\u00e3o realizadas presencialmente na Universidade Federal de Pelotas (UFPEL), campus Porto:<\/p>\n<p style=\"text-align: justify;\">Nas salas do pr\u00e9dio <strong>CEHUS -Centro de P\u00f3s-Gradua\u00e7\u00e3o e Pesquisas em Ci\u00eancias Humanas, Sociais, Sociais Aplicadas, Artes e Linguagem<\/strong>, situado \u00e0 rua: Coronel Alberto Rosa117 &#8211; Centro, Pelotas &#8211; RS, 96010-770.<\/p>\n<p>Nas salas do pr\u00e9dio <strong>CCHS,<\/strong> situado em frente ao CEHUS.<\/p>\n","protected":false},"excerpt":{"rendered":"<p>As atividades ser\u00e3o realizadas presencialmente na Universidade Federal de Pelotas (UFPEL), campus Porto: Nas salas do pr\u00e9dio CEHUS -Centro de P\u00f3s-Gradua\u00e7\u00e3o e Pesquisas em Ci\u00eancias Humanas, Sociais, Sociais Aplicadas, Artes e Linguagem, situado \u00e0 rua: Coronel Alberto Rosa117 &#8211; Centro, Pelotas &#8211; RS, 96010-770. Nas salas do pr\u00e9dio CCHS, situado em frente ao CEHUS.<\/p>\n","protected":false},"author":1274,"featured_media":0,"parent":0,"menu_order":8,"comment_status":"closed","ping_status":"closed","template":"","meta":{"footnotes":""},"class_list":["post-45","page","type-page","status-publish","hentry","nodate","item-wrap"],"_links":{"self":[{"href":"https:\/\/wp.ufpel.edu.br\/ivmostradeensinodehistoria\/wp-json\/wp\/v2\/pages\/45","targetHints":{"allow":["GET"]}}],"collection":[{"href":"https:\/\/wp.ufpel.edu.br\/ivmostradeensinodehistoria\/wp-json\/wp\/v2\/pages"}],"about":[{"href":"https:\/\/wp.ufpel.edu.br\/ivmostradeensinodehistoria\/wp-json\/wp\/v2\/types\/page"}],"author":[{"embeddable":true,"href":"https:\/\/wp.ufpel.edu.br\/ivmostradeensinodehistoria\/wp-json\/wp\/v2\/users\/1274"}],"replies":[{"embeddable":true,"href":"https:\/\/wp.ufpel.edu.br\/ivmostradeensinodehistoria\/wp-json\/wp\/v2\/comments?post=45"}],"version-history":[{"count":2,"href":"https:\/\/wp.ufpel.edu.br\/ivmostradeensinodehistoria\/wp-json\/wp\/v2\/pages\/45\/revisions"}],"predecessor-version":[{"id":80,"href":"https:\/\/wp.ufpel.edu.br\/ivmostradeensinodehistoria\/wp-json\/wp\/v2\/pages\/45\/revisions\/80"}],"wp:attachment":[{"href":"https:\/\/wp.ufpel.edu.br\/ivmostradeensinodehistoria\/wp-json\/wp\/v2\/media?parent=45"}],"curies":[{"name":"wp","href":"https:\/\/api.w.org\/{rel}","templated":true}]}}