{"id":42,"date":"2025-08-13T23:03:45","date_gmt":"2025-08-14T02:03:45","guid":{"rendered":"https:\/\/wp.ufpel.edu.br\/ivmostradeensinodehistoria\/?page_id=42"},"modified":"2025-10-20T17:03:39","modified_gmt":"2025-10-20T20:03:39","slug":"oficinas-tematicas","status":"publish","type":"page","link":"https:\/\/wp.ufpel.edu.br\/ivmostradeensinodehistoria\/oficinas-tematicas\/","title":{"rendered":"Oficinas tem\u00e1ticas"},"content":{"rendered":"<p>Neste ano ser\u00e3o ofertadas 2 (duas) oficinas tem\u00e1ticas, no dia 19\/11\/2025 (quarta-feira), das 14h \u00e0s 17h<\/p>\n<p>&nbsp;<\/p>\n<p><b>Oficina Tem\u00e1tica 1 &#8211; Os usos pol\u00edticos dos memes e ensino de hist\u00f3ria\u00a0<\/b><\/p>\n<p><span style=\"font-weight: 400;\">Ministrantes: Maria Portilho (PPGH\/UFPEL) e Jo\u00e3o Pedro dos Santos (PPGH\/UFPEL)<\/span><\/p>\n<p>Hor\u00e1rio: das 14 \u00e0s 15h15<\/p>\n<p><a href=\"https:\/\/forms.gle\/sv9AmmmY9NsKsAXc6\">(Cliquei aqui para fazer sua inscri\u00e7\u00e3o)<\/a><\/p>\n<p>&nbsp;<\/p>\n<p><b>Oficina Tem\u00e1tica 2 &#8211; Produ\u00e7\u00e3o e uso de jogos no ensino de Hist\u00f3ria<\/b><span style=\"font-weight: 400;\">\u00a0<\/span><\/p>\n<p><span style=\"font-weight: 400;\">Ministrantes: (Sofia Giglio (PPGH\/UFPEL) e Larissa Azevedo (PPGH\/UFPEL)<\/span><\/p>\n<p>Hor\u00e1rio: das 15h45 \u00e0s 17h<\/p>\n<p><a href=\"https:\/\/forms.gle\/WvvdtP5HUC7zFEtB8\">(Cliquei aqui para fazer uma inscri\u00e7\u00e3o)<\/a><\/p>\n","protected":false},"excerpt":{"rendered":"<p>Neste ano ser\u00e3o ofertadas 2 (duas) oficinas tem\u00e1ticas, no dia 19\/11\/2025 (quarta-feira), das 14h \u00e0s 17h &nbsp; Oficina Tem\u00e1tica 1 &#8211; Os usos pol\u00edticos dos memes e ensino de hist\u00f3ria\u00a0 Ministrantes: Maria Portilho (PPGH\/UFPEL) e Jo\u00e3o Pedro dos Santos (PPGH\/UFPEL) Hor\u00e1rio: das 14 \u00e0s 15h15 (Cliquei aqui para fazer sua inscri\u00e7\u00e3o) &nbsp; Oficina Tem\u00e1tica 2 &hellip; <\/p>\n<p><a class=\"more-link btn\" href=\"https:\/\/wp.ufpel.edu.br\/ivmostradeensinodehistoria\/oficinas-tematicas\/\">Continue lendo<\/a><\/p>\n","protected":false},"author":1274,"featured_media":0,"parent":0,"menu_order":7,"comment_status":"closed","ping_status":"closed","template":"","meta":{"footnotes":""},"class_list":["post-42","page","type-page","status-publish","hentry","nodate","item-wrap"],"_links":{"self":[{"href":"https:\/\/wp.ufpel.edu.br\/ivmostradeensinodehistoria\/wp-json\/wp\/v2\/pages\/42","targetHints":{"allow":["GET"]}}],"collection":[{"href":"https:\/\/wp.ufpel.edu.br\/ivmostradeensinodehistoria\/wp-json\/wp\/v2\/pages"}],"about":[{"href":"https:\/\/wp.ufpel.edu.br\/ivmostradeensinodehistoria\/wp-json\/wp\/v2\/types\/page"}],"author":[{"embeddable":true,"href":"https:\/\/wp.ufpel.edu.br\/ivmostradeensinodehistoria\/wp-json\/wp\/v2\/users\/1274"}],"replies":[{"embeddable":true,"href":"https:\/\/wp.ufpel.edu.br\/ivmostradeensinodehistoria\/wp-json\/wp\/v2\/comments?post=42"}],"version-history":[{"count":3,"href":"https:\/\/wp.ufpel.edu.br\/ivmostradeensinodehistoria\/wp-json\/wp\/v2\/pages\/42\/revisions"}],"predecessor-version":[{"id":100,"href":"https:\/\/wp.ufpel.edu.br\/ivmostradeensinodehistoria\/wp-json\/wp\/v2\/pages\/42\/revisions\/100"}],"wp:attachment":[{"href":"https:\/\/wp.ufpel.edu.br\/ivmostradeensinodehistoria\/wp-json\/wp\/v2\/media?parent=42"}],"curies":[{"name":"wp","href":"https:\/\/api.w.org\/{rel}","templated":true}]}}