{"id":38,"date":"2025-08-13T23:02:51","date_gmt":"2025-08-14T02:02:51","guid":{"rendered":"https:\/\/wp.ufpel.edu.br\/ivmostradeensinodehistoria\/?page_id=38"},"modified":"2025-10-22T09:28:22","modified_gmt":"2025-10-22T12:28:22","slug":"comissao-organizadora-e-cientifica","status":"publish","type":"page","link":"https:\/\/wp.ufpel.edu.br\/ivmostradeensinodehistoria\/comissao-organizadora-e-cientifica\/","title":{"rendered":"Comiss\u00e3o organizadora e cient\u00edfica"},"content":{"rendered":"<header class=\"entry-header\">\n<h4 class=\"entry-title\"><strong>Comiss\u00e3o Organizadora:<\/strong><\/h4>\n<\/header>\n<div class=\"entry-content\">\n<p>Prof.\u00aa Dr.\u00aa Alessandra Gasparotto (UFPEL)<\/p>\n<p>Prof. Dr.\u00aa Lisiane Sias Manke (UFPEL)<\/p>\n<p>Prof. Dr. Mauro Dillmann Tavares (UFPEL)<\/p>\n<p>Prof. Dr. Wilian Jr. Bonete (UFPEL)<\/p>\n<\/div>\n<h4><\/h4>\n<h4 class=\"entry-title\"><strong>Comiss\u00e3o Cient\u00edfica:<\/strong><\/h4>\n<p>Amanda Nunes Moreira (SEDUC\/RS)<\/p>\n<p>Euller Fabres Zanetti (PPGH\/UFPEL)<\/p>\n<p>Danilo de Vasconcellos Ferreira (IFSUL)<\/p>\n<p>Darcylene Pereira Domingues (PPGH\/UFPEL)<\/p>\n<p>Gl\u00eania Caetano (PPGH\/FURG)<\/p>\n<p>Jos\u00e9 Carlos da Silva Cardozo (FURG)<\/p>\n<p>Micael Weslei Cavalheiro Pereira (PPGH\/FURG)<\/p>\n<p>Mariana de Mello Rodrigues (PPGEDU\/FURG)<\/p>\n<p>Roberta Duarte da Silva (PPGH\/UFPE)<\/p>\n<p>Tayane Ferreira de Almeida (PPGH\/UFPE)<\/p>\n<p>Tatiana Carrilho Pastorini Torres (SEDUC\/RS)<\/p>\n<p>Wagner Silveira Feloniuk (PPGH\/FURG)<\/p>\n<p>&nbsp;<\/p>\n<h4 class=\"entry-title\"><strong>Estudantes da Gradua\u00e7\u00e3o e P\u00f3s-Gradua\u00e7\u00e3o colaboradores:<\/strong><\/h4>\n<p><span style=\"font-weight: 400;\">Sabrina Klug Thurow (Estudante da gradua\u00e7\u00e3o em Hist\u00f3ria\/UFPEL)<\/span><\/p>\n<p><span style=\"font-weight: 400;\">Thayna Luiza Uhde Dalsasso (Estudante da gradua\u00e7\u00e3o em Hist\u00f3ria\/UFPEL)<\/span><\/p>\n<p>Mariana Scherdien <span style=\"font-weight: 400;\">(Estudante da gradua\u00e7\u00e3o em Hist\u00f3ria\/UFPEL)<\/span><\/p>\n<p><span style=\"font-weight: 400;\">Maria Portilho Bagesteiro (Estudante da P\u00f3s-Gradua\u00e7\u00e3o em Hist\u00f3ria\/UFPEL)<\/span><\/p>\n<p><span style=\"font-weight: 400;\">Jo\u00e3o Pedro dos Santos (Estudante da P\u00f3s-Gradua\u00e7\u00e3o em Hist\u00f3ria\/UFPEL)<\/span><\/p>\n<p>&nbsp;<\/p>\n<p><strong><span style=\"font-size: 14pt;\">Monitores<\/span><\/strong><\/p>\n<p>(Em breve)<\/p>\n<p>&nbsp;<\/p>\n<p><strong><span style=\"font-size: 14pt;\">Desenvolvimento do website<\/span><\/strong><\/p>\n<p>Prof. Dr. Wilian Jr. Bonete (UFPEL)<\/p>\n<p>&nbsp;<\/p>\n","protected":false},"excerpt":{"rendered":"<p>Comiss\u00e3o Organizadora: Prof.\u00aa Dr.\u00aa Alessandra Gasparotto (UFPEL) Prof. Dr.\u00aa Lisiane Sias Manke (UFPEL) Prof. Dr. Mauro Dillmann Tavares (UFPEL) Prof. Dr. Wilian Jr. Bonete (UFPEL) Comiss\u00e3o Cient\u00edfica: Amanda Nunes Moreira (SEDUC\/RS) Euller Fabres Zanetti (PPGH\/UFPEL) Danilo de Vasconcellos Ferreira (IFSUL) Darcylene Pereira Domingues (PPGH\/UFPEL) Gl\u00eania Caetano (PPGH\/FURG) Jos\u00e9 Carlos da Silva Cardozo (FURG) Micael Weslei &hellip; <\/p>\n<p><a class=\"more-link btn\" href=\"https:\/\/wp.ufpel.edu.br\/ivmostradeensinodehistoria\/comissao-organizadora-e-cientifica\/\">Continue lendo<\/a><\/p>\n","protected":false},"author":1274,"featured_media":0,"parent":0,"menu_order":13,"comment_status":"closed","ping_status":"closed","template":"","meta":{"footnotes":""},"class_list":["post-38","page","type-page","status-publish","hentry","nodate","item-wrap"],"_links":{"self":[{"href":"https:\/\/wp.ufpel.edu.br\/ivmostradeensinodehistoria\/wp-json\/wp\/v2\/pages\/38","targetHints":{"allow":["GET"]}}],"collection":[{"href":"https:\/\/wp.ufpel.edu.br\/ivmostradeensinodehistoria\/wp-json\/wp\/v2\/pages"}],"about":[{"href":"https:\/\/wp.ufpel.edu.br\/ivmostradeensinodehistoria\/wp-json\/wp\/v2\/types\/page"}],"author":[{"embeddable":true,"href":"https:\/\/wp.ufpel.edu.br\/ivmostradeensinodehistoria\/wp-json\/wp\/v2\/users\/1274"}],"replies":[{"embeddable":true,"href":"https:\/\/wp.ufpel.edu.br\/ivmostradeensinodehistoria\/wp-json\/wp\/v2\/comments?post=38"}],"version-history":[{"count":4,"href":"https:\/\/wp.ufpel.edu.br\/ivmostradeensinodehistoria\/wp-json\/wp\/v2\/pages\/38\/revisions"}],"predecessor-version":[{"id":102,"href":"https:\/\/wp.ufpel.edu.br\/ivmostradeensinodehistoria\/wp-json\/wp\/v2\/pages\/38\/revisions\/102"}],"wp:attachment":[{"href":"https:\/\/wp.ufpel.edu.br\/ivmostradeensinodehistoria\/wp-json\/wp\/v2\/media?parent=38"}],"curies":[{"name":"wp","href":"https:\/\/api.w.org\/{rel}","templated":true}]}}