{"id":35,"date":"2025-08-13T23:03:32","date_gmt":"2025-08-14T02:03:32","guid":{"rendered":"https:\/\/wp.ufpel.edu.br\/ivmostradeensinodehistoria\/?page_id=35"},"modified":"2025-11-07T17:21:39","modified_gmt":"2025-11-07T20:21:39","slug":"trabalhos-aprovados","status":"publish","type":"page","link":"https:\/\/wp.ufpel.edu.br\/ivmostradeensinodehistoria\/trabalhos-aprovados\/","title":{"rendered":"Trabalhos aprovados e Ensalamento"},"content":{"rendered":"<p style=\"text-align: center;\"><span style=\"font-size: 14pt;\"><strong>Din\u00e2mica das salas:<\/strong><\/span><\/p>\n<ul>\n<li><span style=\"font-size: 14pt;\">Cada apresentador\/a ter\u00e1 impreterivelmente 10 minutos para fazer a sua exposi\u00e7\u00e3o. O monitor da sala levantar\u00e1 a placa quando faltarem 3 minutos para\u00a0 o encerramento;<\/span><\/li>\n<li><span style=\"font-size: 14pt;\">Ao final de cinco apresenta\u00e7\u00f5es \u00e9 poss\u00edvel fazer uma pausa e\/ou dar sequencia \u00e0s demais apresenta\u00e7\u00f5es;<\/span><\/li>\n<li><span style=\"font-size: 14pt;\">O debate poder\u00e1 ser\u00e1 realizado ao final de todas as apresenta\u00e7\u00f5es ou ao final da 5\u00aa apresenta\u00e7\u00e3o. Tudo isso ser\u00e1 combinado com o\/a mediador\/a da sala no in\u00edcio das atividades.<\/span><\/li>\n<li><span style=\"font-size: 14pt;\">BAIXE AQUI O MODELO DE APRESENTA\u00c7\u00c3O: <a href=\"https:\/\/wp.ufpel.edu.br\/ivmostradeensinodehistoria\/files\/2025\/11\/TEMPLATE_MOSTRA_DE_ENSINO.pptx\">TEMPLATE_MOSTRA_DE_ENSINO<\/a>\u00a0 (A UTILIZA\u00c7\u00c3O \u00c9 OPCIONAL)<\/span><\/li>\n<\/ul>\n<p>&nbsp;<\/p>\n<p style=\"text-align: center;\"><span style=\"font-size: 14pt;\">______________________________________________________________<\/span><\/p>\n<p style=\"text-align: center;\"><strong><span style=\"font-size: 14pt;\">Confira aqui a lista dos trabalhos aprovados<\/span><\/strong><\/p>\n<p style=\"text-align: center;\">O ensalamento j\u00e1 est\u00e1 atualizado. Todas as salas de apresenta\u00e7\u00f5es de comunica\u00e7\u00f5es ocorrer\u00e3o no pr\u00e9dio do <strong>CEHUS<\/strong><\/p>\n<p style=\"text-align: center;\"><a href=\"https:\/\/wp.ufpel.edu.br\/ivmostradeensinodehistoria\/files\/2025\/11\/TRABALHOS-APROVADOS-E-ENSALAMENTO-FINAL.pdf\">TRABALHOS APROVADOS E ENSALAMENTO FINAL<\/a><\/p>\n<p>&nbsp;<\/p>\n<p>&nbsp;<\/p>\n<p style=\"text-align: center;\"><strong><span style=\"font-size: 14pt;\">Confira aqui os cadernos (provis\u00f3rios) com os resumos expandidos<\/span><\/strong><\/p>\n<p style=\"text-align: center;\">Os cadernos definitivos, com ISBN e Ficha Catalogr\u00e1ficas, ser\u00e3o lan\u00e7ados at\u00e9 o m\u00eas de dezembro de 2025<\/p>\n<p style=\"text-align: center;\"><a href=\"https:\/\/wp.ufpel.edu.br\/ivmostradeensinodehistoria\/files\/2025\/11\/CADERNO-PROVISO\u0301RIO-DE-ENSINO-EXTENSA\u0303O-E-PESQUISA.pdf\">CADERNO (PROVISO\u0301RIO) DE ENSINO, EXTENSA\u0303O E PESQUISA<\/a><\/p>\n<p style=\"text-align: center;\"><a href=\"https:\/\/wp.ufpel.edu.br\/ivmostradeensinodehistoria\/files\/2025\/11\/CADERNO-PROVISO\u0301RIO-DE-ESTA\u0301GIO-SUPERVISIONADO.pdf\">CADERNO (PROVISO\u0301RIO) DE ESTA\u0301GIO SUPERVISIONADO<\/a><\/p>\n<p>&nbsp;<\/p>\n","protected":false},"excerpt":{"rendered":"<p>Din\u00e2mica das salas: Cada apresentador\/a ter\u00e1 impreterivelmente 10 minutos para fazer a sua exposi\u00e7\u00e3o. O monitor da sala levantar\u00e1 a placa quando faltarem 3 minutos para\u00a0 o encerramento; Ao final de cinco apresenta\u00e7\u00f5es \u00e9 poss\u00edvel fazer uma pausa e\/ou dar sequencia \u00e0s demais apresenta\u00e7\u00f5es; O debate poder\u00e1 ser\u00e1 realizado ao final de todas as apresenta\u00e7\u00f5es &hellip; <\/p>\n<p><a class=\"more-link btn\" href=\"https:\/\/wp.ufpel.edu.br\/ivmostradeensinodehistoria\/trabalhos-aprovados\/\">Continue lendo<\/a><\/p>\n","protected":false},"author":1274,"featured_media":0,"parent":0,"menu_order":5,"comment_status":"closed","ping_status":"closed","template":"","meta":{"footnotes":""},"class_list":["post-35","page","type-page","status-publish","hentry","nodate","item-wrap"],"_links":{"self":[{"href":"https:\/\/wp.ufpel.edu.br\/ivmostradeensinodehistoria\/wp-json\/wp\/v2\/pages\/35","targetHints":{"allow":["GET"]}}],"collection":[{"href":"https:\/\/wp.ufpel.edu.br\/ivmostradeensinodehistoria\/wp-json\/wp\/v2\/pages"}],"about":[{"href":"https:\/\/wp.ufpel.edu.br\/ivmostradeensinodehistoria\/wp-json\/wp\/v2\/types\/page"}],"author":[{"embeddable":true,"href":"https:\/\/wp.ufpel.edu.br\/ivmostradeensinodehistoria\/wp-json\/wp\/v2\/users\/1274"}],"replies":[{"embeddable":true,"href":"https:\/\/wp.ufpel.edu.br\/ivmostradeensinodehistoria\/wp-json\/wp\/v2\/comments?post=35"}],"version-history":[{"count":3,"href":"https:\/\/wp.ufpel.edu.br\/ivmostradeensinodehistoria\/wp-json\/wp\/v2\/pages\/35\/revisions"}],"predecessor-version":[{"id":126,"href":"https:\/\/wp.ufpel.edu.br\/ivmostradeensinodehistoria\/wp-json\/wp\/v2\/pages\/35\/revisions\/126"}],"wp:attachment":[{"href":"https:\/\/wp.ufpel.edu.br\/ivmostradeensinodehistoria\/wp-json\/wp\/v2\/media?parent=35"}],"curies":[{"name":"wp","href":"https:\/\/api.w.org\/{rel}","templated":true}]}}