{"id":32,"date":"2025-08-13T23:03:18","date_gmt":"2025-08-14T02:03:18","guid":{"rendered":"https:\/\/wp.ufpel.edu.br\/ivmostradeensinodehistoria\/?page_id=32"},"modified":"2025-10-20T16:56:53","modified_gmt":"2025-10-20T19:56:53","slug":"programacao","status":"publish","type":"page","link":"https:\/\/wp.ufpel.edu.br\/ivmostradeensinodehistoria\/programacao\/","title":{"rendered":"Programa\u00e7\u00e3o"},"content":{"rendered":"<p style=\"text-align: center;\"><span style=\"background-color: #ccffff;\"><strong>17\/11(Segunda-Feira)<\/strong><\/span><\/p>\n<p><span style=\"color: #ff0000;\"><strong>Manh\u00e3: 10h \u00e0s 11h30<\/strong><\/span><\/p>\n<p><strong><span style=\"color: #000000;\">Mini-curso:<\/span><\/strong><br \/>\n<em>Hist\u00f3ria em movimento: pr\u00e1ticas docentes para tempos presentes<\/em><br \/>\n<strong>Ministrante<\/strong>: Taiane Mendes Taborda &#8211; (Rede de educa\u00e7\u00e3o b\u00e1sica de Pelotas, RS)<\/p>\n<p><strong><span style=\"color: #ff0000;\">Tarde: 14h \u00e0s 17h &#8211; Local: Audit\u00f3rio CEHUS<\/span><\/strong><\/p>\n<p><strong><em>Mesa 1 -Troca de Saberes &#8211; Curr\u00edculo, saberes e experi\u00eancias docentes<\/em><\/strong><br \/>\nConvidados (as): Renan Santos Mattos (UFFS); Daniela Conte (SMED\/Alvorada); Camilla Meneguel Arenhardt (SME\/Pelotas)<\/p>\n<p><strong><span style=\"color: #ff0000;\">Noite: 19h \u00e0s 22h &#8211; Local: Audit\u00f3rio CEHUS<\/span><\/strong><\/p>\n<p>Confer\u00eancia de abertura<\/p>\n<p>Prof. Dr\u00aa Cristiani Bereta da Silva (UDESC)<\/p>\n<p style=\"text-align: center;\">_________________________________________________<\/p>\n<p style=\"text-align: center;\"><span style=\"background-color: #ccffff;\"><strong>18\/11 (Ter\u00e7a-feira)<\/strong><\/span><\/p>\n<p><strong><span style=\"color: #ff0000;\">Manh\u00e3: 08h30 \u00e0s 11h30<\/span><\/strong><\/p>\n<p>Atividade cultural<\/p>\n<p><strong><span style=\"color: #ff0000;\">Tarde: 14h \u00e0s 17h<\/span><\/strong><\/p>\n<p><strong><em>Mesa 2 -Troca de Saberes &#8211; Patrim\u00f4nio, diversidade e ensino de Hist\u00f3ria<\/em><\/strong><br \/>\nConvidados (as): Carmem Schiavon (FURG), Felipe Kr\u00fcger (SME\/Pelotas), Elvis Silveira Sim\u00f5es (SMED-Rio Grande)<\/p>\n<p><strong><span style=\"color: #ff0000;\">17h30\u00a0 \u00e0s 18h 0\u00a0 Lan\u00e7amento de livros &#8211;<\/span><\/strong><\/p>\n<p><span style=\"color: #ff0000;\"><strong>Noite: 19h30 \u00e0s 22h30<\/strong><\/span><\/p>\n<p><em>Sess\u00f5es de apresenta\u00e7\u00e3o de trabalho<\/em><\/p>\n<p style=\"text-align: center;\">_________________________________________________<\/p>\n<p style=\"text-align: center;\"><strong><span style=\"background-color: #ccffff;\">19\/11 (Quarta-feira)<\/span><\/strong><\/p>\n<p><span style=\"color: #ff0000;\"><strong>Manh\u00e3: 10h \u00e0s 12h &#8211; Local: Audit\u00f3rio CEHUS<\/strong><\/span><\/p>\n<p>Confer\u00eancia:<\/p>\n<p><em>A Forma\u00e7\u00e3o de Professores de Hist\u00f3ria em Perspectiva Antirracista: Reflex\u00f5es a partir do Est\u00e1gio Supervisionado<\/em><\/p>\n<p>Prof. Dr.\u00aa M\u00f4nica Martins da Silva (UFSC)<\/p>\n<p><strong><span style=\"color: #ff0000;\">Tarde: 14h \u00e0s 17h &#8211;<\/span><\/strong><\/p>\n<p><em><span style=\"color: #800080;\">Oficina Tem\u00e1tica 1 <\/span>&#8211; Os usos pol\u00edticos dos memes e ensino de hist\u00f3ria<\/em><br \/>\nMinistrantes: Maria Portilho (PPGH\/UFPEL) e Jo\u00e3o Pedro dos Santos (PPGH\/UFPEL).\u00a0 \u00a0<a href=\"https:\/\/forms.gle\/sv9AmmmY9NsKsAXc6\">(Cliquei aqui para fazer sua inscri\u00e7\u00e3o)<\/a><\/p>\n<p><em><span style=\"color: #008000;\">Oficina Tem\u00e1tica 2<\/span> &#8211; Produ\u00e7\u00e3o e uso de jogos no ensino de Hist\u00f3ria<\/em><br \/>\nMinistrantes: (Sofia Giglio (PPGH\/UFPEL) e Larissa Azevedo (PPGH\/UFPEL).\u00a0 \u00a0<a href=\"https:\/\/forms.gle\/WvvdtP5HUC7zFEtB8\">(Cliquei aqui para fazer uma inscri\u00e7\u00e3o)<\/a><\/p>\n<p><span style=\"color: #ff0000;\"><strong>Noite: 19h \u00e0s 22h<\/strong><\/span><br \/>\n<em>Sess\u00f5es de apresenta\u00e7\u00e3o de trabalho de Est\u00e1gio Supervisionado<\/em><\/p>\n","protected":false},"excerpt":{"rendered":"<p>17\/11(Segunda-Feira) Manh\u00e3: 10h \u00e0s 11h30 Mini-curso: Hist\u00f3ria em movimento: pr\u00e1ticas docentes para tempos presentes Ministrante: Taiane Mendes Taborda &#8211; (Rede de educa\u00e7\u00e3o b\u00e1sica de Pelotas, RS) Tarde: 14h \u00e0s 17h &#8211; Local: Audit\u00f3rio CEHUS Mesa 1 -Troca de Saberes &#8211; Curr\u00edculo, saberes e experi\u00eancias docentes Convidados (as): Renan Santos Mattos (UFFS); Daniela Conte (SMED\/Alvorada); Camilla &hellip; <\/p>\n<p><a class=\"more-link btn\" href=\"https:\/\/wp.ufpel.edu.br\/ivmostradeensinodehistoria\/programacao\/\">Continue lendo<\/a><\/p>\n","protected":false},"author":1274,"featured_media":0,"parent":0,"menu_order":4,"comment_status":"closed","ping_status":"closed","template":"","meta":{"footnotes":""},"class_list":["post-32","page","type-page","status-publish","hentry","nodate","item-wrap"],"_links":{"self":[{"href":"https:\/\/wp.ufpel.edu.br\/ivmostradeensinodehistoria\/wp-json\/wp\/v2\/pages\/32","targetHints":{"allow":["GET"]}}],"collection":[{"href":"https:\/\/wp.ufpel.edu.br\/ivmostradeensinodehistoria\/wp-json\/wp\/v2\/pages"}],"about":[{"href":"https:\/\/wp.ufpel.edu.br\/ivmostradeensinodehistoria\/wp-json\/wp\/v2\/types\/page"}],"author":[{"embeddable":true,"href":"https:\/\/wp.ufpel.edu.br\/ivmostradeensinodehistoria\/wp-json\/wp\/v2\/users\/1274"}],"replies":[{"embeddable":true,"href":"https:\/\/wp.ufpel.edu.br\/ivmostradeensinodehistoria\/wp-json\/wp\/v2\/comments?post=32"}],"version-history":[{"count":4,"href":"https:\/\/wp.ufpel.edu.br\/ivmostradeensinodehistoria\/wp-json\/wp\/v2\/pages\/32\/revisions"}],"predecessor-version":[{"id":99,"href":"https:\/\/wp.ufpel.edu.br\/ivmostradeensinodehistoria\/wp-json\/wp\/v2\/pages\/32\/revisions\/99"}],"wp:attachment":[{"href":"https:\/\/wp.ufpel.edu.br\/ivmostradeensinodehistoria\/wp-json\/wp\/v2\/media?parent=32"}],"curies":[{"name":"wp","href":"https:\/\/api.w.org\/{rel}","templated":true}]}}