{"id":108,"date":"2023-09-29T12:19:33","date_gmt":"2023-09-29T15:19:33","guid":{"rendered":"https:\/\/wp.ufpel.edu.br\/isead\/?page_id=108"},"modified":"2023-09-29T12:19:33","modified_gmt":"2023-09-29T15:19:33","slug":"chamada-para-comunicacoes-oficinas-e-minicursos","status":"publish","type":"page","link":"https:\/\/wp.ufpel.edu.br\/isead\/chamada-para-comunicacoes-oficinas-e-minicursos\/","title":{"rendered":"Chamada para Comunica\u00e7\u00f5es, Oficinas e Minicursos!"},"content":{"rendered":"<p><strong>Chamada para Comunica\u00e7\u00f5es, Oficinas e Minicursos!<\/strong><\/p>\n<p style=\"text-align: justify;\"><span style=\"font-weight: 400;\">A <\/span><b>III Semana Acad\u00eamica Integrada do Departamento de Filosofia da Universidade Federal de Pelotas<\/b><span style=\"font-weight: 400;\"> ser\u00e1 realizada no per\u00edodo de 11 a 15 de dezembro de 2023 no Instituto de Filosofia, Sociologia e Pol\u00edtica (IFISP\/UFPel &#8211; Pelotas\/RS). O tema do evento ser\u00e1 <\/span><b>\u201cG\u00eaneros, Sexualidades e Direitos Humanos\u201d<\/b><span style=\"font-weight: 400;\"> e contar\u00e1 com a participa\u00e7\u00e3o de diversos conferencistas e pesquisadores da UFPel e de outras Universidades, movimentos sociais e estudantes de gradua\u00e7\u00e3o e p\u00f3s-gradua\u00e7\u00e3o de diversos cursos. O per\u00edodo para o envio de propostas de apresenta\u00e7\u00e3o de comunica\u00e7\u00f5es e realiza\u00e7\u00e3o de oficinas\/minicursos ser\u00e1 de 29 de setembro a 25 de outubro de 2023 atrav\u00e9s do preenchimento do seguinte formul\u00e1rio <\/span><a href=\"https:\/\/forms.gle\/YQU4rpzn9db8rDew6\"><span style=\"font-weight: 400;\">https:\/\/forms.gle\/YQU4rpzn9db8rDew6<\/span><\/a><span style=\"font-weight: 400;\">.\u00a0<\/span><\/p>\n<p style=\"text-align: justify;\"><span style=\"font-weight: 400;\">Ser\u00e3o aceitas propostas em todas as \u00e1reas de interesse filos\u00f3fico e nos temas do escopo do evento (tanto de alunos de gradua\u00e7\u00e3o como de alunos de p\u00f3s-gradua\u00e7\u00e3o de qualquer curso ou universidade). As comunica\u00e7\u00f5es ter\u00e3o a dura\u00e7\u00e3o m\u00e1xima de 20 minutos, sendo 15 minutos para a apresenta\u00e7\u00e3o e 5 minutos para a discuss\u00e3o e coment\u00e1rios. As oficinas ter\u00e3o a dura\u00e7\u00e3o m\u00e1xima de duas horas e cada proposta deve especificar o tipo de equipamento que ser\u00e1 necess\u00e1rio para a sua realiza\u00e7\u00e3o. A participa\u00e7\u00e3o efetiva na modalidade ouvinte certificar\u00e1 75 horas complementares.<\/span><\/p>\n<p style=\"text-align: justify;\"><b>Diretrizes para os interessados em encaminhar propostas:<\/b><\/p>\n<ol style=\"text-align: justify;\">\n<li><span style=\"font-weight: 400;\"> Cada autor ter\u00e1 direito a enviar apenas <\/span><b>uma proposta<\/b><span style=\"font-weight: 400;\"> para comunica\u00e7\u00e3o ou oficina.<\/span><\/li>\n<li><span style=\"font-weight: 400;\"> Dever\u00e1 ser enviado um resumo, com no m\u00ednimo 1000 e no m\u00e1ximo 3000 caracteres, a ser preenchido em campo apropriado no formul\u00e1rio de Inscri\u00e7\u00e3o.<\/span><\/li>\n<li><span style=\"font-weight: 400;\"> Ser\u00e3o aceitos trabalhos sobre problemas e temas de Filosofia e \u00e1reas afins, sobretudo aqueles vinculados ao tema do evento, escritos em portugu\u00eas, ingl\u00eas ou espanhol.<\/span><\/li>\n<li><span style=\"font-weight: 400;\"> Os trabalhos selecionados ser\u00e3o divididos em sess\u00f5es tem\u00e1ticas e alguns poder\u00e3o ser apresentados na modalidade h\u00edbrida.<\/span><\/li>\n<li><span style=\"font-weight: 400;\"> Ser\u00e3o aceitos trabalhos de <\/span><b>graduandos e p\u00f3s-graduandos<\/b><span style=\"font-weight: 400;\">.<\/span><\/li>\n<li><span style=\"font-weight: 400;\"> Ser\u00e3o aceitos trabalhos em <\/span><b>coautoria<\/b><span style=\"font-weight: 400;\"> (entre discentes, apenas).<\/span><\/li>\n<li><span style=\"font-weight: 400;\"> Todas as propostas ser\u00e3o avaliadas pela Comiss\u00e3o Cient\u00edfica da <\/span><b>III Semana Acad\u00eamica Integrada do Departamento de Filosofia da UFPel<\/b><span style=\"font-weight: 400;\">.<\/span><\/li>\n<li><span style=\"font-weight: 400;\"> O trabalho submetido, ap\u00f3s aprovado, ser\u00e1 a base da comunica\u00e7\u00e3o oficial para apresenta\u00e7\u00e3o no dia do evento.<\/span><\/li>\n<li><span style=\"font-weight: 400;\"> As propostas aprovadas ser\u00e3o divulgadas na p\u00e1gina do Departamento de Filosofia da UFPel no dia 26 de outubro de 2023.<\/span><\/li>\n<li><span style=\"font-weight: 400;\"> Os autores com propostas aprovadas dever\u00e3o encaminhar o texto completo a ser apresentado, impreterivelmente, at\u00e9 o dia <\/span><b>30 de novembro de 2023,<\/b><span style=\"font-weight: 400;\"> para o e-mail <a href=\"mailto:3saifilosofia@gmail.com\">3saifilosofia@gmail.com<\/a><\/span><span style=\"font-weight: 400;\">.<\/span><\/li>\n<li><span style=\"font-weight: 400;\"> A apresenta\u00e7\u00e3o do trabalho est\u00e1 condicionada ao cumprimento do prazo de envio do texto completo .<\/span><\/li>\n<li><span style=\"font-weight: 400;\"> A publica\u00e7\u00e3o dos trabalhos completos no Livro de Resumos <\/span><b>est\u00e1 condicionada \u00e0 apresenta\u00e7\u00e3o<\/b><span style=\"font-weight: 400;\">.\u00a0<\/span><\/li>\n<li><span style=\"font-weight: 400;\"> O trabalho completo deve observar as Normas de Formata\u00e7\u00e3o de Textos que ser\u00e3o enviadas para todos os autores aprovados no momento da homologa\u00e7\u00e3o dos resultados.<\/span><\/li>\n<li><span style=\"font-weight: 400;\"> O texto completo dever\u00e1 possuir uma argumenta\u00e7\u00e3o clara e precisa \u2013 uma proposta de considera\u00e7\u00e3o de uma hip\u00f3tese ou tese, seguida de uma conclus\u00e3o\/cr\u00edtica sobre esta hip\u00f3tese ou tese \u2013 e estar gramaticalmente correto.<\/span><\/li>\n<li><span style=\"font-weight: 400;\"> A vers\u00e3o completa do texto ser\u00e1 publicada nos Anais da \u201c<\/span><b>III Semana Acad\u00eamica Integrada do Departamento de Filosofia da UFPel<\/b><span style=\"font-weight: 400;\">\u201d.\u00a0\u00a0<\/span><\/li>\n<\/ol>\n<p style=\"text-align: justify;\"><span style=\"font-weight: 400;\">Para mais informa\u00e7\u00f5es, envie mensagem para o e-mail <a href=\"mailto:3saifilosofia@gmail.com\">3saifilosofia@gmail.com<\/a>.<\/span><\/p>\n<p style=\"text-align: justify;\"><b>Comiss\u00e3o Organizadora<\/b><\/p>\n","protected":false},"excerpt":{"rendered":"<p>Chamada para Comunica\u00e7\u00f5es, Oficinas e Minicursos! A III Semana Acad\u00eamica Integrada do Departamento de Filosofia da Universidade Federal de Pelotas ser\u00e1 realizada no per\u00edodo de 11 a 15 de dezembro de 2023 no Instituto de Filosofia, Sociologia e Pol\u00edtica (IFISP\/UFPel &#8211; Pelotas\/RS). O tema do evento ser\u00e1 \u201cG\u00eaneros, Sexualidades e Direitos Humanos\u201d e contar\u00e1 com [&hellip;]<\/p>\n","protected":false},"author":357,"featured_media":0,"parent":0,"menu_order":0,"comment_status":"closed","ping_status":"closed","template":"","meta":{"footnotes":""},"class_list":["post-108","page","type-page","status-publish","hentry","post"],"_links":{"self":[{"href":"https:\/\/wp.ufpel.edu.br\/isead\/wp-json\/wp\/v2\/pages\/108","targetHints":{"allow":["GET"]}}],"collection":[{"href":"https:\/\/wp.ufpel.edu.br\/isead\/wp-json\/wp\/v2\/pages"}],"about":[{"href":"https:\/\/wp.ufpel.edu.br\/isead\/wp-json\/wp\/v2\/types\/page"}],"author":[{"embeddable":true,"href":"https:\/\/wp.ufpel.edu.br\/isead\/wp-json\/wp\/v2\/users\/357"}],"replies":[{"embeddable":true,"href":"https:\/\/wp.ufpel.edu.br\/isead\/wp-json\/wp\/v2\/comments?post=108"}],"version-history":[{"count":1,"href":"https:\/\/wp.ufpel.edu.br\/isead\/wp-json\/wp\/v2\/pages\/108\/revisions"}],"predecessor-version":[{"id":110,"href":"https:\/\/wp.ufpel.edu.br\/isead\/wp-json\/wp\/v2\/pages\/108\/revisions\/110"}],"wp:attachment":[{"href":"https:\/\/wp.ufpel.edu.br\/isead\/wp-json\/wp\/v2\/media?parent=108"}],"curies":[{"name":"wp","href":"https:\/\/api.w.org\/{rel}","templated":true}]}}