{"id":97,"date":"2023-05-15T22:23:48","date_gmt":"2023-05-16T01:23:48","guid":{"rendered":"https:\/\/wp.ufpel.edu.br\/ipab\/?page_id=97"},"modified":"2024-04-13T10:46:25","modified_gmt":"2024-04-13T13:46:25","slug":"en-espanol","status":"publish","type":"page","link":"https:\/\/wp.ufpel.edu.br\/ipab\/en-espanol\/","title":{"rendered":"En espa\u00f1ol"},"content":{"rendered":"<p><strong>Psicoterapia para m\u00e9dicos de familia<\/strong><\/p>\n<p>Una publicaci\u00f3n en portugu\u00e9s de la Editora Blucher en 2023, el libro &#8220;Psicoterapia para m\u00e9dicos de familia&#8221; traza las bases te\u00f3ricas e t\u00e9cnicas para cualificar la pr\u00e1ctica m\u00e9dica en la atenci\u00f3n primaria a la salud.<\/p>\n<p>El autor, Marco Aur\u00e9lio Crespo Albuquerque, es m\u00e9dico con posgrado en Medicina de Familia y Comunidad (UFPel) y Psiquiatr\u00eda (Funda\u00e7\u00e3o Universit\u00e1ria M\u00e1rio Martins), siendo tambi\u00e9n Psicoanalista por la Sociedade Brasileira de Psican\u00e1lise de Porto Alegre.<\/p>\n<p>En esa publicaci\u00f3n original el autor relata su larga experiencia como preceptor de Medicina Familiar en el Grupo Hospitalar Concei\u00e7\u00e3o, en Porto Alegre, facilitando al m\u00e9dico de familia las t\u00e9cnicas y habilidades de comunicaci\u00f3n necesarias para la atenci\u00f3n integral de sus pacientes.<\/p>\n<p>El libro puede ser adquirido en Amazon: <a href=\"https:\/\/www.amazon.com.br\/Psicoterapia-Para-M%C3%A9dicos-Fam%C3%ADlia-Conversar\/dp\/6555066830\/ref=sr_1_11?__mk_pt_BR=%C3%85M%C3%85%C5%BD%C3%95%C3%91&amp;crid=2X3BRYUE06OLE&amp;dib=eyJ2IjoiMSJ9.LkxK0ONFSDS2NmZppGSvKgWuBKNz1GLaLiy5vjOMgfOefPSmw9WXVSx2M5y8Q4hmtRhIVEF_v1oGfL3hsXXM6By_7JrS53Kn4dyi-9fTtcJUe2oyUGeWFUxOuljl9QBTQjUSZZi5WHyHtEDgEaceffaAA1LS7ApduBI7p0LF4p9-2OlcFmeQATh55R1cnaJL5C89RyTRH7v1X8YbaM7blQ.f_81MgqmbwkcojLSXuPS59sjMynuZBBHHoWnWwaafGE&amp;dib_tag=se&amp;keywords=marco+aurelio+albuquerque&amp;qid=1709670020&amp;sprefix=marco+aurelio+albuquerque%2Caps%2C515&amp;sr=8-11\">https:\/\/www.amazon.com.br\/Psicoterapia-Para-M%C3%A9dicos-Fam%C3%ADlia-Conversar\/dp\/6555066830\/ref=sr_1_11?__mk_pt_BR=%C3%85M%C3%85%C5%BD%C3%95%C3%91&amp;crid=2X3BRYUE06OLE&amp;dib=eyJ2IjoiMSJ9.LkxK0ONFSDS2NmZppGSvKgWuBKNz1GLaLiy5vjOMgfOefPSmw9WXVSx2M5y8Q4hmtRhIVEF_v1oGfL3hsXXM6By_7JrS53Kn4dyi-9fTtcJUe2oyUGeWFUxOuljl9QBTQjUSZZi5WHyHtEDgEaceffaAA1LS7ApduBI7p0LF4p9-2OlcFmeQATh55R1cnaJL5C89RyTRH7v1X8YbaM7blQ.f_81MgqmbwkcojLSXuPS59sjMynuZBBHHoWnWwaafGE&amp;dib_tag=se&amp;keywords=marco+aurelio+albuquerque&amp;qid=1709670020&amp;sprefix=marco+aurelio+albuquerque%2Caps%2C515&amp;sr=8-11<\/a><\/p>\n<p>Vea el v\u00eddeo sobre intervenciones psicosociales en la atenci\u00f3n primaria, donde el autor discute varios t\u00f3picos presentes en el libro: <a href=\"https:\/\/youtu.be\/7rDTm1JHgns\">https:\/\/youtu.be\/7rDTm1JHgns<\/a><\/p>\n","protected":false},"excerpt":{"rendered":"<p>Psicoterapia para m\u00e9dicos de familia Una publicaci\u00f3n en portugu\u00e9s de la Editora Blucher en 2023, el libro &#8220;Psicoterapia para m\u00e9dicos de familia&#8221; traza las bases te\u00f3ricas e t\u00e9cnicas para cualificar la pr\u00e1ctica m\u00e9dica en la atenci\u00f3n primaria a la salud. El autor, Marco Aur\u00e9lio Crespo Albuquerque, es m\u00e9dico con posgrado en Medicina de Familia y [&hellip;]<\/p>\n","protected":false},"author":1240,"featured_media":0,"parent":0,"menu_order":10,"comment_status":"closed","ping_status":"closed","template":"","meta":{"footnotes":""},"class_list":["post-97","page","type-page","status-publish","hentry"],"_links":{"self":[{"href":"https:\/\/wp.ufpel.edu.br\/ipab\/wp-json\/wp\/v2\/pages\/97","targetHints":{"allow":["GET"]}}],"collection":[{"href":"https:\/\/wp.ufpel.edu.br\/ipab\/wp-json\/wp\/v2\/pages"}],"about":[{"href":"https:\/\/wp.ufpel.edu.br\/ipab\/wp-json\/wp\/v2\/types\/page"}],"author":[{"embeddable":true,"href":"https:\/\/wp.ufpel.edu.br\/ipab\/wp-json\/wp\/v2\/users\/1240"}],"replies":[{"embeddable":true,"href":"https:\/\/wp.ufpel.edu.br\/ipab\/wp-json\/wp\/v2\/comments?post=97"}],"version-history":[{"count":4,"href":"https:\/\/wp.ufpel.edu.br\/ipab\/wp-json\/wp\/v2\/pages\/97\/revisions"}],"predecessor-version":[{"id":163,"href":"https:\/\/wp.ufpel.edu.br\/ipab\/wp-json\/wp\/v2\/pages\/97\/revisions\/163"}],"wp:attachment":[{"href":"https:\/\/wp.ufpel.edu.br\/ipab\/wp-json\/wp\/v2\/media?parent=97"}],"curies":[{"name":"wp","href":"https:\/\/api.w.org\/{rel}","templated":true}]}}