{"id":8,"date":"2022-06-23T19:29:09","date_gmt":"2022-06-23T22:29:09","guid":{"rendered":"https:\/\/wp.ufpel.edu.br\/ipab\/?page_id=8"},"modified":"2024-07-02T10:20:56","modified_gmt":"2024-07-02T13:20:56","slug":"apresentacao","status":"publish","type":"page","link":"https:\/\/wp.ufpel.edu.br\/ipab\/apresentacao\/","title":{"rendered":"Apresenta\u00e7\u00e3o"},"content":{"rendered":"<p>Este site \u00e9 mantido pelo Departamento de Sa\u00fade Mental &#8211; Faculdade de Medicina da UFPEL, que vem desenvolvendo atividades de forma\u00e7\u00e3o em cuidados colaborativos de sa\u00fade mental na aten\u00e7\u00e3o b\u00e1sica, para m\u00e9dicos residentes em Psiquiatria e Medicina de Fam\u00edlia e Comunidade e estudantes de Medicina, com a colabora\u00e7\u00e3o das equipes das Unidades B\u00e1sicas de Sa\u00fade vinculadas \u00e0 Universidade.<\/p>\n<p>Nosso prop\u00f3sito \u00e9 tornar dispon\u00edveis os materiais que facilitem a aplica\u00e7\u00e3o das interven\u00e7\u00f5es psicossociais para o cuidado das pessoas usu\u00e1rias dos servi\u00e7os de aten\u00e7\u00e3o b\u00e1sica, a partir de programas da Organiza\u00e7\u00e3o Pan-Americana da Sa\u00fade \/ Organiza\u00e7\u00e3o Mundial da Sa\u00fade e outras abordagens com base em evid\u00eancias cient\u00edficas.<\/p>\n<p>Al\u00e9m deste reposit\u00f3rio de materiais para a pr\u00e1tica cl\u00ednica, ser\u00e3o publicadas atualiza\u00e7\u00f5es e publica\u00e7\u00f5es relacionadas \u00e0s interven\u00e7\u00f5es psicossociais na aten\u00e7\u00e3o b\u00e1sica.<\/p>\n<p>&nbsp;<\/p>\n","protected":false},"excerpt":{"rendered":"<p>Este site \u00e9 mantido pelo Departamento de Sa\u00fade Mental &#8211; Faculdade de Medicina da UFPEL, que vem desenvolvendo atividades de forma\u00e7\u00e3o em cuidados colaborativos de sa\u00fade mental na aten\u00e7\u00e3o b\u00e1sica, para m\u00e9dicos residentes em Psiquiatria e Medicina de Fam\u00edlia e Comunidade e estudantes de Medicina, com a colabora\u00e7\u00e3o das equipes das Unidades B\u00e1sicas de Sa\u00fade [&hellip;]<\/p>\n","protected":false},"author":1240,"featured_media":0,"parent":0,"menu_order":0,"comment_status":"closed","ping_status":"closed","template":"","meta":{"footnotes":""},"class_list":["post-8","page","type-page","status-publish","hentry"],"_links":{"self":[{"href":"https:\/\/wp.ufpel.edu.br\/ipab\/wp-json\/wp\/v2\/pages\/8","targetHints":{"allow":["GET"]}}],"collection":[{"href":"https:\/\/wp.ufpel.edu.br\/ipab\/wp-json\/wp\/v2\/pages"}],"about":[{"href":"https:\/\/wp.ufpel.edu.br\/ipab\/wp-json\/wp\/v2\/types\/page"}],"author":[{"embeddable":true,"href":"https:\/\/wp.ufpel.edu.br\/ipab\/wp-json\/wp\/v2\/users\/1240"}],"replies":[{"embeddable":true,"href":"https:\/\/wp.ufpel.edu.br\/ipab\/wp-json\/wp\/v2\/comments?post=8"}],"version-history":[{"count":6,"href":"https:\/\/wp.ufpel.edu.br\/ipab\/wp-json\/wp\/v2\/pages\/8\/revisions"}],"predecessor-version":[{"id":236,"href":"https:\/\/wp.ufpel.edu.br\/ipab\/wp-json\/wp\/v2\/pages\/8\/revisions\/236"}],"wp:attachment":[{"href":"https:\/\/wp.ufpel.edu.br\/ipab\/wp-json\/wp\/v2\/media?parent=8"}],"curies":[{"name":"wp","href":"https:\/\/api.w.org\/{rel}","templated":true}]}}