{"id":75,"date":"2022-08-21T20:03:43","date_gmt":"2022-08-21T23:03:43","guid":{"rendered":"https:\/\/wp.ufpel.edu.br\/ipab\/?page_id=75"},"modified":"2024-04-06T17:27:33","modified_gmt":"2024-04-06T20:27:33","slug":"cartao-babel","status":"publish","type":"page","link":"https:\/\/wp.ufpel.edu.br\/ipab\/instrumentos\/cartao-babel\/","title":{"rendered":"Cart\u00e3o Babel"},"content":{"rendered":"<p>O Cart\u00e3o Babel cont\u00e9m v\u00e1rios instrumentos para rastreamento de ansiedade, depress\u00e3o, uso nocivo de \u00e1lcool, depend\u00eancia ao tabaco, avalia\u00e7\u00e3o de risco de suic\u00eddio, avalia\u00e7\u00e3o das fun\u00e7\u00f5es cognitivas (mini-mental), al\u00e9m de roteiros para o exame do estado mental e para discuss\u00e3o de casos no apoio matricial: <a href=\"https:\/\/wp.ufpel.edu.br\/ipab\/files\/2022\/08\/Cart\u00a6o-Babel-Guia.pdf\">Cart\u00e3o Babel<\/a><\/p>\n<p>&nbsp;<\/p>\n","protected":false},"excerpt":{"rendered":"<p>O Cart\u00e3o Babel cont\u00e9m v\u00e1rios instrumentos para rastreamento de ansiedade, depress\u00e3o, uso nocivo de \u00e1lcool, depend\u00eancia ao tabaco, avalia\u00e7\u00e3o de risco de suic\u00eddio, avalia\u00e7\u00e3o das fun\u00e7\u00f5es cognitivas (mini-mental), al\u00e9m de roteiros para o exame do estado mental e para discuss\u00e3o de casos no apoio matricial: Cart\u00e3o Babel &nbsp;<\/p>\n","protected":false},"author":1240,"featured_media":0,"parent":151,"menu_order":0,"comment_status":"closed","ping_status":"closed","template":"","meta":{"footnotes":""},"class_list":["post-75","page","type-page","status-publish","hentry"],"_links":{"self":[{"href":"https:\/\/wp.ufpel.edu.br\/ipab\/wp-json\/wp\/v2\/pages\/75","targetHints":{"allow":["GET"]}}],"collection":[{"href":"https:\/\/wp.ufpel.edu.br\/ipab\/wp-json\/wp\/v2\/pages"}],"about":[{"href":"https:\/\/wp.ufpel.edu.br\/ipab\/wp-json\/wp\/v2\/types\/page"}],"author":[{"embeddable":true,"href":"https:\/\/wp.ufpel.edu.br\/ipab\/wp-json\/wp\/v2\/users\/1240"}],"replies":[{"embeddable":true,"href":"https:\/\/wp.ufpel.edu.br\/ipab\/wp-json\/wp\/v2\/comments?post=75"}],"version-history":[{"count":2,"href":"https:\/\/wp.ufpel.edu.br\/ipab\/wp-json\/wp\/v2\/pages\/75\/revisions"}],"predecessor-version":[{"id":79,"href":"https:\/\/wp.ufpel.edu.br\/ipab\/wp-json\/wp\/v2\/pages\/75\/revisions\/79"}],"up":[{"embeddable":true,"href":"https:\/\/wp.ufpel.edu.br\/ipab\/wp-json\/wp\/v2\/pages\/151"}],"wp:attachment":[{"href":"https:\/\/wp.ufpel.edu.br\/ipab\/wp-json\/wp\/v2\/media?parent=75"}],"curies":[{"name":"wp","href":"https:\/\/api.w.org\/{rel}","templated":true}]}}