{"id":63,"date":"2022-06-26T16:34:24","date_gmt":"2022-06-26T19:34:24","guid":{"rendered":"https:\/\/wp.ufpel.edu.br\/ipab\/?page_id=63"},"modified":"2025-10-16T10:36:00","modified_gmt":"2025-10-16T13:36:00","slug":"avaliacao-do-uso-de-substancias-psicoativas","status":"publish","type":"page","link":"https:\/\/wp.ufpel.edu.br\/ipab\/instrumentos\/avaliacao-do-uso-de-substancias-psicoativas\/","title":{"rendered":"Avalia\u00e7\u00e3o do uso de subst\u00e2ncias psicoativas"},"content":{"rendered":"<p>Avalia\u00e7\u00e3o do uso problem\u00e1tico do \u00e1lcool (OMS): <a href=\"https:\/\/wp.ufpel.edu.br\/ipab\/files\/2024\/10\/Uso-problematico-de-alcool.pdf\">Uso problem\u00e1tico de \u00e1lcool<\/a><\/p>\n<p>Fluxograma para avalia\u00e7\u00e3o do uso do \u00e1lcool: <a href=\"https:\/\/wp.ufpel.edu.br\/ipab\/files\/2023\/06\/fluxograma-alcool.pdf\">fluxograma alcool<\/a><\/p>\n<p>CAGE &#8211; uso do \u00e1lcool: <a href=\"https:\/\/sites.usp.br\/acolhe\/avalie-seu-consumo\/questionario-cage\/\">https:\/\/sites.usp.br\/acolhe\/avalie-seu-consumo\/questionario-cage\/<\/a><\/p>\n<p>AUDIT &#8211; uso do \u00e1lcool: <a href=\"https:\/\/wp.ufpel.edu.br\/ipab\/files\/2025\/10\/AUDIT-UFPEL-rev.pdf\">AUDIT &#8211; UFPEL-rev<\/a><\/p>\n<p style=\"text-align: left;\">ASSIST &#8211; uso do \u00e1lcool, tabaco e outras subst\u00e2ncias: <a href=\"https:\/\/www.saudedireta.com.br\/docsupload\/1340498167assist_portuguese.pdf\">https:\/\/www.saudedireta.com.br\/docsupload\/1340498167assist_portuguese.pdf<\/a><\/p>\n<p style=\"text-align: left;\">Escala CIWA-Ar de avalia\u00e7\u00e3o de sintomas de abstin\u00eancia e manejo ambulatorial:\u00a0<a href=\"https:\/\/www.ufrgs.br\/telessauders\/perguntas\/como-realizar-o-manejo-ambulatorial-farmacologico-da-abstinencia-alcoolica\/\">https:\/\/www.ufrgs.br\/telessauders\/perguntas\/como-realizar-o-manejo-ambulatorial-farmacologico-da-abstinencia-alcoolica\/<\/a><\/p>\n<p>Teste de Fagerstrom &#8211; avalia\u00e7\u00e3o da depend\u00eancia de nicotina:\u00a0<a href=\"https:\/\/sites.usp.br\/acolhe\/avalie-seu-consumo\/teste-de-fargestrom\/\">https:\/\/sites.usp.br\/acolhe\/avalie-seu-consumo\/teste-de-fargestrom\/<\/a><\/p>\n<p>&nbsp;<\/p>\n<h1 class=\"entry-title\"><\/h1>\n","protected":false},"excerpt":{"rendered":"<p>Avalia\u00e7\u00e3o do uso problem\u00e1tico do \u00e1lcool (OMS): Uso problem\u00e1tico de \u00e1lcool Fluxograma para avalia\u00e7\u00e3o do uso do \u00e1lcool: fluxograma alcool CAGE &#8211; uso do \u00e1lcool: https:\/\/sites.usp.br\/acolhe\/avalie-seu-consumo\/questionario-cage\/ AUDIT &#8211; uso do \u00e1lcool: AUDIT &#8211; UFPEL-rev ASSIST &#8211; uso do \u00e1lcool, tabaco e outras subst\u00e2ncias: https:\/\/www.saudedireta.com.br\/docsupload\/1340498167assist_portuguese.pdf Escala CIWA-Ar de avalia\u00e7\u00e3o de sintomas de abstin\u00eancia e manejo ambulatorial:\u00a0https:\/\/www.ufrgs.br\/telessauders\/perguntas\/como-realizar-o-manejo-ambulatorial-farmacologico-da-abstinencia-alcoolica\/ [&hellip;]<\/p>\n","protected":false},"author":1240,"featured_media":0,"parent":151,"menu_order":1,"comment_status":"closed","ping_status":"closed","template":"","meta":{"footnotes":""},"class_list":["post-63","page","type-page","status-publish","hentry"],"_links":{"self":[{"href":"https:\/\/wp.ufpel.edu.br\/ipab\/wp-json\/wp\/v2\/pages\/63","targetHints":{"allow":["GET"]}}],"collection":[{"href":"https:\/\/wp.ufpel.edu.br\/ipab\/wp-json\/wp\/v2\/pages"}],"about":[{"href":"https:\/\/wp.ufpel.edu.br\/ipab\/wp-json\/wp\/v2\/types\/page"}],"author":[{"embeddable":true,"href":"https:\/\/wp.ufpel.edu.br\/ipab\/wp-json\/wp\/v2\/users\/1240"}],"replies":[{"embeddable":true,"href":"https:\/\/wp.ufpel.edu.br\/ipab\/wp-json\/wp\/v2\/comments?post=63"}],"version-history":[{"count":4,"href":"https:\/\/wp.ufpel.edu.br\/ipab\/wp-json\/wp\/v2\/pages\/63\/revisions"}],"predecessor-version":[{"id":400,"href":"https:\/\/wp.ufpel.edu.br\/ipab\/wp-json\/wp\/v2\/pages\/63\/revisions\/400"}],"up":[{"embeddable":true,"href":"https:\/\/wp.ufpel.edu.br\/ipab\/wp-json\/wp\/v2\/pages\/151"}],"wp:attachment":[{"href":"https:\/\/wp.ufpel.edu.br\/ipab\/wp-json\/wp\/v2\/media?parent=63"}],"curies":[{"name":"wp","href":"https:\/\/api.w.org\/{rel}","templated":true}]}}