{"id":439,"date":"2026-05-12T10:29:52","date_gmt":"2026-05-12T13:29:52","guid":{"rendered":"https:\/\/wp.ufpel.edu.br\/ipab\/?page_id=439"},"modified":"2026-05-12T10:32:25","modified_gmt":"2026-05-12T13:32:25","slug":"guia-pratico","status":"publish","type":"page","link":"https:\/\/wp.ufpel.edu.br\/ipab\/guia-pratico\/","title":{"rendered":"Guia pr\u00e1tico"},"content":{"rendered":"<p>Aqui voc\u00ea encontra o nosso &#8220;Guia pr\u00e1tico de abordagens psicossociais&#8221;, publicado em pdf, que re\u00fane os textos e links para os materiais das abordagens que comp\u00f5e o Kit b\u00e1sico e algumas t\u00e9cnicas grupais: <a href=\"https:\/\/wp.ufpel.edu.br\/ipab\/files\/2026\/05\/Guia-pratico-de-abordagens-psicossociais-11.05.26.pdf\">Guia pr\u00e1tico de abordagens psicossociais &#8211; 11.05.26<\/a><\/p>\n","protected":false},"excerpt":{"rendered":"<p>Aqui voc\u00ea encontra o nosso &#8220;Guia pr\u00e1tico de abordagens psicossociais&#8221;, publicado em pdf, que re\u00fane os textos e links para os materiais das abordagens que comp\u00f5e o Kit b\u00e1sico e algumas t\u00e9cnicas grupais: Guia pr\u00e1tico de abordagens psicossociais &#8211; 11.05.26<\/p>\n","protected":false},"author":1240,"featured_media":0,"parent":0,"menu_order":4,"comment_status":"closed","ping_status":"closed","template":"","meta":{"footnotes":""},"class_list":["post-439","page","type-page","status-publish","hentry"],"_links":{"self":[{"href":"https:\/\/wp.ufpel.edu.br\/ipab\/wp-json\/wp\/v2\/pages\/439","targetHints":{"allow":["GET"]}}],"collection":[{"href":"https:\/\/wp.ufpel.edu.br\/ipab\/wp-json\/wp\/v2\/pages"}],"about":[{"href":"https:\/\/wp.ufpel.edu.br\/ipab\/wp-json\/wp\/v2\/types\/page"}],"author":[{"embeddable":true,"href":"https:\/\/wp.ufpel.edu.br\/ipab\/wp-json\/wp\/v2\/users\/1240"}],"replies":[{"embeddable":true,"href":"https:\/\/wp.ufpel.edu.br\/ipab\/wp-json\/wp\/v2\/comments?post=439"}],"version-history":[{"count":2,"href":"https:\/\/wp.ufpel.edu.br\/ipab\/wp-json\/wp\/v2\/pages\/439\/revisions"}],"predecessor-version":[{"id":443,"href":"https:\/\/wp.ufpel.edu.br\/ipab\/wp-json\/wp\/v2\/pages\/439\/revisions\/443"}],"wp:attachment":[{"href":"https:\/\/wp.ufpel.edu.br\/ipab\/wp-json\/wp\/v2\/media?parent=439"}],"curies":[{"name":"wp","href":"https:\/\/api.w.org\/{rel}","templated":true}]}}