{"id":371,"date":"2025-06-23T15:00:26","date_gmt":"2025-06-23T18:00:26","guid":{"rendered":"https:\/\/wp.ufpel.edu.br\/ipab\/?page_id=371"},"modified":"2026-02-03T20:19:36","modified_gmt":"2026-02-03T23:19:36","slug":"cuidados-com-a-saude-mental-das-criancas-e-adolescentes","status":"publish","type":"page","link":"https:\/\/wp.ufpel.edu.br\/ipab\/kit-basico\/cuidados-com-a-saude-mental-das-criancas-e-adolescentes\/","title":{"rendered":"Cuidados com a sa\u00fade mental das crian\u00e7as e adolescentes"},"content":{"rendered":"<p>Os cuidados com a sa\u00fade mental das crian\u00e7as e adolescentes come\u00e7am com o acompanhamento do desenvolvimento infantil e da adolesc\u00eancia; para isso, utilize as Cadernetas da Crian\u00e7a e Adolescente do Minist\u00e9rio da Sa\u00fade:<\/p>\n<p>Vers\u00e3o digital:\u00a0<a href=\"https:\/\/www.gov.br\/saude\/pt-br\/assuntos\/saude-de-a-a-z\/s\/saude-da-crianca\/caderneta-digital-da-crianca\">https:\/\/www.gov.br\/saude\/pt-br\/assuntos\/saude-de-a-a-z\/s\/saude-da-crianca\/caderneta-digital-da-crianca<\/a><\/p>\n<p>Caderneta da menina: <a href=\"https:\/\/wp.ufpel.edu.br\/ipab\/files\/2025\/06\/caderneta_crianca_menina_passaporte_cidadania_7ed.pdf\">caderneta_crianca_menina_passaporte_cidadania_7ed<\/a><\/p>\n<p>Caderneta do menino: <a href=\"https:\/\/wp.ufpel.edu.br\/ipab\/files\/2025\/06\/caderneta_crianca_menino_passaporte_cidadania_7ed.pdf\">caderneta_crianca_menino_passaporte_cidadania_7ed<\/a><\/p>\n<p>Caderneta da adolescente: <a href=\"https:\/\/wp.ufpel.edu.br\/ipab\/files\/2025\/10\/caderneta_saude_adolescente_feminina_4ed1rempr.pdf\">caderneta_saude_adolescente_feminina_4ed1rempr<\/a><\/p>\n<p>Caderneta do adolescente: <a href=\"https:\/\/wp.ufpel.edu.br\/ipab\/files\/2025\/10\/caderneta_saude_adolescente_masculino_4ed1rempr.pdf\">caderneta_saude_adolescente_masculino_4ed1rempr<\/a><\/p>\n<p>Roteiro para profissionais: <a href=\"https:\/\/wp.ufpel.edu.br\/ipab\/files\/2026\/02\/Roteiro-criancas-e-adolescentes-v.03.02.26.pdf\">Roteiro crian\u00e7as e adolescentes &#8211; v.03.02.26<\/a><\/p>\n<p>Registro para profissionais e usu\u00e1rios: <a href=\"https:\/\/wp.ufpel.edu.br\/ipab\/files\/2026\/02\/Check-list-criancas-e-adolescentes-v.03.02.26.pdf\">Check-list crian\u00e7as e adolescentes &#8211; v.03.02.26<\/a><\/p>\n<p>Minhas palavras favoritas: <a href=\"https:\/\/wp.ufpel.edu.br\/ipab\/files\/2025\/10\/Minhas-palavras-favoritas.pdf\">Minhas palavras favoritas<\/a><\/p>\n","protected":false},"excerpt":{"rendered":"<p>Os cuidados com a sa\u00fade mental das crian\u00e7as e adolescentes come\u00e7am com o acompanhamento do desenvolvimento infantil e da adolesc\u00eancia; para isso, utilize as Cadernetas da Crian\u00e7a e Adolescente do Minist\u00e9rio da Sa\u00fade: Vers\u00e3o digital:\u00a0https:\/\/www.gov.br\/saude\/pt-br\/assuntos\/saude-de-a-a-z\/s\/saude-da-crianca\/caderneta-digital-da-crianca Caderneta da menina: caderneta_crianca_menina_passaporte_cidadania_7ed Caderneta do menino: caderneta_crianca_menino_passaporte_cidadania_7ed Caderneta da adolescente: caderneta_saude_adolescente_feminina_4ed1rempr Caderneta do adolescente: caderneta_saude_adolescente_masculino_4ed1rempr Roteiro para profissionais: Roteiro [&hellip;]<\/p>\n","protected":false},"author":1240,"featured_media":0,"parent":353,"menu_order":3,"comment_status":"closed","ping_status":"closed","template":"","meta":{"footnotes":""},"class_list":["post-371","page","type-page","status-publish","hentry"],"_links":{"self":[{"href":"https:\/\/wp.ufpel.edu.br\/ipab\/wp-json\/wp\/v2\/pages\/371","targetHints":{"allow":["GET"]}}],"collection":[{"href":"https:\/\/wp.ufpel.edu.br\/ipab\/wp-json\/wp\/v2\/pages"}],"about":[{"href":"https:\/\/wp.ufpel.edu.br\/ipab\/wp-json\/wp\/v2\/types\/page"}],"author":[{"embeddable":true,"href":"https:\/\/wp.ufpel.edu.br\/ipab\/wp-json\/wp\/v2\/users\/1240"}],"replies":[{"embeddable":true,"href":"https:\/\/wp.ufpel.edu.br\/ipab\/wp-json\/wp\/v2\/comments?post=371"}],"version-history":[{"count":4,"href":"https:\/\/wp.ufpel.edu.br\/ipab\/wp-json\/wp\/v2\/pages\/371\/revisions"}],"predecessor-version":[{"id":421,"href":"https:\/\/wp.ufpel.edu.br\/ipab\/wp-json\/wp\/v2\/pages\/371\/revisions\/421"}],"up":[{"embeddable":true,"href":"https:\/\/wp.ufpel.edu.br\/ipab\/wp-json\/wp\/v2\/pages\/353"}],"wp:attachment":[{"href":"https:\/\/wp.ufpel.edu.br\/ipab\/wp-json\/wp\/v2\/media?parent=371"}],"curies":[{"name":"wp","href":"https:\/\/api.w.org\/{rel}","templated":true}]}}