{"id":368,"date":"2025-06-23T14:58:54","date_gmt":"2025-06-23T17:58:54","guid":{"rendered":"https:\/\/wp.ufpel.edu.br\/ipab\/?page_id=368"},"modified":"2025-10-30T16:57:35","modified_gmt":"2025-10-30T19:57:35","slug":"intervencao-breve-para-uso-de-substancias","status":"publish","type":"page","link":"https:\/\/wp.ufpel.edu.br\/ipab\/kit-basico\/intervencao-breve-para-uso-de-substancias\/","title":{"rendered":"Interven\u00e7\u00e3o breve para uso de subst\u00e2ncias"},"content":{"rendered":"<p>Saiba mais sobre a Interven\u00e7\u00e3o Breve para o uso de \u00e1lcool e outras subst\u00e2ncias no menu &#8220;Abordagens&#8221; &#8211; &#8220;Abordagens individuais&#8221;.<\/p>\n<p>Roteiro para profissionais: <a href=\"https:\/\/wp.ufpel.edu.br\/ipab\/files\/2025\/10\/IB-roteiro.pdf\">IB roteiro<\/a><\/p>\n<p>Registro para profissionais e usu\u00e1rios: <a href=\"https:\/\/wp.ufpel.edu.br\/ipab\/files\/2025\/10\/IB-paciente.pdf\">IB &#8211; paciente<\/a><\/p>\n<p>Audit: <a href=\"https:\/\/wp.ufpel.edu.br\/ipab\/files\/2025\/10\/AUDIT-UFPEL-rev-1.pdf\">AUDIT &#8211; UFPEL-rev<\/a><\/p>\n","protected":false},"excerpt":{"rendered":"<p>Saiba mais sobre a Interven\u00e7\u00e3o Breve para o uso de \u00e1lcool e outras subst\u00e2ncias no menu &#8220;Abordagens&#8221; &#8211; &#8220;Abordagens individuais&#8221;. Roteiro para profissionais: IB roteiro Registro para profissionais e usu\u00e1rios: IB &#8211; paciente Audit: AUDIT &#8211; UFPEL-rev<\/p>\n","protected":false},"author":1240,"featured_media":0,"parent":353,"menu_order":2,"comment_status":"closed","ping_status":"closed","template":"","meta":{"footnotes":""},"class_list":["post-368","page","type-page","status-publish","hentry"],"_links":{"self":[{"href":"https:\/\/wp.ufpel.edu.br\/ipab\/wp-json\/wp\/v2\/pages\/368","targetHints":{"allow":["GET"]}}],"collection":[{"href":"https:\/\/wp.ufpel.edu.br\/ipab\/wp-json\/wp\/v2\/pages"}],"about":[{"href":"https:\/\/wp.ufpel.edu.br\/ipab\/wp-json\/wp\/v2\/types\/page"}],"author":[{"embeddable":true,"href":"https:\/\/wp.ufpel.edu.br\/ipab\/wp-json\/wp\/v2\/users\/1240"}],"replies":[{"embeddable":true,"href":"https:\/\/wp.ufpel.edu.br\/ipab\/wp-json\/wp\/v2\/comments?post=368"}],"version-history":[{"count":3,"href":"https:\/\/wp.ufpel.edu.br\/ipab\/wp-json\/wp\/v2\/pages\/368\/revisions"}],"predecessor-version":[{"id":415,"href":"https:\/\/wp.ufpel.edu.br\/ipab\/wp-json\/wp\/v2\/pages\/368\/revisions\/415"}],"up":[{"embeddable":true,"href":"https:\/\/wp.ufpel.edu.br\/ipab\/wp-json\/wp\/v2\/pages\/353"}],"wp:attachment":[{"href":"https:\/\/wp.ufpel.edu.br\/ipab\/wp-json\/wp\/v2\/media?parent=368"}],"curies":[{"name":"wp","href":"https:\/\/api.w.org\/{rel}","templated":true}]}}