{"id":353,"date":"2025-06-23T11:34:24","date_gmt":"2025-06-23T14:34:24","guid":{"rendered":"https:\/\/wp.ufpel.edu.br\/ipab\/?page_id=353"},"modified":"2025-11-03T16:30:23","modified_gmt":"2025-11-03T19:30:23","slug":"kit-basico","status":"publish","type":"page","link":"https:\/\/wp.ufpel.edu.br\/ipab\/kit-basico\/","title":{"rendered":"Kit b\u00e1sico"},"content":{"rendered":"<p>Nessa se\u00e7\u00e3o voc\u00ea encontrar\u00e1 os materiais necess\u00e1rios para aplica\u00e7\u00e3o das seguintes abordagens psicossociais:<\/p>\n<p>+ Abordando o sofrimento mental<\/p>\n<p>+ T\u00e9cnica de Manejo de Problemas<\/p>\n<p>+ Conversando com o paciente<\/p>\n<p>+ Interven\u00e7\u00e3o breve para uso de subst\u00e2ncias<\/p>\n<p>+ Cuidados com a sa\u00fade mental das crian\u00e7as e adolescentes<\/p>\n<p>Veja no menu &#8220;Kit b\u00e1sico&#8221; a subse\u00e7\u00e3o correspondente a cada uma delas.<\/p>\n<p>Para avaliar os materiais use a <a href=\"https:\/\/wp.ufpel.edu.br\/ipab\/files\/2025\/11\/Ficha-de-avaliacao-dos-modelos.pdf\">Ficha de avalia\u00e7\u00e3o dos modelos<\/a><\/p>\n<p>Para compreender como aplicar estas abordagens na sua Unidade de Sa\u00fade e adquirir uma pr\u00e1tica efetiva, recomendamos manter encontros de supervis\u00e3o com um\/a profissional mais experiente, por exemplo, da equipe do apoio matricial em sa\u00fade mental para o seu servi\u00e7o.<\/p>\n<p>Gostar\u00edamos de conhecer suas experi\u00eancias atrav\u00e9s do link &#8220;Contato&#8221; dispon\u00edvel no menu principal!<\/p>\n","protected":false},"excerpt":{"rendered":"<p>Nessa se\u00e7\u00e3o voc\u00ea encontrar\u00e1 os materiais necess\u00e1rios para aplica\u00e7\u00e3o das seguintes abordagens psicossociais: + Abordando o sofrimento mental + T\u00e9cnica de Manejo de Problemas + Conversando com o paciente + Interven\u00e7\u00e3o breve para uso de subst\u00e2ncias + Cuidados com a sa\u00fade mental das crian\u00e7as e adolescentes Veja no menu &#8220;Kit b\u00e1sico&#8221; a subse\u00e7\u00e3o correspondente a [&hellip;]<\/p>\n","protected":false},"author":1240,"featured_media":0,"parent":0,"menu_order":3,"comment_status":"closed","ping_status":"closed","template":"","meta":{"footnotes":""},"class_list":["post-353","page","type-page","status-publish","hentry"],"_links":{"self":[{"href":"https:\/\/wp.ufpel.edu.br\/ipab\/wp-json\/wp\/v2\/pages\/353","targetHints":{"allow":["GET"]}}],"collection":[{"href":"https:\/\/wp.ufpel.edu.br\/ipab\/wp-json\/wp\/v2\/pages"}],"about":[{"href":"https:\/\/wp.ufpel.edu.br\/ipab\/wp-json\/wp\/v2\/types\/page"}],"author":[{"embeddable":true,"href":"https:\/\/wp.ufpel.edu.br\/ipab\/wp-json\/wp\/v2\/users\/1240"}],"replies":[{"embeddable":true,"href":"https:\/\/wp.ufpel.edu.br\/ipab\/wp-json\/wp\/v2\/comments?post=353"}],"version-history":[{"count":4,"href":"https:\/\/wp.ufpel.edu.br\/ipab\/wp-json\/wp\/v2\/pages\/353\/revisions"}],"predecessor-version":[{"id":417,"href":"https:\/\/wp.ufpel.edu.br\/ipab\/wp-json\/wp\/v2\/pages\/353\/revisions\/417"}],"wp:attachment":[{"href":"https:\/\/wp.ufpel.edu.br\/ipab\/wp-json\/wp\/v2\/media?parent=353"}],"curies":[{"name":"wp","href":"https:\/\/api.w.org\/{rel}","templated":true}]}}