{"id":30,"date":"2022-06-24T16:23:18","date_gmt":"2022-06-24T19:23:18","guid":{"rendered":"https:\/\/wp.ufpel.edu.br\/ipab\/?page_id=30"},"modified":"2024-06-21T16:20:19","modified_gmt":"2024-06-21T19:20:19","slug":"enfrentando-problemas-ep","status":"publish","type":"page","link":"https:\/\/wp.ufpel.edu.br\/ipab\/abordagens-psicossociais\/abordagens-combinadas\/enfrentando-problemas-ep\/","title":{"rendered":"EP+"},"content":{"rendered":"<p>O EP+ \u00e9 uma interven\u00e7\u00e3o psicol\u00f3gica de baixa intensidade, chamada Enfrentando Problemas Plus, para adultos afetados pela ang\u00fastia em comunidades expostas \u00e0 adversidade. Alguns aspectos da Terapia Cognitivo Comportamental foram modificados para torn\u00e1-los vi\u00e1veis em comunidades que n\u00e3o t\u00eam muitos especialistas. Para garantir a m\u00e1xima utiliza\u00e7\u00e3o, a interven\u00e7\u00e3o \u00e9 desenvolvida de forma a ajudar pessoas com depress\u00e3o, ansiedade e estresse, independentemente de a exposi\u00e7\u00e3o \u00e0 adversidade ter causado ou n\u00e3o esses problemas. Pode ser aplicada para melhorar aspectos da sa\u00fade mental e do bem-estar psicol\u00f3gico, por mais graves que sejam os problemas das pessoas.<\/p>\n<p># Guia EP+ individual: <a href=\"https:\/\/wp.ufpel.edu.br\/ipab\/files\/2022\/06\/Guia-EP-Individual_por.pdf\">Guia EP + Individual_por<\/a><\/p>\n<p># Guia EP+ grupo: <a href=\"https:\/\/wp.ufpel.edu.br\/ipab\/files\/2022\/06\/Guia-EP-Grupo_port.pdf\">Guia EP + Grupo_port<\/a><\/p>\n","protected":false},"excerpt":{"rendered":"<p>O EP+ \u00e9 uma interven\u00e7\u00e3o psicol\u00f3gica de baixa intensidade, chamada Enfrentando Problemas Plus, para adultos afetados pela ang\u00fastia em comunidades expostas \u00e0 adversidade. Alguns aspectos da Terapia Cognitivo Comportamental foram modificados para torn\u00e1-los vi\u00e1veis em comunidades que n\u00e3o t\u00eam muitos especialistas. Para garantir a m\u00e1xima utiliza\u00e7\u00e3o, a interven\u00e7\u00e3o \u00e9 desenvolvida de forma a ajudar pessoas [&hellip;]<\/p>\n","protected":false},"author":1240,"featured_media":0,"parent":180,"menu_order":0,"comment_status":"closed","ping_status":"closed","template":"","meta":{"footnotes":""},"class_list":["post-30","page","type-page","status-publish","hentry"],"_links":{"self":[{"href":"https:\/\/wp.ufpel.edu.br\/ipab\/wp-json\/wp\/v2\/pages\/30","targetHints":{"allow":["GET"]}}],"collection":[{"href":"https:\/\/wp.ufpel.edu.br\/ipab\/wp-json\/wp\/v2\/pages"}],"about":[{"href":"https:\/\/wp.ufpel.edu.br\/ipab\/wp-json\/wp\/v2\/types\/page"}],"author":[{"embeddable":true,"href":"https:\/\/wp.ufpel.edu.br\/ipab\/wp-json\/wp\/v2\/users\/1240"}],"replies":[{"embeddable":true,"href":"https:\/\/wp.ufpel.edu.br\/ipab\/wp-json\/wp\/v2\/comments?post=30"}],"version-history":[{"count":2,"href":"https:\/\/wp.ufpel.edu.br\/ipab\/wp-json\/wp\/v2\/pages\/30\/revisions"}],"predecessor-version":[{"id":35,"href":"https:\/\/wp.ufpel.edu.br\/ipab\/wp-json\/wp\/v2\/pages\/30\/revisions\/35"}],"up":[{"embeddable":true,"href":"https:\/\/wp.ufpel.edu.br\/ipab\/wp-json\/wp\/v2\/pages\/180"}],"wp:attachment":[{"href":"https:\/\/wp.ufpel.edu.br\/ipab\/wp-json\/wp\/v2\/media?parent=30"}],"curies":[{"name":"wp","href":"https:\/\/api.w.org\/{rel}","templated":true}]}}