{"id":292,"date":"2024-07-05T16:34:36","date_gmt":"2024-07-05T19:34:36","guid":{"rendered":"https:\/\/wp.ufpel.edu.br\/ipab\/?page_id=292"},"modified":"2024-07-05T16:43:50","modified_gmt":"2024-07-05T19:43:50","slug":"alimentacao","status":"publish","type":"page","link":"https:\/\/wp.ufpel.edu.br\/ipab\/abordagens-psicossociais\/alimentacao\/","title":{"rendered":"Alimenta\u00e7\u00e3o"},"content":{"rendered":"<p>A alimenta\u00e7\u00e3o \u00e9 fundamental para a manuten\u00e7\u00e3o da sa\u00fade e pode estar alterada quando as pessoas sofrem problemas mentais. A orienta\u00e7\u00e3o para uma boa pr\u00e1tica alimentar \u00e9 importante na promo\u00e7\u00e3o da sa\u00fade e na recupera\u00e7\u00e3o dos problemas, podendo ser utilizada nas abordagens grupais e individuais.<\/p>\n<p>Veja o <em>Guia alimentar para a popula\u00e7\u00e3o brasileira<\/em>, publicado pelo Minist\u00e9rio da Sa\u00fade em 2014: <a href=\"https:\/\/wp.ufpel.edu.br\/ipab\/files\/2024\/07\/guia_alimentar_populacao_brasileira_2ed.pdf\">guia_alimentar_populacao_brasileira_2ed<\/a><\/p>\n","protected":false},"excerpt":{"rendered":"<p>A alimenta\u00e7\u00e3o \u00e9 fundamental para a manuten\u00e7\u00e3o da sa\u00fade e pode estar alterada quando as pessoas sofrem problemas mentais. A orienta\u00e7\u00e3o para uma boa pr\u00e1tica alimentar \u00e9 importante na promo\u00e7\u00e3o da sa\u00fade e na recupera\u00e7\u00e3o dos problemas, podendo ser utilizada nas abordagens grupais e individuais. Veja o Guia alimentar para a popula\u00e7\u00e3o brasileira, publicado pelo [&hellip;]<\/p>\n","protected":false},"author":1240,"featured_media":0,"parent":39,"menu_order":4,"comment_status":"closed","ping_status":"closed","template":"","meta":{"footnotes":""},"class_list":["post-292","page","type-page","status-publish","hentry"],"_links":{"self":[{"href":"https:\/\/wp.ufpel.edu.br\/ipab\/wp-json\/wp\/v2\/pages\/292","targetHints":{"allow":["GET"]}}],"collection":[{"href":"https:\/\/wp.ufpel.edu.br\/ipab\/wp-json\/wp\/v2\/pages"}],"about":[{"href":"https:\/\/wp.ufpel.edu.br\/ipab\/wp-json\/wp\/v2\/types\/page"}],"author":[{"embeddable":true,"href":"https:\/\/wp.ufpel.edu.br\/ipab\/wp-json\/wp\/v2\/users\/1240"}],"replies":[{"embeddable":true,"href":"https:\/\/wp.ufpel.edu.br\/ipab\/wp-json\/wp\/v2\/comments?post=292"}],"version-history":[{"count":1,"href":"https:\/\/wp.ufpel.edu.br\/ipab\/wp-json\/wp\/v2\/pages\/292\/revisions"}],"predecessor-version":[{"id":295,"href":"https:\/\/wp.ufpel.edu.br\/ipab\/wp-json\/wp\/v2\/pages\/292\/revisions\/295"}],"up":[{"embeddable":true,"href":"https:\/\/wp.ufpel.edu.br\/ipab\/wp-json\/wp\/v2\/pages\/39"}],"wp:attachment":[{"href":"https:\/\/wp.ufpel.edu.br\/ipab\/wp-json\/wp\/v2\/media?parent=292"}],"curies":[{"name":"wp","href":"https:\/\/api.w.org\/{rel}","templated":true}]}}