{"id":240,"date":"2024-07-04T09:54:10","date_gmt":"2024-07-04T12:54:10","guid":{"rendered":"https:\/\/wp.ufpel.edu.br\/ipab\/?page_id=240"},"modified":"2024-08-15T10:02:41","modified_gmt":"2024-08-15T13:02:41","slug":"publicacoes-internacionais","status":"publish","type":"page","link":"https:\/\/wp.ufpel.edu.br\/ipab\/publicacoes\/publicacoes-internacionais\/","title":{"rendered":"Estudos e recursos internacionais"},"content":{"rendered":"<ol>\n<li>Garc\u00eda-Campayoa J, Claraco Vegab LM, Taz\u00f3nc P, Aseguinolazad L. Terapia de resoluci\u00f3n de problemas: psicoterapia de elecci\u00f3n para atenci\u00f3n primaria. Aten Primaria 1999; 24: 594-601 ; artigo de um grupo espanhol, sobre os conceitos e estrutura da Terapia de Resolu\u00e7\u00e3o de Problemas:\u00a0<a href=\"https:\/\/wp.ufpel.edu.br\/ipab\/files\/2022\/06\/javier-tsp.pdf\">javier tsp<\/a><\/li>\n<li>Schmaling KB. Moderators of Outcome in Problem-Solving Therapy for Depression in Primary Care. Psychiatric Services 2019; 70:1161\u20131163; doi: 10.1176\/appi.ps.201900100 ; artigo sobre o efeito dos fatores g\u00eanero e etnia na utilidade da Terapia de Resolu\u00e7\u00e3o de Problemas para depress\u00e3o na aten\u00e7\u00e3o prim\u00e1ria:\u00a0<a href=\"https:\/\/wp.ufpel.edu.br\/ipab\/files\/2022\/06\/tsp.depressao.pdf\">tsp.depress\u00e3o<\/a><\/li>\n<li>NHS. National Health System. The National Collaborating Centre for Mental Health. The Improving Access to Psychological Therapies Manual. Version 4. March 2020 ; manual do sistema nacional de sa\u00fade ingl\u00eas, sobre terapias psicol\u00f3gicas efetivas para transtornos mentais comuns:\u00a0<a href=\"https:\/\/wp.ufpel.edu.br\/ipab\/files\/2022\/06\/iapt-manual-v4.pdf\">iapt-manual-v4<\/a><\/li>\n<li>NHS. National Health System. The National Collaborating Centre for Mental Health. The Improving Access to Psychological Therapies Manual \u2013 Appendices and helpful resources. Version 2. December 2019 ; manual com as recomenda\u00e7\u00f5es do NICE \u2013 National Institute for Health and Care Excellence \u2013 da Inglaterra, com recursos para melhorar o acesso \u00e0s terapias psicol\u00f3gicas:\u00a0<a href=\"https:\/\/wp.ufpel.edu.br\/ipab\/files\/2022\/06\/iapt-manual-appendices-and-helpful-resources-v3.pdf\">iapt-manual-appendices-and-helpful-resources-v3<\/a><\/li>\n<li>National Collaborating Centre for Mental Health. The Improving Access to Psychological Therapies (IAPT) Pathway for People with Long-term Physical Health Conditions and Medically Unexplained Symptoms. Full implementation guidance. London: National Collaborating Centre for Mental Health. 2018 ; guia para implementa\u00e7\u00e3o de terapias psicol\u00f3gicas com o foco em pessoas com doen\u00e7as f\u00edsicas cr\u00f4nicas e sintomas som\u00e1ticos inexplic\u00e1veis:\u00a0<a href=\"https:\/\/wp.ufpel.edu.br\/ipab\/files\/2022\/06\/nccmh-iapt-ltc-full-implementation-guidance.pdf\">nccmh-iapt-ltc-full-implementation-guidance<\/a><\/li>\n<li>Manual mhGAP de Interven\u00e7\u00f5es para Transtornos Mentais, Neurol\u00f3gicos e por Uso de \u00c1lcool e outras Drogas para a Rede de Aten\u00e7\u00e3o B\u00e1sica \u00e0 Sa\u00fade. Organiza\u00e7\u00e3o Mundial da Sa\u00fade, 2010 ; guia para avalia\u00e7\u00e3o e manejo dos principais problemas de sa\u00fade mental na aten\u00e7\u00e3o prim\u00e1ria:\u00a0<a href=\"https:\/\/wp.ufpel.edu.br\/ipab\/files\/2022\/06\/Manual_oms_mhgap.pdf\">Manual_oms_mhgap<\/a><\/li>\n<li>Manejo Cl\u00ednico de Condi\u00e7\u00f5es Mentais, Neurol\u00f3gicas e por Uso de Subst\u00e2ncias em Emerg\u00eancias Humanit\u00e1rias. Guia de Interven\u00e7\u00e3o Humanit\u00e1ria mhGAP (GIH-mhGAP). Organiza\u00e7\u00e3o Pan-Americana da Sa\u00fade, 2020 ; adapta\u00e7\u00e3o do mhGAP para uso em situa\u00e7\u00f5es de emerg\u00eancia humanit\u00e1ria:\u00a0<a href=\"https:\/\/wp.ufpel.edu.br\/ipab\/files\/2022\/06\/Guia-intervencao-humanitaria-MHGAP.pdf\">Guia-interven\u00e7\u00e3o-humanit\u00e1ria-MHGAP<\/a><\/li>\n<li>Psychological interventions implementation manual: integrating<br \/>\nevidence-based psychological interventions into existing services. Geneva: World Health<br \/>\nOrganization; 2024 : <a href=\"https:\/\/wp.ufpel.edu.br\/ipab\/files\/2024\/08\/psy.interventions.2024.pdf\">psy.interventions.2024<\/a><\/li>\n<\/ol>\n","protected":false},"excerpt":{"rendered":"<p>Garc\u00eda-Campayoa J, Claraco Vegab LM, Taz\u00f3nc P, Aseguinolazad L. Terapia de resoluci\u00f3n de problemas: psicoterapia de elecci\u00f3n para atenci\u00f3n primaria. Aten Primaria 1999; 24: 594-601 ; artigo de um grupo espanhol, sobre os conceitos e estrutura da Terapia de Resolu\u00e7\u00e3o de Problemas:\u00a0javier tsp Schmaling KB. Moderators of Outcome in Problem-Solving Therapy for Depression in Primary [&hellip;]<\/p>\n","protected":false},"author":1240,"featured_media":0,"parent":20,"menu_order":0,"comment_status":"closed","ping_status":"closed","template":"","meta":{"footnotes":""},"class_list":["post-240","page","type-page","status-publish","hentry"],"_links":{"self":[{"href":"https:\/\/wp.ufpel.edu.br\/ipab\/wp-json\/wp\/v2\/pages\/240","targetHints":{"allow":["GET"]}}],"collection":[{"href":"https:\/\/wp.ufpel.edu.br\/ipab\/wp-json\/wp\/v2\/pages"}],"about":[{"href":"https:\/\/wp.ufpel.edu.br\/ipab\/wp-json\/wp\/v2\/types\/page"}],"author":[{"embeddable":true,"href":"https:\/\/wp.ufpel.edu.br\/ipab\/wp-json\/wp\/v2\/users\/1240"}],"replies":[{"embeddable":true,"href":"https:\/\/wp.ufpel.edu.br\/ipab\/wp-json\/wp\/v2\/comments?post=240"}],"version-history":[{"count":7,"href":"https:\/\/wp.ufpel.edu.br\/ipab\/wp-json\/wp\/v2\/pages\/240\/revisions"}],"predecessor-version":[{"id":310,"href":"https:\/\/wp.ufpel.edu.br\/ipab\/wp-json\/wp\/v2\/pages\/240\/revisions\/310"}],"up":[{"embeddable":true,"href":"https:\/\/wp.ufpel.edu.br\/ipab\/wp-json\/wp\/v2\/pages\/20"}],"wp:attachment":[{"href":"https:\/\/wp.ufpel.edu.br\/ipab\/wp-json\/wp\/v2\/media?parent=240"}],"curies":[{"name":"wp","href":"https:\/\/api.w.org\/{rel}","templated":true}]}}